{"id":3183,"date":"2020-12-12T23:03:07","date_gmt":"2020-12-12T23:03:07","guid":{"rendered":"https:\/\/blogsaverroes.juntadeandalucia.es\/ceperlosolivos\/?page_id=3183"},"modified":"2022-11-26T12:41:33","modified_gmt":"2022-11-26T12:41:33","slug":"claustro-ceper-los-olivos","status":"publish","type":"page","link":"https:\/\/blogsaverroes.juntadeandalucia.es\/ceperlosolivos\/claustro-ceper-los-olivos\/","title":{"rendered":"CLAUSTRO CEPER &#8220;Los Olivos&#8221;"},"content":{"rendered":"<p><strong>&nbsp;\u27a1 ALMAGRO BERGILLOS, SERGIO DAVID<\/strong><\/p>\n<ul>\n<li>DIRECTOR DEL CENTRO<\/li>\n<li>Acceso a la universidad para mayores de 25 y 45 a\u00f1os<\/li>\n<li>Ingl\u00e9s A2, B1, B2, ESPA II.<\/li>\n<\/ul>\n<p><strong>&nbsp;\u27a1 HERRANZ MART\u00cdNEZ, DIEGO<\/strong><\/p>\n<ul>\n<li>JEFE DE ESTUDIOS<\/li>\n<li>Patrimonio III<\/li>\n<li>Social: ESPA I y II<\/li>\n<li>Coordinador PLAN SALUD<\/li>\n<li>Coordinador PLAN DE AUTOPROTECCI\u00d3N<\/li>\n<\/ul>\n<p><strong>&nbsp;\u27a1 LE\u00d3N G\u00d3MEZ, LUC\u00cdA<\/strong><\/p>\n<ul>\n<li>Patrimonio I<\/li>\n<li>Lengua: ESPA I y II<\/li>\n<li>ESPA I \u00e1mbito cient\u00edfico-tecnol\u00f3gico<\/li>\n<li>Coordinadora del PLAN DE IGUALDAD.<\/li>\n<\/ul>\n<p><strong>&nbsp;\u27a1 MERINO GARC\u00cdA, MAGDALENA<\/strong><\/p>\n<ul>\n<li>Patrimonio II<\/li>\n<li>Ingl\u00e9s A1, UBI, ESPA I<\/li>\n<\/ul>\n<p><strong>&nbsp;\u27a1 S\u00c1NCHEZ BLANCO, RAM\u00d3N<\/strong><\/p>\n<ul>\n<li>(T.I.C) Inform\u00e1tica b\u00e1sica, media y avanzada.<\/li>\n<li>ESPA II \u00e1mbito cient\u00edfico-tecnol\u00f3gico<\/li>\n<li>Coordinador TDE<\/li>\n<\/ul>\n","protected":false},"excerpt":{"rendered":"<p>&nbsp;\u27a1 ALMAGRO BERGILLOS, SERGIO DAVID DIRECTOR DEL CENTRO Acceso a la universidad para mayores de 25 y 45 a\u00f1os Ingl\u00e9s A2, B1, B2, ESPA II. &nbsp;\u27a1 HERRANZ MART\u00cdNEZ, DIEGO JEFE DE ESTUDIOS Patrimonio III Social: ESPA I y II Coordinador PLAN SALUD Coordinador PLAN DE AUTOPROTECCI\u00d3N &nbsp;\u27a1 LE\u00d3N G\u00d3MEZ, LUC\u00cdA Patrimonio I Lengua: ESPA I &hellip; <a href=\"https:\/\/blogsaverroes.juntadeandalucia.es\/ceperlosolivos\/claustro-ceper-los-olivos\/\" class=\"more-link\">Continuar leyendo<span class=\"screen-reader-text\"> &#8220;CLAUSTRO CEPER &#8220;Los Olivos&#8221;&#8221;<\/span><\/a><\/p>\n","protected":false},"author":11657,"featured_media":0,"parent":0,"menu_order":0,"comment_status":"closed","ping_status":"closed","template":"","meta":{"ngg_post_thumbnail":0,"footnotes":"","_mc_calendar":[]},"aioseo_notices":[],"_links":{"self":[{"href":"https:\/\/blogsaverroes.juntadeandalucia.es\/ceperlosolivos\/wp-json\/wp\/v2\/pages\/3183"}],"collection":[{"href":"https:\/\/blogsaverroes.juntadeandalucia.es\/ceperlosolivos\/wp-json\/wp\/v2\/pages"}],"about":[{"href":"https:\/\/blogsaverroes.juntadeandalucia.es\/ceperlosolivos\/wp-json\/wp\/v2\/types\/page"}],"author":[{"embeddable":true,"href":"https:\/\/blogsaverroes.juntadeandalucia.es\/ceperlosolivos\/wp-json\/wp\/v2\/users\/11657"}],"replies":[{"embeddable":true,"href":"https:\/\/blogsaverroes.juntadeandalucia.es\/ceperlosolivos\/wp-json\/wp\/v2\/comments?post=3183"}],"version-history":[{"count":7,"href":"https:\/\/blogsaverroes.juntadeandalucia.es\/ceperlosolivos\/wp-json\/wp\/v2\/pages\/3183\/revisions"}],"predecessor-version":[{"id":4426,"href":"https:\/\/blogsaverroes.juntadeandalucia.es\/ceperlosolivos\/wp-json\/wp\/v2\/pages\/3183\/revisions\/4426"}],"wp:attachment":[{"href":"https:\/\/blogsaverroes.juntadeandalucia.es\/ceperlosolivos\/wp-json\/wp\/v2\/media?parent=3183"}],"curies":[{"name":"wp","href":"https:\/\/api.w.org\/{rel}","templated":true}]}}