{"id":3379,"date":"2021-01-24T15:57:26","date_gmt":"2021-01-24T15:57:26","guid":{"rendered":"https:\/\/blogsaverroes.juntadeandalucia.es\/ceperlosolivos\/?page_id=3379"},"modified":"2023-01-13T10:42:54","modified_gmt":"2023-01-13T10:42:54","slug":"matriculacion","status":"publish","type":"page","link":"https:\/\/blogsaverroes.juntadeandalucia.es\/ceperlosolivos\/matriculacion\/","title":{"rendered":"MATRICULACI\u00d3N"},"content":{"rendered":"<p>El plazo de matriculaci\u00f3n en toda la oferta educativa del centro termina el&#8230;<\/p>\n<h4><span style=\"color: #ff0000\">22 DE DICIEMBRE .&nbsp; <\/span><\/h4>\n<p>Debes tener en cuenta que durante vacacione de Navidad el Centro permanecer\u00e1 cerrado, por lo tanto, haz la matr\u00edcula antes del <strong>d\u00eda 22 de diciembre.<\/strong>&nbsp;<\/p>\n<p>&nbsp;<\/p>\n<p>&nbsp;<\/p>\n","protected":false},"excerpt":{"rendered":"<p>El plazo de matriculaci\u00f3n en toda la oferta educativa del centro termina el&#8230; 22 DE DICIEMBRE .&nbsp; Debes tener en cuenta que durante vacacione de Navidad el Centro permanecer\u00e1 cerrado, por lo tanto, haz la matr\u00edcula antes del d\u00eda 22 de diciembre.&nbsp; &nbsp; &nbsp;<\/p>\n","protected":false},"author":11657,"featured_media":0,"parent":0,"menu_order":0,"comment_status":"closed","ping_status":"closed","template":"","meta":{"ngg_post_thumbnail":0,"footnotes":"","_mc_calendar":[]},"aioseo_notices":[],"_links":{"self":[{"href":"https:\/\/blogsaverroes.juntadeandalucia.es\/ceperlosolivos\/wp-json\/wp\/v2\/pages\/3379"}],"collection":[{"href":"https:\/\/blogsaverroes.juntadeandalucia.es\/ceperlosolivos\/wp-json\/wp\/v2\/pages"}],"about":[{"href":"https:\/\/blogsaverroes.juntadeandalucia.es\/ceperlosolivos\/wp-json\/wp\/v2\/types\/page"}],"author":[{"embeddable":true,"href":"https:\/\/blogsaverroes.juntadeandalucia.es\/ceperlosolivos\/wp-json\/wp\/v2\/users\/11657"}],"replies":[{"embeddable":true,"href":"https:\/\/blogsaverroes.juntadeandalucia.es\/ceperlosolivos\/wp-json\/wp\/v2\/comments?post=3379"}],"version-history":[{"count":4,"href":"https:\/\/blogsaverroes.juntadeandalucia.es\/ceperlosolivos\/wp-json\/wp\/v2\/pages\/3379\/revisions"}],"predecessor-version":[{"id":4549,"href":"https:\/\/blogsaverroes.juntadeandalucia.es\/ceperlosolivos\/wp-json\/wp\/v2\/pages\/3379\/revisions\/4549"}],"wp:attachment":[{"href":"https:\/\/blogsaverroes.juntadeandalucia.es\/ceperlosolivos\/wp-json\/wp\/v2\/media?parent=3379"}],"curies":[{"name":"wp","href":"https:\/\/api.w.org\/{rel}","templated":true}]}}