{"id":3381,"date":"2021-01-24T15:58:07","date_gmt":"2021-01-24T15:58:07","guid":{"rendered":"https:\/\/blogsaverroes.juntadeandalucia.es\/ceperlosolivos\/?page_id=3381"},"modified":"2023-01-13T10:49:16","modified_gmt":"2023-01-13T10:49:16","slug":"documentacion-necesaria-para-matricularse","status":"publish","type":"page","link":"https:\/\/blogsaverroes.juntadeandalucia.es\/ceperlosolivos\/documentacion-necesaria-para-matricularse\/","title":{"rendered":"DOCUMENTACI\u00d3N NECESARIA PARA MATRICULARSE"},"content":{"rendered":"<ul>\n<li><span style=\"color: #ff0000\"><strong>&nbsp;PARA PLANES DE INFORM\u00c1TICA, PATRIMONIO E INGL\u00c9S B\u00c1SICO.<\/strong><\/span>\n<ol>\n<li><a href=\"https:\/\/blogsaverroes.juntadeandalucia.es\/ceperlosolivos\/files\/2022\/11\/matr\u00edcula-con-campos-ya-rellenos-1.pdf\">Impreso de matr\u00edcula<\/a>. Pinchando sobre el enlace lo podr\u00e1s descargar.<\/li>\n<li>Fotocopia del D.N.I.<\/li>\n<\/ol>\n<\/li>\n<li><span style=\"color: #ff0000\"><strong>PARA MATRICULARSE EN E.S.P.A. I y E.S.P.A. II. (COM\u00daN A LOS DOS)<\/strong><\/span>\n<ol>\n<li>Ficha + foto para <a href=\"https:\/\/blogsaverroes.juntadeandalucia.es\/ceperlosolivos\/files\/2022\/11\/ESPA-I.jpeg\">E.S.P.A I<\/a> o <a href=\"https:\/\/blogsaverroes.juntadeandalucia.es\/ceperlosolivos\/files\/2022\/11\/ESPA-II.jpeg\">E.S.P.A. II<\/a><\/li>\n<li>Impreso de matr\u00edcula de la <a href=\"https:\/\/blogsaverroes.juntadeandalucia.es\/ceperlosolivos\/files\/2022\/11\/matr\u00edcula-linares.pdf\">SIPEP FANNY RUBIO.<\/a><\/li>\n<li>Fotocopia del D.N.I.&nbsp;<\/li>\n<li><strong>Para E.S.P.A. II se necesita, adem\u00e1s, estar en posesi\u00f3n del graduado escolar o haber superado el segundo de la E.S.O.<\/strong><\/li>\n<\/ol>\n<\/li>\n<li><span style=\"color: #ff0000\"><strong>PARA MATRICULARSE EN ACCESO A LA UNIVERSIDAD PARA MAYORES DE 25 A\u00d1OS.<\/strong><\/span>\n<ol>\n<li>Debes haber cumplido ya los 25 a\u00f1os o cumplirlos en el a\u00f1o que se hace la prueba.<\/li>\n<li>Documentaci\u00f3n:\n<ol>\n<li><a href=\"https:\/\/blogsaverroes.juntadeandalucia.es\/ceperlosolivos\/files\/2022\/11\/matr\u00edcula-con-campos-ya-rellenos-1.pdf\">Impreso de matr\u00edcula<\/a>. Pinchando sobre el enlace lo podr\u00e1s descargar.<\/li>\n<\/ol>\n<\/li>\n<\/ol>\n<\/li>\n<\/ul>\n<h4 style=\"text-align: center\"><span style=\"color: #3366ff\"> \u27a1 \u27a1 <span style=\"text-decoration: underline\">\u00bfC\u00d3MO<\/span><\/span><span style=\"text-decoration: underline;color: #3366ff\"> MATRICULARTE ONLINE?<\/span><span style=\"color: #3366ff\"> \u27a1 <\/span><span style=\"color: #3366ff\"> \u27a1&nbsp;<\/span><\/h4>\n<p>Si lo deseas puedes hacer t\u00fa mismo la matr\u00edcula desde casa para todos los planes de estudios <span style=\"color: #ff0000\">EXCEPTO para la E.S.P.A. I y E.S.P.A. II.<\/span><\/p>\n<p>Una vez que tengas todo listo deber\u00e1s enviarlo por correo a: <strong><span style=\"color: #ff0000\">salmber194@g.educaand.es<\/span><\/strong><\/p>\n<p>En el siguiente V\u00cdDEO te mostramos los pasos que debes seguir para que T\u00da MISMO\/A puedas hacer la matr\u00edcula desde casa.&nbsp;<\/p>\n","protected":false},"excerpt":{"rendered":"<p>&nbsp;PARA PLANES DE INFORM\u00c1TICA, PATRIMONIO E INGL\u00c9S B\u00c1SICO. Impreso de matr\u00edcula. Pinchando sobre el enlace lo podr\u00e1s descargar. Fotocopia del D.N.I. PARA MATRICULARSE EN E.S.P.A. I y E.S.P.A. II. (COM\u00daN A LOS DOS) Ficha + foto para E.S.P.A I o E.S.P.A. II Impreso de matr\u00edcula de la SIPEP FANNY RUBIO. Fotocopia del D.N.I.&nbsp; Para E.S.P.A. &hellip; <a href=\"https:\/\/blogsaverroes.juntadeandalucia.es\/ceperlosolivos\/documentacion-necesaria-para-matricularse\/\" class=\"more-link\">Continuar leyendo<span class=\"screen-reader-text\"> &#8220;DOCUMENTACI\u00d3N NECESARIA PARA MATRICULARSE&#8221;<\/span><\/a><\/p>\n","protected":false},"author":11657,"featured_media":0,"parent":0,"menu_order":0,"comment_status":"closed","ping_status":"closed","template":"","meta":{"ngg_post_thumbnail":0,"footnotes":"","_mc_calendar":[]},"aioseo_notices":[],"_links":{"self":[{"href":"https:\/\/blogsaverroes.juntadeandalucia.es\/ceperlosolivos\/wp-json\/wp\/v2\/pages\/3381"}],"collection":[{"href":"https:\/\/blogsaverroes.juntadeandalucia.es\/ceperlosolivos\/wp-json\/wp\/v2\/pages"}],"about":[{"href":"https:\/\/blogsaverroes.juntadeandalucia.es\/ceperlosolivos\/wp-json\/wp\/v2\/types\/page"}],"author":[{"embeddable":true,"href":"https:\/\/blogsaverroes.juntadeandalucia.es\/ceperlosolivos\/wp-json\/wp\/v2\/users\/11657"}],"replies":[{"embeddable":true,"href":"https:\/\/blogsaverroes.juntadeandalucia.es\/ceperlosolivos\/wp-json\/wp\/v2\/comments?post=3381"}],"version-history":[{"count":18,"href":"https:\/\/blogsaverroes.juntadeandalucia.es\/ceperlosolivos\/wp-json\/wp\/v2\/pages\/3381\/revisions"}],"predecessor-version":[{"id":4551,"href":"https:\/\/blogsaverroes.juntadeandalucia.es\/ceperlosolivos\/wp-json\/wp\/v2\/pages\/3381\/revisions\/4551"}],"wp:attachment":[{"href":"https:\/\/blogsaverroes.juntadeandalucia.es\/ceperlosolivos\/wp-json\/wp\/v2\/media?parent=3381"}],"curies":[{"name":"wp","href":"https:\/\/api.w.org\/{rel}","templated":true}]}}