{"id":3426,"date":"2021-01-29T08:46:56","date_gmt":"2021-01-29T08:46:56","guid":{"rendered":"https:\/\/blogsaverroes.juntadeandalucia.es\/ceperlosolivos\/?page_id=3426"},"modified":"2022-11-27T10:04:51","modified_gmt":"2022-11-27T10:04:51","slug":"espa-i","status":"publish","type":"page","link":"https:\/\/blogsaverroes.juntadeandalucia.es\/ceperlosolivos\/espa-i\/","title":{"rendered":"ESPA I"},"content":{"rendered":"<p style=\"text-align: justify\"><span style=\"text-decoration: underline\"><strong><span style=\"color: #ff0000;text-decoration: underline\">&nbsp;\u27a1 <\/span><\/strong><strong><span style=\"color: #ff0000;text-decoration: underline\">QUI\u00c9N PUEDE MATRICULARSE EN E.S.P.A. II<\/span><\/strong><\/span><\/p>\n<ol style=\"text-align: justify\">\n<li>Aquellos alumnos\/as que <span style=\"color: #ff00ff\"><strong>NO<\/strong><\/span> est\u00e9n en posesi\u00f3n del GRADUADO ESCOLAR.<\/li>\n<li>Aquellos alumnos\/as que<strong><span style=\"color: #ff00ff\"> NO HAYAN<\/span> <span style=\"color: #ff00ff\">SUPERADO<\/span><\/strong> el SEGUNDO CURSO de la E.S.O.<\/li>\n<\/ol>\n<p style=\"text-align: justify\"><span style=\"text-decoration: underline\"><strong><span style=\"color: #ff0000;text-decoration: underline\">&nbsp;\u27a1 <\/span><\/strong><strong><span style=\"color: #ff0000;text-decoration: underline\">QU\u00c9 \u00c1MBITOS (ASIGNATURAS) ESTUDIAR\u00c1S.<\/span><\/strong><\/span><\/p>\n<p style=\"text-align: justify\">Hay 3 \u00e1mbitos que abarcan las asignaturas principales:<\/p>\n<ol style=\"text-align: justify\">\n<li><strong>COMUNICACI\u00d3N<\/strong>: Incluye lengua, literatura e ingl\u00e9s.<\/li>\n<li><strong>SOCIAL<\/strong>: Incluye geograf\u00eda e historia principalmente.<\/li>\n<li><strong>CIENT\u00cdFICO-TECNOL\u00d3GICO<\/strong>: Incluye matem\u00e1ticas, f\u00edsica, qu\u00edmica y biolog\u00eda principalmente.<\/li>\n<\/ol>\n<p style=\"text-align: justify\"><strong><span style=\"color: #ff0000\">&nbsp;\u27a1<span style=\"text-decoration: underline\"> HORARIO HABITUAL:<\/span><\/span><\/strong><\/p>\n<ol style=\"text-align: justify\">\n<li>DE LUNES A JUEVES: De 18 a 21 horas.<\/li>\n<li>VIERNES: De 9 a 12 horas.<\/li>\n<li>CARGA HORARIA POR \u00c1MBITOS\n<ul>\n<li><strong>COMUNICACI\u00d3N<\/strong>:&nbsp;\n<ul>\n<li>LENGUA: 4 horas semanales<\/li>\n<li>INGL\u00c9S: 3 horas semanales<\/li>\n<\/ul>\n<\/li>\n<li><strong>SOCIAL<\/strong>: 4 horas semanales<\/li>\n<li><strong>CIENT\u00cdFICO-TECNOL\u00d3GICO<\/strong>: 4 horas semanales<\/li>\n<\/ul>\n<\/li>\n<\/ol>\n<p style=\"text-align: justify\"><span style=\"color: #ff0000\"><strong>&nbsp;\u27a1 <\/strong><\/span><span style=\"text-decoration: underline;color: #ff0000\"><strong>C\u00d3MO SE TRABAJA EN EL CENTRO DE ADULTOS<\/strong><\/span><\/p>\n<p style=\"text-align: justify\">En primer lugar debes saber que trabajamos de forma conjunta con la SIPEG FANNY RUBIO de Linares y que son ellos\/as quienes elaboran y corrigen los ex\u00e1menes que hacemos al final de cada trimestre.<\/p>\n<p style=\"text-align: justify\">Adem\u00e1s debes saber que el trabajo se divide en TRES TRIMESTRES independientes y que en cada uno de ellos se trabajan 8 temas por cada \u00e1mbito (asignatura), lo que hace un total de 32 temas por trimestre \u2013<strong>parecen muchos pero desde el Centro ayudamos en todo lo que podemos<\/strong>-.&nbsp;<\/p>\n<p style=\"text-align: justify\">Adem\u00e1s de los 8 temas citados, deber\u00e1s realizar <strong>4 tareas obligatorias<\/strong> (1 tarea por cada dos temas) que ser\u00e1n fundamentales para poder conseguir una nota final positiva.<\/p>\n<p style=\"text-align: justify\">Otro aspecto que debes tener en cuenta es que se valora tambi\u00e9n la <strong>asistencia<\/strong> a clase.<\/p>\n<p style=\"text-align: justify\">De modo que la nota final en cada \u00e1mbito est\u00e1 formada por 3 partes:<\/p>\n<ol style=\"text-align: justify\">\n<li>Nota del examen que prepara la SIPEG FANNY RUBIO. (6 PUNTOS COMO M\u00c1XIMO)<\/li>\n<li>Nota de las 4 tareas. (3 PUNTOS COMO M\u00c1XIMO)<\/li>\n<li>Nota de la asistencia a clase. (1 PUNTO COMO M\u00c1XIMO)\n<ul>\n<li>TOTAL DE LOS TRES APARTADOS: <strong>10 PUNTOS M\u00c1XIMO.<\/strong><\/li>\n<\/ul>\n<\/li>\n<\/ol>\n<p style=\"text-align: justify\"><img fetchpriority=\"high\" decoding=\"async\" class=\"aligncenter size-full wp-image-4436\" src=\"https:\/\/blogsaverroes.juntadeandalucia.es\/ceperlosolivos\/files\/2022\/11\/Presentaci\u00f3n-sin-t\u00edtulo.jpg\" alt=\"\" width=\"960\" height=\"540\" srcset=\"https:\/\/blogsaverroes.juntadeandalucia.es\/ceperlosolivos\/files\/2022\/11\/Presentaci\u00f3n-sin-t\u00edtulo.jpg 960w, https:\/\/blogsaverroes.juntadeandalucia.es\/ceperlosolivos\/files\/2022\/11\/Presentaci\u00f3n-sin-t\u00edtulo-300x169.jpg 300w, https:\/\/blogsaverroes.juntadeandalucia.es\/ceperlosolivos\/files\/2022\/11\/Presentaci\u00f3n-sin-t\u00edtulo-768x432.jpg 768w\" sizes=\"(max-width: 709px) 85vw, (max-width: 909px) 67vw, (max-width: 1362px) 62vw, 840px\" \/><\/p>\n<p style=\"text-align: justify\">&nbsp;<\/p>\n<p style=\"text-align: justify\">&nbsp;<\/p>\n<p style=\"text-align: justify\">&nbsp;<\/p>\n<p style=\"text-align: justify\">&nbsp;<\/p>\n","protected":false},"excerpt":{"rendered":"<p>&nbsp;\u27a1 QUI\u00c9N PUEDE MATRICULARSE EN E.S.P.A. II Aquellos alumnos\/as que NO est\u00e9n en posesi\u00f3n del GRADUADO ESCOLAR. Aquellos alumnos\/as que NO HAYAN SUPERADO el SEGUNDO CURSO de la E.S.O. &nbsp;\u27a1 QU\u00c9 \u00c1MBITOS (ASIGNATURAS) ESTUDIAR\u00c1S. Hay 3 \u00e1mbitos que abarcan las asignaturas principales: COMUNICACI\u00d3N: Incluye lengua, literatura e ingl\u00e9s. SOCIAL: Incluye geograf\u00eda e historia principalmente. CIENT\u00cdFICO-TECNOL\u00d3GICO: &hellip; <a href=\"https:\/\/blogsaverroes.juntadeandalucia.es\/ceperlosolivos\/espa-i\/\" class=\"more-link\">Continuar leyendo<span class=\"screen-reader-text\"> &#8220;ESPA I&#8221;<\/span><\/a><\/p>\n","protected":false},"author":11657,"featured_media":0,"parent":0,"menu_order":0,"comment_status":"closed","ping_status":"closed","template":"","meta":{"ngg_post_thumbnail":0,"footnotes":"","_mc_calendar":[]},"aioseo_notices":[],"_links":{"self":[{"href":"https:\/\/blogsaverroes.juntadeandalucia.es\/ceperlosolivos\/wp-json\/wp\/v2\/pages\/3426"}],"collection":[{"href":"https:\/\/blogsaverroes.juntadeandalucia.es\/ceperlosolivos\/wp-json\/wp\/v2\/pages"}],"about":[{"href":"https:\/\/blogsaverroes.juntadeandalucia.es\/ceperlosolivos\/wp-json\/wp\/v2\/types\/page"}],"author":[{"embeddable":true,"href":"https:\/\/blogsaverroes.juntadeandalucia.es\/ceperlosolivos\/wp-json\/wp\/v2\/users\/11657"}],"replies":[{"embeddable":true,"href":"https:\/\/blogsaverroes.juntadeandalucia.es\/ceperlosolivos\/wp-json\/wp\/v2\/comments?post=3426"}],"version-history":[{"count":3,"href":"https:\/\/blogsaverroes.juntadeandalucia.es\/ceperlosolivos\/wp-json\/wp\/v2\/pages\/3426\/revisions"}],"predecessor-version":[{"id":4444,"href":"https:\/\/blogsaverroes.juntadeandalucia.es\/ceperlosolivos\/wp-json\/wp\/v2\/pages\/3426\/revisions\/4444"}],"wp:attachment":[{"href":"https:\/\/blogsaverroes.juntadeandalucia.es\/ceperlosolivos\/wp-json\/wp\/v2\/media?parent=3426"}],"curies":[{"name":"wp","href":"https:\/\/api.w.org\/{rel}","templated":true}]}}