{"id":2764,"date":"2020-12-03T21:19:33","date_gmt":"2020-12-03T21:19:33","guid":{"rendered":"https:\/\/blogsaverroes.juntadeandalucia.es\/ceperlospinos\/?page_id=2764"},"modified":"2025-11-17T12:01:23","modified_gmt":"2025-11-17T12:01:23","slug":"datos-del-centro","status":"publish","type":"page","link":"https:\/\/blogsaverroes.juntadeandalucia.es\/ceperlospinos\/datos-del-centro\/","title":{"rendered":"Datos del centro"},"content":{"rendered":"<p>DIRECCI\u00d3N:&nbsp; Calle Concejal Rodr\u00edguez Ch\u00eda s\/n<\/p>\n<p>&nbsp;&nbsp;&nbsp;&nbsp;&nbsp;&nbsp;&nbsp;&nbsp;&nbsp;&nbsp;&nbsp;&nbsp;&nbsp;&nbsp;&nbsp;&nbsp;&nbsp;&nbsp;&nbsp;&nbsp;&nbsp;&nbsp;&nbsp; 14500 Puente Genil<\/p>\n<p>&nbsp;&nbsp;&nbsp;&nbsp;&nbsp;&nbsp;&nbsp;&nbsp;&nbsp;&nbsp;&nbsp;&nbsp;&nbsp;&nbsp;&nbsp;&nbsp;&nbsp;&nbsp;&nbsp;&nbsp;&nbsp;&nbsp;&nbsp; C\u00f3rdoba (Espa\u00f1a)<\/p>\n<p>C\u00d3DIGO CENTRO: 14500418<\/p>\n<p>TEL\u00c9FONO:&nbsp; 957 618 920<\/p>\n<p>CORREO ELECTR\u00d3NICO:&nbsp;&nbsp;&nbsp; 14500418.edu@juntadeandalucia.es<\/p>\n<p style=\"text-align: center\"><a title=\"Google Maps\" href=\"https:\/\/maps.app.goo.gl\/88zNV8E1LeBzRwt67\" target=\"_blank\" rel=\"noopener\">Google Maps<\/a><a href=\"https:\/\/maps.app.goo.gl\/88zNV8E1LeBzRwt67\"><img loading=\"lazy\" decoding=\"async\" class=\"aligncenter  wp-image-2901\" src=\"https:\/\/blogsaverroes.juntadeandalucia.es\/ceperlospinos\/files\/2025\/11\/1-150x150.png\" alt=\"Google Maps\" width=\"50\" height=\"50\" srcset=\"https:\/\/blogsaverroes.juntadeandalucia.es\/ceperlospinos\/files\/2025\/11\/1-150x150.png 150w, https:\/\/blogsaverroes.juntadeandalucia.es\/ceperlospinos\/files\/2025\/11\/1-300x300.png 300w, https:\/\/blogsaverroes.juntadeandalucia.es\/ceperlospinos\/files\/2025\/11\/1-768x768.png 768w, https:\/\/blogsaverroes.juntadeandalucia.es\/ceperlospinos\/files\/2025\/11\/1-80x80.png 80w, https:\/\/blogsaverroes.juntadeandalucia.es\/ceperlospinos\/files\/2025\/11\/1-320x320.png 320w, https:\/\/blogsaverroes.juntadeandalucia.es\/ceperlospinos\/files\/2025\/11\/1.png 1000w\" sizes=\"(max-width: 50px) 100vw, 50px\" \/><\/a><a title=\"Facebook\" href=\"https:\/\/www.facebook.com\/p\/Ceper-Los-Pinos-Puente-Genil-61552668326919\/\" target=\"_blank\" rel=\"noopener\">Facebook<\/a><a href=\"https:\/\/www.facebook.com\/p\/Ceper-Los-Pinos-Puente-Genil-61552668326919\/\"><img loading=\"lazy\" decoding=\"async\" class=\"aligncenter  wp-image-2902\" src=\"https:\/\/blogsaverroes.juntadeandalucia.es\/ceperlospinos\/files\/2025\/11\/2-150x150.png\" alt=\"Facebook\" width=\"50\" height=\"50\" srcset=\"https:\/\/blogsaverroes.juntadeandalucia.es\/ceperlospinos\/files\/2025\/11\/2-150x150.png 150w, https:\/\/blogsaverroes.juntadeandalucia.es\/ceperlospinos\/files\/2025\/11\/2-300x300.png 300w, https:\/\/blogsaverroes.juntadeandalucia.es\/ceperlospinos\/files\/2025\/11\/2-768x768.png 768w, https:\/\/blogsaverroes.juntadeandalucia.es\/ceperlospinos\/files\/2025\/11\/2-80x80.png 80w, https:\/\/blogsaverroes.juntadeandalucia.es\/ceperlospinos\/files\/2025\/11\/2-320x320.png 320w, https:\/\/blogsaverroes.juntadeandalucia.es\/ceperlospinos\/files\/2025\/11\/2.png 1000w\" sizes=\"(max-width: 50px) 100vw, 50px\" \/><\/a><a title=\"Instagram\" href=\"https:\/\/www.instagram.com\/cepermanentelospinos\/\" target=\"_blank\" rel=\"noopener\">Instagram<\/a><a href=\"https:\/\/www.instagram.com\/cepermanentelospinos\/\"><img loading=\"lazy\" decoding=\"async\" class=\"aligncenter  wp-image-2903\" src=\"https:\/\/blogsaverroes.juntadeandalucia.es\/ceperlospinos\/files\/2025\/11\/31-150x150.png\" alt=\"Instagram\" width=\"50\" height=\"50\" srcset=\"https:\/\/blogsaverroes.juntadeandalucia.es\/ceperlospinos\/files\/2025\/11\/31-150x150.png 150w, https:\/\/blogsaverroes.juntadeandalucia.es\/ceperlospinos\/files\/2025\/11\/31-300x300.png 300w, https:\/\/blogsaverroes.juntadeandalucia.es\/ceperlospinos\/files\/2025\/11\/31-768x768.png 768w, https:\/\/blogsaverroes.juntadeandalucia.es\/ceperlospinos\/files\/2025\/11\/31-80x80.png 80w, https:\/\/blogsaverroes.juntadeandalucia.es\/ceperlospinos\/files\/2025\/11\/31-320x320.png 320w, https:\/\/blogsaverroes.juntadeandalucia.es\/ceperlospinos\/files\/2025\/11\/31.png 1000w\" sizes=\"(max-width: 50px) 100vw, 50px\" \/><\/a><\/p>\n","protected":false},"excerpt":{"rendered":"<p>DIRECCI\u00d3N:&nbsp; Calle Concejal Rodr\u00edguez Ch\u00eda s\/n &nbsp;&nbsp;&nbsp;&nbsp;&nbsp;&nbsp;&nbsp;&nbsp;&nbsp;&nbsp;&nbsp;&nbsp;&nbsp;&nbsp;&nbsp;&nbsp;&nbsp;&nbsp;&nbsp;&nbsp;&nbsp;&nbsp;&nbsp; 14500 Puente Genil &nbsp;&nbsp;&nbsp;&nbsp;&nbsp;&nbsp;&nbsp;&nbsp;&nbsp;&nbsp;&nbsp;&nbsp;&nbsp;&nbsp;&nbsp;&nbsp;&nbsp;&nbsp;&nbsp;&nbsp;&nbsp;&nbsp;&nbsp; C\u00f3rdoba (Espa\u00f1a) C\u00d3DIGO CENTRO: 14500418 TEL\u00c9FONO:&nbsp; 957 618 920 CORREO ELECTR\u00d3NICO:&nbsp;&nbsp;&nbsp; 14500418.edu@juntadeandalucia.es Google MapsFacebookInstagram<\/p>\n","protected":false},"author":11516,"featured_media":0,"parent":0,"menu_order":0,"comment_status":"closed","ping_status":"closed","template":"","meta":{"ngg_post_thumbnail":0,"footnotes":"","_mc_calendar":[]},"aioseo_notices":[],"_links":{"self":[{"href":"https:\/\/blogsaverroes.juntadeandalucia.es\/ceperlospinos\/wp-json\/wp\/v2\/pages\/2764"}],"collection":[{"href":"https:\/\/blogsaverroes.juntadeandalucia.es\/ceperlospinos\/wp-json\/wp\/v2\/pages"}],"about":[{"href":"https:\/\/blogsaverroes.juntadeandalucia.es\/ceperlospinos\/wp-json\/wp\/v2\/types\/page"}],"author":[{"embeddable":true,"href":"https:\/\/blogsaverroes.juntadeandalucia.es\/ceperlospinos\/wp-json\/wp\/v2\/users\/11516"}],"replies":[{"embeddable":true,"href":"https:\/\/blogsaverroes.juntadeandalucia.es\/ceperlospinos\/wp-json\/wp\/v2\/comments?post=2764"}],"version-history":[{"count":6,"href":"https:\/\/blogsaverroes.juntadeandalucia.es\/ceperlospinos\/wp-json\/wp\/v2\/pages\/2764\/revisions"}],"predecessor-version":[{"id":2904,"href":"https:\/\/blogsaverroes.juntadeandalucia.es\/ceperlospinos\/wp-json\/wp\/v2\/pages\/2764\/revisions\/2904"}],"wp:attachment":[{"href":"https:\/\/blogsaverroes.juntadeandalucia.es\/ceperlospinos\/wp-json\/wp\/v2\/media?parent=2764"}],"curies":[{"name":"wp","href":"https:\/\/api.w.org\/{rel}","templated":true}]}}