{"id":1013,"date":"2023-11-30T09:28:18","date_gmt":"2023-11-30T08:28:18","guid":{"rendered":"https:\/\/blogsaverroes.juntadeandalucia.es\/ceperlosvelezoria\/?page_id=1013"},"modified":"2024-01-17T17:00:51","modified_gmt":"2024-01-17T16:00:51","slug":"secciones","status":"publish","type":"page","link":"https:\/\/blogsaverroes.juntadeandalucia.es\/ceperlosvelezoria\/secciones\/","title":{"rendered":"Centro y Secciones"},"content":{"rendered":"<header class=\"entry-header\"><span style=\"color: #000000\">El <strong>C.E.PER. Los V\u00e9lez-Oria<\/strong> es un centro de educaci\u00f3n permanente ubicado en el municipio almeriense de V\u00e9lez-Rubio. Este centro, adem\u00e1s, tiene cuatro Secciones de Educaci\u00f3n Permanente (S.E.P) que se reparten por las localidades de V\u00e9lez-Blanco (<strong><a style=\"color: #000000\" href=\"https:\/\/blogsaverroes.juntadeandalucia.es\/ceperlosvelezoria\/secciones\/s-e-p-el-brujo\/\">S.E.P. El Brujo<\/a>)<\/strong>, Oria (<a style=\"color: #000000\" href=\"https:\/\/blogsaverroes.juntadeandalucia.es\/ceperlosvelezoria\/secciones\/s-e-p-el-canico-de-oria\/\"><strong>S.E.P. El Ca\u00f1ico de Oria<\/strong><\/a>), Maria (<a style=\"color: #000000\" href=\"https:\/\/blogsaverroes.juntadeandalucia.es\/ceperlosvelezoria\/secciones\/s-e-p-sierra-de-maria\/\"><strong>S.E.P. Sierra de Mar\u00eda<\/strong>)<\/a> y Chirivel (<a style=\"color: #000000\" href=\"https:\/\/blogsaverroes.juntadeandalucia.es\/ceperlosvelezoria\/secciones\/s-e-p-chirivel\/\"><strong>S.E.P. Chirivel<\/strong><\/a>).<\/span><\/header>\n<header class=\"entry-header\"><span style=\"color: #000000\">&nbsp;El organigrama del centro es el siguiente<\/span><\/p>\n<p class=\"entry-title\"><img fetchpriority=\"high\" decoding=\"async\" class=\"wp-image-1206 alignleft\" src=\"https:\/\/blogsaverroes.juntadeandalucia.es\/ceperlosvelezoria\/files\/2024\/01\/esquema-1024x869.jpg\" alt=\"\" width=\"474\" height=\"403\" srcset=\"https:\/\/blogsaverroes.juntadeandalucia.es\/ceperlosvelezoria\/files\/2024\/01\/esquema-1024x869.jpg 1024w, https:\/\/blogsaverroes.juntadeandalucia.es\/ceperlosvelezoria\/files\/2024\/01\/esquema-300x255.jpg 300w, https:\/\/blogsaverroes.juntadeandalucia.es\/ceperlosvelezoria\/files\/2024\/01\/esquema-768x652.jpg 768w, https:\/\/blogsaverroes.juntadeandalucia.es\/ceperlosvelezoria\/files\/2024\/01\/esquema-700x594.jpg 700w, https:\/\/blogsaverroes.juntadeandalucia.es\/ceperlosvelezoria\/files\/2024\/01\/esquema-332x282.jpg 332w, https:\/\/blogsaverroes.juntadeandalucia.es\/ceperlosvelezoria\/files\/2024\/01\/esquema.jpg 1427w\" sizes=\"(max-width: 474px) 100vw, 474px\" \/><\/p>\n<\/header>\n","protected":false},"excerpt":{"rendered":"<p>El C.E.PER. Los V\u00e9lez-Oria es un centro de educaci\u00f3n permanente ubicado en el municipio almeriense de V\u00e9lez-Rubio. Este centro, adem\u00e1s, tiene cuatro Secciones de Educaci\u00f3n Permanente (S.E.P) que se reparten por las localidades de&#46;&#46;&#46;<\/p>\n","protected":false},"author":18765,"featured_media":0,"parent":0,"menu_order":0,"comment_status":"closed","ping_status":"closed","template":"","meta":{"ngg_post_thumbnail":0,"footnotes":""},"aioseo_notices":[],"_links":{"self":[{"href":"https:\/\/blogsaverroes.juntadeandalucia.es\/ceperlosvelezoria\/wp-json\/wp\/v2\/pages\/1013"}],"collection":[{"href":"https:\/\/blogsaverroes.juntadeandalucia.es\/ceperlosvelezoria\/wp-json\/wp\/v2\/pages"}],"about":[{"href":"https:\/\/blogsaverroes.juntadeandalucia.es\/ceperlosvelezoria\/wp-json\/wp\/v2\/types\/page"}],"author":[{"embeddable":true,"href":"https:\/\/blogsaverroes.juntadeandalucia.es\/ceperlosvelezoria\/wp-json\/wp\/v2\/users\/18765"}],"replies":[{"embeddable":true,"href":"https:\/\/blogsaverroes.juntadeandalucia.es\/ceperlosvelezoria\/wp-json\/wp\/v2\/comments?post=1013"}],"version-history":[{"count":10,"href":"https:\/\/blogsaverroes.juntadeandalucia.es\/ceperlosvelezoria\/wp-json\/wp\/v2\/pages\/1013\/revisions"}],"predecessor-version":[{"id":1270,"href":"https:\/\/blogsaverroes.juntadeandalucia.es\/ceperlosvelezoria\/wp-json\/wp\/v2\/pages\/1013\/revisions\/1270"}],"wp:attachment":[{"href":"https:\/\/blogsaverroes.juntadeandalucia.es\/ceperlosvelezoria\/wp-json\/wp\/v2\/media?parent=1013"}],"curies":[{"name":"wp","href":"https:\/\/api.w.org\/{rel}","templated":true}]}}