{"id":1019,"date":"2023-11-30T09:28:24","date_gmt":"2023-11-30T08:28:24","guid":{"rendered":"https:\/\/blogsaverroes.juntadeandalucia.es\/ceperlosvelezoria\/?page_id=1019"},"modified":"2026-03-19T10:52:19","modified_gmt":"2026-03-19T09:52:19","slug":"s-e-p-sierra-de-maria","status":"publish","type":"page","link":"https:\/\/blogsaverroes.juntadeandalucia.es\/ceperlosvelezoria\/secciones\/s-e-p-sierra-de-maria\/","title":{"rendered":"S.E.P. Sierra de Mar\u00eda"},"content":{"rendered":"\t\t<div data-elementor-type=\"wp-page\" data-elementor-id=\"1019\" class=\"elementor elementor-1019\">\n\t\t\t\t\t\t<section class=\"elementor-section elementor-top-section elementor-element elementor-element-8a1092b elementor-section-boxed elementor-section-height-default elementor-section-height-default\" data-id=\"8a1092b\" data-element_type=\"section\">\n\t\t\t\t\t\t<div class=\"elementor-container elementor-column-gap-default\">\n\t\t\t\t\t<div class=\"elementor-column elementor-col-100 elementor-top-column elementor-element elementor-element-2ba30be3\" data-id=\"2ba30be3\" data-element_type=\"column\">\n\t\t\t<div class=\"elementor-widget-wrap elementor-element-populated\">\n\t\t\t\t\t\t<div class=\"elementor-element elementor-element-269befe1 elementor-widget elementor-widget-text-editor\" data-id=\"269befe1\" data-element_type=\"widget\" data-widget_type=\"text-editor.default\">\n\t\t\t\t<div class=\"elementor-widget-container\">\n\t\t\t\t\t\t\t\t\t<p><span style=\"font-size: 12pt;color: #000000\"><em>S.E.P. Sierra de Mar\u00eda<\/em> se encuentra en la localidad de <a style=\"color: #000000\" href=\"https:\/\/es.wikipedia.org\/wiki\/Mar%C3%ADa_(Almer%C3%ADa)\">Mar\u00eda<\/a>. La maestra y jefa de estudios delegada que atiende la secci\u00f3n durante el curso 2024\/25 es Pilar.<\/span><\/p><p><span style=\"color: #000000\">Se imparten los siguientes planes:<\/span><\/p><ul><li><span style=\"color: #000000\">Formaci\u00f3n b\u00e1sica<\/span><\/li><li><span style=\"color: #000000\">ESA (Ense\u00f1anza Secundaria de Adultos)<\/span><\/li><li><span style=\"color: #000000\">Preparaci\u00f3n para las prueblas libres para la ESO<\/span><\/li><li><span style=\"color: #000000\">Espa\u00f1ol e interculturalidad<\/span><\/li><li><span style=\"color: #000000\">Adquisici\u00f3n de h\u00e1bitos saludables<\/span><\/li><\/ul><p><span style=\"font-size: 12pt\"><span style=\"color: #000000\">La direcci\u00f3n del centro:<\/span> <a href=\"https:\/\/maps.app.goo.gl\/MtZrhVw5WNTwuz2z9\">C\/ Virgen de la Cabeza s\/n. Maria (Almeria).<\/a><\/span><\/p><p>Tel\u00e9fono: 950 419 565<\/p>\t\t\t\t\t\t\t\t<\/div>\n\t\t\t\t<\/div>\n\t\t\t\t\t<\/div>\n\t\t<\/div>\n\t\t\t\t\t<\/div>\n\t\t<\/section>\n\t\t\t\t<section class=\"elementor-section elementor-top-section elementor-element elementor-element-d9ca5a0 elementor-section-boxed elementor-section-height-default elementor-section-height-default\" data-id=\"d9ca5a0\" data-element_type=\"section\">\n\t\t\t\t\t\t<div class=\"elementor-container elementor-column-gap-default\">\n\t\t\t\t\t<div class=\"elementor-column elementor-col-50 elementor-top-column elementor-element elementor-element-072c200\" data-id=\"072c200\" data-element_type=\"column\">\n\t\t\t<div class=\"elementor-widget-wrap elementor-element-populated\">\n\t\t\t\t\t\t<div class=\"elementor-element elementor-element-f464479 elementor-widget elementor-widget-google_maps\" data-id=\"f464479\" data-element_type=\"widget\" data-widget_type=\"google_maps.default\">\n\t\t\t\t<div class=\"elementor-widget-container\">\n\t\t\t\t\t\t\t<div class=\"elementor-custom-embed\">\n\t\t\t<iframe loading=\"lazy\"\n\t\t\t\t\tsrc=\"https:\/\/maps.google.com\/maps?q=C.%20Hornos%2C%2031%2C%2004838%20Mar%C3%ADa%2C%20Almer%C3%ADa%2C%20Espa%C3%B1a&#038;t=m&#038;z=16&#038;output=embed&#038;iwloc=near\"\n\t\t\t\t\ttitle=\"C. Hornos, 31, 04838 Mar\u00eda, Almer\u00eda, Espa\u00f1a\"\n\t\t\t\t\taria-label=\"C. Hornos, 31, 04838 Mar\u00eda, Almer\u00eda, Espa\u00f1a\"\n\t\t\t><\/iframe>\n\t\t<\/div>\n\t\t\t\t\t\t<\/div>\n\t\t\t\t<\/div>\n\t\t\t\t\t<\/div>\n\t\t<\/div>\n\t\t\t\t<div class=\"elementor-column elementor-col-50 elementor-top-column elementor-element elementor-element-dc24d60\" data-id=\"dc24d60\" data-element_type=\"column\">\n\t\t\t<div class=\"elementor-widget-wrap elementor-element-populated\">\n\t\t\t\t\t\t<div class=\"elementor-element elementor-element-3283f6e elementor-arrows-position-inside elementor-pagination-position-outside elementor-widget elementor-widget-image-carousel\" data-id=\"3283f6e\" data-element_type=\"widget\" data-settings=\"{&quot;navigation&quot;:&quot;both&quot;,&quot;autoplay&quot;:&quot;yes&quot;,&quot;pause_on_hover&quot;:&quot;yes&quot;,&quot;pause_on_interaction&quot;:&quot;yes&quot;,&quot;autoplay_speed&quot;:5000,&quot;infinite&quot;:&quot;yes&quot;,&quot;speed&quot;:500}\" data-widget_type=\"image-carousel.default\">\n\t\t\t\t<div class=\"elementor-widget-container\">\n\t\t\t\t\t\t\t<div class=\"elementor-image-carousel-wrapper swiper\" role=\"region\" aria-roledescription=\"carousel\" aria-label=\"Carrusel de im\u00e1genes\" dir=\"ltr\">\n\t\t\t<div class=\"elementor-image-carousel swiper-wrapper\" aria-live=\"off\">\n\t\t\t\t\t\t\t\t<div class=\"swiper-slide\" role=\"group\" aria-roledescription=\"slide\" aria-label=\"1 de 5\"><a data-elementor-open-lightbox=\"yes\" data-elementor-lightbox-slideshow=\"3283f6e\" data-elementor-lightbox-title=\"Mar\u00eda 01\" data-e-action-hash=\"#elementor-action%3Aaction%3Dlightbox%26settings%3DeyJpZCI6IjE0NDUiLCJ1cmwiOiJodHRwczpcL1wvYmxvZ3NhdmVycm9lcy5qdW50YWRlYW5kYWx1Y2lhLmVzXC9jZXBlcmxvc3ZlbGV6b3JpYVwvZmlsZXNcLzIwMjRcLzAxXC9NYXJcdTAwZWRhLTAxLXNjYWxlZC5qcGciLCJzbGlkZXNob3ciOiIzMjgzZjZlIn0%3D\" href=\"https:\/\/blogsaverroes.juntadeandalucia.es\/ceperlosvelezoria\/files\/2024\/01\/Mar\u00eda-01-scaled.jpg\"><figure class=\"swiper-slide-inner\"><img decoding=\"async\" class=\"swiper-slide-image\" src=\"https:\/\/blogsaverroes.juntadeandalucia.es\/ceperlosvelezoria\/files\/2024\/01\/Mar\u00eda-01-150x150.jpg\" alt=\"Mar\u00eda 01\" \/><\/figure><\/a><\/div><div class=\"swiper-slide\" role=\"group\" aria-roledescription=\"slide\" aria-label=\"2 de 5\"><a data-elementor-open-lightbox=\"yes\" data-elementor-lightbox-slideshow=\"3283f6e\" data-elementor-lightbox-title=\"Mar\u00eda 02\" data-e-action-hash=\"#elementor-action%3Aaction%3Dlightbox%26settings%3DeyJpZCI6IjE0NDYiLCJ1cmwiOiJodHRwczpcL1wvYmxvZ3NhdmVycm9lcy5qdW50YWRlYW5kYWx1Y2lhLmVzXC9jZXBlcmxvc3ZlbGV6b3JpYVwvZmlsZXNcLzIwMjRcLzAxXC9NYXJcdTAwZWRhLTAyLXNjYWxlZC5qcGciLCJzbGlkZXNob3ciOiIzMjgzZjZlIn0%3D\" href=\"https:\/\/blogsaverroes.juntadeandalucia.es\/ceperlosvelezoria\/files\/2024\/01\/Mar\u00eda-02-scaled.jpg\"><figure class=\"swiper-slide-inner\"><img decoding=\"async\" class=\"swiper-slide-image\" src=\"https:\/\/blogsaverroes.juntadeandalucia.es\/ceperlosvelezoria\/files\/2024\/01\/Mar\u00eda-02-150x150.jpg\" alt=\"Mar\u00eda 02\" \/><\/figure><\/a><\/div><div class=\"swiper-slide\" role=\"group\" aria-roledescription=\"slide\" aria-label=\"3 de 5\"><a data-elementor-open-lightbox=\"yes\" data-elementor-lightbox-slideshow=\"3283f6e\" data-elementor-lightbox-title=\"Mar\u00eda 03\" data-e-action-hash=\"#elementor-action%3Aaction%3Dlightbox%26settings%3DeyJpZCI6IjE0NDciLCJ1cmwiOiJodHRwczpcL1wvYmxvZ3NhdmVycm9lcy5qdW50YWRlYW5kYWx1Y2lhLmVzXC9jZXBlcmxvc3ZlbGV6b3JpYVwvZmlsZXNcLzIwMjRcLzAxXC9NYXJcdTAwZWRhLTAzLXNjYWxlZC5qcGciLCJzbGlkZXNob3ciOiIzMjgzZjZlIn0%3D\" href=\"https:\/\/blogsaverroes.juntadeandalucia.es\/ceperlosvelezoria\/files\/2024\/01\/Mar\u00eda-03-scaled.jpg\"><figure class=\"swiper-slide-inner\"><img decoding=\"async\" class=\"swiper-slide-image\" src=\"https:\/\/blogsaverroes.juntadeandalucia.es\/ceperlosvelezoria\/files\/2024\/01\/Mar\u00eda-03-150x150.jpg\" alt=\"Mar\u00eda 03\" \/><\/figure><\/a><\/div><div class=\"swiper-slide\" role=\"group\" aria-roledescription=\"slide\" aria-label=\"4 de 5\"><a data-elementor-open-lightbox=\"yes\" data-elementor-lightbox-slideshow=\"3283f6e\" data-elementor-lightbox-title=\"Mar\u00eda 04\" data-e-action-hash=\"#elementor-action%3Aaction%3Dlightbox%26settings%3DeyJpZCI6IjE0NDgiLCJ1cmwiOiJodHRwczpcL1wvYmxvZ3NhdmVycm9lcy5qdW50YWRlYW5kYWx1Y2lhLmVzXC9jZXBlcmxvc3ZlbGV6b3JpYVwvZmlsZXNcLzIwMjRcLzAxXC9NYXJcdTAwZWRhLTA0LXNjYWxlZC5qcGciLCJzbGlkZXNob3ciOiIzMjgzZjZlIn0%3D\" href=\"https:\/\/blogsaverroes.juntadeandalucia.es\/ceperlosvelezoria\/files\/2024\/01\/Mar\u00eda-04-scaled.jpg\"><figure class=\"swiper-slide-inner\"><img decoding=\"async\" class=\"swiper-slide-image\" src=\"https:\/\/blogsaverroes.juntadeandalucia.es\/ceperlosvelezoria\/files\/2024\/01\/Mar\u00eda-04-150x150.jpg\" alt=\"Mar\u00eda 04\" \/><\/figure><\/a><\/div><div class=\"swiper-slide\" role=\"group\" aria-roledescription=\"slide\" aria-label=\"5 de 5\"><a data-elementor-open-lightbox=\"yes\" data-elementor-lightbox-slideshow=\"3283f6e\" data-elementor-lightbox-title=\"Mar\u00eda 05\" data-e-action-hash=\"#elementor-action%3Aaction%3Dlightbox%26settings%3DeyJpZCI6IjE0NDkiLCJ1cmwiOiJodHRwczpcL1wvYmxvZ3NhdmVycm9lcy5qdW50YWRlYW5kYWx1Y2lhLmVzXC9jZXBlcmxvc3ZlbGV6b3JpYVwvZmlsZXNcLzIwMjRcLzAxXC9NYXJcdTAwZWRhLTA1LXNjYWxlZC5qcGciLCJzbGlkZXNob3ciOiIzMjgzZjZlIn0%3D\" href=\"https:\/\/blogsaverroes.juntadeandalucia.es\/ceperlosvelezoria\/files\/2024\/01\/Mar\u00eda-05-scaled.jpg\"><figure class=\"swiper-slide-inner\"><img decoding=\"async\" class=\"swiper-slide-image\" src=\"https:\/\/blogsaverroes.juntadeandalucia.es\/ceperlosvelezoria\/files\/2024\/01\/Mar\u00eda-05-150x150.jpg\" alt=\"Mar\u00eda 05\" \/><\/figure><\/a><\/div>\t\t\t<\/div>\n\t\t\t\t\t\t\t\t\t\t\t\t<div class=\"elementor-swiper-button elementor-swiper-button-prev\" role=\"button\" tabindex=\"0\">\n\t\t\t\t\t\t<i aria-hidden=\"true\" class=\"eicon-chevron-left\"><\/i>\t\t\t\t\t<\/div>\n\t\t\t\t\t<div class=\"elementor-swiper-button elementor-swiper-button-next\" role=\"button\" tabindex=\"0\">\n\t\t\t\t\t\t<i aria-hidden=\"true\" class=\"eicon-chevron-right\"><\/i>\t\t\t\t\t<\/div>\n\t\t\t\t\n\t\t\t\t\t\t\t\t\t<div class=\"swiper-pagination\"><\/div>\n\t\t\t\t\t\t\t\t\t<\/div>\n\t\t\t\t\t\t<\/div>\n\t\t\t\t<\/div>\n\t\t\t\t<div class=\"elementor-element elementor-element-0da889a elementor-widget elementor-widget-google_maps\" data-id=\"0da889a\" data-element_type=\"widget\" data-widget_type=\"google_maps.default\">\n\t\t\t\t<div class=\"elementor-widget-container\">\n\t\t\t\t\t\t\t<div class=\"elementor-custom-embed\">\n\t\t\t<iframe loading=\"lazy\"\n\t\t\t\t\tsrc=\"https:\/\/maps.google.com\/maps?q=C.%20Hornos%2C%2031%2C%2004838%20Mar%C3%ADa%2C%20Almer%C3%ADa%2C%20Espa%C3%B1a&#038;t=m&#038;z=12&#038;output=embed&#038;iwloc=near\"\n\t\t\t\t\ttitle=\"C. Hornos, 31, 04838 Mar\u00eda, Almer\u00eda, Espa\u00f1a\"\n\t\t\t\t\taria-label=\"C. Hornos, 31, 04838 Mar\u00eda, Almer\u00eda, Espa\u00f1a\"\n\t\t\t><\/iframe>\n\t\t<\/div>\n\t\t\t\t\t\t<\/div>\n\t\t\t\t<\/div>\n\t\t\t\t\t<\/div>\n\t\t<\/div>\n\t\t\t\t\t<\/div>\n\t\t<\/section>\n\t\t\t\t<\/div>\n\t\t","protected":false},"excerpt":{"rendered":"<p>S.E.P. Sierra de Mar\u00eda se encuentra en la localidad de Mar\u00eda. La maestra y jefa de estudios delegada que atiende la secci\u00f3n durante el curso 2024\/25 es Pilar. Se imparten los siguientes planes: Formaci\u00f3n&#46;&#46;&#46;<\/p>\n","protected":false},"author":18765,"featured_media":0,"parent":1013,"menu_order":0,"comment_status":"closed","ping_status":"closed","template":"","meta":{"ngg_post_thumbnail":0,"footnotes":""},"aioseo_notices":[],"_links":{"self":[{"href":"https:\/\/blogsaverroes.juntadeandalucia.es\/ceperlosvelezoria\/wp-json\/wp\/v2\/pages\/1019"}],"collection":[{"href":"https:\/\/blogsaverroes.juntadeandalucia.es\/ceperlosvelezoria\/wp-json\/wp\/v2\/pages"}],"about":[{"href":"https:\/\/blogsaverroes.juntadeandalucia.es\/ceperlosvelezoria\/wp-json\/wp\/v2\/types\/page"}],"author":[{"embeddable":true,"href":"https:\/\/blogsaverroes.juntadeandalucia.es\/ceperlosvelezoria\/wp-json\/wp\/v2\/users\/18765"}],"replies":[{"embeddable":true,"href":"https:\/\/blogsaverroes.juntadeandalucia.es\/ceperlosvelezoria\/wp-json\/wp\/v2\/comments?post=1019"}],"version-history":[{"count":37,"href":"https:\/\/blogsaverroes.juntadeandalucia.es\/ceperlosvelezoria\/wp-json\/wp\/v2\/pages\/1019\/revisions"}],"predecessor-version":[{"id":2685,"href":"https:\/\/blogsaverroes.juntadeandalucia.es\/ceperlosvelezoria\/wp-json\/wp\/v2\/pages\/1019\/revisions\/2685"}],"up":[{"embeddable":true,"href":"https:\/\/blogsaverroes.juntadeandalucia.es\/ceperlosvelezoria\/wp-json\/wp\/v2\/pages\/1013"}],"wp:attachment":[{"href":"https:\/\/blogsaverroes.juntadeandalucia.es\/ceperlosvelezoria\/wp-json\/wp\/v2\/media?parent=1019"}],"curies":[{"name":"wp","href":"https:\/\/api.w.org\/{rel}","templated":true}]}}