{"id":1247,"date":"2024-01-17T16:34:18","date_gmt":"2024-01-17T15:34:18","guid":{"rendered":"https:\/\/blogsaverroes.juntadeandalucia.es\/ceperlosvelezoria\/?page_id=1247"},"modified":"2026-03-19T11:18:06","modified_gmt":"2026-03-19T10:18:06","slug":"c-e-per-los-velez-oria","status":"publish","type":"page","link":"https:\/\/blogsaverroes.juntadeandalucia.es\/ceperlosvelezoria\/secciones\/c-e-per-los-velez-oria\/","title":{"rendered":"C.E.PER. Los V\u00e9lez-Oria"},"content":{"rendered":"\t\t<div data-elementor-type=\"wp-page\" data-elementor-id=\"1247\" class=\"elementor elementor-1247\">\n\t\t\t\t\t\t<section class=\"elementor-section elementor-top-section elementor-element elementor-element-6a2c4c57 elementor-section-boxed elementor-section-height-default elementor-section-height-default\" data-id=\"6a2c4c57\" data-element_type=\"section\">\n\t\t\t\t\t\t<div class=\"elementor-container elementor-column-gap-default\">\n\t\t\t\t\t<div class=\"elementor-column elementor-col-100 elementor-top-column elementor-element elementor-element-2a882b10\" data-id=\"2a882b10\" data-element_type=\"column\">\n\t\t\t<div class=\"elementor-widget-wrap elementor-element-populated\">\n\t\t\t\t\t\t<div class=\"elementor-element elementor-element-5a95c6 elementor-widget elementor-widget-text-editor\" data-id=\"5a95c6\" data-element_type=\"widget\" data-widget_type=\"text-editor.default\">\n\t\t\t\t<div class=\"elementor-widget-container\">\n\t\t\t\t\t\t\t\t\t<p><span style=\"font-size: 12pt;color: #000000\"><em>C.E.PER. Los V\u00e9lez-Oria<\/em> se encuentra en la localidad de <a style=\"color: #000000\" href=\"https:\/\/es.wikipedia.org\/wiki\/V%C3%A9lez-Rubio\">V\u00e9lez-Rubio<\/a>. La direcci\u00f3n est\u00e1 compuesta por Javier, director e Ignacio, jefe de estudios.&nbsp;<\/span><\/p>\n<p><span style=\"color: #000000\">Se imparten los siguientes planes:<\/span><\/p>\n<ul>\n<li><span style=\"color: #000000\">Formaci\u00f3n b\u00e1sica<\/span><\/li>\n<li><span style=\"color: #000000\">ESA&nbsp;(Ense\u00f1anza Secundaria de Adultos)<\/span><\/li>\n<li><span style=\"color: #000000\">TIC<\/span><\/li>\n<li><span style=\"color: #000000\">Ingl\u00e9s<\/span><\/li>\n<li><span style=\"color: #000000\">Espa\u00f1ol e interculturalidad<\/span><\/li>\n<li><span style=\"color: #000000\">Preparaci\u00f3n para las pruebas libres de auxiliar de enfermer\u00eda<\/span><\/li>\n<\/ul>\n<p><span style=\"font-size: 12pt\"><span style=\"color: #000000\">La direcci\u00f3n del centro:<\/span><a href=\"https:\/\/maps.app.goo.gl\/KnPt8EXUxp81e7547\"> C\/ Carrera del Carmen 33, \u00faltima planta, Velez-Rubio (Almeria)<\/a>.<\/span><\/p><p><span style=\"font-size: 12pt\">Tel\u00e9fono: 950 419 563<\/span><\/p><p><span style=\"font-size: 12pt\">Correo electr\u00f3nico: ceperlosvelezoria@gmail.com<\/span><\/p>\t\t\t\t\t\t\t\t<\/div>\n\t\t\t\t<\/div>\n\t\t\t\t\t<\/div>\n\t\t<\/div>\n\t\t\t\t\t<\/div>\n\t\t<\/section>\n\t\t\t\t<section class=\"elementor-section elementor-top-section elementor-element elementor-element-d15becc elementor-section-boxed elementor-section-height-default elementor-section-height-default\" data-id=\"d15becc\" data-element_type=\"section\">\n\t\t\t\t\t\t<div class=\"elementor-container elementor-column-gap-default\">\n\t\t\t\t\t<div class=\"elementor-column elementor-col-50 elementor-top-column elementor-element elementor-element-0d6801d\" data-id=\"0d6801d\" data-element_type=\"column\">\n\t\t\t<div class=\"elementor-widget-wrap elementor-element-populated\">\n\t\t\t\t\t\t<div class=\"elementor-element elementor-element-2a6cbef elementor-widget elementor-widget-google_maps\" data-id=\"2a6cbef\" data-element_type=\"widget\" data-widget_type=\"google_maps.default\">\n\t\t\t\t<div class=\"elementor-widget-container\">\n\t\t\t\t\t\t\t<div class=\"elementor-custom-embed\">\n\t\t\t<iframe loading=\"lazy\"\n\t\t\t\t\tsrc=\"https:\/\/maps.google.com\/maps?q=C%2F%20Carrera%20del%20Carmen%2033.%20Velez-Rubio%20%28Almeria%29.&#038;t=m&#038;z=15&#038;output=embed&#038;iwloc=near\"\n\t\t\t\t\ttitle=\"C\/ Carrera del Carmen 33. Velez-Rubio (Almeria).\"\n\t\t\t\t\taria-label=\"C\/ Carrera del Carmen 33. Velez-Rubio (Almeria).\"\n\t\t\t><\/iframe>\n\t\t<\/div>\n\t\t\t\t\t\t<\/div>\n\t\t\t\t<\/div>\n\t\t\t\t\t<\/div>\n\t\t<\/div>\n\t\t\t\t<div class=\"elementor-column elementor-col-50 elementor-top-column elementor-element elementor-element-5fd5290\" data-id=\"5fd5290\" data-element_type=\"column\">\n\t\t\t<div class=\"elementor-widget-wrap elementor-element-populated\">\n\t\t\t\t\t\t<div class=\"elementor-element elementor-element-983c98b elementor-arrows-position-inside elementor-pagination-position-outside elementor-widget elementor-widget-image-carousel\" data-id=\"983c98b\" data-element_type=\"widget\" data-settings=\"{&quot;navigation&quot;:&quot;both&quot;,&quot;autoplay&quot;:&quot;yes&quot;,&quot;pause_on_hover&quot;:&quot;yes&quot;,&quot;pause_on_interaction&quot;:&quot;yes&quot;,&quot;autoplay_speed&quot;:5000,&quot;infinite&quot;:&quot;yes&quot;,&quot;speed&quot;:500}\" data-widget_type=\"image-carousel.default\">\n\t\t\t\t<div class=\"elementor-widget-container\">\n\t\t\t\t\t\t\t<div class=\"elementor-image-carousel-wrapper swiper\" role=\"region\" aria-roledescription=\"carousel\" aria-label=\"Carrusel de im\u00e1genes\" dir=\"ltr\">\n\t\t\t<div class=\"elementor-image-carousel swiper-wrapper\" aria-live=\"off\">\n\t\t\t\t\t\t\t\t<div class=\"swiper-slide\" role=\"group\" aria-roledescription=\"slide\" aria-label=\"1 de 7\"><a data-elementor-open-lightbox=\"yes\" data-elementor-lightbox-slideshow=\"983c98b\" data-elementor-lightbox-title=\"Velez-Rubio 01\" data-e-action-hash=\"#elementor-action%3Aaction%3Dlightbox%26settings%3DeyJpZCI6IjE0NzIiLCJ1cmwiOiJodHRwczpcL1wvYmxvZ3NhdmVycm9lcy5qdW50YWRlYW5kYWx1Y2lhLmVzXC9jZXBlcmxvc3ZlbGV6b3JpYVwvZmlsZXNcLzIwMjRcLzAxXC9WZWxlei1SdWJpby0wMS5qcGciLCJzbGlkZXNob3ciOiI5ODNjOThiIn0%3D\" href=\"https:\/\/blogsaverroes.juntadeandalucia.es\/ceperlosvelezoria\/files\/2024\/01\/Velez-Rubio-01.jpg\"><figure class=\"swiper-slide-inner\"><img decoding=\"async\" class=\"swiper-slide-image\" src=\"https:\/\/blogsaverroes.juntadeandalucia.es\/ceperlosvelezoria\/files\/2024\/01\/Velez-Rubio-01-150x150.jpg\" alt=\"Velez-Rubio 01\" \/><\/figure><\/a><\/div><div class=\"swiper-slide\" role=\"group\" aria-roledescription=\"slide\" aria-label=\"2 de 7\"><a data-elementor-open-lightbox=\"yes\" data-elementor-lightbox-slideshow=\"983c98b\" data-elementor-lightbox-title=\"Velez-Rubio 02\" data-e-action-hash=\"#elementor-action%3Aaction%3Dlightbox%26settings%3DeyJpZCI6IjE0NzMiLCJ1cmwiOiJodHRwczpcL1wvYmxvZ3NhdmVycm9lcy5qdW50YWRlYW5kYWx1Y2lhLmVzXC9jZXBlcmxvc3ZlbGV6b3JpYVwvZmlsZXNcLzIwMjRcLzAxXC9WZWxlei1SdWJpby0wMi5qcGciLCJzbGlkZXNob3ciOiI5ODNjOThiIn0%3D\" href=\"https:\/\/blogsaverroes.juntadeandalucia.es\/ceperlosvelezoria\/files\/2024\/01\/Velez-Rubio-02.jpg\"><figure class=\"swiper-slide-inner\"><img decoding=\"async\" class=\"swiper-slide-image\" src=\"https:\/\/blogsaverroes.juntadeandalucia.es\/ceperlosvelezoria\/files\/2024\/01\/Velez-Rubio-02-150x150.jpg\" alt=\"Velez-Rubio 02\" \/><\/figure><\/a><\/div><div class=\"swiper-slide\" role=\"group\" aria-roledescription=\"slide\" aria-label=\"3 de 7\"><a data-elementor-open-lightbox=\"yes\" data-elementor-lightbox-slideshow=\"983c98b\" data-elementor-lightbox-title=\"Velez-Rubio 03\" data-e-action-hash=\"#elementor-action%3Aaction%3Dlightbox%26settings%3DeyJpZCI6IjE0NzQiLCJ1cmwiOiJodHRwczpcL1wvYmxvZ3NhdmVycm9lcy5qdW50YWRlYW5kYWx1Y2lhLmVzXC9jZXBlcmxvc3ZlbGV6b3JpYVwvZmlsZXNcLzIwMjRcLzAxXC9WZWxlei1SdWJpby0wMy5qcGciLCJzbGlkZXNob3ciOiI5ODNjOThiIn0%3D\" href=\"https:\/\/blogsaverroes.juntadeandalucia.es\/ceperlosvelezoria\/files\/2024\/01\/Velez-Rubio-03.jpg\"><figure class=\"swiper-slide-inner\"><img decoding=\"async\" class=\"swiper-slide-image\" src=\"https:\/\/blogsaverroes.juntadeandalucia.es\/ceperlosvelezoria\/files\/2024\/01\/Velez-Rubio-03-150x150.jpg\" alt=\"Velez-Rubio 03\" \/><\/figure><\/a><\/div><div class=\"swiper-slide\" role=\"group\" aria-roledescription=\"slide\" aria-label=\"4 de 7\"><a data-elementor-open-lightbox=\"yes\" data-elementor-lightbox-slideshow=\"983c98b\" data-elementor-lightbox-title=\"Velez-Rubio 04\" data-e-action-hash=\"#elementor-action%3Aaction%3Dlightbox%26settings%3DeyJpZCI6IjE0NzUiLCJ1cmwiOiJodHRwczpcL1wvYmxvZ3NhdmVycm9lcy5qdW50YWRlYW5kYWx1Y2lhLmVzXC9jZXBlcmxvc3ZlbGV6b3JpYVwvZmlsZXNcLzIwMjRcLzAxXC9WZWxlei1SdWJpby0wNC5qcGciLCJzbGlkZXNob3ciOiI5ODNjOThiIn0%3D\" href=\"https:\/\/blogsaverroes.juntadeandalucia.es\/ceperlosvelezoria\/files\/2024\/01\/Velez-Rubio-04.jpg\"><figure class=\"swiper-slide-inner\"><img decoding=\"async\" class=\"swiper-slide-image\" src=\"https:\/\/blogsaverroes.juntadeandalucia.es\/ceperlosvelezoria\/files\/2024\/01\/Velez-Rubio-04-150x150.jpg\" alt=\"Velez-Rubio 04\" \/><\/figure><\/a><\/div><div class=\"swiper-slide\" role=\"group\" aria-roledescription=\"slide\" aria-label=\"5 de 7\"><a data-elementor-open-lightbox=\"yes\" data-elementor-lightbox-slideshow=\"983c98b\" data-elementor-lightbox-title=\"Velez-Rubio 05\" data-e-action-hash=\"#elementor-action%3Aaction%3Dlightbox%26settings%3DeyJpZCI6IjE0NzYiLCJ1cmwiOiJodHRwczpcL1wvYmxvZ3NhdmVycm9lcy5qdW50YWRlYW5kYWx1Y2lhLmVzXC9jZXBlcmxvc3ZlbGV6b3JpYVwvZmlsZXNcLzIwMjRcLzAxXC9WZWxlei1SdWJpby0wNS5qcGciLCJzbGlkZXNob3ciOiI5ODNjOThiIn0%3D\" href=\"https:\/\/blogsaverroes.juntadeandalucia.es\/ceperlosvelezoria\/files\/2024\/01\/Velez-Rubio-05.jpg\"><figure class=\"swiper-slide-inner\"><img decoding=\"async\" class=\"swiper-slide-image\" src=\"https:\/\/blogsaverroes.juntadeandalucia.es\/ceperlosvelezoria\/files\/2024\/01\/Velez-Rubio-05-150x150.jpg\" alt=\"Velez-Rubio 05\" \/><\/figure><\/a><\/div><div class=\"swiper-slide\" role=\"group\" aria-roledescription=\"slide\" aria-label=\"6 de 7\"><a data-elementor-open-lightbox=\"yes\" data-elementor-lightbox-slideshow=\"983c98b\" data-elementor-lightbox-title=\"Velez-Rubio 07\" data-e-action-hash=\"#elementor-action%3Aaction%3Dlightbox%26settings%3DeyJpZCI6IjE0NzgiLCJ1cmwiOiJodHRwczpcL1wvYmxvZ3NhdmVycm9lcy5qdW50YWRlYW5kYWx1Y2lhLmVzXC9jZXBlcmxvc3ZlbGV6b3JpYVwvZmlsZXNcLzIwMjRcLzAxXC9WZWxlei1SdWJpby0wNy5qcGciLCJzbGlkZXNob3ciOiI5ODNjOThiIn0%3D\" href=\"https:\/\/blogsaverroes.juntadeandalucia.es\/ceperlosvelezoria\/files\/2024\/01\/Velez-Rubio-07.jpg\"><figure class=\"swiper-slide-inner\"><img decoding=\"async\" class=\"swiper-slide-image\" src=\"https:\/\/blogsaverroes.juntadeandalucia.es\/ceperlosvelezoria\/files\/2024\/01\/Velez-Rubio-07-150x150.jpg\" alt=\"Velez-Rubio 07\" \/><\/figure><\/a><\/div><div class=\"swiper-slide\" role=\"group\" aria-roledescription=\"slide\" aria-label=\"7 de 7\"><a data-elementor-open-lightbox=\"yes\" data-elementor-lightbox-slideshow=\"983c98b\" data-elementor-lightbox-title=\"Velez-Rubio 06\" data-e-action-hash=\"#elementor-action%3Aaction%3Dlightbox%26settings%3DeyJpZCI6IjE0NzciLCJ1cmwiOiJodHRwczpcL1wvYmxvZ3NhdmVycm9lcy5qdW50YWRlYW5kYWx1Y2lhLmVzXC9jZXBlcmxvc3ZlbGV6b3JpYVwvZmlsZXNcLzIwMjRcLzAxXC9WZWxlei1SdWJpby0wNi5qcGciLCJzbGlkZXNob3ciOiI5ODNjOThiIn0%3D\" href=\"https:\/\/blogsaverroes.juntadeandalucia.es\/ceperlosvelezoria\/files\/2024\/01\/Velez-Rubio-06.jpg\"><figure class=\"swiper-slide-inner\"><img decoding=\"async\" class=\"swiper-slide-image\" src=\"https:\/\/blogsaverroes.juntadeandalucia.es\/ceperlosvelezoria\/files\/2024\/01\/Velez-Rubio-06-150x150.jpg\" alt=\"Velez-Rubio 06\" \/><\/figure><\/a><\/div>\t\t\t<\/div>\n\t\t\t\t\t\t\t\t\t\t\t\t<div class=\"elementor-swiper-button elementor-swiper-button-prev\" role=\"button\" tabindex=\"0\">\n\t\t\t\t\t\t<i aria-hidden=\"true\" class=\"eicon-chevron-left\"><\/i>\t\t\t\t\t<\/div>\n\t\t\t\t\t<div class=\"elementor-swiper-button elementor-swiper-button-next\" role=\"button\" tabindex=\"0\">\n\t\t\t\t\t\t<i aria-hidden=\"true\" class=\"eicon-chevron-right\"><\/i>\t\t\t\t\t<\/div>\n\t\t\t\t\n\t\t\t\t\t\t\t\t\t<div class=\"swiper-pagination\"><\/div>\n\t\t\t\t\t\t\t\t\t<\/div>\n\t\t\t\t\t\t<\/div>\n\t\t\t\t<\/div>\n\t\t\t\t\t<\/div>\n\t\t<\/div>\n\t\t\t\t\t<\/div>\n\t\t<\/section>\n\t\t\t\t<\/div>\n\t\t","protected":false},"excerpt":{"rendered":"<p>C.E.PER. Los V\u00e9lez-Oria se encuentra en la localidad de V\u00e9lez-Rubio. La direcci\u00f3n est\u00e1 compuesta por Javier, director e Ignacio, jefe de estudios.&nbsp; Se imparten los siguientes planes: Formaci\u00f3n b\u00e1sica ESA&nbsp;(Ense\u00f1anza Secundaria de Adultos) TIC&#46;&#46;&#46;<\/p>\n","protected":false},"author":18765,"featured_media":0,"parent":1013,"menu_order":0,"comment_status":"closed","ping_status":"closed","template":"","meta":{"ngg_post_thumbnail":0,"footnotes":""},"aioseo_notices":[],"_links":{"self":[{"href":"https:\/\/blogsaverroes.juntadeandalucia.es\/ceperlosvelezoria\/wp-json\/wp\/v2\/pages\/1247"}],"collection":[{"href":"https:\/\/blogsaverroes.juntadeandalucia.es\/ceperlosvelezoria\/wp-json\/wp\/v2\/pages"}],"about":[{"href":"https:\/\/blogsaverroes.juntadeandalucia.es\/ceperlosvelezoria\/wp-json\/wp\/v2\/types\/page"}],"author":[{"embeddable":true,"href":"https:\/\/blogsaverroes.juntadeandalucia.es\/ceperlosvelezoria\/wp-json\/wp\/v2\/users\/18765"}],"replies":[{"embeddable":true,"href":"https:\/\/blogsaverroes.juntadeandalucia.es\/ceperlosvelezoria\/wp-json\/wp\/v2\/comments?post=1247"}],"version-history":[{"count":65,"href":"https:\/\/blogsaverroes.juntadeandalucia.es\/ceperlosvelezoria\/wp-json\/wp\/v2\/pages\/1247\/revisions"}],"predecessor-version":[{"id":2710,"href":"https:\/\/blogsaverroes.juntadeandalucia.es\/ceperlosvelezoria\/wp-json\/wp\/v2\/pages\/1247\/revisions\/2710"}],"up":[{"embeddable":true,"href":"https:\/\/blogsaverroes.juntadeandalucia.es\/ceperlosvelezoria\/wp-json\/wp\/v2\/pages\/1013"}],"wp:attachment":[{"href":"https:\/\/blogsaverroes.juntadeandalucia.es\/ceperlosvelezoria\/wp-json\/wp\/v2\/media?parent=1247"}],"curies":[{"name":"wp","href":"https:\/\/api.w.org\/{rel}","templated":true}]}}