{"id":1250,"date":"2024-01-17T16:36:27","date_gmt":"2024-01-17T15:36:27","guid":{"rendered":"https:\/\/blogsaverroes.juntadeandalucia.es\/ceperlosvelezoria\/?page_id=1250"},"modified":"2025-12-22T10:41:28","modified_gmt":"2025-12-22T09:41:28","slug":"claustro","status":"publish","type":"page","link":"https:\/\/blogsaverroes.juntadeandalucia.es\/ceperlosvelezoria\/claustro\/","title":{"rendered":"Claustro"},"content":{"rendered":"\t\t<div data-elementor-type=\"wp-page\" data-elementor-id=\"1250\" class=\"elementor elementor-1250\">\n\t\t\t\t\t\t<section class=\"elementor-section elementor-top-section elementor-element elementor-element-42bf0b6c elementor-section-boxed elementor-section-height-default elementor-section-height-default\" data-id=\"42bf0b6c\" data-element_type=\"section\">\n\t\t\t\t\t\t<div class=\"elementor-container elementor-column-gap-default\">\n\t\t\t\t\t<div class=\"elementor-column elementor-col-100 elementor-top-column elementor-element elementor-element-4849718b\" data-id=\"4849718b\" data-element_type=\"column\">\n\t\t\t<div class=\"elementor-widget-wrap elementor-element-populated\">\n\t\t\t\t\t\t<div class=\"elementor-element elementor-element-3672724 elementor-widget elementor-widget-text-editor\" data-id=\"3672724\" data-element_type=\"widget\" data-widget_type=\"text-editor.default\">\n\t\t\t\t<div class=\"elementor-widget-container\">\n\t\t\t\t\t\t\t\t\t<p><span style=\"color: #000000\"><img fetchpriority=\"high\" decoding=\"async\" class=\"alignnone wp-image-2557 size-medium\" src=\"https:\/\/blogsaverroes.juntadeandalucia.es\/ceperlosvelezoria\/files\/2025\/12\/WhatsApp-Image-2025-12-16-at-17.55.18-3-e1766396463348-300x203.jpeg\" alt=\"\" width=\"300\" height=\"203\" srcset=\"https:\/\/blogsaverroes.juntadeandalucia.es\/ceperlosvelezoria\/files\/2025\/12\/WhatsApp-Image-2025-12-16-at-17.55.18-3-e1766396463348-300x203.jpeg 300w, https:\/\/blogsaverroes.juntadeandalucia.es\/ceperlosvelezoria\/files\/2025\/12\/WhatsApp-Image-2025-12-16-at-17.55.18-3-e1766396463348-1024x691.jpeg 1024w, https:\/\/blogsaverroes.juntadeandalucia.es\/ceperlosvelezoria\/files\/2025\/12\/WhatsApp-Image-2025-12-16-at-17.55.18-3-e1766396463348-768x518.jpeg 768w, https:\/\/blogsaverroes.juntadeandalucia.es\/ceperlosvelezoria\/files\/2025\/12\/WhatsApp-Image-2025-12-16-at-17.55.18-3-e1766396463348.jpeg 1200w\" sizes=\"(max-width: 300px) 100vw, 300px\" \/><\/span><\/p><p><span style=\"color: #000000\">El claustro est\u00e1 compuesto por los siguientes maestros:<\/span><\/p><table style=\"width: 100%;height: 336px\" width=\"126%\"><tbody><tr style=\"height: 48px\"><td style=\"height: 48px\" width=\"11%\"><span style=\"color: #000000\"><strong>Javi<\/strong><\/span><\/td><td style=\"height: 48px\" width=\"36%\"><span style=\"color: #000000\">Director del C.E.PER. Los V\u00e9lez-Oria<\/span><\/td><td style=\"height: 48px\" width=\"51%\"><span style=\"color: #000000\">Maestro de TIC, ESA y preparaci\u00f3n para las pruebas libres de auxiliar de enfermer\u00eda.<\/span><\/td><\/tr><tr style=\"height: 48px\"><td style=\"height: 48px\" width=\"11%\"><span style=\"color: #000000\"><strong>Ignacio<\/strong><\/span><\/td><td style=\"height: 48px\" width=\"36%\"><span style=\"color: #000000\">Jefe de estudios del C.E.PER. Los V\u00e9lez-Oria<\/span><\/td><td style=\"height: 48px\" width=\"51%\"><span style=\"color: #000000\">Maestro de formaci\u00f3n b\u00e1sica, ESA, h\u00e1bitos de vida saludable, ingl\u00e9s y espa\u00f1ol e interculturalidad.<\/span><\/td><\/tr><tr style=\"height: 48px\"><td style=\"height: 48px\" width=\"11%\"><span style=\"color: #000000\"><strong>Mar\u00eda Jos\u00e9<\/strong><\/span><\/td><td style=\"height: 48px\" width=\"36%\"><span style=\"color: #000000\">Maestra en el C.E.PER. Los V\u00e9lez-Oria<\/span><\/td><td style=\"height: 48px\" width=\"51%\"><span style=\"color: #000000\">Maestra de ingl\u00e9s, espa\u00f1ol e interculturalidad, ESA, h\u00e1bitos de vida saludable, auxiliar de enfermer\u00eda y formaci\u00f3n b\u00e1sica.<\/span><\/td><\/tr><tr style=\"height: 48px\"><td style=\"height: 48px\" width=\"11%\"><span style=\"color: #000000\"><strong>Cristina<\/strong><\/span><\/td><td style=\"height: 48px\" width=\"36%\"><span style=\"color: #000000\">Jefa de estudios delegada del S.E.P. El Brujo<\/span><\/td><td style=\"height: 48px\" width=\"51%\"><span style=\"color: #000000\">Maestra de formaci\u00f3n b\u00e1sica, ESA, preparaci\u00f3n para las prueblas libres para la ESO, TIC, espa\u00f1ol e interculturalidad y adquisici\u00f3n de h\u00e1bitos saludables.<\/span><\/td><\/tr><tr style=\"height: 48px\"><td style=\"height: 48px\" width=\"11%\"><span style=\"color: #000000\"><strong>Encarni<\/strong><\/span><\/td><td style=\"height: 48px\" width=\"36%\"><span style=\"color: #000000\">Jefa de estudios delegado del S.E.P. El Ca\u00f1ico de Oria<\/span><\/td><td style=\"height: 48px\" width=\"51%\"><span style=\"color: #000000\">Maestro de formaci\u00f3n b\u00e1sica, ESA, espa\u00f1ol e interculturalidad, ingl\u00e9s y adquisici\u00f3n de h\u00e1bitos saludables.<\/span><\/td><\/tr><tr style=\"height: 48px\"><td style=\"height: 48px\" width=\"11%\"><span style=\"color: #000000\"><strong>Pilar<\/strong><\/span><\/td><td style=\"height: 48px\" width=\"36%\"><span style=\"color: #000000\">Jefa de estudios delegada del S.E.P. Sierra de Mar\u00eda<\/span><\/td><td style=\"height: 48px\" width=\"51%\"><span style=\"color: #000000\">Maestra de formaci\u00f3n b\u00e1sica, ESA, preparaci\u00f3n para las prueblas libres para la ESO, espa\u00f1ol e interculturalidad y adquisici\u00f3n de h\u00e1bitos saludables.<\/span><\/td><\/tr><tr style=\"height: 48px\"><td style=\"height: 48px\" width=\"11%\"><span style=\"color: #000000\"><strong>Silvia<\/strong><\/span><\/td><td style=\"height: 48px\" width=\"36%\"><span style=\"color: #000000\">Jefa de estudios delegado del S.E.P. Chirivel<\/span><\/td><td style=\"height: 48px\" width=\"51%\"><span style=\"color: #000000\">Maestra de formaci\u00f3n b\u00e1sica, ESA, espa\u00f1ol e interculturalidad, ingl\u00e9s y TIC.<\/span><\/td><\/tr><\/tbody><\/table><p>\n<div class=\"ngg-galleryoverview ngg-slideshow\"\n\tid=\"ngg-slideshow-8e25e69a3112b90d147512b2fb0155bd-13017435040\"\n\tdata-gallery-id=\"8e25e69a3112b90d147512b2fb0155bd\"\n\tstyle=\"max-width: 600px;\n\t\t\tmax-height: 400px;\n\t\t\tdisplay: none;\">\n\n\t\n\t\t<a href=\"https:\/\/blogsaverroes.juntadeandalucia.es\/ceperlosvelezoria\/wp-content\/uploads\/sites\/6949\/nggallery\/claustro\/claustro.jpg\"\n\t\t\ttitle=\"\"\n\t\t\tdata-src=\"https:\/\/blogsaverroes.juntadeandalucia.es\/ceperlosvelezoria\/wp-content\/uploads\/sites\/6949\/nggallery\/claustro\/claustro.jpg\"\n\t\t\tdata-thumbnail=\"https:\/\/blogsaverroes.juntadeandalucia.es\/ceperlosvelezoria\/wp-content\/uploads\/sites\/6949\/nggallery\/claustro\/thumbs\/thumbs_claustro.jpg\"\n\t\t\tdata-image-id=\"9\"\n\t\t\tdata-title=\"claustro\"\n\t\t\tdata-description=\"\"\n\t\t\tclass=\"ngg-simplelightbox\" rel=\"8e25e69a3112b90d147512b2fb0155bd\">\n\n\t\t\t<img data-image-id='9'\n\t\t\t\ttitle=\"\"\n\t\t\t\talt=\"claustro\"\n\t\t\t\tsrc=\"https:\/\/blogsaverroes.juntadeandalucia.es\/ceperlosvelezoria\/wp-content\/uploads\/sites\/6949\/nggallery\/claustro\/claustro.jpg\"\n\t\t\t\tstyle=\"max-height: 380px;\"\/>\n\t\t<\/a>\n\n\t\t<\/div>\n\n\t\t<!-- Thumbnails Link -->\n\t<div class=\"slideshowlink\" style=\"max-width: 600px;\">\n\t\t<a href='https:\/\/blogsaverroes.juntadeandalucia.es\/ceperlosvelezoria\/claustro\/nggallery\/thumbnails'>[Mostrar miniaturas]<\/a>\n\t<\/div>\n\n<\/p><p>\u00a0<\/p>\t\t\t\t\t\t\t\t<\/div>\n\t\t\t\t<\/div>\n\t\t\t\t\t<\/div>\n\t\t<\/div>\n\t\t\t\t\t<\/div>\n\t\t<\/section>\n\t\t\t\t<\/div>\n\t\t","protected":false},"excerpt":{"rendered":"<p>El claustro est\u00e1 compuesto por los siguientes maestros: Javi Director del C.E.PER. Los V\u00e9lez-Oria Maestro de TIC, ESA y preparaci\u00f3n para las pruebas libres de auxiliar de enfermer\u00eda. Ignacio Jefe de estudios del C.E.PER.&#46;&#46;&#46;<\/p>\n","protected":false},"author":18765,"featured_media":0,"parent":0,"menu_order":0,"comment_status":"closed","ping_status":"closed","template":"","meta":{"ngg_post_thumbnail":0,"footnotes":""},"aioseo_notices":[],"_links":{"self":[{"href":"https:\/\/blogsaverroes.juntadeandalucia.es\/ceperlosvelezoria\/wp-json\/wp\/v2\/pages\/1250"}],"collection":[{"href":"https:\/\/blogsaverroes.juntadeandalucia.es\/ceperlosvelezoria\/wp-json\/wp\/v2\/pages"}],"about":[{"href":"https:\/\/blogsaverroes.juntadeandalucia.es\/ceperlosvelezoria\/wp-json\/wp\/v2\/types\/page"}],"author":[{"embeddable":true,"href":"https:\/\/blogsaverroes.juntadeandalucia.es\/ceperlosvelezoria\/wp-json\/wp\/v2\/users\/18765"}],"replies":[{"embeddable":true,"href":"https:\/\/blogsaverroes.juntadeandalucia.es\/ceperlosvelezoria\/wp-json\/wp\/v2\/comments?post=1250"}],"version-history":[{"count":32,"href":"https:\/\/blogsaverroes.juntadeandalucia.es\/ceperlosvelezoria\/wp-json\/wp\/v2\/pages\/1250\/revisions"}],"predecessor-version":[{"id":2560,"href":"https:\/\/blogsaverroes.juntadeandalucia.es\/ceperlosvelezoria\/wp-json\/wp\/v2\/pages\/1250\/revisions\/2560"}],"wp:attachment":[{"href":"https:\/\/blogsaverroes.juntadeandalucia.es\/ceperlosvelezoria\/wp-json\/wp\/v2\/media?parent=1250"}],"curies":[{"name":"wp","href":"https:\/\/api.w.org\/{rel}","templated":true}]}}