{"id":824,"date":"2020-12-18T08:31:23","date_gmt":"2020-12-18T07:31:23","guid":{"rendered":"https:\/\/blogsaverroes.juntadeandalucia.es\/pre\/plantilla-pencil\/?page_id=817"},"modified":"2026-03-18T18:40:12","modified_gmt":"2026-03-18T17:40:12","slug":"formacion_basica","status":"publish","type":"page","link":"https:\/\/blogsaverroes.juntadeandalucia.es\/ceperlosvelezoria\/planes-y-proyectos\/formacion_basica\/","title":{"rendered":"Formaci\u00f3n b\u00e1sica"},"content":{"rendered":"<p align=\"justify\"><span style=\"color: #000000\">El&nbsp;plan educativo de Formaci\u00f3n b\u00e1sica&nbsp;est\u00e1 dirigido a personas con dificultades lectoescritoras o de comprensi\u00f3n y expresi\u00f3n que desean adquirir la formaci\u00f3n necesaria para acceder a la Educaci\u00f3n Secundaria Obligatoria (ESO) para personas adultas&nbsp;y as\u00ed conseguir el t\u00edtulo correspondiente.<\/span><\/p>\n<p align=\"justify\"><span style=\"color: #000000\">Recuerda que el plan educativo en s\u00ed mismo no te facilita dicho t\u00edtulo. Se imparte exclusivamente en&nbsp;modalidad presencial.<\/span><\/p>\n<p align=\"justify\"><span style=\"color: #000000\">Este plan educativo est\u00e1 organizado tres \u00e1mbitos de conocimiento:<\/span><\/p>\n<ul>\n<li><span style=\"color: #000000\">\u00c1mbito de comunicaci\u00f3n<\/span><\/li>\n<li><span style=\"color: #000000\">\u00c1mbito cient\u00edfico-tecnol\u00f3gico<\/span><\/li>\n<li><span style=\"color: #000000\">\u00c1mbito social<\/span><\/li>\n<\/ul>\n<p align=\"justify\"><span style=\"color: #000000\">Cada \u00e1mbito est\u00e1 dividido en tres m\u00f3dulos, uno por trimestre,&nbsp;y se imparten en dos niveles de un curso de duraci\u00f3n cada uno:&nbsp;Nivel I&nbsp;y&nbsp;Nivel II.<\/span><\/p>\n","protected":false},"excerpt":{"rendered":"<p>El&nbsp;plan educativo de Formaci\u00f3n b\u00e1sica&nbsp;est\u00e1 dirigido a personas con dificultades lectoescritoras o de comprensi\u00f3n y expresi\u00f3n que desean adquirir la formaci\u00f3n necesaria para acceder a la Educaci\u00f3n Secundaria Obligatoria (ESO) para personas adultas&nbsp;y as\u00ed&#46;&#46;&#46;<\/p>\n","protected":false},"author":18773,"featured_media":0,"parent":850,"menu_order":0,"comment_status":"closed","ping_status":"closed","template":"","meta":{"ngg_post_thumbnail":0,"footnotes":""},"aioseo_notices":[],"_links":{"self":[{"href":"https:\/\/blogsaverroes.juntadeandalucia.es\/ceperlosvelezoria\/wp-json\/wp\/v2\/pages\/824"}],"collection":[{"href":"https:\/\/blogsaverroes.juntadeandalucia.es\/ceperlosvelezoria\/wp-json\/wp\/v2\/pages"}],"about":[{"href":"https:\/\/blogsaverroes.juntadeandalucia.es\/ceperlosvelezoria\/wp-json\/wp\/v2\/types\/page"}],"author":[{"embeddable":true,"href":"https:\/\/blogsaverroes.juntadeandalucia.es\/ceperlosvelezoria\/wp-json\/wp\/v2\/users\/18773"}],"replies":[{"embeddable":true,"href":"https:\/\/blogsaverroes.juntadeandalucia.es\/ceperlosvelezoria\/wp-json\/wp\/v2\/comments?post=824"}],"version-history":[{"count":5,"href":"https:\/\/blogsaverroes.juntadeandalucia.es\/ceperlosvelezoria\/wp-json\/wp\/v2\/pages\/824\/revisions"}],"predecessor-version":[{"id":1965,"href":"https:\/\/blogsaverroes.juntadeandalucia.es\/ceperlosvelezoria\/wp-json\/wp\/v2\/pages\/824\/revisions\/1965"}],"up":[{"embeddable":true,"href":"https:\/\/blogsaverroes.juntadeandalucia.es\/ceperlosvelezoria\/wp-json\/wp\/v2\/pages\/850"}],"wp:attachment":[{"href":"https:\/\/blogsaverroes.juntadeandalucia.es\/ceperlosvelezoria\/wp-json\/wp\/v2\/media?parent=824"}],"curies":[{"name":"wp","href":"https:\/\/api.w.org\/{rel}","templated":true}]}}