{"id":825,"date":"2020-12-18T08:32:50","date_gmt":"2020-12-18T07:32:50","guid":{"rendered":"https:\/\/blogsaverroes.juntadeandalucia.es\/pre\/plantilla-pencil\/?page_id=824"},"modified":"2024-05-21T11:19:03","modified_gmt":"2024-05-21T10:19:03","slug":"interculturalidad_y_lengua-espanola","status":"publish","type":"page","link":"https:\/\/blogsaverroes.juntadeandalucia.es\/ceperlosvelezoria\/planes-y-proyectos\/interculturalidad_y_lengua-espanola\/","title":{"rendered":"Interculturalidad y lengua espa\u00f1ola"},"content":{"rendered":"<p><span style=\"color: #000000\">Interculturalidad y Lengua Espa\u00f1ola es un curso que est\u00e1 destinado al aprendizaje del idioma y al conocimiento de los rasgos m\u00e1s caracter\u00edsticos de nuestra cultura con el objetivo de lograr una r\u00e1pida y eficaz integraci\u00f3n.<\/span><\/p>\n<p><span style=\"color: #000000\">Disponemos de varios niveles.<\/span><\/p>\n","protected":false},"excerpt":{"rendered":"<p>Interculturalidad y Lengua Espa\u00f1ola es un curso que est\u00e1 destinado al aprendizaje del idioma y al conocimiento de los rasgos m\u00e1s caracter\u00edsticos de nuestra cultura con el objetivo de lograr una r\u00e1pida y eficaz&#46;&#46;&#46;<\/p>\n","protected":false},"author":18773,"featured_media":0,"parent":850,"menu_order":0,"comment_status":"closed","ping_status":"closed","template":"","meta":{"ngg_post_thumbnail":0,"footnotes":""},"aioseo_notices":[],"_links":{"self":[{"href":"https:\/\/blogsaverroes.juntadeandalucia.es\/ceperlosvelezoria\/wp-json\/wp\/v2\/pages\/825"}],"collection":[{"href":"https:\/\/blogsaverroes.juntadeandalucia.es\/ceperlosvelezoria\/wp-json\/wp\/v2\/pages"}],"about":[{"href":"https:\/\/blogsaverroes.juntadeandalucia.es\/ceperlosvelezoria\/wp-json\/wp\/v2\/types\/page"}],"author":[{"embeddable":true,"href":"https:\/\/blogsaverroes.juntadeandalucia.es\/ceperlosvelezoria\/wp-json\/wp\/v2\/users\/18773"}],"replies":[{"embeddable":true,"href":"https:\/\/blogsaverroes.juntadeandalucia.es\/ceperlosvelezoria\/wp-json\/wp\/v2\/comments?post=825"}],"version-history":[{"count":6,"href":"https:\/\/blogsaverroes.juntadeandalucia.es\/ceperlosvelezoria\/wp-json\/wp\/v2\/pages\/825\/revisions"}],"predecessor-version":[{"id":1964,"href":"https:\/\/blogsaverroes.juntadeandalucia.es\/ceperlosvelezoria\/wp-json\/wp\/v2\/pages\/825\/revisions\/1964"}],"up":[{"embeddable":true,"href":"https:\/\/blogsaverroes.juntadeandalucia.es\/ceperlosvelezoria\/wp-json\/wp\/v2\/pages\/850"}],"wp:attachment":[{"href":"https:\/\/blogsaverroes.juntadeandalucia.es\/ceperlosvelezoria\/wp-json\/wp\/v2\/media?parent=825"}],"curies":[{"name":"wp","href":"https:\/\/api.w.org\/{rel}","templated":true}]}}