{"id":827,"date":"2020-12-18T08:34:31","date_gmt":"2020-12-18T07:34:31","guid":{"rendered":"https:\/\/blogsaverroes.juntadeandalucia.es\/pre\/plantilla-pencil\/?page_id=827"},"modified":"2024-03-20T18:13:28","modified_gmt":"2024-03-20T17:13:28","slug":"uso_basico_tic","status":"publish","type":"page","link":"https:\/\/blogsaverroes.juntadeandalucia.es\/ceperlosvelezoria\/planes-y-proyectos\/uso_basico_tic\/","title":{"rendered":"Uso b\u00e1sico TIC (inform\u00e1tica)"},"content":{"rendered":"\t\t<div data-elementor-type=\"wp-page\" data-elementor-id=\"827\" class=\"elementor elementor-827\">\n\t\t\t\t\t\t<section class=\"elementor-section elementor-top-section elementor-element elementor-element-6947504 elementor-section-boxed elementor-section-height-default elementor-section-height-default\" data-id=\"6947504\" data-element_type=\"section\">\n\t\t\t\t\t\t<div class=\"elementor-container elementor-column-gap-default\">\n\t\t\t\t\t<div class=\"elementor-column elementor-col-100 elementor-top-column elementor-element elementor-element-211463b\" data-id=\"211463b\" data-element_type=\"column\">\n\t\t\t<div class=\"elementor-widget-wrap elementor-element-populated\">\n\t\t\t\t\t\t<div class=\"elementor-element elementor-element-5468083 elementor-widget elementor-widget-text-editor\" data-id=\"5468083\" data-element_type=\"widget\" data-widget_type=\"text-editor.default\">\n\t\t\t\t<div class=\"elementor-widget-container\">\n\t\t\t\t\t\t\t\t\t<p class=\"western\" style=\"margin: 0cm;background-image: initial;background-position: initial;background-size: initial;background-attachment: initial;text-align: left\"><span style=\"font-size: 11pt;font-family: 'Open Sans', sans-serif;color: black;padding: 0cm;border: 1pt none windowtext\">En este plan se quiere dotar a los alumnos de recursos inform\u00e1ticos b\u00e1sico para poder tener acceso a una gran variedad de recursos de informaci\u00f3n y poder hacer un uso adecuado.<\/span><\/p>\n<p class=\"western\" style=\"margin: 0cm;background-image: initial;background-position: initial;background-size: initial;background-attachment: initial;text-align: left\"><span style=\"font-size: 11pt;font-family: 'Open Sans', sans-serif;color: black;padding: 0cm;border: 1pt none windowtext\"><br><\/span><\/p>\n<p class=\"western\" style=\"margin: 0cm;background-image: initial;background-position: initial;background-size: initial;background-attachment: initial;text-align: left\"><span style=\"color: black;, sans-serif;font-size: 11pt;text-align: justify\">Adem\u00e1s, se adquirir\u00e1n conocimientos para el manejo del sistema operativo del ordenador, procesador de textos, hoja de c\u00e1lculo, gr\u00e1ficos, presentaciones, etc.<\/span><\/p>\t\t\t\t\t\t\t\t<\/div>\n\t\t\t\t<\/div>\n\t\t\t\t\t<\/div>\n\t\t<\/div>\n\t\t\t\t\t<\/div>\n\t\t<\/section>\n\t\t\t\t<\/div>\n\t\t","protected":false},"excerpt":{"rendered":"<p>En este plan se quiere dotar a los alumnos de recursos inform\u00e1ticos b\u00e1sico para poder tener acceso a una gran variedad de recursos de informaci\u00f3n y poder hacer un uso adecuado. Adem\u00e1s, se adquirir\u00e1n&#46;&#46;&#46;<\/p>\n","protected":false},"author":18773,"featured_media":0,"parent":850,"menu_order":0,"comment_status":"closed","ping_status":"closed","template":"","meta":{"ngg_post_thumbnail":0,"footnotes":""},"aioseo_notices":[],"_links":{"self":[{"href":"https:\/\/blogsaverroes.juntadeandalucia.es\/ceperlosvelezoria\/wp-json\/wp\/v2\/pages\/827"}],"collection":[{"href":"https:\/\/blogsaverroes.juntadeandalucia.es\/ceperlosvelezoria\/wp-json\/wp\/v2\/pages"}],"about":[{"href":"https:\/\/blogsaverroes.juntadeandalucia.es\/ceperlosvelezoria\/wp-json\/wp\/v2\/types\/page"}],"author":[{"embeddable":true,"href":"https:\/\/blogsaverroes.juntadeandalucia.es\/ceperlosvelezoria\/wp-json\/wp\/v2\/users\/18773"}],"replies":[{"embeddable":true,"href":"https:\/\/blogsaverroes.juntadeandalucia.es\/ceperlosvelezoria\/wp-json\/wp\/v2\/comments?post=827"}],"version-history":[{"count":16,"href":"https:\/\/blogsaverroes.juntadeandalucia.es\/ceperlosvelezoria\/wp-json\/wp\/v2\/pages\/827\/revisions"}],"predecessor-version":[{"id":1754,"href":"https:\/\/blogsaverroes.juntadeandalucia.es\/ceperlosvelezoria\/wp-json\/wp\/v2\/pages\/827\/revisions\/1754"}],"up":[{"embeddable":true,"href":"https:\/\/blogsaverroes.juntadeandalucia.es\/ceperlosvelezoria\/wp-json\/wp\/v2\/pages\/850"}],"wp:attachment":[{"href":"https:\/\/blogsaverroes.juntadeandalucia.es\/ceperlosvelezoria\/wp-json\/wp\/v2\/media?parent=827"}],"curies":[{"name":"wp","href":"https:\/\/api.w.org\/{rel}","templated":true}]}}