{"id":2673,"date":"2020-11-28T21:53:48","date_gmt":"2020-11-28T21:53:48","guid":{"rendered":"https:\/\/blogsaverroes.juntadeandalucia.es\/cepermadinatalixena\/?page_id=2673"},"modified":"2021-02-28T19:01:37","modified_gmt":"2021-02-28T19:01:37","slug":"informacion-general-2","status":"publish","type":"page","link":"https:\/\/blogsaverroes.juntadeandalucia.es\/cepermadinatalixena\/informacion-general-2\/","title":{"rendered":"Informaci\u00f3n general Espejo"},"content":{"rendered":"<p><strong>&nbsp; &nbsp;Direcci\u00f3n: <\/strong>C\/ Cervantes, 8<img fetchpriority=\"high\" decoding=\"async\" class=\"alignleft wp-image-2857 size-medium\" src=\"https:\/\/blogsaverroes.juntadeandalucia.es\/cepermadinatalixena\/files\/2020\/12\/Espejo-1-300x224.jpeg\" alt=\"\" width=\"300\" height=\"224\" srcset=\"https:\/\/blogsaverroes.juntadeandalucia.es\/cepermadinatalixena\/files\/2020\/12\/Espejo-1-300x224.jpeg 300w, https:\/\/blogsaverroes.juntadeandalucia.es\/cepermadinatalixena\/files\/2020\/12\/Espejo-1-24x18.jpeg 24w, https:\/\/blogsaverroes.juntadeandalucia.es\/cepermadinatalixena\/files\/2020\/12\/Espejo-1-36x27.jpeg 36w, https:\/\/blogsaverroes.juntadeandalucia.es\/cepermadinatalixena\/files\/2020\/12\/Espejo-1-48x36.jpeg 48w, https:\/\/blogsaverroes.juntadeandalucia.es\/cepermadinatalixena\/files\/2020\/12\/Espejo-1.jpeg 429w\" sizes=\"(max-width: 300px) 100vw, 300px\" \/><\/p>\n<p><strong>&nbsp; &nbsp;C.P.: <\/strong>14830<\/p>\n<p><strong>&nbsp; &nbsp;Tel\u00e9fono:<\/strong> 957 37 96 04<\/p>\n<p><strong>&nbsp; &nbsp;Email: <\/strong>14500251.edu@juntadeandalucia.es<\/p>\n<p><strong>&nbsp; &nbsp;Horario de secretar\u00eda: <\/strong>mi\u00e9rcoles, de 10 a 13 h.<\/p>\n<p>&nbsp;<\/p>\n<p>&nbsp;<\/p>\n[googlemaps https:\/\/www.google.com\/maps\/embed?pb=!1m18!1m12!1m3!1d3157.8236796006!2d-4.5569953848287845!3d37.67685067977742!2m3!1f0!2f0!3f0!3m2!1i1024!2i768!4f13.1!3m3!1m2!1s0xd6d0fd276b5129d%3A0xe04bf0afd78d04c5!2sCentro%20P%C3%BAblico%20de%20Educaci%C3%B3n%20de%20Personas%20Adultas%20Espejo!5e0!3m2!1ses!2ses!4v1612012497467!5m2!1ses!2ses&amp;w=400&amp;h=300]\n","protected":false},"excerpt":{"rendered":"<p>&nbsp; &nbsp;Direcci\u00f3n: C\/ Cervantes, 8 &nbsp; &nbsp;C.P.: 14830 &nbsp; &nbsp;Tel\u00e9fono: 957 37 96 04 &nbsp; &nbsp;Email: 14500251.edu@juntadeandalucia.es &nbsp; &nbsp;Horario de secretar\u00eda: mi\u00e9rcoles, de 10 a 13 h. &nbsp; &nbsp; [googlemaps https:\/\/www.google.com\/maps\/embed?pb=!1m18!1m12!1m3!1d3157.8236796006!2d-4.5569953848287845!3d37.67685067977742!2m3!1f0!2f0!3f0!3m2!1i1024!2i768!4f13.1!3m3!1m2!1s0xd6d0fd276b5129d%3A0xe04bf0afd78d04c5!2sCentro%20P%C3%BAblico%20de%20Educaci%C3%B3n%20de%20Personas%20Adultas%20Espejo!5e0!3m2!1ses!2ses!4v1612012497467!5m2!1ses!2ses&amp;w=400&amp;h=300]<\/p>\n","protected":false},"author":11476,"featured_media":0,"parent":0,"menu_order":0,"comment_status":"closed","ping_status":"closed","template":"","meta":{"ngg_post_thumbnail":0,"footnotes":"","_mc_calendar":[]},"aioseo_notices":[],"_links":{"self":[{"href":"https:\/\/blogsaverroes.juntadeandalucia.es\/cepermadinatalixena\/wp-json\/wp\/v2\/pages\/2673"}],"collection":[{"href":"https:\/\/blogsaverroes.juntadeandalucia.es\/cepermadinatalixena\/wp-json\/wp\/v2\/pages"}],"about":[{"href":"https:\/\/blogsaverroes.juntadeandalucia.es\/cepermadinatalixena\/wp-json\/wp\/v2\/types\/page"}],"author":[{"embeddable":true,"href":"https:\/\/blogsaverroes.juntadeandalucia.es\/cepermadinatalixena\/wp-json\/wp\/v2\/users\/11476"}],"replies":[{"embeddable":true,"href":"https:\/\/blogsaverroes.juntadeandalucia.es\/cepermadinatalixena\/wp-json\/wp\/v2\/comments?post=2673"}],"version-history":[{"count":18,"href":"https:\/\/blogsaverroes.juntadeandalucia.es\/cepermadinatalixena\/wp-json\/wp\/v2\/pages\/2673\/revisions"}],"predecessor-version":[{"id":3954,"href":"https:\/\/blogsaverroes.juntadeandalucia.es\/cepermadinatalixena\/wp-json\/wp\/v2\/pages\/2673\/revisions\/3954"}],"wp:attachment":[{"href":"https:\/\/blogsaverroes.juntadeandalucia.es\/cepermadinatalixena\/wp-json\/wp\/v2\/media?parent=2673"}],"curies":[{"name":"wp","href":"https:\/\/api.w.org\/{rel}","templated":true}]}}