{"id":2683,"date":"2020-11-28T21:59:07","date_gmt":"2020-11-28T21:59:07","guid":{"rendered":"https:\/\/blogsaverroes.juntadeandalucia.es\/cepermadinatalixena\/?page_id=2683"},"modified":"2021-02-28T19:04:49","modified_gmt":"2021-02-28T19:04:49","slug":"informacion-general-3","status":"publish","type":"page","link":"https:\/\/blogsaverroes.juntadeandalucia.es\/cepermadinatalixena\/informacion-general-3\/","title":{"rendered":"Informaci\u00f3n general S.E.P. &#8220;Monturque&#8221;"},"content":{"rendered":"<p><strong><img fetchpriority=\"high\" decoding=\"async\" class=\"alignleft size-medium wp-image-2859\" src=\"https:\/\/blogsaverroes.juntadeandalucia.es\/cepermadinatalixena\/files\/2020\/12\/Monturque-300x292.jpg\" alt=\"\" width=\"300\" height=\"292\" srcset=\"https:\/\/blogsaverroes.juntadeandalucia.es\/cepermadinatalixena\/files\/2020\/12\/Monturque-300x292.jpg 300w, https:\/\/blogsaverroes.juntadeandalucia.es\/cepermadinatalixena\/files\/2020\/12\/Monturque-24x24.jpg 24w, https:\/\/blogsaverroes.juntadeandalucia.es\/cepermadinatalixena\/files\/2020\/12\/Monturque-36x36.jpg 36w, https:\/\/blogsaverroes.juntadeandalucia.es\/cepermadinatalixena\/files\/2020\/12\/Monturque-48x48.jpg 48w, https:\/\/blogsaverroes.juntadeandalucia.es\/cepermadinatalixena\/files\/2020\/12\/Monturque-50x50.jpg 50w, https:\/\/blogsaverroes.juntadeandalucia.es\/cepermadinatalixena\/files\/2020\/12\/Monturque.jpg 598w\" sizes=\"(max-width: 300px) 100vw, 300px\" \/>&nbsp; &nbsp;Direcci\u00f3n: <\/strong>Plaza de la Constituci\u00f3n s\/n<\/p>\n<p><strong>&nbsp; &nbsp;C.P.: <\/strong>14930<\/p>\n<p><strong>&nbsp; &nbsp;Tel\u00e9fono:<\/strong> 957 59 66 79<\/p>\n<p><strong>&nbsp; &nbsp;Email: <\/strong>14500364.edu@juntadeandalucia.es<\/p>\n<p><strong>&nbsp; &nbsp;Horario de secretar\u00eda: <\/strong>mi\u00e9rcoles, de 10 a 13 h.<\/p>\n<p>&nbsp;<\/p>\n<p>&nbsp;<\/p>\n<p>&nbsp;<\/p>\n<p>&nbsp;<\/p>\n[googlemaps https:\/\/www.google.com\/maps\/embed?pb=!1m18!1m12!1m3!1d237.0543782784629!2d-4.581664131614721!3d37.473343866193865!2m3!1f0!2f0!3f0!3m2!1i1024!2i768!4f13.1!3m3!1m2!1s0xd6d6ef6b62c43e5%3A0x762fca3b2380f86d!2sAyuntamiento%20de%20Monturque!5e0!3m2!1ses!2ses!4v1612013894541!5m2!1ses!2ses&amp;w=400&amp;h=300]\n","protected":false},"excerpt":{"rendered":"<p>&nbsp; &nbsp;Direcci\u00f3n: Plaza de la Constituci\u00f3n s\/n &nbsp; &nbsp;C.P.: 14930 &nbsp; &nbsp;Tel\u00e9fono: 957 59 66 79 &nbsp; &nbsp;Email: 14500364.edu@juntadeandalucia.es &nbsp; &nbsp;Horario de secretar\u00eda: mi\u00e9rcoles, de 10 a 13 h. &nbsp; &nbsp; &nbsp; &nbsp; [googlemaps https:\/\/www.google.com\/maps\/embed?pb=!1m18!1m12!1m3!1d237.0543782784629!2d-4.581664131614721!3d37.473343866193865!2m3!1f0!2f0!3f0!3m2!1i1024!2i768!4f13.1!3m3!1m2!1s0xd6d6ef6b62c43e5%3A0x762fca3b2380f86d!2sAyuntamiento%20de%20Monturque!5e0!3m2!1ses!2ses!4v1612013894541!5m2!1ses!2ses&amp;w=400&amp;h=300]<\/p>\n","protected":false},"author":11476,"featured_media":0,"parent":0,"menu_order":0,"comment_status":"closed","ping_status":"closed","template":"","meta":{"ngg_post_thumbnail":0,"footnotes":"","_mc_calendar":[]},"aioseo_notices":[],"_links":{"self":[{"href":"https:\/\/blogsaverroes.juntadeandalucia.es\/cepermadinatalixena\/wp-json\/wp\/v2\/pages\/2683"}],"collection":[{"href":"https:\/\/blogsaverroes.juntadeandalucia.es\/cepermadinatalixena\/wp-json\/wp\/v2\/pages"}],"about":[{"href":"https:\/\/blogsaverroes.juntadeandalucia.es\/cepermadinatalixena\/wp-json\/wp\/v2\/types\/page"}],"author":[{"embeddable":true,"href":"https:\/\/blogsaverroes.juntadeandalucia.es\/cepermadinatalixena\/wp-json\/wp\/v2\/users\/11476"}],"replies":[{"embeddable":true,"href":"https:\/\/blogsaverroes.juntadeandalucia.es\/cepermadinatalixena\/wp-json\/wp\/v2\/comments?post=2683"}],"version-history":[{"count":13,"href":"https:\/\/blogsaverroes.juntadeandalucia.es\/cepermadinatalixena\/wp-json\/wp\/v2\/pages\/2683\/revisions"}],"predecessor-version":[{"id":3956,"href":"https:\/\/blogsaverroes.juntadeandalucia.es\/cepermadinatalixena\/wp-json\/wp\/v2\/pages\/2683\/revisions\/3956"}],"wp:attachment":[{"href":"https:\/\/blogsaverroes.juntadeandalucia.es\/cepermadinatalixena\/wp-json\/wp\/v2\/media?parent=2683"}],"curies":[{"name":"wp","href":"https:\/\/api.w.org\/{rel}","templated":true}]}}