{"id":2689,"date":"2020-11-28T21:59:46","date_gmt":"2020-11-28T21:59:46","guid":{"rendered":"https:\/\/blogsaverroes.juntadeandalucia.es\/cepermadinatalixena\/?page_id=2689"},"modified":"2021-03-05T21:15:31","modified_gmt":"2021-03-05T21:15:31","slug":"informacion-general-5","status":"publish","type":"page","link":"https:\/\/blogsaverroes.juntadeandalucia.es\/cepermadinatalixena\/informacion-general-5\/","title":{"rendered":"Informaci\u00f3n &#8220;Jos\u00e9 P\u00e9rez Arenas&#8221; Nueva Carteya"},"content":{"rendered":"<p><strong>Direcci\u00f3n: <\/strong>C\/ Poniente s\/n<\/p>\n<p><strong>C.P.: <\/strong>14510<\/p>\n<p><strong>Tel\u00e9fono:<\/strong> 957 69 95 46<\/p>\n<p><strong>Email: <\/strong>14500273.edu@juntadeandalucia.es<\/p>\n<p><strong>Horario de secretar\u00eda: <\/strong>mi\u00e9rcoles, de 10 a 13 h.<strong>&nbsp;<\/strong><\/p>\n<p>&nbsp;<\/p>\n<p>&nbsp;<\/p>\n[googlemaps https:\/\/www.google.com\/maps\/embed?pb=!1m18!1m12!1m3!1d1282.1902917518246!2d-4.472065381056557!3d37.58603273485557!2m3!1f0!2f0!3f0!3m2!1i1024!2i768!4f13.1!3m3!1m2!1s0x0%3A0x47f49f07060d65ad!2sSecci%C3%B3n%20de%20Educaci%C3%B3n%20Permanente%20Jos%C3%A9%20P%C3%A9rez%20Arenas!5e0!3m2!1ses!2ses!4v1612096744354!5m2!1ses!2ses&amp;w=400&amp;h=300]\n","protected":false},"excerpt":{"rendered":"<p>Direcci\u00f3n: C\/ Poniente s\/n C.P.: 14510 Tel\u00e9fono: 957 69 95 46 Email: 14500273.edu@juntadeandalucia.es Horario de secretar\u00eda: mi\u00e9rcoles, de 10 a 13 h.&nbsp; &nbsp; &nbsp; [googlemaps https:\/\/www.google.com\/maps\/embed?pb=!1m18!1m12!1m3!1d1282.1902917518246!2d-4.472065381056557!3d37.58603273485557!2m3!1f0!2f0!3f0!3m2!1i1024!2i768!4f13.1!3m3!1m2!1s0x0%3A0x47f49f07060d65ad!2sSecci%C3%B3n%20de%20Educaci%C3%B3n%20Permanente%20Jos%C3%A9%20P%C3%A9rez%20Arenas!5e0!3m2!1ses!2ses!4v1612096744354!5m2!1ses!2ses&amp;w=400&amp;h=300]<\/p>\n","protected":false},"author":11476,"featured_media":2860,"parent":0,"menu_order":0,"comment_status":"closed","ping_status":"closed","template":"","meta":{"ngg_post_thumbnail":0,"footnotes":"","_mc_calendar":[]},"aioseo_notices":[],"_links":{"self":[{"href":"https:\/\/blogsaverroes.juntadeandalucia.es\/cepermadinatalixena\/wp-json\/wp\/v2\/pages\/2689"}],"collection":[{"href":"https:\/\/blogsaverroes.juntadeandalucia.es\/cepermadinatalixena\/wp-json\/wp\/v2\/pages"}],"about":[{"href":"https:\/\/blogsaverroes.juntadeandalucia.es\/cepermadinatalixena\/wp-json\/wp\/v2\/types\/page"}],"author":[{"embeddable":true,"href":"https:\/\/blogsaverroes.juntadeandalucia.es\/cepermadinatalixena\/wp-json\/wp\/v2\/users\/11476"}],"replies":[{"embeddable":true,"href":"https:\/\/blogsaverroes.juntadeandalucia.es\/cepermadinatalixena\/wp-json\/wp\/v2\/comments?post=2689"}],"version-history":[{"count":18,"href":"https:\/\/blogsaverroes.juntadeandalucia.es\/cepermadinatalixena\/wp-json\/wp\/v2\/pages\/2689\/revisions"}],"predecessor-version":[{"id":4168,"href":"https:\/\/blogsaverroes.juntadeandalucia.es\/cepermadinatalixena\/wp-json\/wp\/v2\/pages\/2689\/revisions\/4168"}],"wp:featuredmedia":[{"embeddable":true,"href":"https:\/\/blogsaverroes.juntadeandalucia.es\/cepermadinatalixena\/wp-json\/wp\/v2\/media\/2860"}],"wp:attachment":[{"href":"https:\/\/blogsaverroes.juntadeandalucia.es\/cepermadinatalixena\/wp-json\/wp\/v2\/media?parent=2689"}],"curies":[{"name":"wp","href":"https:\/\/api.w.org\/{rel}","templated":true}]}}