{"id":2695,"date":"2020-11-28T22:00:26","date_gmt":"2020-11-28T22:00:26","guid":{"rendered":"https:\/\/blogsaverroes.juntadeandalucia.es\/cepermadinatalixena\/?page_id=2695"},"modified":"2021-02-28T19:12:27","modified_gmt":"2021-02-28T19:12:27","slug":"informacion-general-7","status":"publish","type":"page","link":"https:\/\/blogsaverroes.juntadeandalucia.es\/cepermadinatalixena\/informacion-general-7\/","title":{"rendered":"Informaci\u00f3n general SEP &#8220;La Aurora&#8221; Zuheros"},"content":{"rendered":"<p><img fetchpriority=\"high\" decoding=\"async\" class=\"alignleft size-medium wp-image-2862\" src=\"https:\/\/blogsaverroes.juntadeandalucia.es\/cepermadinatalixena\/files\/2020\/12\/castillo-de-zuheros-300x225.jpg\" alt=\"\" width=\"300\" height=\"225\" srcset=\"https:\/\/blogsaverroes.juntadeandalucia.es\/cepermadinatalixena\/files\/2020\/12\/castillo-de-zuheros-300x225.jpg 300w, https:\/\/blogsaverroes.juntadeandalucia.es\/cepermadinatalixena\/files\/2020\/12\/castillo-de-zuheros-24x18.jpg 24w, https:\/\/blogsaverroes.juntadeandalucia.es\/cepermadinatalixena\/files\/2020\/12\/castillo-de-zuheros-36x27.jpg 36w, https:\/\/blogsaverroes.juntadeandalucia.es\/cepermadinatalixena\/files\/2020\/12\/castillo-de-zuheros-48x36.jpg 48w, https:\/\/blogsaverroes.juntadeandalucia.es\/cepermadinatalixena\/files\/2020\/12\/castillo-de-zuheros.jpg 620w\" sizes=\"(max-width: 300px) 100vw, 300px\" \/><\/p>\n<p><strong>&nbsp; &nbsp;Direcci\u00f3n: <\/strong>Calle Mina, 1<\/p>\n<p><strong>&nbsp; &nbsp;C.P.: <\/strong>14870<\/p>\n<p><strong>&nbsp; &nbsp;Tel\u00e9fono:<\/strong> 957699542<\/p>\n<p><strong>&nbsp; &nbsp;Email: <\/strong>14500297.edu@juntadeandalucia.es<\/p>\n<p><strong>&nbsp; &nbsp;Horario de secretar\u00eda: <\/strong>mi\u00e9rcoles, de 11 a 14 h.<\/p>\n<p><strong>&nbsp;<\/strong><\/p>\n<p>&nbsp;<\/p>\n[googlemaps https:\/\/www.google.com\/maps\/embed?pb=!1m18!1m12!1m3!1d790.872185733037!2d-4.3145631707974035!3d37.54354739873765!2m3!1f0!2f0!3f0!3m2!1i1024!2i768!4f13.1!3m3!1m2!1s0xd6d98b498113649%3A0x7138abbae720f9c5!2sCalle%20Mina%2C%201%2C%2014870%20Zuheros%2C%20C%C3%B3rdoba!5e0!3m2!1ses!2ses!4v1612705339690!5m2!1ses!2ses&amp;w=400&amp;h=300]\n","protected":false},"excerpt":{"rendered":"<p>&nbsp; &nbsp;Direcci\u00f3n: Calle Mina, 1 &nbsp; &nbsp;C.P.: 14870 &nbsp; &nbsp;Tel\u00e9fono: 957699542 &nbsp; &nbsp;Email: 14500297.edu@juntadeandalucia.es &nbsp; &nbsp;Horario de secretar\u00eda: mi\u00e9rcoles, de 11 a 14 h. &nbsp; &nbsp; [googlemaps https:\/\/www.google.com\/maps\/embed?pb=!1m18!1m12!1m3!1d790.872185733037!2d-4.3145631707974035!3d37.54354739873765!2m3!1f0!2f0!3f0!3m2!1i1024!2i768!4f13.1!3m3!1m2!1s0xd6d98b498113649%3A0x7138abbae720f9c5!2sCalle%20Mina%2C%201%2C%2014870%20Zuheros%2C%20C%C3%B3rdoba!5e0!3m2!1ses!2ses!4v1612705339690!5m2!1ses!2ses&amp;w=400&amp;h=300]<\/p>\n","protected":false},"author":11476,"featured_media":0,"parent":0,"menu_order":0,"comment_status":"closed","ping_status":"closed","template":"","meta":{"ngg_post_thumbnail":0,"footnotes":"","_mc_calendar":[]},"aioseo_notices":[],"_links":{"self":[{"href":"https:\/\/blogsaverroes.juntadeandalucia.es\/cepermadinatalixena\/wp-json\/wp\/v2\/pages\/2695"}],"collection":[{"href":"https:\/\/blogsaverroes.juntadeandalucia.es\/cepermadinatalixena\/wp-json\/wp\/v2\/pages"}],"about":[{"href":"https:\/\/blogsaverroes.juntadeandalucia.es\/cepermadinatalixena\/wp-json\/wp\/v2\/types\/page"}],"author":[{"embeddable":true,"href":"https:\/\/blogsaverroes.juntadeandalucia.es\/cepermadinatalixena\/wp-json\/wp\/v2\/users\/11476"}],"replies":[{"embeddable":true,"href":"https:\/\/blogsaverroes.juntadeandalucia.es\/cepermadinatalixena\/wp-json\/wp\/v2\/comments?post=2695"}],"version-history":[{"count":10,"href":"https:\/\/blogsaverroes.juntadeandalucia.es\/cepermadinatalixena\/wp-json\/wp\/v2\/pages\/2695\/revisions"}],"predecessor-version":[{"id":3962,"href":"https:\/\/blogsaverroes.juntadeandalucia.es\/cepermadinatalixena\/wp-json\/wp\/v2\/pages\/2695\/revisions\/3962"}],"wp:attachment":[{"href":"https:\/\/blogsaverroes.juntadeandalucia.es\/cepermadinatalixena\/wp-json\/wp\/v2\/media?parent=2695"}],"curies":[{"name":"wp","href":"https:\/\/api.w.org\/{rel}","templated":true}]}}