{"id":3025,"date":"2021-01-31T20:52:25","date_gmt":"2021-01-31T20:52:25","guid":{"rendered":"https:\/\/blogsaverroes.juntadeandalucia.es\/cepermadinatalixena\/?page_id=3025"},"modified":"2024-10-06T17:31:59","modified_gmt":"2024-10-06T17:31:59","slug":"formacion-basica","status":"publish","type":"page","link":"https:\/\/blogsaverroes.juntadeandalucia.es\/cepermadinatalixena\/formacion-basica\/","title":{"rendered":"Formaci\u00f3n B\u00e1sica"},"content":{"rendered":"\t\t<div data-elementor-type=\"wp-page\" data-elementor-id=\"3025\" class=\"elementor elementor-3025\">\n\t\t\t\t\t\t<section class=\"elementor-section elementor-top-section elementor-element elementor-element-c87d6a4 elementor-section-stretched elementor-section-boxed elementor-section-height-default elementor-section-height-default\" data-id=\"c87d6a4\" data-element_type=\"section\" data-settings=\"{&quot;stretch_section&quot;:&quot;section-stretched&quot;}\">\n\t\t\t\t\t\t<div class=\"elementor-container elementor-column-gap-default\">\n\t\t\t\t\t<div class=\"elementor-column elementor-col-50 elementor-top-column elementor-element elementor-element-86d28f4\" data-id=\"86d28f4\" data-element_type=\"column\">\n\t\t\t<div class=\"elementor-widget-wrap elementor-element-populated\">\n\t\t\t\t\t\t<div class=\"elementor-element elementor-element-20c84db elementor-widget elementor-widget-image\" data-id=\"20c84db\" data-element_type=\"widget\" data-widget_type=\"image.default\">\n\t\t\t\t<div class=\"elementor-widget-container\">\n\t\t\t\t\t\t\t\t\t\t\t\t\t\t\t<img fetchpriority=\"high\" decoding=\"async\" width=\"200\" height=\"300\" src=\"https:\/\/blogsaverroes.juntadeandalucia.es\/cepermadinatalixena\/files\/2021\/02\/Formaci\u00f3n-b\u00e1sica-200x300.jpeg\" class=\"attachment-medium size-medium wp-image-3875\" alt=\"Formaci\u00f3n B\u00e1sica\" srcset=\"https:\/\/blogsaverroes.juntadeandalucia.es\/cepermadinatalixena\/files\/2021\/02\/Formaci\u00f3n-b\u00e1sica-200x300.jpeg 200w, https:\/\/blogsaverroes.juntadeandalucia.es\/cepermadinatalixena\/files\/2021\/02\/Formaci\u00f3n-b\u00e1sica.jpeg 500w\" sizes=\"100vw\" \/>\t\t\t\t\t\t\t\t\t\t\t\t\t\t\t<\/div>\n\t\t\t\t<\/div>\n\t\t\t\t\t<\/div>\n\t\t<\/div>\n\t\t\t\t<div class=\"elementor-column elementor-col-50 elementor-top-column elementor-element elementor-element-392d5ae\" data-id=\"392d5ae\" data-element_type=\"column\">\n\t\t\t<div class=\"elementor-widget-wrap elementor-element-populated\">\n\t\t\t\t\t\t<div class=\"elementor-element elementor-element-9d096ef elementor-widget elementor-widget-text-editor\" data-id=\"9d096ef\" data-element_type=\"widget\" data-widget_type=\"text-editor.default\">\n\t\t\t\t<div class=\"elementor-widget-container\">\n\t\t\t\t\t\t\t\t\t<p class=\"p1\" style=\"text-align: justify\"><span class=\"s1\">El\u00a0<b>Plan educativo de Formaci\u00f3n B\u00e1sica<\/b>\u00a0est\u00e1 dirigido a personas con dificultades lectoescritoras o de comprensi\u00f3n y expresi\u00f3n que desean adquirir la formaci\u00f3n necesaria para acceder a la Educaci\u00f3n Secundaria Obligatoria (ESO) para personas adultas, y as\u00ed conseguir el t\u00edtulo correspondiente.<\/span><\/p><p class=\"p1\" style=\"text-align: justify\"><span class=\"s1\">Recuerda que el Plan educativo en s\u00ed mismo no te facilita dicho t\u00edtulo. Se imparte exclusivamente en<b>\u00a0modalidad presencial<\/b>.<\/span><\/p><p class=\"p1\" style=\"text-align: justify\"><span class=\"s1\">Este Plan educativo est\u00e1 organizado en dos niveles de un curso de duraci\u00f3n cada uno; Nivel I y Nivel II. Puedes emplear de manera\u00a0 excepcional hasta\u00a0<b>un m\u00e1ximo de tres a\u00f1os por nivel<\/b>\u00a0si lo necesitaras.<\/span><\/p><p class=\"p1\" style=\"text-align: justify\"><span class=\"s1\">Cada nivel contiene tres \u00e1mbitos de conocimiento y cada \u00e1mbito tres m\u00f3dulos, uno por trimestre.<\/span><\/p>\t\t\t\t\t\t\t\t<\/div>\n\t\t\t\t<\/div>\n\t\t\t\t<section class=\"elementor-section elementor-inner-section elementor-element elementor-element-69b896a elementor-section-boxed elementor-section-height-default elementor-section-height-default\" data-id=\"69b896a\" data-element_type=\"section\">\n\t\t\t\t\t\t<div class=\"elementor-container elementor-column-gap-default\">\n\t\t\t\t\t<div class=\"elementor-column elementor-col-50 elementor-inner-column elementor-element elementor-element-d8b6f63\" data-id=\"d8b6f63\" data-element_type=\"column\">\n\t\t\t<div class=\"elementor-widget-wrap elementor-element-populated\">\n\t\t\t\t\t\t<div class=\"elementor-element elementor-element-418effc elementor-widget elementor-widget-text-editor\" data-id=\"418effc\" data-element_type=\"widget\" data-widget_type=\"text-editor.default\">\n\t\t\t\t<div class=\"elementor-widget-container\">\n\t\t\t\t\t\t\t\t\t<h3 class=\"p1\"><i style=\"font-size: 13px\">Nivel I<\/i><\/h3><ul class=\"ul1\"><li class=\"li2\"><i><\/i><span class=\"s1\"><i>\u00c1mbito de comunicaci\u00f3n<\/i><\/span><\/li><li class=\"li2\"><i><\/i><span class=\"s1\"><i>\u00c1mbito cient\u00edfico-t\u00e9cnol\u00f3gico<\/i><\/span><\/li><li class=\"li2\"><i><\/i><span class=\"s1\"><i>\u00c1mbito Social<\/i><\/span><\/li><\/ul>\t\t\t\t\t\t\t\t<\/div>\n\t\t\t\t<\/div>\n\t\t\t\t\t<\/div>\n\t\t<\/div>\n\t\t\t\t<div class=\"elementor-column elementor-col-50 elementor-inner-column elementor-element elementor-element-abfc723\" data-id=\"abfc723\" data-element_type=\"column\">\n\t\t\t<div class=\"elementor-widget-wrap elementor-element-populated\">\n\t\t\t\t\t\t<div class=\"elementor-element elementor-element-1eda744 elementor-widget elementor-widget-text-editor\" data-id=\"1eda744\" data-element_type=\"widget\" data-widget_type=\"text-editor.default\">\n\t\t\t\t<div class=\"elementor-widget-container\">\n\t\t\t\t\t\t\t\t\t<h3 class=\"p1\"><i style=\"font-size: 13px\">Nivel II<\/i><\/h3><ul class=\"ul1\"><li class=\"li2\"><i><\/i><span class=\"s1\"><i>\u00c1mbito comunicaci\u00f3n<\/i><\/span><\/li><li class=\"li2\"><i><\/i><span class=\"s1\"><i>\u00c1mbito cient\u00edfico-tecnol\u00f3gico<\/i><\/span><\/li><li class=\"li2\"><i><\/i><span class=\"s1\"><i>\u00c1mbito Social<\/i><\/span><\/li><\/ul>\t\t\t\t\t\t\t\t<\/div>\n\t\t\t\t<\/div>\n\t\t\t\t\t<\/div>\n\t\t<\/div>\n\t\t\t\t\t<\/div>\n\t\t<\/section>\n\t\t\t\t\t<\/div>\n\t\t<\/div>\n\t\t\t\t\t<\/div>\n\t\t<\/section>\n\t\t\t\t<\/div>\n\t\t","protected":false},"excerpt":{"rendered":"<p>El\u00a0Plan educativo de Formaci\u00f3n B\u00e1sica\u00a0est\u00e1 dirigido a personas con dificultades lectoescritoras o de comprensi\u00f3n y expresi\u00f3n que desean adquirir la formaci\u00f3n necesaria para acceder a la Educaci\u00f3n Secundaria Obligatoria (ESO) para personas adultas, y as\u00ed conseguir el t\u00edtulo correspondiente. Recuerda que el Plan educativo en s\u00ed mismo no te facilita dicho t\u00edtulo. Se imparte exclusivamente &hellip; <\/p>\n<p class=\"link-more\"><a href=\"https:\/\/blogsaverroes.juntadeandalucia.es\/cepermadinatalixena\/formacion-basica\/\" class=\"more-link\">Continuar leyendo<span class=\"screen-reader-text\"> &#8220;Formaci\u00f3n B\u00e1sica&#8221;<\/span><\/a><\/p>\n","protected":false},"author":11476,"featured_media":0,"parent":0,"menu_order":0,"comment_status":"closed","ping_status":"closed","template":"","meta":{"ngg_post_thumbnail":0,"footnotes":"","_mc_calendar":[]},"aioseo_notices":[],"_links":{"self":[{"href":"https:\/\/blogsaverroes.juntadeandalucia.es\/cepermadinatalixena\/wp-json\/wp\/v2\/pages\/3025"}],"collection":[{"href":"https:\/\/blogsaverroes.juntadeandalucia.es\/cepermadinatalixena\/wp-json\/wp\/v2\/pages"}],"about":[{"href":"https:\/\/blogsaverroes.juntadeandalucia.es\/cepermadinatalixena\/wp-json\/wp\/v2\/types\/page"}],"author":[{"embeddable":true,"href":"https:\/\/blogsaverroes.juntadeandalucia.es\/cepermadinatalixena\/wp-json\/wp\/v2\/users\/11476"}],"replies":[{"embeddable":true,"href":"https:\/\/blogsaverroes.juntadeandalucia.es\/cepermadinatalixena\/wp-json\/wp\/v2\/comments?post=3025"}],"version-history":[{"count":23,"href":"https:\/\/blogsaverroes.juntadeandalucia.es\/cepermadinatalixena\/wp-json\/wp\/v2\/pages\/3025\/revisions"}],"predecessor-version":[{"id":5929,"href":"https:\/\/blogsaverroes.juntadeandalucia.es\/cepermadinatalixena\/wp-json\/wp\/v2\/pages\/3025\/revisions\/5929"}],"wp:attachment":[{"href":"https:\/\/blogsaverroes.juntadeandalucia.es\/cepermadinatalixena\/wp-json\/wp\/v2\/media?parent=3025"}],"curies":[{"name":"wp","href":"https:\/\/api.w.org\/{rel}","templated":true}]}}