{"id":3264,"date":"2021-02-11T20:54:26","date_gmt":"2021-02-11T20:54:26","guid":{"rendered":"https:\/\/blogsaverroes.juntadeandalucia.es\/cepermadinatalixena\/?page_id=3264"},"modified":"2024-09-30T16:44:02","modified_gmt":"2024-09-30T16:44:02","slug":"quienes-somos","status":"publish","type":"page","link":"https:\/\/blogsaverroes.juntadeandalucia.es\/cepermadinatalixena\/quienes-somos\/","title":{"rendered":"Quienes somos"},"content":{"rendered":"\t\t<div data-elementor-type=\"wp-page\" data-elementor-id=\"3264\" class=\"elementor elementor-3264\">\n\t\t\t\t\t\t<section class=\"elementor-section elementor-top-section elementor-element elementor-element-fe9e928 elementor-section-stretched elementor-section-boxed elementor-section-height-default elementor-section-height-default\" data-id=\"fe9e928\" data-element_type=\"section\" data-settings=\"{&quot;stretch_section&quot;:&quot;section-stretched&quot;}\">\n\t\t\t\t\t\t<div class=\"elementor-container elementor-column-gap-default\">\n\t\t\t\t\t<div class=\"elementor-column elementor-col-100 elementor-top-column elementor-element elementor-element-ed52b3f\" data-id=\"ed52b3f\" data-element_type=\"column\">\n\t\t\t<div class=\"elementor-widget-wrap elementor-element-populated\">\n\t\t\t\t\t\t<div class=\"elementor-element elementor-element-4b8e85ed elementor-widget elementor-widget-text-editor\" data-id=\"4b8e85ed\" data-element_type=\"widget\" data-widget_type=\"text-editor.default\">\n\t\t\t\t<div class=\"elementor-widget-container\">\n\t\t\t\t\t\t\t\t\t<p style=\"text-align: justify\"><span style=\"color: #000000\"><img fetchpriority=\"high\" decoding=\"async\" class=\"alignleft wp-image-3392\" src=\"https:\/\/blogsaverroes.juntadeandalucia.es\/cepermadinatalixena\/files\/2021\/02\/Foto-compuesta-640x400-2.png\" alt=\"\" width=\"405\" height=\"253\" srcset=\"https:\/\/blogsaverroes.juntadeandalucia.es\/cepermadinatalixena\/files\/2021\/02\/Foto-compuesta-640x400-2.png 640w, https:\/\/blogsaverroes.juntadeandalucia.es\/cepermadinatalixena\/files\/2021\/02\/Foto-compuesta-640x400-2-300x188.png 300w\" sizes=\"(max-width: 405px) 100vw, 405px\" \/>&nbsp; &nbsp; &nbsp;El <strong>Centro de Educaci\u00f3n Permanente (CEPER) &#8220;Madinat Alixena&#8221;<\/strong> es un centro docente p\u00fablico cuya titularidad corresponde a la Junta de Andaluc\u00eda y est\u00e1 en funcionamiento desde 1984. Ser\u00e1 en 2005 cuando se incluir\u00e1n para que formen parte de \u00e9l, las <strong>Secciones de Baena, &#8220;Moccadem Ben Muafa&#8221; de Cabra, Castro del R\u00edo, Espejo, Luque, Monturque, Moriles, &#8220;Jos\u00e9 P\u00e9rez Arenas&#8221; de Nueva Carteya, Valenzuela y &#8220;La Aurora&#8221; de Zuheros.<\/strong><\/span><\/p>\n<p style=\"text-align: justify\"><span style=\"color: #000000\">&nbsp; &nbsp; &nbsp; Tiene como finalidad educativa general durante los pr\u00f3ximos cursos , mantener una oferta de Educaci\u00f3n Permanente que luche contra las desigualdades educativas de la poblaci\u00f3n y corregir los resultados del abandono y fracaso escolar del sistema ordinario. Adem\u00e1s, integrar a diversos colectivos (inmigrantes, mujeres alejadas del sistema educativo, trabajadores\/as que buscan la promoci\u00f3n laboral en sus empresas, personas adultas que se quieren incorporar a la universidad, etc.).<\/span><span style=\"color: #000000\">&nbsp; &nbsp; &nbsp; <\/span><\/p>\t\t\t\t\t\t\t\t<\/div>\n\t\t\t\t<\/div>\n\t\t\t\t\t<\/div>\n\t\t<\/div>\n\t\t\t\t\t<\/div>\n\t\t<\/section>\n\t\t\t\t<section class=\"elementor-section elementor-top-section elementor-element elementor-element-19c1c87 elementor-section-stretched elementor-section-boxed elementor-section-height-default elementor-section-height-default\" data-id=\"19c1c87\" data-element_type=\"section\" data-settings=\"{&quot;stretch_section&quot;:&quot;section-stretched&quot;}\">\n\t\t\t\t\t\t<div class=\"elementor-container elementor-column-gap-default\">\n\t\t\t\t\t<div class=\"elementor-column elementor-col-100 elementor-top-column elementor-element elementor-element-e28e448\" data-id=\"e28e448\" data-element_type=\"column\">\n\t\t\t<div class=\"elementor-widget-wrap elementor-element-populated\">\n\t\t\t\t\t\t<div class=\"elementor-element elementor-element-b9375d9 elementor-widget elementor-widget-text-editor\" data-id=\"b9375d9\" data-element_type=\"widget\" data-widget_type=\"text-editor.default\">\n\t\t\t\t<div class=\"elementor-widget-container\">\n\t\t\t\t\t\t\t\t\t<p style=\"text-align: justify\"><span style=\"color: #000000\">\u00a0 \u00a0 \u00a0 La Educaci\u00f3n Permanente est\u00e1 consiguiendo aumentar la tasa de titulados en Educaci\u00f3n Secundaria, el acceso a niveles educativos superiores de poblaci\u00f3n hasta ahora alejada de los mismos, la dinamizaci\u00f3n social y cultural de sus localidades, el aumento de poblaci\u00f3n mayor de 25 o 45 a\u00f1os que se titula en educaci\u00f3n superior, etc. <\/span><\/p><p style=\"text-align: justify\"><span style=\"color: #000000\">\u00a0 \u00a0 \u00a0 \u00a0Y todas esas personas, sobre todo ahora en tiempos de crisis econ\u00f3mica, demandan un proceso de formaci\u00f3n que se convierta en un veh\u00edculo para la satisfacci\u00f3n de necesidades mediante el trabajo formativo que responda a:<\/span><\/p><p style=\"text-align: justify;padding-left: 40px\"><span style=\"color: #000000\">\u2022 Necesidades laborales.<\/span><br \/><span style=\"color: #000000\">\u2022 Necesidades de promoci\u00f3n personal y social.<\/span><br \/><span style=\"color: #000000\">\u2022 Necesidades del desarrollo eficaz en el puesto de trabajo.<\/span><br \/><span style=\"color: #000000\">\u2022 Necesidades de ayudar a sus hijos en edad escolar, etc.<\/span><br \/><span style=\"color: #000000\">\u2022 Necesidad de adaptaci\u00f3n a la sociedad de la informaci\u00f3n y las comunicaciones\u2026\u00a0<\/span><\/p>\t\t\t\t\t\t\t\t<\/div>\n\t\t\t\t<\/div>\n\t\t\t\t\t<\/div>\n\t\t<\/div>\n\t\t\t\t\t<\/div>\n\t\t<\/section>\n\t\t\t\t<section class=\"elementor-section elementor-top-section elementor-element elementor-element-998c05d elementor-section-stretched elementor-section-boxed elementor-section-height-default elementor-section-height-default\" data-id=\"998c05d\" data-element_type=\"section\" data-settings=\"{&quot;stretch_section&quot;:&quot;section-stretched&quot;}\">\n\t\t\t\t\t\t<div class=\"elementor-container elementor-column-gap-default\">\n\t\t\t\t\t<div class=\"elementor-column elementor-col-100 elementor-top-column elementor-element elementor-element-3574dc3\" data-id=\"3574dc3\" data-element_type=\"column\">\n\t\t\t<div class=\"elementor-widget-wrap elementor-element-populated\">\n\t\t\t\t\t\t<div class=\"elementor-element elementor-element-b9bffa2 elementor-widget elementor-widget-text-editor\" data-id=\"b9bffa2\" data-element_type=\"widget\" data-widget_type=\"text-editor.default\">\n\t\t\t\t<div class=\"elementor-widget-container\">\n\t\t\t\t\t\t\t\t\t<p style=\"text-align: center\"><strong>&#8220;Si planificas para un a\u00f1o, <\/strong><br \/><strong>siembra trigo. <\/strong><br \/><strong>Si planificas para una d\u00e9cada,<\/strong><br \/><strong>planta \u00e1rboles. <\/strong><br \/><strong>Si planificas para una vida, <\/strong><br \/><strong>educa personas\u201d<\/strong><\/p><p style=\"text-align: center\"><em>\u00a0 \u00a0 \u00a0 \u00a0 \u00a0 \u00a0 \u00a0 \u00a0 \u00a0 \u00a0 \u00a0 \u00a0 \u00a0 \u00a0 \u00a0 \u00a0 \u00a0 \u00a0 \u00a0 Kwan Tzu<\/em><\/p>\t\t\t\t\t\t\t\t<\/div>\n\t\t\t\t<\/div>\n\t\t\t\t\t<\/div>\n\t\t<\/div>\n\t\t\t\t\t<\/div>\n\t\t<\/section>\n\t\t\t\t<\/div>\n\t\t","protected":false},"excerpt":{"rendered":"<p>&nbsp; &nbsp; &nbsp;El Centro de Educaci\u00f3n Permanente (CEPER) &#8220;Madinat Alixena&#8221; es un centro docente p\u00fablico cuya titularidad corresponde a la Junta de Andaluc\u00eda y est\u00e1 en funcionamiento desde 1984. Ser\u00e1 en 2005 cuando se incluir\u00e1n para que formen parte de \u00e9l, las Secciones de Baena, &#8220;Moccadem Ben Muafa&#8221; de Cabra, Castro del R\u00edo, Espejo, Luque, &hellip; <\/p>\n<p class=\"link-more\"><a href=\"https:\/\/blogsaverroes.juntadeandalucia.es\/cepermadinatalixena\/quienes-somos\/\" class=\"more-link\">Continuar leyendo<span class=\"screen-reader-text\"> &#8220;Quienes somos&#8221;<\/span><\/a><\/p>\n","protected":false},"author":11476,"featured_media":0,"parent":0,"menu_order":0,"comment_status":"closed","ping_status":"closed","template":"","meta":{"ngg_post_thumbnail":0,"footnotes":"","_mc_calendar":[]},"aioseo_notices":[],"_links":{"self":[{"href":"https:\/\/blogsaverroes.juntadeandalucia.es\/cepermadinatalixena\/wp-json\/wp\/v2\/pages\/3264"}],"collection":[{"href":"https:\/\/blogsaverroes.juntadeandalucia.es\/cepermadinatalixena\/wp-json\/wp\/v2\/pages"}],"about":[{"href":"https:\/\/blogsaverroes.juntadeandalucia.es\/cepermadinatalixena\/wp-json\/wp\/v2\/types\/page"}],"author":[{"embeddable":true,"href":"https:\/\/blogsaverroes.juntadeandalucia.es\/cepermadinatalixena\/wp-json\/wp\/v2\/users\/11476"}],"replies":[{"embeddable":true,"href":"https:\/\/blogsaverroes.juntadeandalucia.es\/cepermadinatalixena\/wp-json\/wp\/v2\/comments?post=3264"}],"version-history":[{"count":29,"href":"https:\/\/blogsaverroes.juntadeandalucia.es\/cepermadinatalixena\/wp-json\/wp\/v2\/pages\/3264\/revisions"}],"predecessor-version":[{"id":5841,"href":"https:\/\/blogsaverroes.juntadeandalucia.es\/cepermadinatalixena\/wp-json\/wp\/v2\/pages\/3264\/revisions\/5841"}],"wp:attachment":[{"href":"https:\/\/blogsaverroes.juntadeandalucia.es\/cepermadinatalixena\/wp-json\/wp\/v2\/media?parent=3264"}],"curies":[{"name":"wp","href":"https:\/\/api.w.org\/{rel}","templated":true}]}}