{"id":3358,"date":"2021-02-15T13:21:18","date_gmt":"2021-02-15T13:21:18","guid":{"rendered":"https:\/\/blogsaverroes.juntadeandalucia.es\/cepermadinatalixena\/?page_id=3358"},"modified":"2024-10-06T18:22:47","modified_gmt":"2024-10-06T18:22:47","slug":"informatica-basica","status":"publish","type":"page","link":"https:\/\/blogsaverroes.juntadeandalucia.es\/cepermadinatalixena\/informatica-basica\/","title":{"rendered":"Competencias digitales"},"content":{"rendered":"\t\t<div data-elementor-type=\"wp-page\" data-elementor-id=\"3358\" class=\"elementor elementor-3358\">\n\t\t\t\t\t\t<section class=\"elementor-section elementor-top-section elementor-element elementor-element-835a66d elementor-section-stretched elementor-section-boxed elementor-section-height-default elementor-section-height-default\" data-id=\"835a66d\" data-element_type=\"section\" data-settings=\"{&quot;stretch_section&quot;:&quot;section-stretched&quot;}\">\n\t\t\t\t\t\t<div class=\"elementor-container elementor-column-gap-default\">\n\t\t\t\t\t<div class=\"elementor-column elementor-col-100 elementor-top-column elementor-element elementor-element-711599d\" data-id=\"711599d\" data-element_type=\"column\">\n\t\t\t<div class=\"elementor-widget-wrap elementor-element-populated\">\n\t\t\t\t\t\t<div class=\"elementor-element elementor-element-0efb16e elementor-widget elementor-widget-text-editor\" data-id=\"0efb16e\" data-element_type=\"widget\" data-widget_type=\"text-editor.default\">\n\t\t\t\t<div class=\"elementor-widget-container\">\n\t\t\t\t\t\t\t\t\t<p style=\"text-align: justify\"><span style=\"color: #333333\">Curso dise\u00f1ado para actualizar nuestras habilidades digitales, aprendiendo de forma pr\u00e1ctica elementos y mecanismos esenciales para aplicar<\/span><strong> las nuevas tecnolog\u00edas en nuestra vida diaria.<\/strong><\/p>\t\t\t\t\t\t\t\t<\/div>\n\t\t\t\t<\/div>\n\t\t\t\t\t<\/div>\n\t\t<\/div>\n\t\t\t\t\t<\/div>\n\t\t<\/section>\n\t\t\t\t<section class=\"elementor-section elementor-top-section elementor-element elementor-element-0238c5e elementor-section-stretched elementor-section-boxed elementor-section-height-default elementor-section-height-default\" data-id=\"0238c5e\" data-element_type=\"section\" data-settings=\"{&quot;stretch_section&quot;:&quot;section-stretched&quot;}\">\n\t\t\t\t\t\t<div class=\"elementor-container elementor-column-gap-default\">\n\t\t\t\t\t<div class=\"elementor-column elementor-col-100 elementor-top-column elementor-element elementor-element-1e799ad\" data-id=\"1e799ad\" data-element_type=\"column\">\n\t\t\t<div class=\"elementor-widget-wrap elementor-element-populated\">\n\t\t\t\t\t\t<div class=\"elementor-element elementor-element-c310d9b elementor-widget elementor-widget-image\" data-id=\"c310d9b\" data-element_type=\"widget\" data-widget_type=\"image.default\">\n\t\t\t\t<div class=\"elementor-widget-container\">\n\t\t\t\t\t\t\t\t\t\t\t\t\t\t\t<img fetchpriority=\"high\" decoding=\"async\" width=\"525\" height=\"743\" src=\"https:\/\/blogsaverroes.juntadeandalucia.es\/cepermadinatalixena\/files\/2023\/09\/Programa-curso-Competencias-digitales-724x1024.jpg\" class=\"attachment-large size-large wp-image-5465\" alt=\"\" srcset=\"https:\/\/blogsaverroes.juntadeandalucia.es\/cepermadinatalixena\/files\/2023\/09\/Programa-curso-Competencias-digitales-724x1024.jpg 724w, https:\/\/blogsaverroes.juntadeandalucia.es\/cepermadinatalixena\/files\/2023\/09\/Programa-curso-Competencias-digitales-212x300.jpg 212w, https:\/\/blogsaverroes.juntadeandalucia.es\/cepermadinatalixena\/files\/2023\/09\/Programa-curso-Competencias-digitales-768x1087.jpg 768w, https:\/\/blogsaverroes.juntadeandalucia.es\/cepermadinatalixena\/files\/2023\/09\/Programa-curso-Competencias-digitales.jpg 826w\" sizes=\"100vw\" \/>\t\t\t\t\t\t\t\t\t\t\t\t\t\t\t<\/div>\n\t\t\t\t<\/div>\n\t\t\t\t\t<\/div>\n\t\t<\/div>\n\t\t\t\t\t<\/div>\n\t\t<\/section>\n\t\t\t\t<\/div>\n\t\t","protected":false},"excerpt":{"rendered":"<p>Curso dise\u00f1ado para actualizar nuestras habilidades digitales, aprendiendo de forma pr\u00e1ctica elementos y mecanismos esenciales para aplicar las nuevas tecnolog\u00edas en nuestra vida diaria.<\/p>\n","protected":false},"author":11476,"featured_media":0,"parent":0,"menu_order":0,"comment_status":"closed","ping_status":"closed","template":"","meta":{"ngg_post_thumbnail":0,"footnotes":"","_mc_calendar":[]},"aioseo_notices":[],"_links":{"self":[{"href":"https:\/\/blogsaverroes.juntadeandalucia.es\/cepermadinatalixena\/wp-json\/wp\/v2\/pages\/3358"}],"collection":[{"href":"https:\/\/blogsaverroes.juntadeandalucia.es\/cepermadinatalixena\/wp-json\/wp\/v2\/pages"}],"about":[{"href":"https:\/\/blogsaverroes.juntadeandalucia.es\/cepermadinatalixena\/wp-json\/wp\/v2\/types\/page"}],"author":[{"embeddable":true,"href":"https:\/\/blogsaverroes.juntadeandalucia.es\/cepermadinatalixena\/wp-json\/wp\/v2\/users\/11476"}],"replies":[{"embeddable":true,"href":"https:\/\/blogsaverroes.juntadeandalucia.es\/cepermadinatalixena\/wp-json\/wp\/v2\/comments?post=3358"}],"version-history":[{"count":19,"href":"https:\/\/blogsaverroes.juntadeandalucia.es\/cepermadinatalixena\/wp-json\/wp\/v2\/pages\/3358\/revisions"}],"predecessor-version":[{"id":5958,"href":"https:\/\/blogsaverroes.juntadeandalucia.es\/cepermadinatalixena\/wp-json\/wp\/v2\/pages\/3358\/revisions\/5958"}],"wp:attachment":[{"href":"https:\/\/blogsaverroes.juntadeandalucia.es\/cepermadinatalixena\/wp-json\/wp\/v2\/media?parent=3358"}],"curies":[{"name":"wp","href":"https:\/\/api.w.org\/{rel}","templated":true}]}}