{"id":3361,"date":"2021-02-15T13:27:42","date_gmt":"2021-02-15T13:27:42","guid":{"rendered":"https:\/\/blogsaverroes.juntadeandalucia.es\/cepermadinatalixena\/?page_id=3361"},"modified":"2021-02-28T11:49:25","modified_gmt":"2021-02-28T11:49:25","slug":"herramientas-de-google","status":"publish","type":"page","link":"https:\/\/blogsaverroes.juntadeandalucia.es\/cepermadinatalixena\/herramientas-de-google\/","title":{"rendered":"Herramientas de Google"},"content":{"rendered":"\t\t<div data-elementor-type=\"wp-page\" data-elementor-id=\"3361\" class=\"elementor elementor-3361\">\n\t\t\t\t\t\t<section class=\"elementor-section elementor-top-section elementor-element elementor-element-e3319ad elementor-section-boxed elementor-section-height-default elementor-section-height-default\" data-id=\"e3319ad\" data-element_type=\"section\">\n\t\t\t\t\t\t<div class=\"elementor-container elementor-column-gap-default\">\n\t\t\t\t\t<div class=\"elementor-column elementor-col-100 elementor-top-column elementor-element elementor-element-a828d3b\" data-id=\"a828d3b\" data-element_type=\"column\">\n\t\t\t<div class=\"elementor-widget-wrap elementor-element-populated\">\n\t\t\t\t\t\t<div class=\"elementor-element elementor-element-e951494 elementor-widget elementor-widget-text-editor\" data-id=\"e951494\" data-element_type=\"widget\" data-widget_type=\"text-editor.default\">\n\t\t\t\t<div class=\"elementor-widget-container\">\n\t\t\t\t\t\t\t\t\t<p style=\"text-align: justify\"><span style=\"font-weight: 400;color: #000000\">Google es una herramienta digital, cuyo \u00fanico requisito para poder empezar a utilizarla es abrir una cuenta Gmail. A partir de ah\u00ed podemos:\u00a0 crear y editar documentos, hojas de c\u00e1lculo y presentaciones, almacenar y organizar el trabajo en equipo de forma segura, tener acceso a la informaci\u00f3n de todos tus contactos almacenados, as\u00ed como tus reuniones o acontecimientos en el calendario, crear formularios \u00fatiles para recopilar informaci\u00f3n, almacenar tus documentos e im\u00e1genes, etc.<\/span><\/p><p style=\"text-align: justify\"><span style=\"font-weight: 400;color: #000000\">Google es m\u00e1s que un buscador y pone a disposici\u00f3n de ciudadanos y empresas un amplio n\u00famero de recursos de forma gratuita.<\/span><\/p><p style=\"text-align: justify\"><span style=\"font-weight: 400;color: #000000\">En este curso haremos un recorrido por las diferentes aplicaciones de las que dispone para comunicarnos como su gestor propio de correo electr\u00f3nico, la organizaci\u00f3n de contactos por grupos, sus aplicaciones para guardar de forma efectiva nuestras b\u00fasquedas o las opciones de traducci\u00f3n en varios idiomas de informaci\u00f3n.<\/span><\/p><p style=\"text-align: justify\"><span style=\"font-weight: 400;color: #000000\">Adem\u00e1s, conoceremos su potente sistema de almacenamiento en la nube y su suite ofim\u00e1tica para crear archivos de diferentes tipos. Que adem\u00e1s de crear permite compartir con otros usuarios para trabajar online en tiempo real.<\/span><\/p>\t\t\t\t\t\t\t\t<\/div>\n\t\t\t\t<\/div>\n\t\t\t\t\t<\/div>\n\t\t<\/div>\n\t\t\t\t\t<\/div>\n\t\t<\/section>\n\t\t\t\t<\/div>\n\t\t","protected":false},"excerpt":{"rendered":"<p>Google es una herramienta digital, cuyo \u00fanico requisito para poder empezar a utilizarla es abrir una cuenta Gmail. A partir de ah\u00ed podemos:\u00a0 crear y editar documentos, hojas de c\u00e1lculo y presentaciones, almacenar y organizar el trabajo en equipo de forma segura, tener acceso a la informaci\u00f3n de todos tus contactos almacenados, as\u00ed como tus &hellip; <\/p>\n<p class=\"link-more\"><a href=\"https:\/\/blogsaverroes.juntadeandalucia.es\/cepermadinatalixena\/herramientas-de-google\/\" class=\"more-link\">Continuar leyendo<span class=\"screen-reader-text\"> &#8220;Herramientas de Google&#8221;<\/span><\/a><\/p>\n","protected":false},"author":11476,"featured_media":3362,"parent":0,"menu_order":0,"comment_status":"closed","ping_status":"closed","template":"page-template-full.php","meta":{"ngg_post_thumbnail":0,"footnotes":"","_mc_calendar":[]},"aioseo_notices":[],"_links":{"self":[{"href":"https:\/\/blogsaverroes.juntadeandalucia.es\/cepermadinatalixena\/wp-json\/wp\/v2\/pages\/3361"}],"collection":[{"href":"https:\/\/blogsaverroes.juntadeandalucia.es\/cepermadinatalixena\/wp-json\/wp\/v2\/pages"}],"about":[{"href":"https:\/\/blogsaverroes.juntadeandalucia.es\/cepermadinatalixena\/wp-json\/wp\/v2\/types\/page"}],"author":[{"embeddable":true,"href":"https:\/\/blogsaverroes.juntadeandalucia.es\/cepermadinatalixena\/wp-json\/wp\/v2\/users\/11476"}],"replies":[{"embeddable":true,"href":"https:\/\/blogsaverroes.juntadeandalucia.es\/cepermadinatalixena\/wp-json\/wp\/v2\/comments?post=3361"}],"version-history":[{"count":4,"href":"https:\/\/blogsaverroes.juntadeandalucia.es\/cepermadinatalixena\/wp-json\/wp\/v2\/pages\/3361\/revisions"}],"predecessor-version":[{"id":3894,"href":"https:\/\/blogsaverroes.juntadeandalucia.es\/cepermadinatalixena\/wp-json\/wp\/v2\/pages\/3361\/revisions\/3894"}],"wp:featuredmedia":[{"embeddable":true,"href":"https:\/\/blogsaverroes.juntadeandalucia.es\/cepermadinatalixena\/wp-json\/wp\/v2\/media\/3362"}],"wp:attachment":[{"href":"https:\/\/blogsaverroes.juntadeandalucia.es\/cepermadinatalixena\/wp-json\/wp\/v2\/media?parent=3361"}],"curies":[{"name":"wp","href":"https:\/\/api.w.org\/{rel}","templated":true}]}}