{"id":3486,"date":"2021-02-18T22:52:18","date_gmt":"2021-02-18T22:52:18","guid":{"rendered":"https:\/\/blogsaverroes.juntadeandalucia.es\/cepermadinatalixena\/?page_id=3486"},"modified":"2024-09-29T18:09:43","modified_gmt":"2024-09-29T18:09:43","slug":"normativa","status":"publish","type":"page","link":"https:\/\/blogsaverroes.juntadeandalucia.es\/cepermadinatalixena\/normativa\/","title":{"rendered":"Normativa"},"content":{"rendered":"<p><a href=\"http:\/\/www.adideandalucia.es\/normas\/instruc\/Instruc8junio2016ModificaCurriculoAdultos.pdf\">INSTRUCCI\u00d3N 8\/2016,<\/a>&nbsp;de 8 de junio, de la Direcci\u00f3n General de Ordenaci\u00f3n Educativa, por la que se modifica la Instrucci\u00f3n 6\/2016, de 30 de mayo, sobre la ordenaci\u00f3n del curr\u00edculo de la Educaci\u00f3n Secundaria Obligatoria y del Bachillerato para personas adultas durante el curso 2016\/17.&nbsp;<\/p>\n<p><a href=\"http:\/\/www.adideandalucia.es\/normas\/instruc\/Instruc30mayo2016CurriculoESABachAdultos.pdf\" target=\"_blank\" rel=\"noopener noreferrer\">INSTRUCCI\u00d3N 6\/2016,<\/a>&nbsp;de 30 de mayo, de la Direcci\u00f3n General de Ordenaci\u00f3n Educativa, sobre la ordenaci\u00f3n del curr\u00edculo de la Educaci\u00f3n Secundaria Obligatoria y del Bachillerato para personas adultas durante el curso escolar 2016\/2017.<\/p>\n<p><a href=\"http:\/\/www.adideandalucia.es\/normas\/ordenes\/Orden1junio2016EscolarizacionFP.pdf\" target=\"_blank\" rel=\"noopener noreferrer\">ORDEN de 1 de junio de 2016,<\/a>&nbsp;por la que se regulan los criterios y el procedimiento de admisi\u00f3n del alumnado en los centros docentes para cursar ciclos formativos de grado medio y de grado superior, sostenidos con fondos p\u00fablicos, de formaci\u00f3n profesional inicial del sistema educativo (BOJA 08-06-2016).<\/p>\n<p><a href=\"http:\/\/www.adideandalucia.es\/normas\/instruc\/Instruc31marzo2016PruebasAccesoFP.pdf\" target=\"_blank\" rel=\"noopener noreferrer\">INSTRUCCIONES de 31 de marzo de 2016,<\/a>&nbsp;de la Direcci\u00f3n General de Formaci\u00f3n Profesional Inicial y Educaci\u00f3n Permanente sobre organizaci\u00f3n y realizaci\u00f3n de las pruebas de acceso a los ciclos formativos de Formaci\u00f3n Profesional en las convocatorias de junio y septiembre de 2016.<\/p>\n<p><a href=\"http:\/\/www.adideandalucia.es\/normas\/ordenes\/Orden25mayo2012AdmisionAdultos.pdf\" target=\"_blank\" rel=\"noopener noreferrer\">ORDEN de 25 de mayo de 2012,<\/a>&nbsp;por la que se desarrolla el procedimiento de admisi\u00f3n y matriculaci\u00f3n del alumnado en los centros docentes p\u00fablicos para cursar las ense\u00f1anzas de Educaci\u00f3n Permanente de Personas Adultas en las modalidades presencial y semipresencial (BOJA 15-06-2012).<\/p>\n<p><a href=\"http:\/\/www.adideandalucia.es\/normas\/decretos\/Decreto359-2011ModalidadADistancia.pdf\" target=\"_blank\" rel=\"noopener noreferrer\">DECRETO 359\/2011,<\/a>&nbsp;de 7 de diciembre, por el que se regulan las modalidades semipresencial y a distancia de las ense\u00f1anzas de Formaci\u00f3n Profesional Inicial, de Educaci\u00f3n Permanente de Personas Adultas, especializadas de idiomas y deportivas, se crea el Instituto de Ense\u00f1anzas a Distancia de Andaluc\u00eda y se establece su estructura org\u00e1nica y funcional (BOJA 27-12-2011).<\/p>\n<p><a href=\"http:\/\/www.adideandalucia.es\/normas\/ordenes\/Orden8enero2009pruebaslibresESO.pdf\" target=\"_blank\" rel=\"noopener noreferrer\">ORDEN de 8-1-2009,<\/a>&nbsp;por la que se regulan las pruebas para la obtenci\u00f3n del t\u00edtulo de Graduado en Educaci\u00f3n Secundaria Obligatoria, para personas mayores de dieciocho a\u00f1os (BOJA 22-01-2009).<\/p>\n<p><a href=\"http:\/\/www.adideandalucia.es\/normas\/ordenes\/bachillerato%20de%20adultos.pdf\" target=\"_blank\" rel=\"noopener noreferrer\">ORDEN de 29-9-2008,&nbsp;<\/a>por la que se regulan las ense\u00f1anzas de Bachillerato para personas adultas.<\/p>\n<p><a href=\"http:\/\/www.adideandalucia.es\/normas\/instruc\/Aclaracion%204-10-2007%20Acceso%20ESA2.pdf\" target=\"_blank\" rel=\"noopener noreferrer\">Aclaraciones de 4-10-2007,<\/a>&nbsp;de la Directora General de Formaci\u00f3n Profesional y Educaci\u00f3n Permanente, sobre el acceso del alumnado al Nivel II de las ense\u00f1anzas de Educaci\u00f3n Secundaria Obligatoria para las personas adultas.<\/p>\n<p><a href=\"http:\/\/www.adideandalucia.es\/normas\/ordenes\/Orden%2024-9-2007%20Redes%20Aprendizaje.pdf\" target=\"_blank\" rel=\"noopener noreferrer\">ORDEN de 24-9-2007,<\/a>&nbsp;por la que se regulan las Redes de Aprendizaje Permanente de la Comunidad Aut\u00f3noma de Andaluc\u00eda. (BOJA 15-10-2007).<\/p>\n<p><a href=\"http:\/\/www.adideandalucia.es\/normas\/ordenes\/Orden%2024-9-2007%20PlanEduc%20NoFormales.pdf\" target=\"_blank\" rel=\"noopener noreferrer\">ORDEN de 24-9-2007,<\/a>&nbsp;por la que se regulan los planes educativos de car\u00e1cter no formal para personas adultas. (BOJA 15-10-2007).<\/p>\n<p><a href=\"http:\/\/www.adideandalucia.es\/normas\/ordenes\/Orden%201-8-2007%20CodigPrimaria%20CEAdultos.pdf\" target=\"_blank\" rel=\"noopener noreferrer\">ORDEN de 1-8-2007,<\/a>&nbsp;por la que se adscriben al c\u00f3digo de la especialidad de Educaci\u00f3n Primaria el de los puestos de los centros de educaci\u00f3n permanente. (BOJA 25-9-2007).<\/p>\n<p><a href=\"http:\/\/www.adideandalucia.es\/normas\/ordenes\/Orden%2010-8-2007%20FormBas%20Adultos.pdf\" target=\"_blank\" rel=\"noopener noreferrer\">ORDEN de 10-8-2007,<\/a>&nbsp;por la que se regula el Plan Educativo de Formaci\u00f3n B\u00e1sica para Personas Adultas. (BOJA 3-9-2007).<\/p>\n<p><a href=\"http:\/\/www.adideandalucia.es\/normas\/ordenes\/Orden%2010-8-2007%20Regula%20ESA.pdf\" target=\"_blank\" rel=\"noopener noreferrer\">ORDEN de 10-8-2007,<\/a>&nbsp;por la que se regula la Educaci\u00f3n Secundaria Obligatoria para Personas Adultas. (BOJA 31-8-2007).<\/p>\n<p><a href=\"http:\/\/www.adideandalucia.es\/normas\/ordenes\/Orden%2015-2-2007%20Correccion%20errores.pdf\" target=\"_blank\" rel=\"noopener noreferrer\">Correcci\u00f3n de erratas de la Orden de 15-2-2007,<\/a>&nbsp;por la que se aprueban las denominaciones espec\u00edficas de los Centros de Educaci\u00f3n Permanente y Secciones de Educaci\u00f3n Permanente de la Comunidad Aut\u00f3noma de Andaluc\u00eda (BOJA 17-5- 2007).<\/p>\n<p><a href=\"http:\/\/www.adideandalucia.es\/normas\/ordenes\/Orden%2015-2-2007%20Nombres%20CEPER.pdf\" target=\"_blank\" rel=\"noopener noreferrer\">ORDEN de 15-2-2007,<\/a>&nbsp;por la que se aprueba las denominaciones espec\u00edficas de los Centros de Educaci\u00f3n Permanente y Secciones de Educaci\u00f3n Permanente de la Comunidad Aut\u00f3noma de Andaluc\u00eda. (BOJA 20-4-2007).<\/p>\n<p><a href=\"http:\/\/www.adideandalucia.es\/normas\/decretos\/Decreto%2036-2007%20Puestos%20Adultos.pdf\" target=\"_blank\" rel=\"noopener noreferrer\">DECRETO 36\/2007, de 6 de febrero,<\/a>&nbsp;por el que se definen los puestos de trabajo Docentes de los Centros de Educaci\u00f3n Permanente, se establece su forma de provisi\u00f3n y se regula la coordinaci\u00f3n provincial de Educaci\u00f3n Permanente. (BOJA 2-3-2007).<\/p>\n<p><a href=\"http:\/\/www.adideandalucia.es\/normas\/ordenes\/Orden%2019-7-2006%20Organiza%20Adultos.pdf\" target=\"_blank\" rel=\"noopener noreferrer\">ORDEN de 19-7-2006,&nbsp;<\/a>&nbsp;por la que se regulan determinados aspectos sobre la organizaci\u00f3n y el funcionamiento de los Centros de Educaci\u00f3n Permanente. (BOJA 11-8-2006).<\/p>\n<p><a href=\"http:\/\/www.adideandalucia.es\/normas\/ordenes\/Orden%2013-10-2005%20Centros%20Adultos.pdf\" target=\"_blank\" rel=\"noopener noreferrer\">ORDEN de 13-10-2005,<\/a>&nbsp;por la que se adscriben las Secciones de Educaci\u00f3n Permanente a Centros de Educaci\u00f3n Permanente y se establecen las correspondientes plantillas org\u00e1nicas. (BOJA 31-10-2005).<\/p>\n<p><a href=\"http:\/\/www.adideandalucia.es\/normas\/ordenes\/Orden%2013-10-2005%20Consejo%20Centro.pdf\" target=\"_blank\" rel=\"noopener noreferrer\">ORDEN de 13-10-2005,<\/a>por la que se regulan los procesos electorales para la renovaci\u00f3n y constituci\u00f3n de los Consejos de Centro en los Centros de Educaci\u00f3n Permanente. (BOJA 25-10-2005).<\/p>\n<p><a href=\"http:\/\/www.adideandalucia.es\/normas\/decretos\/Decreto%20196-2005%20Reglamento%20Adultos%20.pdf\" target=\"_blank\" rel=\"noopener noreferrer\">DECRETO 196\/2005, de 13 de septiembre,<\/a>&nbsp;por el que se aprueba el Reglamento Org\u00e1nico de los Centros de Educaci\u00f3n Permanente. (BOJA 27-9-2005).<\/p>\n","protected":false},"excerpt":{"rendered":"<p>INSTRUCCI\u00d3N 8\/2016,&nbsp;de 8 de junio, de la Direcci\u00f3n General de Ordenaci\u00f3n Educativa, por la que se modifica la Instrucci\u00f3n 6\/2016, de 30 de mayo, sobre la ordenaci\u00f3n del curr\u00edculo de la Educaci\u00f3n Secundaria Obligatoria y del Bachillerato para personas adultas durante el curso 2016\/17.&nbsp; INSTRUCCI\u00d3N 6\/2016,&nbsp;de 30 de mayo, de la Direcci\u00f3n General de Ordenaci\u00f3n &hellip; <\/p>\n<p class=\"link-more\"><a href=\"https:\/\/blogsaverroes.juntadeandalucia.es\/cepermadinatalixena\/normativa\/\" class=\"more-link\">Continuar leyendo<span class=\"screen-reader-text\"> &#8220;Normativa&#8221;<\/span><\/a><\/p>\n","protected":false},"author":11476,"featured_media":0,"parent":0,"menu_order":0,"comment_status":"closed","ping_status":"closed","template":"","meta":{"ngg_post_thumbnail":0,"footnotes":"","_mc_calendar":[]},"aioseo_notices":[],"_links":{"self":[{"href":"https:\/\/blogsaverroes.juntadeandalucia.es\/cepermadinatalixena\/wp-json\/wp\/v2\/pages\/3486"}],"collection":[{"href":"https:\/\/blogsaverroes.juntadeandalucia.es\/cepermadinatalixena\/wp-json\/wp\/v2\/pages"}],"about":[{"href":"https:\/\/blogsaverroes.juntadeandalucia.es\/cepermadinatalixena\/wp-json\/wp\/v2\/types\/page"}],"author":[{"embeddable":true,"href":"https:\/\/blogsaverroes.juntadeandalucia.es\/cepermadinatalixena\/wp-json\/wp\/v2\/users\/11476"}],"replies":[{"embeddable":true,"href":"https:\/\/blogsaverroes.juntadeandalucia.es\/cepermadinatalixena\/wp-json\/wp\/v2\/comments?post=3486"}],"version-history":[{"count":27,"href":"https:\/\/blogsaverroes.juntadeandalucia.es\/cepermadinatalixena\/wp-json\/wp\/v2\/pages\/3486\/revisions"}],"predecessor-version":[{"id":5791,"href":"https:\/\/blogsaverroes.juntadeandalucia.es\/cepermadinatalixena\/wp-json\/wp\/v2\/pages\/3486\/revisions\/5791"}],"wp:attachment":[{"href":"https:\/\/blogsaverroes.juntadeandalucia.es\/cepermadinatalixena\/wp-json\/wp\/v2\/media?parent=3486"}],"curies":[{"name":"wp","href":"https:\/\/api.w.org\/{rel}","templated":true}]}}