{"id":4748,"date":"2021-05-18T10:05:13","date_gmt":"2021-05-18T10:05:13","guid":{"rendered":"https:\/\/blogsaverroes.juntadeandalucia.es\/cepermadinatalixena\/?page_id=4748"},"modified":"2024-09-29T11:36:13","modified_gmt":"2024-09-29T11:36:13","slug":"plan-de-acogida","status":"publish","type":"page","link":"https:\/\/blogsaverroes.juntadeandalucia.es\/cepermadinatalixena\/plan-de-acogida\/","title":{"rendered":"Plan de acogida nuevo profesorado"},"content":{"rendered":"\t\t<div data-elementor-type=\"wp-page\" data-elementor-id=\"4748\" class=\"elementor elementor-4748\">\n\t\t\t\t\t\t<section class=\"elementor-section elementor-top-section elementor-element elementor-element-beca16f elementor-section-stretched elementor-section-boxed elementor-section-height-default elementor-section-height-default\" data-id=\"beca16f\" data-element_type=\"section\" data-settings=\"{&quot;stretch_section&quot;:&quot;section-stretched&quot;}\">\n\t\t\t\t\t\t<div class=\"elementor-container elementor-column-gap-default\">\n\t\t\t\t\t<div class=\"elementor-column elementor-col-100 elementor-top-column elementor-element elementor-element-077418a\" data-id=\"077418a\" data-element_type=\"column\">\n\t\t\t<div class=\"elementor-widget-wrap elementor-element-populated\">\n\t\t\t\t\t\t<div class=\"elementor-element elementor-element-3084271 elementor-widget elementor-widget-heading\" data-id=\"3084271\" data-element_type=\"widget\" data-widget_type=\"heading.default\">\n\t\t\t\t<div class=\"elementor-widget-container\">\n\t\t\t\t\t<h3 class=\"elementor-heading-title elementor-size-large\">plan de acogida nuevo profesorado<\/h3>\t\t\t\t<\/div>\n\t\t\t\t<\/div>\n\t\t\t\t\t<\/div>\n\t\t<\/div>\n\t\t\t\t\t<\/div>\n\t\t<\/section>\n\t\t\t\t<section class=\"elementor-section elementor-top-section elementor-element elementor-element-8f04f86 elementor-section-stretched elementor-section-boxed elementor-section-height-default elementor-section-height-default\" data-id=\"8f04f86\" data-element_type=\"section\" data-settings=\"{&quot;stretch_section&quot;:&quot;section-stretched&quot;}\">\n\t\t\t\t\t\t<div class=\"elementor-container elementor-column-gap-default\">\n\t\t\t\t\t<div class=\"elementor-column elementor-col-100 elementor-top-column elementor-element elementor-element-23ea444\" data-id=\"23ea444\" data-element_type=\"column\">\n\t\t\t<div class=\"elementor-widget-wrap elementor-element-populated\">\n\t\t\t\t\t\t<div class=\"elementor-element elementor-element-06ace55 elementor-widget elementor-widget-text-editor\" data-id=\"06ace55\" data-element_type=\"widget\" data-widget_type=\"text-editor.default\">\n\t\t\t\t<div class=\"elementor-widget-container\">\n\t\t\t\t\t\t\t\t\t<p>El plan de acogida para el nuevo profesorado recoge toda la documentaci\u00f3n y orientaciones que son necesarias conocer para que la labor educativa del C.E.PER. contin\u00fae en la misma l\u00ednea de actuaci\u00f3n, adem\u00e1s de facilitar la incorporaci\u00f3n de dicho profesorado tanto a sus tareas educativas como administrativas.<\/p><p>En los primeros d\u00edas de cada curso, el equipo directivo del C.E.PER. asesorar\u00e1 al profesorado nuevo que se incorpore y a las jefaturas de estudios de cada Secci\u00f3n en el desempe\u00f1o de su labor.<\/p><p>Nos centraremos en la siguiente informaci\u00f3n:<\/p><ol><li><a href=\"https:\/\/blogsaverroes.juntadeandalucia.es\/cepermadinatalixena\/normativa\/\" target=\"_blank\" rel=\"noopener\">Documentaci\u00f3n b\u00e1sica de la infraestructura del centro.<\/a><\/li><li><a href=\"https:\/\/blogsaverroes.juntadeandalucia.es\/cepermadinatalixena\/files\/2021\/02\/20-21-PLAN-DE-CENTRO-CEPER-MADINAT-ALIXENA-Y-SECCIONES.pdf\" target=\"_blank\" rel=\"noopener\">Documentaci\u00f3n del plan de centro.<\/a><\/li><li><a href=\"https:\/\/blogsaverroes.juntadeandalucia.es\/cepermadinatalixena\/planes-educativos\/\" target=\"_blank\" rel=\"noopener\">Portafolio de actividades realizadas por el alumnado.<\/a><\/li><li><a href=\"https:\/\/blogsaverroes.juntadeandalucia.es\/cepermadinatalixena\/tutoriales-2\/\" target=\"_blank\" rel=\"noopener\">Tutoriales para manejo de herramientas corporativas de uso com\u00fan en el centro.<\/a><\/li><li><a href=\"https:\/\/blogsaverroes.juntadeandalucia.es\/cepermadinatalixena\/files\/2021\/03\/FUNCIONAMIENTO-SECCIONES.pdf\" target=\"_blank\" rel=\"noopener\">Funcionamiento en las Secciones: cronolog\u00eda de tareas.<\/a><\/li><li><a href=\"https:\/\/blogsaverroes.juntadeandalucia.es\/cepermadinatalixena\/files\/2022\/09\/TAREAS-PRECEPTIVAS-PRIMER-TRIMESTRE22-23.pdf\">Tareas preceptivas primer trimestre.<\/a><\/li><\/ol>\t\t\t\t\t\t\t\t<\/div>\n\t\t\t\t<\/div>\n\t\t\t\t\t<\/div>\n\t\t<\/div>\n\t\t\t\t\t<\/div>\n\t\t<\/section>\n\t\t\t\t<\/div>\n\t\t","protected":false},"excerpt":{"rendered":"<p>plan de acogida nuevo profesorado El plan de acogida para el nuevo profesorado recoge toda la documentaci\u00f3n y orientaciones que son necesarias conocer para que la labor educativa del C.E.PER. contin\u00fae en la misma l\u00ednea de actuaci\u00f3n, adem\u00e1s de facilitar la incorporaci\u00f3n de dicho profesorado tanto a sus tareas educativas como administrativas. En los primeros &hellip; <\/p>\n<p class=\"link-more\"><a href=\"https:\/\/blogsaverroes.juntadeandalucia.es\/cepermadinatalixena\/plan-de-acogida\/\" class=\"more-link\">Continuar leyendo<span class=\"screen-reader-text\"> &#8220;Plan de acogida nuevo profesorado&#8221;<\/span><\/a><\/p>\n","protected":false},"author":11476,"featured_media":0,"parent":0,"menu_order":0,"comment_status":"closed","ping_status":"closed","template":"","meta":{"ngg_post_thumbnail":0,"footnotes":"","_mc_calendar":[]},"aioseo_notices":[],"_links":{"self":[{"href":"https:\/\/blogsaverroes.juntadeandalucia.es\/cepermadinatalixena\/wp-json\/wp\/v2\/pages\/4748"}],"collection":[{"href":"https:\/\/blogsaverroes.juntadeandalucia.es\/cepermadinatalixena\/wp-json\/wp\/v2\/pages"}],"about":[{"href":"https:\/\/blogsaverroes.juntadeandalucia.es\/cepermadinatalixena\/wp-json\/wp\/v2\/types\/page"}],"author":[{"embeddable":true,"href":"https:\/\/blogsaverroes.juntadeandalucia.es\/cepermadinatalixena\/wp-json\/wp\/v2\/users\/11476"}],"replies":[{"embeddable":true,"href":"https:\/\/blogsaverroes.juntadeandalucia.es\/cepermadinatalixena\/wp-json\/wp\/v2\/comments?post=4748"}],"version-history":[{"count":22,"href":"https:\/\/blogsaverroes.juntadeandalucia.es\/cepermadinatalixena\/wp-json\/wp\/v2\/pages\/4748\/revisions"}],"predecessor-version":[{"id":5766,"href":"https:\/\/blogsaverroes.juntadeandalucia.es\/cepermadinatalixena\/wp-json\/wp\/v2\/pages\/4748\/revisions\/5766"}],"wp:attachment":[{"href":"https:\/\/blogsaverroes.juntadeandalucia.es\/cepermadinatalixena\/wp-json\/wp\/v2\/media?parent=4748"}],"curies":[{"name":"wp","href":"https:\/\/api.w.org\/{rel}","templated":true}]}}