{"id":198,"date":"2015-03-17T09:55:36","date_gmt":"2015-03-17T09:55:36","guid":{"rendered":"http:\/\/blogsaverroes.juntadeandalucia.es\/pre\/ceip\/?page_id=198"},"modified":"2021-05-18T16:01:34","modified_gmt":"2021-05-18T16:01:34","slug":"que-es-el-ampa","status":"publish","type":"page","link":"https:\/\/blogsaverroes.juntadeandalucia.es\/cepermarenostrumro\/que-es-el-ampa\/","title":{"rendered":"\u00bfQu\u00e9 es la ASOCIACI\u00d3N EDUPER?"},"content":{"rendered":"<p style=\"text-align: left\"><a href=\"https:\/\/blogsaverroes.juntadeandalucia.es\/cepermarenostrumro2\/files\/2020\/12\/JUNTA-DIRECTIVA.jpg\"><img fetchpriority=\"high\" decoding=\"async\" class=\"size-medium wp-image-2723 aligncenter\" src=\"https:\/\/blogsaverroes.juntadeandalucia.es\/cepermarenostrumro2\/files\/2020\/12\/JUNTA-DIRECTIVA-300x225.jpg\" alt=\"\" width=\"300\" height=\"225\" srcset=\"https:\/\/blogsaverroes.juntadeandalucia.es\/cepermarenostrumro\/files\/2020\/12\/JUNTA-DIRECTIVA-300x225.jpg 300w, https:\/\/blogsaverroes.juntadeandalucia.es\/cepermarenostrumro\/files\/2020\/12\/JUNTA-DIRECTIVA-1024x768.jpg 1024w, https:\/\/blogsaverroes.juntadeandalucia.es\/cepermarenostrumro\/files\/2020\/12\/JUNTA-DIRECTIVA-768x576.jpg 768w, https:\/\/blogsaverroes.juntadeandalucia.es\/cepermarenostrumro\/files\/2020\/12\/JUNTA-DIRECTIVA-1536x1152.jpg 1536w, https:\/\/blogsaverroes.juntadeandalucia.es\/cepermarenostrumro\/files\/2020\/12\/JUNTA-DIRECTIVA-24x18.jpg 24w, https:\/\/blogsaverroes.juntadeandalucia.es\/cepermarenostrumro\/files\/2020\/12\/JUNTA-DIRECTIVA-36x27.jpg 36w, https:\/\/blogsaverroes.juntadeandalucia.es\/cepermarenostrumro\/files\/2020\/12\/JUNTA-DIRECTIVA-48x36.jpg 48w, https:\/\/blogsaverroes.juntadeandalucia.es\/cepermarenostrumro\/files\/2020\/12\/JUNTA-DIRECTIVA.jpg 1600w\" sizes=\"(max-width: 300px) 100vw, 300px\" \/><\/a>Con la denominaci\u00f3n de <strong>ASOCIACI\u00d3N EDUPER ROQUETAS<\/strong>, se constituye en Almer\u00eda, el d\u00eda 12 de diciembre, de 2.019, una organizaci\u00f3n de naturaleza asociativa y sin \u00e1nimo de lucro, al amparo de lo dispuesto en el art\u00edculo 22 de la Constituci\u00f3n Espa\u00f1ola, en el art\u00edculo 7 de Ley Org\u00e1nica 8\/1985, de 3 de julio, reguladora del Derecho de Educaci\u00f3n; en la Ley Org\u00e1nica 2\/2006, 3 de mayo, de Educaci\u00f3n; en la Ley 17\/2007, de 10 de diciembre, de Educaci\u00f3n de Andaluc\u00eda; en la Ley Org\u00e1nica 1\/2002, de 22 de marzo, reguladora del Derecho de Asociaci\u00f3n; en la Ley 4\/2006, de 23 de junio, de Asociaciones de Andaluc\u00eda; y dem\u00e1s disposiciones vigentes.<\/p>\n<p style=\"text-align: left\">EDUPER es una asociaci\u00f3n sin \u00e1nimo de lucro&nbsp; formada por alumnado del CEPER MARE NOSTRUM.<\/p>\n<p>Es un punto de encuentro y de trabajo independiente, abierto y plural.<\/p>\n<p>Desde esta Asociaci\u00f3n podemos contribuir a la mejora de la calidad de la educaci\u00f3n, la convivencia del centro y de las instalaciones.<\/p>\n<h3>\u00bfPor qu\u00e9 es importante vuestra participaci\u00f3n?<\/h3>\n<p>En el centro existen espacios de participaci\u00f3n, siendo EDUPER&nbsp; un espacio de participaci\u00f3n aut\u00f3nomo del alumnado. EDUPER es importante porque:<\/p>\n<ul>\n<li>Es un espacio para aportar iniciativas y trabajar con la direcci\u00f3n del Centro, sin depender de esta.Y para su consecuci\u00f3n se desarrollar\u00e1n las siguientes actividades<em>:<\/em>\n<ul>\n<li>Participaci\u00f3n en la organizaci\u00f3n y planificaci\u00f3n de los sucesivos encuentros de Interculturalidad.<\/li>\n<li>Colaboraci\u00f3n en los planes en los que participa el Centro:<\/li>\n<li>Plan de Igualdad entre hombres y mujeres<\/li>\n<li>Club de lectura \u201cMare Nostrum\u201d<\/li>\n<li>Escuela Espacio de Paz<\/li>\n<li>Coro Mare Nostrum<\/li>\n<li>Colaboraci\u00f3n en el programa de visitas \u201cViernes culturales\u201d dirigidas a los grupos de Conservaci\u00f3n y Conocimiento del Patrimonio.<\/li>\n<li>Participaci\u00f3n en la planificaci\u00f3n y desarrollo de actividades extraescolares y complementarias organizadas por el centro.<\/li>\n<\/ul>\n<\/li>\n<\/ul>\n<h3>\u00bfC\u00f3mo puedes participar?<\/h3>\n<p>Participar en EDUPER es muy f\u00e1cil y cada uno decide el nivel de implicaci\u00f3n.<\/p>\n<ul>\n<li>Podemos asociarnos en cualquier momento, pagando la cuota correspondiente (6 \u20ac)<\/li>\n<li>Podemos tambi\u00e9n participar a trav\u00e9s de las asambleas, incorpor\u00e1ndote a las reuniones&nbsp;abiertas que se convoquen.<\/li>\n<li>Podemos colaborar en los diferentes grupos de trabajo o en actividades puntuales que se organizan desde EDUPER a lo largo del curso.<\/li>\n<li>Podemos proponer iniciativas, plantear temas de debate, organizar actividades, etc., &nbsp;dirigi\u00e9ndote a cualquier miembro de la junta directiva o a trav\u00e9s de la web.<\/li>\n<\/ul>\n<p>&nbsp;<\/p>\n<h3>Los fines de la Asociaci\u00f3n son los siguientes:<\/h3>\n<ol>\n<li>Expresar la opini\u00f3n del alumnado en todo aquello que afecte a su situaci\u00f3n en el Centro.<\/li>\n<li>Colaborar en la labor educativa del Centro y en el desarrollo de las actividades complementarias y extraescolares del mismo.<\/li>\n<li>Promover la participaci\u00f3n del alumnado en los \u00f3rganos colegiados del centro.<\/li>\n<li>Facilitar la colaboraci\u00f3n del centro en los \u00e1mbitos sociales, culturales, econ\u00f3micos y laborales del entorno.<\/li>\n<li>Realizar actividades culturales, deportivas y de fomento de la acci\u00f3n cooperativa y del trabajo en equipo.<\/li>\n<li>Dar apoyo al CEPER MARE NOSTRUM, para contribuir a la consecuci\u00f3n de sus objetivos.<\/li>\n<li>Obtener recursos para ayudar a cumplir sus finalidades.<\/li>\n<li>Instrumentar mecanismos de colaboraci\u00f3n interinstitucional que faciliten el conocimiento general de la tarea del CEPER, acerc\u00e1ndolo a la opini\u00f3n p\u00fablica.<\/li>\n<li>Coordinar e incentivar, junto con el CEPER MARE NOSTRUM, a las personas interesadas en colaborar con \u00e9ste en sus diferentes \u00e1mbitos.<\/li>\n<li>Participar en proyectos internacionales de cooperaci\u00f3n al desarrollo.<\/li>\n<li>Promover la participaci\u00f3n del alumnado en la gesti\u00f3n del centro.<\/li>\n<li>Colaborar en las actividades educativas del centro y cooperar en el consejo de centro en la elaboraci\u00f3n de directrices para la programaci\u00f3n de actividades complementarias, extraescolares o de servicios.<\/li>\n<li>Promover y realizar todo tipo de actividades culturales y formativas.<\/li>\n<\/ol>\n<h3>\u00bfC\u00f3mo se financia?<\/h3>\n<p>EDUPER&nbsp; se financia a trav\u00e9s de las cuotas de socios\/as y subvenciones de otras instituciones.<br \/>\nLa cuota anual de socios\/as es el \u00fanico pago que realizan los alumnos y que gestiona la Asociaci\u00f3n&nbsp; para el beneficio exclusivo de la comunidad educativa .<\/p>\n","protected":false},"excerpt":{"rendered":"<p>Con la denominaci\u00f3n de ASOCIACI\u00d3N EDUPER ROQUETAS, se constituye en Almer\u00eda, el d\u00eda 12 de diciembre, de 2.019, una organizaci\u00f3n de naturaleza asociativa y sin \u00e1nimo de lucro, al amparo de lo dispuesto en el art\u00edculo 22 de la Constituci\u00f3n Espa\u00f1ola, en el art\u00edculo 7&#46;&#46;&#46;<\/p>\n","protected":false},"author":1,"featured_media":0,"parent":0,"menu_order":0,"comment_status":"closed","ping_status":"open","template":"page-cs.php","meta":{"ngg_post_thumbnail":0,"footnotes":"","_mc_calendar":[]},"aioseo_notices":[],"post_mailing_queue_ids":[],"_links":{"self":[{"href":"https:\/\/blogsaverroes.juntadeandalucia.es\/cepermarenostrumro\/wp-json\/wp\/v2\/pages\/198"}],"collection":[{"href":"https:\/\/blogsaverroes.juntadeandalucia.es\/cepermarenostrumro\/wp-json\/wp\/v2\/pages"}],"about":[{"href":"https:\/\/blogsaverroes.juntadeandalucia.es\/cepermarenostrumro\/wp-json\/wp\/v2\/types\/page"}],"author":[{"embeddable":true,"href":"https:\/\/blogsaverroes.juntadeandalucia.es\/cepermarenostrumro\/wp-json\/wp\/v2\/users\/1"}],"replies":[{"embeddable":true,"href":"https:\/\/blogsaverroes.juntadeandalucia.es\/cepermarenostrumro\/wp-json\/wp\/v2\/comments?post=198"}],"version-history":[{"count":6,"href":"https:\/\/blogsaverroes.juntadeandalucia.es\/cepermarenostrumro\/wp-json\/wp\/v2\/pages\/198\/revisions"}],"predecessor-version":[{"id":3154,"href":"https:\/\/blogsaverroes.juntadeandalucia.es\/cepermarenostrumro\/wp-json\/wp\/v2\/pages\/198\/revisions\/3154"}],"wp:attachment":[{"href":"https:\/\/blogsaverroes.juntadeandalucia.es\/cepermarenostrumro\/wp-json\/wp\/v2\/media?parent=198"}],"curies":[{"name":"wp","href":"https:\/\/api.w.org\/{rel}","templated":true}]}}