{"id":2693,"date":"2020-12-04T12:28:28","date_gmt":"2020-12-04T12:28:28","guid":{"rendered":"https:\/\/blogsaverroes.juntadeandalucia.es\/cepermarenostrumro2\/?page_id=2693"},"modified":"2021-11-09T13:12:33","modified_gmt":"2021-11-09T12:12:33","slug":"departamentos","status":"publish","type":"page","link":"https:\/\/blogsaverroes.juntadeandalucia.es\/cepermarenostrumro\/departamentos\/","title":{"rendered":"OFERTA EDUCATIVA"},"content":{"rendered":"<p><strong><u>Formaci\u00f3n B\u00e1sica<\/u><\/strong><strong>.<\/strong><\/p>\n<p><strong>&nbsp;<\/strong><strong><u>Planes para obtenci\u00f3n de titulaci\u00f3n<\/u><\/strong><strong>: <\/strong><\/p>\n<ul>\n<li>Preparaci\u00f3n para la prueba libre de ESO. Nivel 1 y 2<\/li>\n<\/ul>\n<p>Pese a verse mermadas las ratios de nuestras aulas debido al preceptivo distanciamiento de seguridad (m\u00ednimo 1\u20195 metros), se atender\u00e1 a toda la demanda de alumnado en pruebas libres, tanto en la sede principal de Juan Bonachera como en el Parador.<\/p>\n<ul>\n<li>TAE Semipresencial en coordinaci\u00f3n con equipo de profesorado del IES Sabinar de Roquetas de Mar, con disponibilidad horaria por la ma\u00f1ana para facilitar la asistencia del alumnado.<\/li>\n<\/ul>\n<p><strong><u>Planes Ciudadan\u00eda Activa: <\/u><\/strong><\/p>\n<ul>\n<li>Uso b\u00e1sico de idiomas: ingl\u00e9s y espa\u00f1ol<\/li>\n<li>Uso b\u00e1sico de Nuevas Tecnolog\u00edas de la informaci\u00f3n y Comunicaci\u00f3n<\/li>\n<li>Interculturalidad: nivel principiante, medio y avanzado<\/li>\n<li>Nacionalidad, preparaci\u00f3n para las pruebas de Nacionalidad<\/li>\n<li>Conocimiento y Conservaci\u00f3n del Patrimonio Cultural Andaluz.<\/li>\n<\/ul>\n","protected":false},"excerpt":{"rendered":"<p>Formaci\u00f3n B\u00e1sica. &nbsp;Planes para obtenci\u00f3n de titulaci\u00f3n: Preparaci\u00f3n para la prueba libre de ESO. Nivel 1 y 2 Pese a verse mermadas las ratios de nuestras aulas debido al preceptivo distanciamiento de seguridad (m\u00ednimo 1\u20195 metros), se atender\u00e1 a toda la demanda de alumnado en&#46;&#46;&#46;<\/p>\n","protected":false},"author":11626,"featured_media":0,"parent":0,"menu_order":0,"comment_status":"closed","ping_status":"closed","template":"","meta":{"ngg_post_thumbnail":0,"footnotes":"","_mc_calendar":[]},"aioseo_notices":[],"post_mailing_queue_ids":[],"_links":{"self":[{"href":"https:\/\/blogsaverroes.juntadeandalucia.es\/cepermarenostrumro\/wp-json\/wp\/v2\/pages\/2693"}],"collection":[{"href":"https:\/\/blogsaverroes.juntadeandalucia.es\/cepermarenostrumro\/wp-json\/wp\/v2\/pages"}],"about":[{"href":"https:\/\/blogsaverroes.juntadeandalucia.es\/cepermarenostrumro\/wp-json\/wp\/v2\/types\/page"}],"author":[{"embeddable":true,"href":"https:\/\/blogsaverroes.juntadeandalucia.es\/cepermarenostrumro\/wp-json\/wp\/v2\/users\/11626"}],"replies":[{"embeddable":true,"href":"https:\/\/blogsaverroes.juntadeandalucia.es\/cepermarenostrumro\/wp-json\/wp\/v2\/comments?post=2693"}],"version-history":[{"count":3,"href":"https:\/\/blogsaverroes.juntadeandalucia.es\/cepermarenostrumro\/wp-json\/wp\/v2\/pages\/2693\/revisions"}],"predecessor-version":[{"id":3309,"href":"https:\/\/blogsaverroes.juntadeandalucia.es\/cepermarenostrumro\/wp-json\/wp\/v2\/pages\/2693\/revisions\/3309"}],"wp:attachment":[{"href":"https:\/\/blogsaverroes.juntadeandalucia.es\/cepermarenostrumro\/wp-json\/wp\/v2\/media?parent=2693"}],"curies":[{"name":"wp","href":"https:\/\/api.w.org\/{rel}","templated":true}]}}