{"id":2695,"date":"2020-12-04T12:28:28","date_gmt":"2020-12-04T12:28:28","guid":{"rendered":"https:\/\/blogsaverroes.juntadeandalucia.es\/cepermarenostrumro2\/?page_id=2695"},"modified":"2022-01-29T21:48:59","modified_gmt":"2022-01-29T20:48:59","slug":"pl-ambito-sociales","status":"publish","type":"page","link":"https:\/\/blogsaverroes.juntadeandalucia.es\/cepermarenostrumro\/pl-ambito-sociales\/","title":{"rendered":"E.S.O. PARA ADULTOS"},"content":{"rendered":"\t\t<div data-elementor-type=\"wp-page\" data-elementor-id=\"2695\" class=\"elementor elementor-2695\">\n\t\t\t\t\t\t<section class=\"elementor-section elementor-top-section elementor-element elementor-element-6e99703 elementor-section-boxed elementor-section-height-default elementor-section-height-default\" data-id=\"6e99703\" data-element_type=\"section\">\n\t\t\t\t\t\t<div class=\"elementor-container elementor-column-gap-default\">\n\t\t\t\t\t<div class=\"elementor-column elementor-col-100 elementor-top-column elementor-element elementor-element-40b0e34\" data-id=\"40b0e34\" data-element_type=\"column\">\n\t\t\t<div class=\"elementor-widget-wrap elementor-element-populated\">\n\t\t\t\t\t\t<div class=\"elementor-element elementor-element-38658ad elementor-widget elementor-widget-text-editor\" data-id=\"38658ad\" data-element_type=\"widget\" data-widget_type=\"text-editor.default\">\n\t\t\t\t<div class=\"elementor-widget-container\">\n\t\t\t\t\t\t\t\t\t<p>En el CEPER Mare Nostrum te ofrecemos la posibilidad de estudiar la<strong> Educaci\u00f3n Secundaria Obligatoria para personas adultas (ESPA) <\/strong><strong><span style=\"font-weight: normal\">con especiales caracter\u00edsticas:<\/span><\/strong><\/p><ul><li><p style=\"margin-bottom: 0cm\">De forma presencial. Te ayudamos a conseguir tu objetivo con seguimiento personalizado y orientado, ayud\u00e1ndote en el estudio, con grupos reducidos.<\/p><\/li><li><p style=\"margin-bottom: 0cm\">Si llevas tiempo sin estudiar tienes la posibilidad de realizarlo en <strong>dos cursos escolares<\/strong>: Nivel I (1\u00ba y 2\u00ba de la ESO) y Nivel II (3\u00ba y 4\u00ba de la ESO).<\/p><\/li><li><p style=\"margin-bottom: 0cm\">Los contenidos se agrupan por <strong>\u00e1mbitos, <\/strong>no por materias: \u00c1mbito de comunicaci\u00f3n (Lengua e Ingl\u00e9s o Franc\u00e9s), \u00c1mbito cient\u00edfico-tecnol\u00f3gico y \u00c1mbito social. El <b>\u00c1mbito de comunicaci\u00f3n<\/b> tiene como objetivo esencial el desarrollo de la competencia ling\u00fc\u00edstica del alumnado a trav\u00e9s de unas herramientas y conocimientos necesarios que posibiliten los procesos de comprensi\u00f3n y expresi\u00f3n oral y escrita. El <b>\u00c1mbito cient\u00edfico\u2013tecnol\u00f3gico<\/b> toma como referente los aspectos b\u00e1sicos del curr\u00edculo de la Educaci\u00f3n Secundaria Obligatoria referidos a las materias de Biolog\u00eda y Geolog\u00eda, Matem\u00e1ticas, incluidas las acad\u00e9micas y las aplicadas en el segundo nivel, F\u00edsica y Qu\u00edmica, Tecnolog\u00eda y los aspectos relacionados con la salud y el medio natural recogidos en el curr\u00edculo de Educaci\u00f3n F\u00edsica. El <strong>\u00c1mbito social<\/strong> toma como referente los aspectos b\u00e1sicos del curr\u00edculo referidos a las materias de Geograf\u00eda e Historia, Econom\u00eda, Cultura Cl\u00e1sica, Educaci\u00f3n para la Ciudadan\u00eda, Cambios Sociales y G\u00e9nero e Iniciaci\u00f3n a la Actividad Emprendedora y Empresarial, a los que se suman los aspectos referidos a la percepci\u00f3n del \u00e1mbito art\u00edstico y cultural correspondientes a las materias de Educaci\u00f3n Pl\u00e1stica, Visual y Audiovisual y M\u00fasica.<\/p><\/li><li><p style=\"margin-bottom: 0cm\">Posibilidad de <strong>matr\u00edcula parcial<\/strong> por \u00e1mbitos. Puedes estudiar todos los \u00e1mbitos o bien realizar cada curso uno o varios \u00e1mbitos.<\/p><\/li><li><p>Si tienes alg\u00fan \u00e1mbito superado no debes cursarlo de nuevo. Sin l\u00edmite de tiempo.<\/p><\/li><li>Te ayudamos con la solicitud telem\u00e1tica para inscribirte en las pruebas y te guiamos en todo el proceso.<\/li><\/ul>\t\t\t\t\t\t\t\t<\/div>\n\t\t\t\t<\/div>\n\t\t\t\t\t<\/div>\n\t\t<\/div>\n\t\t\t\t\t<\/div>\n\t\t<\/section>\n\t\t\t\t<section class=\"elementor-section elementor-top-section elementor-element elementor-element-40ec3a3 elementor-section-boxed elementor-section-height-default elementor-section-height-default\" data-id=\"40ec3a3\" data-element_type=\"section\">\n\t\t\t\t\t\t<div class=\"elementor-container elementor-column-gap-default\">\n\t\t\t\t\t<div class=\"elementor-column elementor-col-100 elementor-top-column elementor-element elementor-element-0941d84\" data-id=\"0941d84\" data-element_type=\"column\">\n\t\t\t<div class=\"elementor-widget-wrap elementor-element-populated\">\n\t\t\t\t\t\t<div class=\"elementor-element elementor-element-d6bce0d elementor-widget elementor-widget-image\" data-id=\"d6bce0d\" data-element_type=\"widget\" data-widget_type=\"image.default\">\n\t\t\t\t<div class=\"elementor-widget-container\">\n\t\t\t\t\t\t\t\t\t\t\t\t\t\t\t<img fetchpriority=\"high\" decoding=\"async\" width=\"582\" height=\"282\" src=\"https:\/\/blogsaverroes.juntadeandalucia.es\/cepermarenostrumro\/files\/2020\/12\/PRUEBAS-LIBRES.jpg\" class=\"attachment-large size-large wp-image-3083\" alt=\"\" srcset=\"https:\/\/blogsaverroes.juntadeandalucia.es\/cepermarenostrumro\/files\/2020\/12\/PRUEBAS-LIBRES.jpg 582w, https:\/\/blogsaverroes.juntadeandalucia.es\/cepermarenostrumro\/files\/2020\/12\/PRUEBAS-LIBRES-300x145.jpg 300w, https:\/\/blogsaverroes.juntadeandalucia.es\/cepermarenostrumro\/files\/2020\/12\/PRUEBAS-LIBRES-24x12.jpg 24w, https:\/\/blogsaverroes.juntadeandalucia.es\/cepermarenostrumro\/files\/2020\/12\/PRUEBAS-LIBRES-36x17.jpg 36w, https:\/\/blogsaverroes.juntadeandalucia.es\/cepermarenostrumro\/files\/2020\/12\/PRUEBAS-LIBRES-48x23.jpg 48w\" sizes=\"(max-width: 582px) 100vw, 582px\" \/>\t\t\t\t\t\t\t\t\t\t\t\t\t\t\t<\/div>\n\t\t\t\t<\/div>\n\t\t\t\t<div class=\"elementor-element elementor-element-11ee8eb elementor-align-center elementor-widget elementor-widget-button\" data-id=\"11ee8eb\" data-element_type=\"widget\" data-widget_type=\"button.default\">\n\t\t\t\t<div class=\"elementor-widget-container\">\n\t\t\t\t\t\t\t\t\t<div class=\"elementor-button-wrapper\">\n\t\t\t\t\t<a class=\"elementor-button elementor-button-link elementor-size-xl\" href=\"https:\/\/cepermn.wixsite.com\/blogpruebaslibres21\">\n\t\t\t\t\t\t<span class=\"elementor-button-content-wrapper\">\n\t\t\t\t\t\t\t\t\t<span class=\"elementor-button-text\">ACCESO BLOG DE MATERIALES<\/span>\n\t\t\t\t\t<\/span>\n\t\t\t\t\t<\/a>\n\t\t\t\t<\/div>\n\t\t\t\t\t\t\t\t<\/div>\n\t\t\t\t<\/div>\n\t\t\t\t\t<\/div>\n\t\t<\/div>\n\t\t\t\t\t<\/div>\n\t\t<\/section>\n\t\t\t\t<\/div>\n\t\t","protected":false},"excerpt":{"rendered":"<p>En el CEPER Mare Nostrum te ofrecemos la posibilidad de estudiar la Educaci\u00f3n Secundaria Obligatoria para personas adultas (ESPA) con especiales caracter\u00edsticas: De forma presencial. Te ayudamos a conseguir tu objetivo con seguimiento personalizado y orientado, ayud\u00e1ndote en el estudio, con grupos reducidos. Si llevas&#46;&#46;&#46;<\/p>\n","protected":false},"author":11626,"featured_media":0,"parent":0,"menu_order":0,"comment_status":"closed","ping_status":"closed","template":"","meta":{"ngg_post_thumbnail":0,"footnotes":"","_mc_calendar":[]},"aioseo_notices":[],"post_mailing_queue_ids":[],"_links":{"self":[{"href":"https:\/\/blogsaverroes.juntadeandalucia.es\/cepermarenostrumro\/wp-json\/wp\/v2\/pages\/2695"}],"collection":[{"href":"https:\/\/blogsaverroes.juntadeandalucia.es\/cepermarenostrumro\/wp-json\/wp\/v2\/pages"}],"about":[{"href":"https:\/\/blogsaverroes.juntadeandalucia.es\/cepermarenostrumro\/wp-json\/wp\/v2\/types\/page"}],"author":[{"embeddable":true,"href":"https:\/\/blogsaverroes.juntadeandalucia.es\/cepermarenostrumro\/wp-json\/wp\/v2\/users\/11626"}],"replies":[{"embeddable":true,"href":"https:\/\/blogsaverroes.juntadeandalucia.es\/cepermarenostrumro\/wp-json\/wp\/v2\/comments?post=2695"}],"version-history":[{"count":13,"href":"https:\/\/blogsaverroes.juntadeandalucia.es\/cepermarenostrumro\/wp-json\/wp\/v2\/pages\/2695\/revisions"}],"predecessor-version":[{"id":3913,"href":"https:\/\/blogsaverroes.juntadeandalucia.es\/cepermarenostrumro\/wp-json\/wp\/v2\/pages\/2695\/revisions\/3913"}],"wp:attachment":[{"href":"https:\/\/blogsaverroes.juntadeandalucia.es\/cepermarenostrumro\/wp-json\/wp\/v2\/media?parent=2695"}],"curies":[{"name":"wp","href":"https:\/\/api.w.org\/{rel}","templated":true}]}}