{"id":2875,"date":"2020-12-16T15:58:39","date_gmt":"2020-12-16T15:58:39","guid":{"rendered":"https:\/\/blogsaverroes.juntadeandalucia.es\/cepermarenostrumro\/?page_id=2875"},"modified":"2021-11-08T16:17:58","modified_gmt":"2021-11-08T15:17:58","slug":"formacion-basica","status":"publish","type":"page","link":"https:\/\/blogsaverroes.juntadeandalucia.es\/cepermarenostrumro\/formacion-basica\/","title":{"rendered":"FORMACI\u00d3N B\u00c1SICA"},"content":{"rendered":"\t\t<div data-elementor-type=\"wp-page\" data-elementor-id=\"2875\" class=\"elementor elementor-2875\">\n\t\t\t\t\t\t<section class=\"elementor-section elementor-top-section elementor-element elementor-element-38c212e elementor-section-boxed elementor-section-height-default elementor-section-height-default\" data-id=\"38c212e\" data-element_type=\"section\">\n\t\t\t\t\t\t<div class=\"elementor-container elementor-column-gap-default\">\n\t\t\t\t\t<div class=\"elementor-column elementor-col-100 elementor-top-column elementor-element elementor-element-6bbd108\" data-id=\"6bbd108\" data-element_type=\"column\">\n\t\t\t<div class=\"elementor-widget-wrap elementor-element-populated\">\n\t\t\t\t\t\t<div class=\"elementor-element elementor-element-cd696ae elementor-widget elementor-widget-text-editor\" data-id=\"cd696ae\" data-element_type=\"widget\" data-widget_type=\"text-editor.default\">\n\t\t\t\t<div class=\"elementor-widget-container\">\n\t\t\t\t\t\t\t\t\t<p align=\"justify\">Est\u00e1 dirigido a las personas personas que quieren acceder a la Educaci\u00f3n Secundaria Obligatoria y no tienen el nivel de estudios necesario. Est\u00e1 organizado en dos niveles de un curso de duraci\u00f3n cada uno:\u00a0\u00a0 <\/p><p align=\"justify\"><strong>Nivel I<\/strong><br \/>En este nivel se inscriben los alumnos y alumnas que no tienen las herramientas b\u00e1sicas de lecto-escritura y c\u00e1lculo necesarias para adquirir un aprendizaje aut\u00f3nomo. Puedes permanecer en este nivel durante un curso acad\u00e9mico.<\/p><div align=\"justify\"><strong>Nivel II <\/strong><br \/>En el segundo nivel se inscriben las personas adultas que quieren mejorar sus conocimientos y adquirir los contenidos m\u00ednimos para acceder a la Educaci\u00f3n Secundaria y conseguir una titulaci\u00f3n. En este nivel los alumnos y alumnas tambi\u00e9n pueden permanecer durante un curso acad\u00e9mico.<\/div><div align=\"justify\">\u00a0<\/div><div align=\"justify\">Cuando una persona se matricula en nuestro Centro porque quiere conseguir el T\u00edtulo de Graduado Escolar en Educaci\u00f3n Secundaria, debe realizar una peque\u00f1a prueba de valoraci\u00f3n inicial que determinar\u00e1 el Plan educativo en el que debe inscribirse.<\/div>\t\t\t\t\t\t\t\t<\/div>\n\t\t\t\t<\/div>\n\t\t\t\t\t<\/div>\n\t\t<\/div>\n\t\t\t\t\t<\/div>\n\t\t<\/section>\n\t\t\t\t<\/div>\n\t\t","protected":false},"excerpt":{"rendered":"<p>Est\u00e1 dirigido a las personas personas que quieren acceder a la Educaci\u00f3n Secundaria Obligatoria y no tienen el nivel de estudios necesario. Est\u00e1 organizado en dos niveles de un curso de duraci\u00f3n cada uno:\u00a0\u00a0 Nivel IEn este nivel se inscriben los alumnos y alumnas que&#46;&#46;&#46;<\/p>\n","protected":false},"author":11659,"featured_media":0,"parent":0,"menu_order":0,"comment_status":"closed","ping_status":"closed","template":"","meta":{"ngg_post_thumbnail":0,"footnotes":"","_mc_calendar":[]},"aioseo_notices":[],"post_mailing_queue_ids":[],"_links":{"self":[{"href":"https:\/\/blogsaverroes.juntadeandalucia.es\/cepermarenostrumro\/wp-json\/wp\/v2\/pages\/2875"}],"collection":[{"href":"https:\/\/blogsaverroes.juntadeandalucia.es\/cepermarenostrumro\/wp-json\/wp\/v2\/pages"}],"about":[{"href":"https:\/\/blogsaverroes.juntadeandalucia.es\/cepermarenostrumro\/wp-json\/wp\/v2\/types\/page"}],"author":[{"embeddable":true,"href":"https:\/\/blogsaverroes.juntadeandalucia.es\/cepermarenostrumro\/wp-json\/wp\/v2\/users\/11659"}],"replies":[{"embeddable":true,"href":"https:\/\/blogsaverroes.juntadeandalucia.es\/cepermarenostrumro\/wp-json\/wp\/v2\/comments?post=2875"}],"version-history":[{"count":5,"href":"https:\/\/blogsaverroes.juntadeandalucia.es\/cepermarenostrumro\/wp-json\/wp\/v2\/pages\/2875\/revisions"}],"predecessor-version":[{"id":3286,"href":"https:\/\/blogsaverroes.juntadeandalucia.es\/cepermarenostrumro\/wp-json\/wp\/v2\/pages\/2875\/revisions\/3286"}],"wp:attachment":[{"href":"https:\/\/blogsaverroes.juntadeandalucia.es\/cepermarenostrumro\/wp-json\/wp\/v2\/media?parent=2875"}],"curies":[{"name":"wp","href":"https:\/\/api.w.org\/{rel}","templated":true}]}}