{"id":2876,"date":"2020-12-16T15:58:39","date_gmt":"2020-12-16T15:58:39","guid":{"rendered":"https:\/\/blogsaverroes.juntadeandalucia.es\/cepermarenostrumro\/?page_id=2876"},"modified":"2021-11-08T18:39:00","modified_gmt":"2021-11-08T17:39:00","slug":"ingles","status":"publish","type":"page","link":"https:\/\/blogsaverroes.juntadeandalucia.es\/cepermarenostrumro\/ingles\/","title":{"rendered":"USO B\u00c1SICO DE IDIOMAS: INGL\u00c9S"},"content":{"rendered":"<p><a href=\"https:\/\/blogsaverroes.juntadeandalucia.es\/cepermarenostrumro\/files\/2021\/11\/\u00edndice.jpg\"><img decoding=\"async\" class=\"size-medium wp-image-3290 aligncenter\" src=\"https:\/\/blogsaverroes.juntadeandalucia.es\/cepermarenostrumro\/files\/2021\/11\/\u00edndice-300x137.jpg\" alt=\"\" width=\"300\" height=\"137\"><\/a><\/p>\n<p>El objetivo de este plan educativo es que aprendas a desenvolverte en diferentes situaciones cotidianas con otra lengua y tambi\u00e9n que puedas establecer conversaciones es este idoma.<\/p>\n<p>En nuestro centro tenemos clases de Ingl\u00e9s en Roquetas, Aguadulce y Las Marinas.<\/p>\n<p style=\"text-align: center\"><a href=\"https:\/\/cepermn.wixsite.com\/ingles2021\">PINCHA LA IM\u00c1GEN PARA IR AL BLOG<img decoding=\"async\" class=\"wp-image-3305 aligncenter\" src=\"https:\/\/blogsaverroes.juntadeandalucia.es\/cepermarenostrumro\/files\/2021\/11\/espana-reino-unido-150x150.gif\" alt=\"\" width=\"56\" height=\"56\" srcset=\"https:\/\/blogsaverroes.juntadeandalucia.es\/cepermarenostrumro\/files\/2021\/11\/espana-reino-unido-150x150.gif 150w, https:\/\/blogsaverroes.juntadeandalucia.es\/cepermarenostrumro\/files\/2021\/11\/espana-reino-unido-50x50.gif 50w\" sizes=\"(max-width: 56px) 100vw, 56px\" \/><\/a><\/p>\n","protected":false},"excerpt":{"rendered":"<p>El objetivo de este plan educativo es que aprendas a desenvolverte en diferentes situaciones cotidianas con otra lengua y tambi\u00e9n que puedas establecer conversaciones es este idoma. En nuestro centro tenemos clases de Ingl\u00e9s en Roquetas, Aguadulce y Las Marinas. PINCHA LA IM\u00c1GEN PARA IR&#46;&#46;&#46;<\/p>\n","protected":false},"author":11659,"featured_media":0,"parent":0,"menu_order":0,"comment_status":"closed","ping_status":"closed","template":"","meta":{"ngg_post_thumbnail":0,"footnotes":"","_mc_calendar":[]},"aioseo_notices":[],"post_mailing_queue_ids":[],"_links":{"self":[{"href":"https:\/\/blogsaverroes.juntadeandalucia.es\/cepermarenostrumro\/wp-json\/wp\/v2\/pages\/2876"}],"collection":[{"href":"https:\/\/blogsaverroes.juntadeandalucia.es\/cepermarenostrumro\/wp-json\/wp\/v2\/pages"}],"about":[{"href":"https:\/\/blogsaverroes.juntadeandalucia.es\/cepermarenostrumro\/wp-json\/wp\/v2\/types\/page"}],"author":[{"embeddable":true,"href":"https:\/\/blogsaverroes.juntadeandalucia.es\/cepermarenostrumro\/wp-json\/wp\/v2\/users\/11659"}],"replies":[{"embeddable":true,"href":"https:\/\/blogsaverroes.juntadeandalucia.es\/cepermarenostrumro\/wp-json\/wp\/v2\/comments?post=2876"}],"version-history":[{"count":9,"href":"https:\/\/blogsaverroes.juntadeandalucia.es\/cepermarenostrumro\/wp-json\/wp\/v2\/pages\/2876\/revisions"}],"predecessor-version":[{"id":3306,"href":"https:\/\/blogsaverroes.juntadeandalucia.es\/cepermarenostrumro\/wp-json\/wp\/v2\/pages\/2876\/revisions\/3306"}],"wp:attachment":[{"href":"https:\/\/blogsaverroes.juntadeandalucia.es\/cepermarenostrumro\/wp-json\/wp\/v2\/media?parent=2876"}],"curies":[{"name":"wp","href":"https:\/\/api.w.org\/{rel}","templated":true}]}}