{"id":2926,"date":"2020-12-19T08:06:12","date_gmt":"2020-12-19T08:06:12","guid":{"rendered":"https:\/\/blogsaverroes.juntadeandalucia.es\/cepermarenostrumro\/?page_id=2926"},"modified":"2025-12-20T19:15:34","modified_gmt":"2025-12-20T18:15:34","slug":"claustro-de-profesores","status":"publish","type":"page","link":"https:\/\/blogsaverroes.juntadeandalucia.es\/cepermarenostrumro\/claustro-de-profesores\/","title":{"rendered":"\u00bfQui\u00e9nes somos?"},"content":{"rendered":"\t\t<div data-elementor-type=\"wp-page\" data-elementor-id=\"2926\" class=\"elementor elementor-2926\">\n\t\t\t\t\t\t<section class=\"elementor-section elementor-top-section elementor-element elementor-element-a0d7196 elementor-section-boxed elementor-section-height-default elementor-section-height-default\" data-id=\"a0d7196\" data-element_type=\"section\">\n\t\t\t\t\t\t<div class=\"elementor-container elementor-column-gap-default\">\n\t\t\t\t\t<div class=\"elementor-column elementor-col-100 elementor-top-column elementor-element elementor-element-d62aa97\" data-id=\"d62aa97\" data-element_type=\"column\">\n\t\t\t<div class=\"elementor-widget-wrap elementor-element-populated\">\n\t\t\t\t\t\t<div class=\"elementor-element elementor-element-8e8c39d elementor-widget elementor-widget-image\" data-id=\"8e8c39d\" data-element_type=\"widget\" data-widget_type=\"image.default\">\n\t\t\t\t<div class=\"elementor-widget-container\">\n\t\t\t\t\t\t\t\t\t\t\t\t\t\t\t<img fetchpriority=\"high\" decoding=\"async\" width=\"1024\" height=\"768\" src=\"https:\/\/blogsaverroes.juntadeandalucia.es\/cepermarenostrumro\/files\/2025\/09\/WhatsApp-Image-2025-09-08-at-11.31.15-1-1024x768.jpeg\" class=\"attachment-large size-large wp-image-7197\" alt=\"\" srcset=\"https:\/\/blogsaverroes.juntadeandalucia.es\/cepermarenostrumro\/files\/2025\/09\/WhatsApp-Image-2025-09-08-at-11.31.15-1-1024x768.jpeg 1024w, https:\/\/blogsaverroes.juntadeandalucia.es\/cepermarenostrumro\/files\/2025\/09\/WhatsApp-Image-2025-09-08-at-11.31.15-1-300x225.jpeg 300w, https:\/\/blogsaverroes.juntadeandalucia.es\/cepermarenostrumro\/files\/2025\/09\/WhatsApp-Image-2025-09-08-at-11.31.15-1-768x576.jpeg 768w, https:\/\/blogsaverroes.juntadeandalucia.es\/cepermarenostrumro\/files\/2025\/09\/WhatsApp-Image-2025-09-08-at-11.31.15-1-1536x1152.jpeg 1536w, https:\/\/blogsaverroes.juntadeandalucia.es\/cepermarenostrumro\/files\/2025\/09\/WhatsApp-Image-2025-09-08-at-11.31.15-1.jpeg 1600w\" sizes=\"(max-width: 1024px) 100vw, 1024px\" \/>\t\t\t\t\t\t\t\t\t\t\t\t\t\t\t<\/div>\n\t\t\t\t<\/div>\n\t\t\t\t\t<\/div>\n\t\t<\/div>\n\t\t\t\t\t<\/div>\n\t\t<\/section>\n\t\t\t\t<section class=\"elementor-section elementor-top-section elementor-element elementor-element-3d32c95 elementor-section-boxed elementor-section-height-default elementor-section-height-default\" data-id=\"3d32c95\" data-element_type=\"section\">\n\t\t\t\t\t\t<div class=\"elementor-container elementor-column-gap-default\">\n\t\t\t\t\t<div class=\"elementor-column elementor-col-100 elementor-top-column elementor-element elementor-element-f2b83b2\" data-id=\"f2b83b2\" data-element_type=\"column\">\n\t\t\t<div class=\"elementor-widget-wrap elementor-element-populated\">\n\t\t\t\t\t\t<div class=\"elementor-element elementor-element-007c1f5 elementor-widget elementor-widget-heading\" data-id=\"007c1f5\" data-element_type=\"widget\" data-widget_type=\"heading.default\">\n\t\t\t\t<div class=\"elementor-widget-container\">\n\t\t\t\t\t<h2 class=\"elementor-heading-title elementor-size-default\"><b>CLAUSTRO 25\/26<\/b><\/h2>\t\t\t\t<\/div>\n\t\t\t\t<\/div>\n\t\t\t\t<div class=\"elementor-element elementor-element-1f5f1d7 elementor-widget elementor-widget-heading\" data-id=\"1f5f1d7\" data-element_type=\"widget\" data-widget_type=\"heading.default\">\n\t\t\t\t<div class=\"elementor-widget-container\">\n\t\t\t\t\t<h2 class=\"elementor-heading-title elementor-size-default\"><b>MAR\u00cdA \u00c1NGELES L\u00d3PEZ GARC\u00cdA. Directora. <\/b><br><b>JUAN PEDRO FERN\u00c1NDEZ MORA. Jefe de estudios. <br>JUAN DAMI\u00c1N CASADO HERN\u00c1NDEZ.<\/b><br><b>\u00c1LVARO FERN\u00c1NDEZ RIVERA.<br>MARIANO HERN\u00c1NDEZ MADRIGAL.<\/b><br><b>JUAN L\u00d3PEZ PADILLA.<\/b><br><b>CARLOS MERINO HERRERO.<\/b><br>MAR\u00cdA LUISA OSORIO HERRERA<br>MAR\u00cdA ENCARNACI\u00d3N SEDANO VIZCA\u00cdNO.<\/h2>\t\t\t\t<\/div>\n\t\t\t\t<\/div>\n\t\t\t\t\t<\/div>\n\t\t<\/div>\n\t\t\t\t\t<\/div>\n\t\t<\/section>\n\t\t\t\t<section class=\"elementor-section elementor-top-section elementor-element elementor-element-3896783 elementor-section-boxed elementor-section-height-default elementor-section-height-default\" data-id=\"3896783\" data-element_type=\"section\">\n\t\t\t\t\t\t<div class=\"elementor-container elementor-column-gap-default\">\n\t\t\t\t\t<div class=\"elementor-column elementor-col-100 elementor-top-column elementor-element elementor-element-0becf9f\" data-id=\"0becf9f\" data-element_type=\"column\">\n\t\t\t<div class=\"elementor-widget-wrap elementor-element-populated\">\n\t\t\t\t\t\t<div class=\"elementor-element elementor-element-ae190b9 elementor-widget elementor-widget-heading\" data-id=\"ae190b9\" data-element_type=\"widget\" data-widget_type=\"heading.default\">\n\t\t\t\t<div class=\"elementor-widget-container\">\n\t\t\t\t\t<h1 class=\"elementor-heading-title elementor-size-large\">Consejo de Centro<\/h1>\t\t\t\t<\/div>\n\t\t\t\t<\/div>\n\t\t\t\t\t<\/div>\n\t\t<\/div>\n\t\t\t\t\t<\/div>\n\t\t<\/section>\n\t\t\t\t<section class=\"elementor-section elementor-top-section elementor-element elementor-element-4a60de9 elementor-section-boxed elementor-section-height-default elementor-section-height-default\" data-id=\"4a60de9\" data-element_type=\"section\">\n\t\t\t\t\t\t<div class=\"elementor-container elementor-column-gap-default\">\n\t\t\t\t\t<div class=\"elementor-column elementor-col-100 elementor-top-column elementor-element elementor-element-c950fb5\" data-id=\"c950fb5\" data-element_type=\"column\">\n\t\t\t<div class=\"elementor-widget-wrap elementor-element-populated\">\n\t\t\t\t\t\t<div class=\"elementor-element elementor-element-b3a9f13 elementor-widget elementor-widget-heading\" data-id=\"b3a9f13\" data-element_type=\"widget\" data-widget_type=\"heading.default\">\n\t\t\t\t<div class=\"elementor-widget-container\">\n\t\t\t\t\t<h1 class=\"elementor-heading-title elementor-size-small\"><u>Sector Profesorado<\/u><br><br>Mar\u00eda \u00c1ngeles L\u00f3pez Garc\u00eda<br>Juan Pedro Fern\u00e1ndez Mora<br>Mariano Hern\u00e1ndez Madrigal<br>Juan Dami\u00e1n Casado Hern\u00e1ndez<br>\u00c1lvaro Fern\u00e1ndez Rivera<\/h1>\t\t\t\t<\/div>\n\t\t\t\t<\/div>\n\t\t\t\t\t<\/div>\n\t\t<\/div>\n\t\t\t\t<div class=\"elementor-column elementor-col-100 elementor-top-column elementor-element elementor-element-63998a1\" data-id=\"63998a1\" data-element_type=\"column\">\n\t\t\t<div class=\"elementor-widget-wrap elementor-element-populated\">\n\t\t\t\t\t\t<div class=\"elementor-element elementor-element-bf53d30 elementor-widget elementor-widget-heading\" data-id=\"bf53d30\" data-element_type=\"widget\" data-widget_type=\"heading.default\">\n\t\t\t\t<div class=\"elementor-widget-container\">\n\t\t\t\t\t<h4 class=\"elementor-heading-title elementor-size-small\"><u>Sector Alumnado<\/u><br><br>Mar\u00eda Teresa Li\u00f1\u00e1n Cabrera<br>Josefa Mu\u00f1oz Garc\u00eda<br>Carmen Molina Tortosa<br><br><u>Representante Municipal<\/u><br>Lourdes Garc\u00eda Garz\u00f3n<\/h4>\t\t\t\t<\/div>\n\t\t\t\t<\/div>\n\t\t\t\t\t<\/div>\n\t\t<\/div>\n\t\t\t\t\t<\/div>\n\t\t<\/section>\n\t\t\t\t<\/div>\n\t\t","protected":false},"excerpt":{"rendered":"<p>CLAUSTRO 25\/26 MAR\u00cdA \u00c1NGELES L\u00d3PEZ GARC\u00cdA. Directora. JUAN PEDRO FERN\u00c1NDEZ MORA. Jefe de estudios. JUAN DAMI\u00c1N CASADO HERN\u00c1NDEZ.\u00c1LVARO FERN\u00c1NDEZ RIVERA.MARIANO HERN\u00c1NDEZ MADRIGAL.JUAN L\u00d3PEZ PADILLA.CARLOS MERINO HERRERO.MAR\u00cdA LUISA OSORIO HERRERAMAR\u00cdA ENCARNACI\u00d3N SEDANO VIZCA\u00cdNO. Consejo de Centro Sector Profesorado Mar\u00eda \u00c1ngeles L\u00f3pez Garc\u00edaJuan Pedro Fern\u00e1ndez MoraMariano Hern\u00e1ndez&#46;&#46;&#46;<\/p>\n","protected":false},"author":11659,"featured_media":0,"parent":0,"menu_order":0,"comment_status":"closed","ping_status":"closed","template":"","meta":{"ngg_post_thumbnail":0,"footnotes":"","_mc_calendar":[]},"aioseo_notices":[],"post_mailing_queue_ids":[],"_links":{"self":[{"href":"https:\/\/blogsaverroes.juntadeandalucia.es\/cepermarenostrumro\/wp-json\/wp\/v2\/pages\/2926"}],"collection":[{"href":"https:\/\/blogsaverroes.juntadeandalucia.es\/cepermarenostrumro\/wp-json\/wp\/v2\/pages"}],"about":[{"href":"https:\/\/blogsaverroes.juntadeandalucia.es\/cepermarenostrumro\/wp-json\/wp\/v2\/types\/page"}],"author":[{"embeddable":true,"href":"https:\/\/blogsaverroes.juntadeandalucia.es\/cepermarenostrumro\/wp-json\/wp\/v2\/users\/11659"}],"replies":[{"embeddable":true,"href":"https:\/\/blogsaverroes.juntadeandalucia.es\/cepermarenostrumro\/wp-json\/wp\/v2\/comments?post=2926"}],"version-history":[{"count":30,"href":"https:\/\/blogsaverroes.juntadeandalucia.es\/cepermarenostrumro\/wp-json\/wp\/v2\/pages\/2926\/revisions"}],"predecessor-version":[{"id":7337,"href":"https:\/\/blogsaverroes.juntadeandalucia.es\/cepermarenostrumro\/wp-json\/wp\/v2\/pages\/2926\/revisions\/7337"}],"wp:attachment":[{"href":"https:\/\/blogsaverroes.juntadeandalucia.es\/cepermarenostrumro\/wp-json\/wp\/v2\/media?parent=2926"}],"curies":[{"name":"wp","href":"https:\/\/api.w.org\/{rel}","templated":true}]}}