{"id":3446,"date":"2021-11-16T12:02:16","date_gmt":"2021-11-16T11:02:16","guid":{"rendered":"https:\/\/blogsaverroes.juntadeandalucia.es\/cepermarenostrumro\/?page_id=3446"},"modified":"2022-10-19T19:13:08","modified_gmt":"2022-10-19T17:13:08","slug":"roquetas","status":"publish","type":"page","link":"https:\/\/blogsaverroes.juntadeandalucia.es\/cepermarenostrumro\/roquetas\/","title":{"rendered":"ROQUETAS"},"content":{"rendered":"<p><a href=\"https:\/\/goo.gl\/maps\/kPqR7iowSR7txm4B9\"><img fetchpriority=\"high\" decoding=\"async\" class=\"aligncenter wp-image-2970 size-full\" src=\"https:\/\/blogsaverroes.juntadeandalucia.es\/cepermarenostrumro\/files\/2020\/12\/JUAN-BONACHERA-2.jpg\" alt=\"\" width=\"500\" height=\"307\" srcset=\"https:\/\/blogsaverroes.juntadeandalucia.es\/cepermarenostrumro\/files\/2020\/12\/JUAN-BONACHERA-2.jpg 500w, https:\/\/blogsaverroes.juntadeandalucia.es\/cepermarenostrumro\/files\/2020\/12\/JUAN-BONACHERA-2-300x184.jpg 300w, https:\/\/blogsaverroes.juntadeandalucia.es\/cepermarenostrumro\/files\/2020\/12\/JUAN-BONACHERA-2-24x15.jpg 24w, https:\/\/blogsaverroes.juntadeandalucia.es\/cepermarenostrumro\/files\/2020\/12\/JUAN-BONACHERA-2-36x22.jpg 36w, https:\/\/blogsaverroes.juntadeandalucia.es\/cepermarenostrumro\/files\/2020\/12\/JUAN-BONACHERA-2-48x29.jpg 48w\" sizes=\"(max-width: 500px) 100vw, 500px\" \/><\/a><\/p>\n<p>La <span style=\"color: #000080\"><strong>Sede del CENTRO DE EDUCACI\u00d3N PERMANENTE Mare Nostrum<\/strong><\/span> se encuentra en Roquetas de Mar.<\/p>\n<ul>\n<li>Direcci\u00f3n: Avda. Juan Bonachera, 48.&nbsp; 04740 Roquetas de Mar<\/li>\n<li>Tel\u00e9fono de informaci\u00f3n: 697952020<\/li>\n<li>Email<strong>:<\/strong> 04500374.edu@juntadeandalucia.es<\/li>\n<\/ul>\n<h1><span style=\"color: #000080\">\u00bfQu\u00e9 se estudia en Roquetas de Mar?<\/span><\/h1>\n<p>En nuestra sede central podr\u00e1s cursar los siguientes estudios:<\/p>\n<ul style=\"list-style-type: disc\">\n<li>T\u00edtulo de graduado en Educaci\u00f3n Secundaria.<\/li>\n<li>Tutor\u00eda de apoyo al estudio (TAE).<\/li>\n<li>Formaci\u00f3n B\u00e1sica.<\/li>\n<li>Planes de Ciudadan\u00eda Activa: Uso b\u00e1sico TIC, Uso b\u00e1sico de Ingl\u00e9s, Patrimonio, Nacionalidad e Interculturalidad.<\/li>\n<\/ul>\n<h1><span style=\"color: #000080\">Horario<\/span><\/h1>\n<p>En funci\u00f3n de los estudios que realices tendr\u00e1s diferente horario. El centro permanece abierto de lunes a viernes de 16 a 22 h.<\/p>\n<p>Los horarios de Prueba Libre de este curso est\u00e1n disponibles pinchando en el siguiente <a href=\"https:\/\/blogsaverroes.juntadeandalucia.es\/cepermarenostrumro\/files\/2022\/09\/ROQ-PL-Y-FB.pdf\">ENLACE<\/a>.<\/p>\n<p>Los horarios de los planes de Ciudadan\u00eda Activa est\u00e1n disponibles pinchando en este <a href=\"https:\/\/blogsaverroes.juntadeandalucia.es\/cepermarenostrumro\/files\/2022\/09\/ROQ-CIUDAD-ACTIV.pdf\">ENLACE<\/a>.<\/p>\n<p><a href=\"https:\/\/blogsaverroes.juntadeandalucia.es\/cepermarenostrumro\/files\/2022\/09\/TAE.pdf\">Horarios de TAE<\/a>.<\/p>\n","protected":false},"excerpt":{"rendered":"<p>La Sede del CENTRO DE EDUCACI\u00d3N PERMANENTE Mare Nostrum se encuentra en Roquetas de Mar. Direcci\u00f3n: Avda. Juan Bonachera, 48.&nbsp; 04740 Roquetas de Mar Tel\u00e9fono de informaci\u00f3n: 697952020 Email: 04500374.edu@juntadeandalucia.es \u00bfQu\u00e9 se estudia en Roquetas de Mar? En nuestra sede central podr\u00e1s cursar los siguientes&#46;&#46;&#46;<\/p>\n","protected":false},"author":11659,"featured_media":0,"parent":0,"menu_order":0,"comment_status":"closed","ping_status":"closed","template":"","meta":{"ngg_post_thumbnail":0,"footnotes":"","_mc_calendar":[]},"aioseo_notices":[],"post_mailing_queue_ids":[],"_links":{"self":[{"href":"https:\/\/blogsaverroes.juntadeandalucia.es\/cepermarenostrumro\/wp-json\/wp\/v2\/pages\/3446"}],"collection":[{"href":"https:\/\/blogsaverroes.juntadeandalucia.es\/cepermarenostrumro\/wp-json\/wp\/v2\/pages"}],"about":[{"href":"https:\/\/blogsaverroes.juntadeandalucia.es\/cepermarenostrumro\/wp-json\/wp\/v2\/types\/page"}],"author":[{"embeddable":true,"href":"https:\/\/blogsaverroes.juntadeandalucia.es\/cepermarenostrumro\/wp-json\/wp\/v2\/users\/11659"}],"replies":[{"embeddable":true,"href":"https:\/\/blogsaverroes.juntadeandalucia.es\/cepermarenostrumro\/wp-json\/wp\/v2\/comments?post=3446"}],"version-history":[{"count":10,"href":"https:\/\/blogsaverroes.juntadeandalucia.es\/cepermarenostrumro\/wp-json\/wp\/v2\/pages\/3446\/revisions"}],"predecessor-version":[{"id":5150,"href":"https:\/\/blogsaverroes.juntadeandalucia.es\/cepermarenostrumro\/wp-json\/wp\/v2\/pages\/3446\/revisions\/5150"}],"wp:attachment":[{"href":"https:\/\/blogsaverroes.juntadeandalucia.es\/cepermarenostrumro\/wp-json\/wp\/v2\/media?parent=3446"}],"curies":[{"name":"wp","href":"https:\/\/api.w.org\/{rel}","templated":true}]}}