{"id":3470,"date":"2021-11-19T09:12:26","date_gmt":"2021-11-19T08:12:26","guid":{"rendered":"https:\/\/blogsaverroes.juntadeandalucia.es\/cepermarenostrumro\/?page_id=3470"},"modified":"2023-06-23T17:01:18","modified_gmt":"2023-06-23T15:01:18","slug":"aguadulce","status":"publish","type":"page","link":"https:\/\/blogsaverroes.juntadeandalucia.es\/cepermarenostrumro\/aguadulce\/","title":{"rendered":"AGUADULCE"},"content":{"rendered":"<p><a href=\"https:\/\/goo.gl\/maps\/Cst6epwrzLRNGbAs6\"><img fetchpriority=\"high\" decoding=\"async\" class=\"aligncenter wp-image-2965 size-full\" src=\"https:\/\/blogsaverroes.juntadeandalucia.es\/cepermarenostrumro\/files\/2020\/12\/AGUADULCE.jpg\" alt=\"\" width=\"400\" height=\"300\" srcset=\"https:\/\/blogsaverroes.juntadeandalucia.es\/cepermarenostrumro\/files\/2020\/12\/AGUADULCE.jpg 400w, https:\/\/blogsaverroes.juntadeandalucia.es\/cepermarenostrumro\/files\/2020\/12\/AGUADULCE-300x225.jpg 300w, https:\/\/blogsaverroes.juntadeandalucia.es\/cepermarenostrumro\/files\/2020\/12\/AGUADULCE-24x18.jpg 24w, https:\/\/blogsaverroes.juntadeandalucia.es\/cepermarenostrumro\/files\/2020\/12\/AGUADULCE-36x27.jpg 36w, https:\/\/blogsaverroes.juntadeandalucia.es\/cepermarenostrumro\/files\/2020\/12\/AGUADULCE-48x36.jpg 48w\" sizes=\"(max-width: 400px) 100vw, 400px\" \/><\/a><\/p>\n<p>La <span style=\"color: #333399\"><strong>Sede de AGUADULCE<\/strong><\/span> se encuentra en la localidad de Aguadulce.<\/p>\n<ul>\n<li>Direcci\u00f3n: C\/ Islas C\u00edes, 42. Bajo Edificio Las Fuentes.&nbsp; 04720 Aguadulce<\/li>\n<li>Tel\u00e9fono de informaci\u00f3n: 697952020<\/li>\n<li>Email<strong>:<\/strong> 04500374.edu@juntadeandalucia.es<\/li>\n<\/ul>\n<h1><span style=\"color: #333399\">\u00bfQu\u00e9 se estudia en Aguadulce?<\/span><\/h1>\n<p>En nuestra sede de Aguadulce podr\u00e1s cursar los siguientes estudios:<\/p>\n<ul>\n<li>Planes de Ciudadan\u00eda Activa:\n<ul>\n<li>Uso b\u00e1sico de Ingl\u00e9s<\/li>\n<li>Interculturalidad.<\/li>\n<\/ul>\n<\/li>\n<\/ul>\n<h1><span style=\"color: #333399\">Horario<\/span><\/h1>\n<p>Esta sede permanecer\u00e1 abierta de lunes a viernes en horario de tarde de 16 a 21 horas.<\/p>\n<p>Los horarios de este curso est\u00e1n disponibles pinchando en el siguiente <a href=\"https:\/\/blogsaverroes.juntadeandalucia.es\/cepermarenostrumro\/files\/2022\/09\/AGU-CIUDAD-ACTIV.pdf\">ENLACE<\/a>.<\/p>\n","protected":false},"excerpt":{"rendered":"<p>La Sede de AGUADULCE se encuentra en la localidad de Aguadulce. Direcci\u00f3n: C\/ Islas C\u00edes, 42. Bajo Edificio Las Fuentes.&nbsp; 04720 Aguadulce Tel\u00e9fono de informaci\u00f3n: 697952020 Email: 04500374.edu@juntadeandalucia.es \u00bfQu\u00e9 se estudia en Aguadulce? En nuestra sede de Aguadulce podr\u00e1s cursar los siguientes estudios: Planes de&#46;&#46;&#46;<\/p>\n","protected":false},"author":11659,"featured_media":0,"parent":0,"menu_order":0,"comment_status":"closed","ping_status":"closed","template":"","meta":{"ngg_post_thumbnail":0,"footnotes":"","_mc_calendar":[]},"aioseo_notices":[],"post_mailing_queue_ids":[],"_links":{"self":[{"href":"https:\/\/blogsaverroes.juntadeandalucia.es\/cepermarenostrumro\/wp-json\/wp\/v2\/pages\/3470"}],"collection":[{"href":"https:\/\/blogsaverroes.juntadeandalucia.es\/cepermarenostrumro\/wp-json\/wp\/v2\/pages"}],"about":[{"href":"https:\/\/blogsaverroes.juntadeandalucia.es\/cepermarenostrumro\/wp-json\/wp\/v2\/types\/page"}],"author":[{"embeddable":true,"href":"https:\/\/blogsaverroes.juntadeandalucia.es\/cepermarenostrumro\/wp-json\/wp\/v2\/users\/11659"}],"replies":[{"embeddable":true,"href":"https:\/\/blogsaverroes.juntadeandalucia.es\/cepermarenostrumro\/wp-json\/wp\/v2\/comments?post=3470"}],"version-history":[{"count":6,"href":"https:\/\/blogsaverroes.juntadeandalucia.es\/cepermarenostrumro\/wp-json\/wp\/v2\/pages\/3470\/revisions"}],"predecessor-version":[{"id":5750,"href":"https:\/\/blogsaverroes.juntadeandalucia.es\/cepermarenostrumro\/wp-json\/wp\/v2\/pages\/3470\/revisions\/5750"}],"wp:attachment":[{"href":"https:\/\/blogsaverroes.juntadeandalucia.es\/cepermarenostrumro\/wp-json\/wp\/v2\/media?parent=3470"}],"curies":[{"name":"wp","href":"https:\/\/api.w.org\/{rel}","templated":true}]}}