{"id":3478,"date":"2021-11-19T09:20:49","date_gmt":"2021-11-19T08:20:49","guid":{"rendered":"https:\/\/blogsaverroes.juntadeandalucia.es\/cepermarenostrumro\/?page_id=3478"},"modified":"2022-10-19T19:04:46","modified_gmt":"2022-10-19T17:04:46","slug":"la-gloria-2","status":"publish","type":"page","link":"https:\/\/blogsaverroes.juntadeandalucia.es\/cepermarenostrumro\/la-gloria-2\/","title":{"rendered":"LA GLORIA"},"content":{"rendered":"<p><a href=\"https:\/\/goo.gl\/maps\/9fBgoSZkL89vsVLk6\"><img fetchpriority=\"high\" decoding=\"async\" class=\"aligncenter wp-image-2968 size-medium\" src=\"https:\/\/blogsaverroes.juntadeandalucia.es\/cepermarenostrumro\/files\/2020\/12\/LA-GLORIA-300x168.jpg\" alt=\"\" width=\"300\" height=\"168\" srcset=\"https:\/\/blogsaverroes.juntadeandalucia.es\/cepermarenostrumro\/files\/2020\/12\/LA-GLORIA-300x168.jpg 300w, https:\/\/blogsaverroes.juntadeandalucia.es\/cepermarenostrumro\/files\/2020\/12\/LA-GLORIA-24x13.jpg 24w, https:\/\/blogsaverroes.juntadeandalucia.es\/cepermarenostrumro\/files\/2020\/12\/LA-GLORIA-36x20.jpg 36w, https:\/\/blogsaverroes.juntadeandalucia.es\/cepermarenostrumro\/files\/2020\/12\/LA-GLORIA-48x27.jpg 48w, https:\/\/blogsaverroes.juntadeandalucia.es\/cepermarenostrumro\/files\/2020\/12\/LA-GLORIA.jpg 400w\" sizes=\"(max-width: 300px) 100vw, 300px\" \/><\/a><\/p>\n<p>La <strong>Sede LA GLORIA <\/strong>se encuentra en Roquetas de Mar el barrio que tiene \u00e9ste mismo nombre.<\/p>\n<ul>\n<li>Direcci\u00f3n: Edificio de Usos M\u00faltiples. Calle Trafalgar,25 La Gloria.&nbsp; 04740 Roquetas de Mar<\/li>\n<li>Tel\u00e9fono de informaci\u00f3n: 697952020<\/li>\n<li>Email<strong>:<\/strong> 04500374.edu@juntadeandalucia.es<\/li>\n<\/ul>\n<h1>\u00bfQu\u00e9 se estudia en LA GLORIA?<\/h1>\n<p>En nuestra sede de La Gloria podr\u00e1s cursar los estudios de:<\/p>\n<ul>\n<li>Planes de Ciudadan\u00eda Activa de Patrimonio.<\/li>\n<\/ul>\n<h1>Horario<\/h1>\n<p>Esta sede permanecer\u00e1 abierta los mi\u00e9rcoles y viernes por la tarde de 16 a 17:30 horas.<\/p>\n<p>Los horarios de este curso est\u00e1n disponibles pinchando en el siguiente <a href=\"https:\/\/blogsaverroes.juntadeandalucia.es\/cepermarenostrumro\/files\/2022\/09\/PAR_GLO-CIUDAD-ACTIV.pdf\">ENLACE<\/a>.<\/p>\n","protected":false},"excerpt":{"rendered":"<p>La Sede LA GLORIA se encuentra en Roquetas de Mar el barrio que tiene \u00e9ste mismo nombre. Direcci\u00f3n: Edificio de Usos M\u00faltiples. Calle Trafalgar,25 La Gloria.&nbsp; 04740 Roquetas de Mar Tel\u00e9fono de informaci\u00f3n: 697952020 Email: 04500374.edu@juntadeandalucia.es \u00bfQu\u00e9 se estudia en LA GLORIA? En nuestra sede&#46;&#46;&#46;<\/p>\n","protected":false},"author":11659,"featured_media":0,"parent":0,"menu_order":0,"comment_status":"closed","ping_status":"closed","template":"","meta":{"ngg_post_thumbnail":0,"footnotes":"","_mc_calendar":[]},"aioseo_notices":[],"post_mailing_queue_ids":[],"_links":{"self":[{"href":"https:\/\/blogsaverroes.juntadeandalucia.es\/cepermarenostrumro\/wp-json\/wp\/v2\/pages\/3478"}],"collection":[{"href":"https:\/\/blogsaverroes.juntadeandalucia.es\/cepermarenostrumro\/wp-json\/wp\/v2\/pages"}],"about":[{"href":"https:\/\/blogsaverroes.juntadeandalucia.es\/cepermarenostrumro\/wp-json\/wp\/v2\/types\/page"}],"author":[{"embeddable":true,"href":"https:\/\/blogsaverroes.juntadeandalucia.es\/cepermarenostrumro\/wp-json\/wp\/v2\/users\/11659"}],"replies":[{"embeddable":true,"href":"https:\/\/blogsaverroes.juntadeandalucia.es\/cepermarenostrumro\/wp-json\/wp\/v2\/comments?post=3478"}],"version-history":[{"count":6,"href":"https:\/\/blogsaverroes.juntadeandalucia.es\/cepermarenostrumro\/wp-json\/wp\/v2\/pages\/3478\/revisions"}],"predecessor-version":[{"id":5147,"href":"https:\/\/blogsaverroes.juntadeandalucia.es\/cepermarenostrumro\/wp-json\/wp\/v2\/pages\/3478\/revisions\/5147"}],"wp:attachment":[{"href":"https:\/\/blogsaverroes.juntadeandalucia.es\/cepermarenostrumro\/wp-json\/wp\/v2\/media?parent=3478"}],"curies":[{"name":"wp","href":"https:\/\/api.w.org\/{rel}","templated":true}]}}