{"id":3480,"date":"2021-11-19T09:21:10","date_gmt":"2021-11-19T08:21:10","guid":{"rendered":"https:\/\/blogsaverroes.juntadeandalucia.es\/cepermarenostrumro\/?page_id=3480"},"modified":"2022-10-19T19:03:11","modified_gmt":"2022-10-19T17:03:11","slug":"el-parador-2","status":"publish","type":"page","link":"https:\/\/blogsaverroes.juntadeandalucia.es\/cepermarenostrumro\/el-parador-2\/","title":{"rendered":"EL PARADOR"},"content":{"rendered":"<p><a href=\"https:\/\/goo.gl\/maps\/tFjQWVZ1ft5hJzBAA\"><img fetchpriority=\"high\" decoding=\"async\" class=\"aligncenter wp-image-2967 size-medium\" src=\"https:\/\/blogsaverroes.juntadeandalucia.es\/cepermarenostrumro\/files\/2020\/12\/EL-PARADOR-300x169.jpg\" alt=\"\" width=\"300\" height=\"169\" srcset=\"https:\/\/blogsaverroes.juntadeandalucia.es\/cepermarenostrumro\/files\/2020\/12\/EL-PARADOR-300x169.jpg 300w, https:\/\/blogsaverroes.juntadeandalucia.es\/cepermarenostrumro\/files\/2020\/12\/EL-PARADOR-24x14.jpg 24w, https:\/\/blogsaverroes.juntadeandalucia.es\/cepermarenostrumro\/files\/2020\/12\/EL-PARADOR-36x20.jpg 36w, https:\/\/blogsaverroes.juntadeandalucia.es\/cepermarenostrumro\/files\/2020\/12\/EL-PARADOR-48x27.jpg 48w, https:\/\/blogsaverroes.juntadeandalucia.es\/cepermarenostrumro\/files\/2020\/12\/EL-PARADOR.jpg 400w\" sizes=\"(max-width: 300px) 100vw, 300px\" \/><\/a><\/p>\n<p>La <strong>Sede de EL PARADOR<\/strong> se encuentra en la localidad de Roquetas de Mar en el barrio que tiene este mismo nombre.<\/p>\n<ul>\n<li>Direcci\u00f3n: Edificio de Usos M\u00faltiples. Plaza de la Iglesia sin n\u00famero en El Parador.&nbsp; 04740 Roquetas de Mar<\/li>\n<li>Tel\u00e9fono de informaci\u00f3n: 697952020<\/li>\n<li>Email<strong>:<\/strong> 04500374.edu@juntadeandalucia.es<\/li>\n<\/ul>\n<h1>\u00bfQu\u00e9 se estudia en El Parador?<\/h1>\n<p>En nuestra sede central podr\u00e1s cursar los estudios de:<\/p>\n<ul>\n<li>Preparaci\u00f3n para la Prueba Libre de Obtenci\u00f3n de la ESO<\/li>\n<li>Planes de Ciudadan\u00eda Activa\n<ul>\n<li>Patrimonio&nbsp;<\/li>\n<li>Interculturalidad.<\/li>\n<\/ul>\n<\/li>\n<\/ul>\n<h1>Horario<\/h1>\n<p>Esta sede permanecer\u00e1 abierta de lunes a viernes de 16 a 21 horas.<\/p>\n<p>Los horarios de Prueba Libre para este curso est\u00e1n disponibles pinchando en el siguiente <a href=\"https:\/\/blogsaverroes.juntadeandalucia.es\/cepermarenostrumro\/files\/2022\/09\/PAR-PL.pdf\">ENLACE<\/a>.<\/p>\n<p>Los horarios de Patrimonio e Interculturalidad para este curso est\u00e1n disponibles pinchando en este <a href=\"https:\/\/blogsaverroes.juntadeandalucia.es\/cepermarenostrumro\/files\/2022\/09\/PAR_GLO-CIUDAD-ACTIV.pdf\">ENLACE<\/a>.<\/p>\n","protected":false},"excerpt":{"rendered":"<p>La Sede de EL PARADOR se encuentra en la localidad de Roquetas de Mar en el barrio que tiene este mismo nombre. Direcci\u00f3n: Edificio de Usos M\u00faltiples. Plaza de la Iglesia sin n\u00famero en El Parador.&nbsp; 04740 Roquetas de Mar Tel\u00e9fono de informaci\u00f3n: 697952020 Email:&#46;&#46;&#46;<\/p>\n","protected":false},"author":11659,"featured_media":0,"parent":0,"menu_order":0,"comment_status":"closed","ping_status":"closed","template":"","meta":{"ngg_post_thumbnail":0,"footnotes":"","_mc_calendar":[]},"aioseo_notices":[],"post_mailing_queue_ids":[],"_links":{"self":[{"href":"https:\/\/blogsaverroes.juntadeandalucia.es\/cepermarenostrumro\/wp-json\/wp\/v2\/pages\/3480"}],"collection":[{"href":"https:\/\/blogsaverroes.juntadeandalucia.es\/cepermarenostrumro\/wp-json\/wp\/v2\/pages"}],"about":[{"href":"https:\/\/blogsaverroes.juntadeandalucia.es\/cepermarenostrumro\/wp-json\/wp\/v2\/types\/page"}],"author":[{"embeddable":true,"href":"https:\/\/blogsaverroes.juntadeandalucia.es\/cepermarenostrumro\/wp-json\/wp\/v2\/users\/11659"}],"replies":[{"embeddable":true,"href":"https:\/\/blogsaverroes.juntadeandalucia.es\/cepermarenostrumro\/wp-json\/wp\/v2\/comments?post=3480"}],"version-history":[{"count":6,"href":"https:\/\/blogsaverroes.juntadeandalucia.es\/cepermarenostrumro\/wp-json\/wp\/v2\/pages\/3480\/revisions"}],"predecessor-version":[{"id":5145,"href":"https:\/\/blogsaverroes.juntadeandalucia.es\/cepermarenostrumro\/wp-json\/wp\/v2\/pages\/3480\/revisions\/5145"}],"wp:attachment":[{"href":"https:\/\/blogsaverroes.juntadeandalucia.es\/cepermarenostrumro\/wp-json\/wp\/v2\/media?parent=3480"}],"curies":[{"name":"wp","href":"https:\/\/api.w.org\/{rel}","templated":true}]}}