{"id":3482,"date":"2021-11-19T09:21:30","date_gmt":"2021-11-19T08:21:30","guid":{"rendered":"https:\/\/blogsaverroes.juntadeandalucia.es\/cepermarenostrumro\/?page_id=3482"},"modified":"2022-10-19T19:07:24","modified_gmt":"2022-10-19T17:07:24","slug":"las-marinas-2","status":"publish","type":"page","link":"https:\/\/blogsaverroes.juntadeandalucia.es\/cepermarenostrumro\/las-marinas-2\/","title":{"rendered":"LAS MARINAS"},"content":{"rendered":"<p><a href=\"https:\/\/goo.gl\/maps\/hL27yV2tUsBw311x9\"><img fetchpriority=\"high\" decoding=\"async\" class=\"aligncenter wp-image-2969 size-medium\" src=\"https:\/\/blogsaverroes.juntadeandalucia.es\/cepermarenostrumro\/files\/2020\/12\/LAS-MARINAS-300x225.jpg\" alt=\"\" width=\"300\" height=\"225\" srcset=\"https:\/\/blogsaverroes.juntadeandalucia.es\/cepermarenostrumro\/files\/2020\/12\/LAS-MARINAS-300x225.jpg 300w, https:\/\/blogsaverroes.juntadeandalucia.es\/cepermarenostrumro\/files\/2020\/12\/LAS-MARINAS-24x18.jpg 24w, https:\/\/blogsaverroes.juntadeandalucia.es\/cepermarenostrumro\/files\/2020\/12\/LAS-MARINAS-36x27.jpg 36w, https:\/\/blogsaverroes.juntadeandalucia.es\/cepermarenostrumro\/files\/2020\/12\/LAS-MARINAS-48x36.jpg 48w, https:\/\/blogsaverroes.juntadeandalucia.es\/cepermarenostrumro\/files\/2020\/12\/LAS-MARINAS.jpg 500w\" sizes=\"(max-width: 300px) 100vw, 300px\" \/><\/a><\/p>\n<p>La <strong>Sede de LAS MARINAS <\/strong>se encuentra en el barrio de Las Marinas de Roquetas de Mar.<\/p>\n<ul>\n<li>Direcci\u00f3n: Plaza de la iglesia. Plaza de Las Marinas, 3.&nbsp; 04740 Roquetas de Mar<\/li>\n<li>Tel\u00e9fono de informaci\u00f3n: 697952020<\/li>\n<li>Email<strong>:<\/strong> 04500374.edu@juntadeandalucia.es<\/li>\n<\/ul>\n<h1>\u00bfQu\u00e9 se estudia en Las Marinas?<\/h1>\n<p>En nuestra sede de Las Marinas podr\u00e1s cursar los estudios de:<\/p>\n<ul>\n<li>Planes de Ciudadan\u00eda Activa:\n<ul>\n<li>Uso b\u00e1sico de Ingl\u00e9s.&nbsp;<\/li>\n<li>Interculturalidad.<\/li>\n<\/ul>\n<\/li>\n<\/ul>\n<h1>Horario<\/h1>\n<p>Esta sede permanecer\u00e1 abierta de lunes a jueves la tarde en horario de 16 a 21 horas.<\/p>\n<p>Los horarios de este curso est\u00e1n disponibles pinchando en el siguiente <a href=\"https:\/\/blogsaverroes.juntadeandalucia.es\/cepermarenostrumro\/files\/2022\/09\/MAR_COR-CIUDAD-ACTIV.pdf\">ENLACE<\/a>.<\/p>\n","protected":false},"excerpt":{"rendered":"<p>La Sede de LAS MARINAS se encuentra en el barrio de Las Marinas de Roquetas de Mar. Direcci\u00f3n: Plaza de la iglesia. Plaza de Las Marinas, 3.&nbsp; 04740 Roquetas de Mar Tel\u00e9fono de informaci\u00f3n: 697952020 Email: 04500374.edu@juntadeandalucia.es \u00bfQu\u00e9 se estudia en Las Marinas? En nuestra&#46;&#46;&#46;<\/p>\n","protected":false},"author":11659,"featured_media":0,"parent":0,"menu_order":0,"comment_status":"closed","ping_status":"closed","template":"","meta":{"ngg_post_thumbnail":0,"footnotes":"","_mc_calendar":[]},"aioseo_notices":[],"post_mailing_queue_ids":[],"_links":{"self":[{"href":"https:\/\/blogsaverroes.juntadeandalucia.es\/cepermarenostrumro\/wp-json\/wp\/v2\/pages\/3482"}],"collection":[{"href":"https:\/\/blogsaverroes.juntadeandalucia.es\/cepermarenostrumro\/wp-json\/wp\/v2\/pages"}],"about":[{"href":"https:\/\/blogsaverroes.juntadeandalucia.es\/cepermarenostrumro\/wp-json\/wp\/v2\/types\/page"}],"author":[{"embeddable":true,"href":"https:\/\/blogsaverroes.juntadeandalucia.es\/cepermarenostrumro\/wp-json\/wp\/v2\/users\/11659"}],"replies":[{"embeddable":true,"href":"https:\/\/blogsaverroes.juntadeandalucia.es\/cepermarenostrumro\/wp-json\/wp\/v2\/comments?post=3482"}],"version-history":[{"count":6,"href":"https:\/\/blogsaverroes.juntadeandalucia.es\/cepermarenostrumro\/wp-json\/wp\/v2\/pages\/3482\/revisions"}],"predecessor-version":[{"id":5148,"href":"https:\/\/blogsaverroes.juntadeandalucia.es\/cepermarenostrumro\/wp-json\/wp\/v2\/pages\/3482\/revisions\/5148"}],"wp:attachment":[{"href":"https:\/\/blogsaverroes.juntadeandalucia.es\/cepermarenostrumro\/wp-json\/wp\/v2\/media?parent=3482"}],"curies":[{"name":"wp","href":"https:\/\/api.w.org\/{rel}","templated":true}]}}