{"id":3841,"date":"2022-01-19T22:30:01","date_gmt":"2022-01-19T21:30:01","guid":{"rendered":"https:\/\/blogsaverroes.juntadeandalucia.es\/cepermarenostrumro\/?page_id=3841"},"modified":"2022-04-22T11:25:44","modified_gmt":"2022-04-22T09:25:44","slug":"patrimonio","status":"publish","type":"page","link":"https:\/\/blogsaverroes.juntadeandalucia.es\/cepermarenostrumro\/patrimonio\/","title":{"rendered":"Patrimonio"},"content":{"rendered":"<p>Este plan se llama: Conocimiento y conservaci\u00f3n del patrimonio cultural de Andaluc\u00eda y del medioambiente. Forma parte del fomento de la ciudadan\u00eda activa.<\/p>\n<p>El prop\u00f3sito de este plan educativo es permitir de la forma m\u00e1s did\u00e1ctica, amena y accesible posible, que el alumnado pueda conocer, apreciar y velar por la conservaci\u00f3n de los principales elementos patrimoniales de tipo cultural y medioambiental que se encuentran dentro de nuestra comunidad, desde la arquitectura popular o la gastronom\u00eda hasta los registros documentales y monumentales, la m\u00fasica y la industria tradicional, as\u00ed como las extensas playas atl\u00e1nticas o las ex\u00f3ticas calas de Cabo de Gata, las cumbres de Sierra<br \/>\nNevada y las dehesas de Sierra Morena o el f\u00e9rtil valle del Guadalquivir.<br \/>\n<a href=\"https:\/\/blogsaverroes.juntadeandalucia.es\/cepermarenostrumro\/files\/2021\/11\/villancic1.jpg\"><img fetchpriority=\"high\" decoding=\"async\" class=\"aligncenter wp-image-3415 size-medium\" src=\"https:\/\/blogsaverroes.juntadeandalucia.es\/cepermarenostrumro\/files\/2021\/11\/villancic1-300x168.jpg\" alt=\"\" width=\"300\" height=\"168\" srcset=\"https:\/\/blogsaverroes.juntadeandalucia.es\/cepermarenostrumro\/files\/2021\/11\/villancic1-300x168.jpg 300w, https:\/\/blogsaverroes.juntadeandalucia.es\/cepermarenostrumro\/files\/2021\/11\/villancic1-1024x575.jpg 1024w, https:\/\/blogsaverroes.juntadeandalucia.es\/cepermarenostrumro\/files\/2021\/11\/villancic1-768x431.jpg 768w, https:\/\/blogsaverroes.juntadeandalucia.es\/cepermarenostrumro\/files\/2021\/11\/villancic1-1536x862.jpg 1536w, https:\/\/blogsaverroes.juntadeandalucia.es\/cepermarenostrumro\/files\/2021\/11\/villancic1.jpg 1600w\" sizes=\"(max-width: 300px) 100vw, 300px\" \/><\/a><\/p>\n","protected":false},"excerpt":{"rendered":"<p>Este plan se llama: Conocimiento y conservaci\u00f3n del patrimonio cultural de Andaluc\u00eda y del medioambiente. Forma parte del fomento de la ciudadan\u00eda activa. El prop\u00f3sito de este plan educativo es permitir de la forma m\u00e1s did\u00e1ctica, amena y accesible posible, que el alumnado pueda conocer,&#46;&#46;&#46;<\/p>\n","protected":false},"author":11659,"featured_media":0,"parent":0,"menu_order":0,"comment_status":"closed","ping_status":"closed","template":"","meta":{"ngg_post_thumbnail":0,"footnotes":"","_mc_calendar":[]},"aioseo_notices":[],"post_mailing_queue_ids":[],"_links":{"self":[{"href":"https:\/\/blogsaverroes.juntadeandalucia.es\/cepermarenostrumro\/wp-json\/wp\/v2\/pages\/3841"}],"collection":[{"href":"https:\/\/blogsaverroes.juntadeandalucia.es\/cepermarenostrumro\/wp-json\/wp\/v2\/pages"}],"about":[{"href":"https:\/\/blogsaverroes.juntadeandalucia.es\/cepermarenostrumro\/wp-json\/wp\/v2\/types\/page"}],"author":[{"embeddable":true,"href":"https:\/\/blogsaverroes.juntadeandalucia.es\/cepermarenostrumro\/wp-json\/wp\/v2\/users\/11659"}],"replies":[{"embeddable":true,"href":"https:\/\/blogsaverroes.juntadeandalucia.es\/cepermarenostrumro\/wp-json\/wp\/v2\/comments?post=3841"}],"version-history":[{"count":2,"href":"https:\/\/blogsaverroes.juntadeandalucia.es\/cepermarenostrumro\/wp-json\/wp\/v2\/pages\/3841\/revisions"}],"predecessor-version":[{"id":4956,"href":"https:\/\/blogsaverroes.juntadeandalucia.es\/cepermarenostrumro\/wp-json\/wp\/v2\/pages\/3841\/revisions\/4956"}],"wp:attachment":[{"href":"https:\/\/blogsaverroes.juntadeandalucia.es\/cepermarenostrumro\/wp-json\/wp\/v2\/media?parent=3841"}],"curies":[{"name":"wp","href":"https:\/\/api.w.org\/{rel}","templated":true}]}}