{"id":4712,"date":"2022-02-12T17:35:49","date_gmt":"2022-02-12T16:35:49","guid":{"rendered":"https:\/\/blogsaverroes.juntadeandalucia.es\/cepermarenostrumro\/?page_id=4712"},"modified":"2022-02-12T17:35:49","modified_gmt":"2022-02-12T16:35:49","slug":"requisitos-para-inscribirse","status":"publish","type":"page","link":"https:\/\/blogsaverroes.juntadeandalucia.es\/cepermarenostrumro\/requisitos-para-inscribirse\/","title":{"rendered":"Requisitos para inscribirse"},"content":{"rendered":"<h2 class=\"tituloCajaColorJunta\">Requisitos de edad<\/h2>\n<p>Para cursar estas ense\u00f1anzas en r\u00e9gimen de personas adultas debes ser <strong>mayor de dieciocho a\u00f1os<\/strong> o cumplirlos en el a\u00f1o natural en que comience el curso acad\u00e9mico.<\/p>\n<p>De manera <strong>excepcional<\/strong>, tambi\u00e9n puedes acceder a las ense\u00f1anzas de personas adultas si eres mayor de 16 a\u00f1os, o los cumples en el a\u00f1o natural en que comienza el curso acad\u00e9mico, acreditando alguna de estas situaciones:<\/p>\n<ul>\n<li>Ser persona trabajadora por cuenta propia o ajena de manera que no puedas acudir al centro educativo de car\u00e1cter ordinario.<\/li>\n<li>Ser deportista de rendimiento en Andaluc\u00eda o de alto rendimiento o alto nivel.<\/li>\n<li>Encontrarte en situaci\u00f3n personal extraordinaria de enfermedad, discapacidad o cualquier otra que&nbsp; te&nbsp; impida&nbsp; cursar&nbsp; las&nbsp; ense\u00f1anzas&nbsp; en&nbsp; r\u00e9gimen&nbsp; ordinario,&nbsp; quedando&nbsp; incluidas&nbsp; en&nbsp; este&nbsp; supuesto&nbsp; las&nbsp; personas v\u00edctimas de la violencia de g\u00e9nero y las v\u00edctimas de terrorismo, as\u00ed como sus hijos e hijas, y las personas que se encuentren en situaci\u00f3n de dificultad social extrema o riesgo de exclusi\u00f3n.<\/li>\n<li>Estar interno o interna en centros penitenciarios o de menores sujetos a medidas de privaci\u00f3n de libertad por sentencia judicial.<\/li>\n<\/ul>\n<h2 class=\"tituloCajaColorJunta\">Requisitos acad\u00e9micos<\/h2>\n<p>Si quieres cursar la ESO para personas adultas no necesitas tener ninguna titulaci\u00f3n previa, aunque es conveniente que realices la <strong>Formaci\u00f3n B\u00e1sica<\/strong> si tienes dificultades de lectoescritura.&nbsp;<\/p>\n<ul>\n<li>Si no tienes estudios previos, o un certificado de los mismos, puedes realizar una <strong>prueba de<\/strong> <strong>valoraci\u00f3n inicial <\/strong>pidi\u00e9ndolo a la vez que solicitas admisi\u00f3n en el Nivel I. Seg\u00fan los resultados de esta prueba podr\u00e1s acceder a Nivel I o incluso a Nivel II directamente.<\/li>\n<li>Si ya realizaste alg\u00fan tipo de ense\u00f1anza y dispones del certificado correspondiente, puedes acceder a Nivel I o Nivel II de la ESO para personas adultas. Consulta los siguientes casos:<\/li>\n<\/ul>\n<div class=\"listaPlegable\">\n<ul>\n<li>\n<h4 class=\"TituloPlegable seccionPlegada\">Accedes a Nivel I:<\/h4>\n<div class=\"ContenidoDesplegable\">\n<ul>\n<li>Con certificado de estudios primarios. Ley 17\/7\/1945, de Educaci\u00f3n Primaria, y&nbsp; Ley 21\/12\/1965, de Reforma de la Educaci\u00f3n Primaria, expedido con anterioridad a la finalizaci\u00f3n del curso 1975\/76.<\/li>\n<li>Plan educativo de formaci\u00f3n b\u00e1sica o equivalente.<\/li>\n<li>1\u00ba y 2\u00ba curso de educaci\u00f3n secundaria obligatoria y no haber promocionado a tercero.<\/li>\n<li>Primer ciclo de educaci\u00f3n secundaria obligatoria en r\u00e9gimen de personas adultas y no haber promocionado al segundo ciclo.<\/li>\n<li>Valoraci\u00f3n positiva para la adscripci\u00f3n a este nivel tras haber realizado la <strong>prueba de valoraci\u00f3n inicial<\/strong> en el acceso a la educaci\u00f3n secundaria obligatoria para personas adultas. Orden de 28 de diciembre de 2017, por la que se establece la ordenaci\u00f3n y el curr\u00edculo de la Eduaci\u00f3n Secundaria Obligatoria para personas adultas en la Comunidad Aut\u00f3noma de Andaluc\u00eda.<\/li>\n<\/ul>\n<\/div>\n<\/li>\n<li>\n<h4 class=\"TituloPlegable seccionPlegada\">Accedes a Nivel II:<\/h4>\n<div class=\"ContenidoDesplegable\">\n<ul>\n<li>Sin estudios previos o sin certificado de los mismos, tras haber realizado la <strong>prueba de valoraci\u00f3n inicial<\/strong> y seg\u00fan criterio del centro.<\/li>\n<li>8\u00ba de EGB (Educaci\u00f3n General B\u00e1sica) y t\u00edtulo de Graduado Escolar o Certificado de Escolaridad. Real Decreto&nbsp; 986\/1991, de 14 de junio<\/li>\n<li>Graduado Escolar. Ley 14\/1970 de 4 de agosto<\/li>\n<li>\n<div class=\"contenidonivel3\">1\u00ba de BUP (Bachillerato Unificado Polivalente). Ley 14\/1970 de 4 de agosto<\/div>\n<\/li>\n<li>\n<div class=\"contenidonivel3\">Bachiller Elemental. Ley de 26 de febrero de 1953, sobre ordenaci\u00f3n de las Ense\u00f1anzas medias.<\/div>\n<\/li>\n<li>\n<div class=\"contenidonivel3\">4\u00ba de Bachiller completo, o 5\u00ba o 6\u00ba con materias pendientes. Plan 1957<\/div>\n<\/li>\n<li>\n<div class=\"contenidonivel3\">1\u00ba curso del primer ciclo experimental. Reforma de las Ense\u00f1anzas medias. Implantaci\u00f3n anticipada de la Ley Org\u00e1nica 1\/1990<\/div>\n<\/li>\n<li>\n<div class=\"contenidonivel3\">2\u00ba curso de educaci\u00f3n secundaria obligatoria.<\/div>\n<\/li>\n<li>\n<div class=\"contenidonivel3\">Primer ciclo de educaci\u00f3n secundaria obligatoria en r\u00e9gimen de personas adultas.<\/div>\n<\/li>\n<li>\n<div class=\"contenidonivel3\">Valoraci\u00f3n positiva en uno o varios \u00e1mbitos para la adscripci\u00f3n a este nivel tras haber realizado la <strong>prueba de valoraci\u00f3n inicial<\/strong>.<\/div>\n<\/li>\n<\/ul>\n<\/div>\n<\/li>\n<\/ul>\n<\/div>\n<ul>\n<li>Si realizaste <strong>estudios en el extranjero<\/strong> debes homologarlos previamente dirigi\u00e9ndote a la <a href=\"http:\/\/www.mecd.gob.es\/dctm\/ministerio\/educacion\/universidades\/educacion-superior-universitaria\/titulos\/2011-delegacionessubdelegaciones.pdf?documentId=0901e72b80ff8e3f\">Alta Inspecci\u00f3n de Educaci\u00f3n<\/a>, en la Subdelegaci\u00f3n de Gobierno de tu provincia.<\/li>\n<\/ul>\n","protected":false},"excerpt":{"rendered":"<p>Requisitos de edad Para cursar estas ense\u00f1anzas en r\u00e9gimen de personas adultas debes ser mayor de dieciocho a\u00f1os o cumplirlos en el a\u00f1o natural en que comience el curso acad\u00e9mico. De manera excepcional, tambi\u00e9n puedes acceder a las ense\u00f1anzas de personas adultas si eres mayor&#46;&#46;&#46;<\/p>\n","protected":false},"author":11659,"featured_media":0,"parent":0,"menu_order":0,"comment_status":"closed","ping_status":"closed","template":"","meta":{"ngg_post_thumbnail":0,"footnotes":"","_mc_calendar":[]},"aioseo_notices":[],"post_mailing_queue_ids":[],"_links":{"self":[{"href":"https:\/\/blogsaverroes.juntadeandalucia.es\/cepermarenostrumro\/wp-json\/wp\/v2\/pages\/4712"}],"collection":[{"href":"https:\/\/blogsaverroes.juntadeandalucia.es\/cepermarenostrumro\/wp-json\/wp\/v2\/pages"}],"about":[{"href":"https:\/\/blogsaverroes.juntadeandalucia.es\/cepermarenostrumro\/wp-json\/wp\/v2\/types\/page"}],"author":[{"embeddable":true,"href":"https:\/\/blogsaverroes.juntadeandalucia.es\/cepermarenostrumro\/wp-json\/wp\/v2\/users\/11659"}],"replies":[{"embeddable":true,"href":"https:\/\/blogsaverroes.juntadeandalucia.es\/cepermarenostrumro\/wp-json\/wp\/v2\/comments?post=4712"}],"version-history":[{"count":1,"href":"https:\/\/blogsaverroes.juntadeandalucia.es\/cepermarenostrumro\/wp-json\/wp\/v2\/pages\/4712\/revisions"}],"predecessor-version":[{"id":4713,"href":"https:\/\/blogsaverroes.juntadeandalucia.es\/cepermarenostrumro\/wp-json\/wp\/v2\/pages\/4712\/revisions\/4713"}],"wp:attachment":[{"href":"https:\/\/blogsaverroes.juntadeandalucia.es\/cepermarenostrumro\/wp-json\/wp\/v2\/media?parent=4712"}],"curies":[{"name":"wp","href":"https:\/\/api.w.org\/{rel}","templated":true}]}}