{"id":77,"date":"2015-03-16T06:54:56","date_gmt":"2015-03-16T06:54:56","guid":{"rendered":"http:\/\/blogsaverroes.juntadeandalucia.es\/pre\/ceip\/?page_id=77"},"modified":"2023-12-05T16:31:22","modified_gmt":"2023-12-05T15:31:22","slug":"secretaria","status":"publish","type":"page","link":"https:\/\/blogsaverroes.juntadeandalucia.es\/cepermarenostrumro\/secretaria\/","title":{"rendered":"Secretar\u00eda"},"content":{"rendered":"<h2><a href=\"https:\/\/blogsaverroes.juntadeandalucia.es\/cepermarenostrumro\/files\/2020\/12\/IMG_4064.jpg\"><img fetchpriority=\"high\" decoding=\"async\" class=\"alignleft wp-image-2811 size-medium\" src=\"https:\/\/blogsaverroes.juntadeandalucia.es\/cepermarenostrumro\/files\/2020\/12\/IMG_4064-300x225.jpg\" alt=\"\" width=\"300\" height=\"225\" srcset=\"https:\/\/blogsaverroes.juntadeandalucia.es\/cepermarenostrumro\/files\/2020\/12\/IMG_4064-300x225.jpg 300w, https:\/\/blogsaverroes.juntadeandalucia.es\/cepermarenostrumro\/files\/2020\/12\/IMG_4064-1024x768.jpg 1024w, https:\/\/blogsaverroes.juntadeandalucia.es\/cepermarenostrumro\/files\/2020\/12\/IMG_4064-768x576.jpg 768w, https:\/\/blogsaverroes.juntadeandalucia.es\/cepermarenostrumro\/files\/2020\/12\/IMG_4064-24x18.jpg 24w, https:\/\/blogsaverroes.juntadeandalucia.es\/cepermarenostrumro\/files\/2020\/12\/IMG_4064-36x27.jpg 36w, https:\/\/blogsaverroes.juntadeandalucia.es\/cepermarenostrumro\/files\/2020\/12\/IMG_4064-48x36.jpg 48w, https:\/\/blogsaverroes.juntadeandalucia.es\/cepermarenostrumro\/files\/2020\/12\/IMG_4064.jpg 1440w\" sizes=\"(max-width: 300px) 100vw, 300px\" \/><\/a><\/h2>\n<h2>&nbsp;<\/h2>\n<h1>Para Secretar\u00eda<\/h1>\n<p>El horario de atenci\u00f3n al p\u00fablico ser\u00e1 los <strong>MARTES de 17:00 a 19:00 horas<\/strong> en la Sede Central de Roquetas de Mar, <strong>Avenida Juan Bonachera, 48<\/strong><\/p>\n<p>Nuestro tlf. es el 697 95 20 20 y el 950 15 64 93.<\/p>\n<p>Para solicitar certificados de cursos anteriores, matricularse o consultar cualquier duda le atenderemos en \u00e9ste horario.<\/p>\n<p>&nbsp;<\/p>\n<h2>&nbsp;<\/h2>\n<h1>Para asistir a clases<\/h1>\n<p>El centro permanece abierto para impartir clases de martes a viernes de 9:00 a 14:00 horas y por las tardes de lunes a viernes de 16:00 a 21:00 horas.<\/p>\n","protected":false},"excerpt":{"rendered":"<p>&nbsp; Para Secretar\u00eda El horario de atenci\u00f3n al p\u00fablico ser\u00e1 los MARTES de 17:00 a 19:00 horas en la Sede Central de Roquetas de Mar, Avenida Juan Bonachera, 48 Nuestro tlf. es el 697 95 20 20 y el 950 15 64 93. Para solicitar&#46;&#46;&#46;<\/p>\n","protected":false},"author":1,"featured_media":2605,"parent":0,"menu_order":0,"comment_status":"closed","ping_status":"open","template":"","meta":{"ngg_post_thumbnail":0,"footnotes":"","_mc_calendar":[]},"aioseo_notices":[],"post_mailing_queue_ids":[],"_links":{"self":[{"href":"https:\/\/blogsaverroes.juntadeandalucia.es\/cepermarenostrumro\/wp-json\/wp\/v2\/pages\/77"}],"collection":[{"href":"https:\/\/blogsaverroes.juntadeandalucia.es\/cepermarenostrumro\/wp-json\/wp\/v2\/pages"}],"about":[{"href":"https:\/\/blogsaverroes.juntadeandalucia.es\/cepermarenostrumro\/wp-json\/wp\/v2\/types\/page"}],"author":[{"embeddable":true,"href":"https:\/\/blogsaverroes.juntadeandalucia.es\/cepermarenostrumro\/wp-json\/wp\/v2\/users\/1"}],"replies":[{"embeddable":true,"href":"https:\/\/blogsaverroes.juntadeandalucia.es\/cepermarenostrumro\/wp-json\/wp\/v2\/comments?post=77"}],"version-history":[{"count":11,"href":"https:\/\/blogsaverroes.juntadeandalucia.es\/cepermarenostrumro\/wp-json\/wp\/v2\/pages\/77\/revisions"}],"predecessor-version":[{"id":5929,"href":"https:\/\/blogsaverroes.juntadeandalucia.es\/cepermarenostrumro\/wp-json\/wp\/v2\/pages\/77\/revisions\/5929"}],"wp:featuredmedia":[{"embeddable":true,"href":"https:\/\/blogsaverroes.juntadeandalucia.es\/cepermarenostrumro\/wp-json\/wp\/v2\/media\/2605"}],"wp:attachment":[{"href":"https:\/\/blogsaverroes.juntadeandalucia.es\/cepermarenostrumro\/wp-json\/wp\/v2\/media?parent=77"}],"curies":[{"name":"wp","href":"https:\/\/api.w.org\/{rel}","templated":true}]}}