{"id":2339,"date":"2024-04-19T09:05:04","date_gmt":"2024-04-19T07:05:04","guid":{"rendered":"https:\/\/blogsaverroes.juntadeandalucia.es\/cepermariadeluna\/my-calendar\/"},"modified":"2024-04-19T09:05:04","modified_gmt":"2024-04-19T07:05:04","slug":"my-calendar","status":"publish","type":"page","link":"https:\/\/blogsaverroes.juntadeandalucia.es\/cepermariadeluna\/my-calendar\/","title":{"rendered":"My Calendar"},"content":{"rendered":"\r\n<div id='my-calendar' class='mc-main mcjs listjs gridjs minijs ajaxjs twentyfifteen calendar month my-calendar ' >\n<script type=\"application\/ld+json\">\n[{\"@context\":\"https:\/\/schema.org\",\"@type\":\"Event\",\"name\":\"D\\u00eda del libro\",\"description\":\"Como cada a\\u00f1o, el 23 de abril se celebra el D\\u00eda Mundial del Libro. Fecha simb\\u00f3lica elegida por la UNESCO por su \\u201ccoincidencia\\u201d con la muerte de dos grandes escritores como Shakespeare y Cervantes.\",\"image\":\"https:\/\/blogsaverroes.juntadeandalucia.es\/cepermariadeluna\/files\/2022\/06\/cropped-logo-CEPER-Maria-de-Luna-512x512-1-1.png\",\"url\":\"https:\/\/blogsaverroes.juntadeandalucia.es\/cepermariadeluna\/tag\/dia-del-libro\/\",\"startDate\":\"2026-04-23T00:00:00+02:00\",\"endDate\":\"2026-04-24T00:00:59+02:00\",\"duration\":\"PD1TH0M0\",\"eventAttendanceMode\":\"https:\/\/schema.org\/OnlineEventAttendanceMode\",\"location\":{\"@type\":\"VirtualLocation\",\"url\":\"https:\/\/blogsaverroes.juntadeandalucia.es\/cepermariadeluna\/tag\/dia-del-libro\/\"}}]\n<\/script>\n<h2 id=\"mc_head_my-calendar\" class=\"heading my-calendar-month\"><span>Eventos en abril 2026\n<\/span><\/h2>\n\n<nav class=\"my-calendar-navigation\" aria-label=\"Calendar (top)\">\n<div class=\"my-calendar-header\"><div class='mc-format'>\r\n\t\t<ul><li><a id='mc_grid-my-calendar' href='https:\/\/blogsaverroes.juntadeandalucia.es\/cepermariadeluna\/my-calendar\/?format=calendar' aria-pressed=\"true\" class='mc-grid-option mc-active' rel='nofollow'><span class='mc-icon' aria-hidden='true'><\/span><span class=\"maybe-hide\">Ver como <\/span>Cuadr\u00edcula<\/a><\/li><li><a id='mc_list-my-calendar' href='https:\/\/blogsaverroes.juntadeandalucia.es\/cepermariadeluna\/my-calendar\/?format=list'  class='mc-list-option' rel='nofollow'><span class='mc-icon' aria-hidden='true'><\/span><span class=\"maybe-hide\">Ver como <\/span>Lista<\/a><\/li><\/ul>\r\n\t\t<\/div><div class='mc-time'><ul><li><a rel='nofollow' id='mc_month-my-calendar'  href='https:\/\/blogsaverroes.juntadeandalucia.es\/cepermariadeluna\/my-calendar\/?time=month' class='month mc-active' aria-pressed='true'>Mes<\/a><\/li><li><a rel='nofollow' id='mc_week-my-calendar'  href='https:\/\/blogsaverroes.juntadeandalucia.es\/cepermariadeluna\/my-calendar\/?time=week&#038;dy=6&#038;month=4&#038;yr=2026' class='week'>Semana<\/a><\/li><li><a rel='nofollow' id='mc_day-my-calendar'  href='https:\/\/blogsaverroes.juntadeandalucia.es\/cepermariadeluna\/my-calendar\/?time=day&#038;dy=6' class='day'>D\u00eda<\/a><li><\/ul><\/div><div class=\"my-calendar-date-switcher\"><form class=\"mc-date-switcher\" action=\"https:\/\/blogsaverroes.juntadeandalucia.es\/cepermariadeluna\/wp-json\/wp\/v2\/pages\/2339\/\" method=\"get\"><div><input type=\"hidden\" name=\"cid\" value=\"my-calendar\" \/> <label class=\"maybe-hide\" for=\"my-calendar-month\">Mes<\/label> <select id=\"my-calendar-month\" name=\"month\">\n<option value='1'>enero<\/option>\n<option value='2'>febrero<\/option>\n<option value='3'>marzo<\/option>\n<option value='4' selected='selected'>abril<\/option>\n<option value='5'>mayo<\/option>\n<option value='6'>junio<\/option>\n<option value='7'>julio<\/option>\n<option value='8'>agosto<\/option>\n<option value='9'>septiembre<\/option>\n<option value='10'>octubre<\/option>\n<option value='11'>noviembre<\/option>\n<option value='12'>diciembre<\/option>\n<\/select>\n <label class=\"maybe-hide\" for=\"my-calendar-year\">A\u00f1o<\/label> <select id=\"my-calendar-year\" name=\"yr\">\n<option value=\"2021\">2021<\/option>\n<option value=\"2022\">2022<\/option>\n<option value=\"2023\">2023<\/option>\n<option value=\"2024\">2024<\/option>\n<option value=\"2025\">2025<\/option>\n<option value=\"2026\" selected='selected'>2026<\/option>\n<\/select> <input type=\"submit\" class=\"button\" data-href=\"https:\/\/blogsaverroes.juntadeandalucia.es\/cepermariadeluna\/wp-json\/wp\/v2\/pages\/2339\/\" value=\"Ir\" \/><\/div><\/form><\/div>\r\n\t\t<div class=\"my-calendar-nav\">\r\n\t\t\t<ul>\r\n\t\t\t\t<li class=\"my-calendar-prev\"><a id=\"mc_previous_my-calendar\" href=\"https:\/\/blogsaverroes.juntadeandalucia.es\/cepermariadeluna\/my-calendar\/?yr=2026&#038;month=3&#038;dy&#038;cid=my-calendar&#038;time=month\" rel=\"nofollow\"><span class=\"mc-icon\" aria-hidden=\"true\"><\/span><span class=\"maybe-hide\">Anterior <\/span><\/a><\/li><li class=\"my-calendar-today\"><a id=\"mc_today_my-calendar\" href=\"https:\/\/blogsaverroes.juntadeandalucia.es\/cepermariadeluna\/my-calendar\/?cid=my-calendar\" rel=\"nofollow\" class=\"today mc-active\" aria-current=\"true\"><span class=\"mc-icon\" aria-hidden=\"true\"><\/span>Hoy<\/a><\/li>\r\n\t\t\t<\/ul>\r\n\t\t<\/div><\/div>\n<\/nav>\n<div class=\"mc-content\">\n<table class='my-calendar-table' aria-labelledby='mc_head_my-calendar'>\n<thead>\n\t<tr class='mc-row'>\n\t\t<th scope=\"col\" class='day-heading mon'><abbr title=\"lunes\" aria-hidden=\"true\">Lun<\/abbr><span class=\"screen-reader-text\">lunes<\/span><\/th>\n\t\t<th scope=\"col\" class='day-heading tues'><abbr title=\"martes\" aria-hidden=\"true\">Mar<\/abbr><span class=\"screen-reader-text\">martes<\/span><\/th>\n\t\t<th scope=\"col\" class='day-heading wed'><abbr title=\"mi\u00e9rcoles\" aria-hidden=\"true\">Mi\u00e9<\/abbr><span class=\"screen-reader-text\">mi\u00e9rcoles<\/span><\/th>\n\t\t<th scope=\"col\" class='day-heading thur'><abbr title=\"jueves\" aria-hidden=\"true\">Jue<\/abbr><span class=\"screen-reader-text\">jueves<\/span><\/th>\n\t\t<th scope=\"col\" class='day-heading fri'><abbr title=\"viernes\" aria-hidden=\"true\">Vie<\/abbr><span class=\"screen-reader-text\">viernes<\/span><\/th>\n\t<\/tr>\n<\/thead>\n<tbody>\n<tr class='mc-row'><td class='no-events lunes lun past-day past-date  nextmonth no-events day-with-date'><div class='mc-date-container'><span class='mc-date no-events'><span aria-hidden='true'>30<\/span><span class='screen-reader-text'>30 marzo, 2026<\/span><\/span><\/div>\n<\/td>\n<td class='no-events martes mar past-day past-date  nextmonth no-events day-with-date'><div class='mc-date-container'><span class='mc-date no-events'><span aria-hidden='true'>31<\/span><span class='screen-reader-text'>31 marzo, 2026<\/span><\/span><\/div>\n<\/td>\n<td class='no-events mircoles mi past-day past-date   no-events day-with-date'><div class='mc-date-container'><span class='mc-date no-events'><span aria-hidden='true'>1<\/span><span class='screen-reader-text'>1 abril, 2026<\/span><\/span><\/div>\n<\/td>\n<td class='no-events jueves jue past-day past-date   no-events day-with-date'><div class='mc-date-container'><span class='mc-date no-events'><span aria-hidden='true'>2<\/span><span class='screen-reader-text'>2 abril, 2026<\/span><\/span><\/div>\n<\/td>\n<td class='no-events viernes vie past-day past-date   no-events day-with-date'><div class='mc-date-container'><span class='mc-date no-events'><span aria-hidden='true'>3<\/span><span class='screen-reader-text'>3 abril, 2026<\/span><\/span><\/div>\n<\/td>\n<\/tr>\n<!-- End Event Row -->\n<tr class='mc-row'><td aria-current=\"date\" class='no-events lunes lun current-day   no-events day-with-date'><div class='mc-date-container'><span class='mc-date no-events'><span aria-hidden='true'>6<\/span><span class='screen-reader-text'>6 abril, 2026<\/span><\/span><\/div>\n<\/td>\n<td class='no-events martes mar future-day   no-events day-with-date'><div class='mc-date-container'><span class='mc-date no-events'><span aria-hidden='true'>7<\/span><span class='screen-reader-text'>7 abril, 2026<\/span><\/span><\/div>\n<\/td>\n<td class='no-events mircoles mi future-day   no-events day-with-date'><div class='mc-date-container'><span class='mc-date no-events'><span aria-hidden='true'>8<\/span><span class='screen-reader-text'>8 abril, 2026<\/span><\/span><\/div>\n<\/td>\n<td class='no-events jueves jue future-day   no-events day-with-date'><div class='mc-date-container'><span class='mc-date no-events'><span aria-hidden='true'>9<\/span><span class='screen-reader-text'>9 abril, 2026<\/span><\/span><\/div>\n<\/td>\n<td class='no-events viernes vie future-day   no-events day-with-date'><div class='mc-date-container'><span class='mc-date no-events'><span aria-hidden='true'>10<\/span><span class='screen-reader-text'>10 abril, 2026<\/span><\/span><\/div>\n<\/td>\n<\/tr>\n<!-- End Event Row -->\n<tr class='mc-row'><td class='no-events lunes lun future-day   no-events day-with-date'><div class='mc-date-container'><span class='mc-date no-events'><span aria-hidden='true'>13<\/span><span class='screen-reader-text'>13 abril, 2026<\/span><\/span><\/div>\n<\/td>\n<td class='no-events martes mar future-day   no-events day-with-date'><div class='mc-date-container'><span class='mc-date no-events'><span aria-hidden='true'>14<\/span><span class='screen-reader-text'>14 abril, 2026<\/span><\/span><\/div>\n<\/td>\n<td class='no-events mircoles mi future-day   no-events day-with-date'><div class='mc-date-container'><span class='mc-date no-events'><span aria-hidden='true'>15<\/span><span class='screen-reader-text'>15 abril, 2026<\/span><\/span><\/div>\n<\/td>\n<td class='no-events jueves jue future-day   no-events day-with-date'><div class='mc-date-container'><span class='mc-date no-events'><span aria-hidden='true'>16<\/span><span class='screen-reader-text'>16 abril, 2026<\/span><\/span><\/div>\n<\/td>\n<td class='no-events viernes vie future-day   no-events day-with-date'><div class='mc-date-container'><span class='mc-date no-events'><span aria-hidden='true'>17<\/span><span class='screen-reader-text'>17 abril, 2026<\/span><\/span><\/div>\n<\/td>\n<\/tr>\n<!-- End Event Row -->\n<tr class='mc-row'><td class='no-events lunes lun future-day   no-events day-with-date'><div class='mc-date-container'><span class='mc-date no-events'><span aria-hidden='true'>20<\/span><span class='screen-reader-text'>20 abril, 2026<\/span><\/span><\/div>\n<\/td>\n<td class='no-events martes mar future-day   no-events day-with-date'><div class='mc-date-container'><span class='mc-date no-events'><span aria-hidden='true'>21<\/span><span class='screen-reader-text'>21 abril, 2026<\/span><\/span><\/div>\n<\/td>\n<td class='no-events mircoles mi future-day   no-events day-with-date'><div class='mc-date-container'><span class='mc-date no-events'><span aria-hidden='true'>22<\/span><span class='screen-reader-text'>22 abril, 2026<\/span><\/span><\/div>\n<\/td>\n<td id='calendar-2026-04-23' class='mc-events jueves jue future-day   has-events author5774 mcat_celebracin day-with-date'><div class='mc-date-container'>\n\t<span class='mc-date'><span aria-hidden='true'>23<\/span><span class='screen-reader-text'>23 abril, 2026<\/span><span class=\"event-icon\" aria-hidden=\"true\">&#9679;<\/span><span class=\"screen-reader-text\"><span class=\"mc-list-details event-count\">(1 event)<\/span><\/span><\/span><\/div><article id='mc_calendar_23_7-calendar-7' class='mc-mc_calendar_7 calendar-event mc_celebracin mc_no-location future-event mc_primary_celebracion recurring mc-24-horas mc-start-00-00 ungrouped mc-event-2 mc-events mc-event mc_rel_celebracin'><header>\t<h3 class='event-title summary' id='mc_7-title-my-calendar'><button type='button'  aria-expanded='false' aria-controls='mc_calendar_23_7-calendar-details-7' class='calendar open url summary'><div>N\/A: D\u00eda del libro<\/div><\/button><\/h3>\n<\/header><div id='mc_calendar_23_7-calendar-details-7' class='details has-image single-details' aria-labelledby='mc_7-title-my-calendar'>\n\t<button type='button' aria-controls='mc_calendar_23_7-calendar-details-7' class='mc-toggle close'><span class='dashicons dashicons-dismiss' aria-hidden='true'><\/span><span class='screen-reader-text'>Close<\/span><\/button>\n\t\t<h4 class=\"mc-title\">N\/A: D\u00eda del libro<\/h4>\n\t\r\n\t<div class='time-block'>\r\n\t\t<span class='mc-icon' aria-hidden='true'><\/span>\r\n\t\t<p><span class=\"time-wrapper\"> <span class='event-time'><abbr title='No aplicable'>N\/A<\/abbr><\/span>  <\/span><br \/><span class=\"date-wrapper\"><span class='mc-start-date dtstart' title='2026-04-23T00:00:00+02:00' content='2026-04-23T00:00:00+02:00'>23 abril, 2026<\/span>  <\/span><\/p>\r\n\t<\/div>\n\t<img src='https:\/\/blogsaverroes.juntadeandalucia.es\/cepermariadeluna\/files\/2021\/04\/D\u00eda-del-Libro-2021.png' alt='' class='mc-image photo' \/>\n\t\t<div class='longdesc description'><p>Como cada a\u00f1o, el 23 de abril se celebra el D\u00eda Mundial del Libro. Fecha simb\u00f3lica elegida por la UNESCO por su \u201ccoincidencia\u201d con la muerte de dos grandes escritores como Shakespeare y Cervantes.<\/p>\n<\/div>\n\t\r\n\t<p>\r\n\t\t<a href='https:\/\/blogsaverroes.juntadeandalucia.es\/cepermariadeluna\/tag\/dia-del-libro\/' class='calendar-link url' aria-describedby='mc_7-title-my-calendar'>{title}<\/a>\r\n\t<\/p>\n\t\t<div class=\"sharing\">\t<p class='gcal'><a href='https:\/\/www.google.com\/calendar\/render?action=TEMPLATE&#038;dates=20260423\/20260424&#038;sprop=website:https:\/\/blogsaverroes.juntadeandalucia.es\/cepermariadeluna\/tag\/dia-del-libro\/&#038;text=D%C3%ADa+del+libro&#038;location=&#038;sprop=name:CEPER+Mar%C3%ADa+de+Luna&#038;details=Como+cada+a%C3%B1o%2C+el+23+de+abril+se+celebra+el+D%C3%ADa+Mundial+del+Libro.+Fecha+simb%C3%B3lica+elegida+por+la+UNESCO+por+su+%E2%80%9Ccoincidencia%E2%80%9D+con+la+muerte+de+dos+grandes+escritores+como+Shakespeare+y+Cervantes.+https%3A%2F%2Fblogsaverroes.juntadeandalucia.es%2Fcepermariadeluna%2Ftag%2Fdia-del-libro%2F&#038;sf=true&#038;output=xml' class='gcal external' rel='nofollow' aria-describedby='mc_7-title-my-calendar'><span class='mc-icon' aria-hidden='true'><\/span>Google Calendar<\/a><\/p>\t<p class='mc-details'><a aria-label='More&lt;span class=&quot;screen-reader-text&quot;&gt; about {title}&lt;\/span&gt;: N\/A: D\u00eda del libro' href='https:\/\/blogsaverroes.juntadeandalucia.es\/cepermariadeluna\/tag\/dia-del-libro\/'>More<span class=\"screen-reader-text\"> about {title}<\/span><\/a><\/p>\n<\/div><\/div><!--end .details--><\/article>\n<\/td>\n<td class='no-events viernes vie future-day   no-events day-with-date'><div class='mc-date-container'><span class='mc-date no-events'><span aria-hidden='true'>24<\/span><span class='screen-reader-text'>24 abril, 2026<\/span><\/span><\/div>\n<\/td>\n<\/tr>\n<!-- End Event Row -->\n<tr class='mc-row'><td class='no-events lunes lun future-day   no-events day-with-date'><div class='mc-date-container'><span class='mc-date no-events'><span aria-hidden='true'>27<\/span><span class='screen-reader-text'>27 abril, 2026<\/span><\/span><\/div>\n<\/td>\n<td class='no-events martes mar future-day   no-events day-with-date'><div class='mc-date-container'><span class='mc-date no-events'><span aria-hidden='true'>28<\/span><span class='screen-reader-text'>28 abril, 2026<\/span><\/span><\/div>\n<\/td>\n<td class='no-events mircoles mi future-day   no-events day-with-date'><div class='mc-date-container'><span class='mc-date no-events'><span aria-hidden='true'>29<\/span><span class='screen-reader-text'>29 abril, 2026<\/span><\/span><\/div>\n<\/td>\n<td class='no-events jueves jue future-day   no-events day-with-date'><div class='mc-date-container'><span class='mc-date no-events'><span aria-hidden='true'>30<\/span><span class='screen-reader-text'>30 abril, 2026<\/span><\/span><\/div>\n<\/td>\n<td class='no-events viernes vie future-day  nextmonth no-events day-with-date'><div class='mc-date-container'><span class='mc-date no-events'><span aria-hidden='true'>1<\/span><span class='screen-reader-text'>1 mayo, 2026<\/span><\/span><\/div>\n<\/td>\n<\/tr>\n<!-- End Event Row -->\n\n<\/tbody>\n<\/table><\/div><!-- .mc-content -->\n<nav class=\"my-calendar-navigation\" aria-label=\"Calendar (bottom)\">\n<div class=\"mc_bottomnav my-calendar-footer\"><div class=\"category-key has-icons\"><h3 class=\"maybe-hide\">Categor\u00edas<\/h3>\n<ul>\n<li class=\"cat_celebracin\"><a id=\"mc_cat_2-my-calendar\" href=\"https:\/\/blogsaverroes.juntadeandalucia.es\/cepermariadeluna\/my-calendar\/?mcat=2\"  rel=\"nofollow\"><span class=\"category-color-sample no-icon\" style=\"background:#dd3333;\"> &nbsp; <\/span><span class=\"mc-category-title\">Celebraci\u00f3n<\/span><\/a><\/li><li class=\"cat_charla\"><a id=\"mc_cat_5-my-calendar\" href=\"https:\/\/blogsaverroes.juntadeandalucia.es\/cepermariadeluna\/my-calendar\/?mcat=5\"  rel=\"nofollow\"><span class=\"category-color-sample no-icon\" style=\"background:#1e73be;\"> &nbsp; <\/span><span class=\"mc-category-title\">Charla<\/span><\/a><\/li><li class=\"cat_examen\"><a id=\"mc_cat_3-my-calendar\" href=\"https:\/\/blogsaverroes.juntadeandalucia.es\/cepermariadeluna\/my-calendar\/?mcat=3\"  rel=\"nofollow\"><span class=\"category-color-sample no-icon\" style=\"background:#eeee22;\"> &nbsp; <\/span><span class=\"mc-category-title\">Examen<\/span><\/a><\/li><li class=\"cat_excursin\"><a id=\"mc_cat_7-my-calendar\" href=\"https:\/\/blogsaverroes.juntadeandalucia.es\/cepermariadeluna\/my-calendar\/?mcat=7\"  rel=\"nofollow\"><span class=\"category-color-sample no-icon\" style=\"background:#dd9933;\"> &nbsp; <\/span><span class=\"mc-category-title\">Excursi\u00f3n<\/span><\/a><\/li><li class=\"cat_general\"><a id=\"mc_cat_1-my-calendar\" href=\"https:\/\/blogsaverroes.juntadeandalucia.es\/cepermariadeluna\/my-calendar\/?mcat=1\"  rel=\"nofollow\"><span class=\"category-color-sample svg\" style=\"background:#ffffcc;\"><svg style=\"fill:#000000\" focusable=\"false\" role=\"img\" aria-labelledby=\"cat_1\" class=\"category-icon\" xmlns=\"http:\/\/www.w3.org\/2000\/svg\" viewBox=\"0 0 448 512\"><!-- Font Awesome Free 5.15.3 by @fontawesome - https:\/\/fontawesome.com License - https:\/\/fontawesome.com\/license\/free (Icons: CC BY 4.0, Fonts: SIL OFL 1.1, Code: MIT License) --><title id='cat_1'>General<\/title><path d=\"M12 192h424c6.6 0 12 5.4 12 12v260c0 26.5-21.5 48-48 48H48c-26.5 0-48-21.5-48-48V204c0-6.6 5.4-12 12-12zm436-44v-36c0-26.5-21.5-48-48-48h-48V12c0-6.6-5.4-12-12-12h-40c-6.6 0-12 5.4-12 12v52H160V12c0-6.6-5.4-12-12-12h-40c-6.6 0-12 5.4-12 12v52H48C21.5 64 0 85.5 0 112v36c0 6.6 5.4 12 12 12h424c6.6 0 12-5.4 12-12z\"\/><\/svg><\/span>General<\/a><\/li><li class=\"cat_periodo-inscripcinmatriculacin\"><a id=\"mc_cat_4-my-calendar\" href=\"https:\/\/blogsaverroes.juntadeandalucia.es\/cepermariadeluna\/my-calendar\/?mcat=4\"  rel=\"nofollow\"><span class=\"category-color-sample svg\" style=\"background:#81d742;\"><svg style=\"fill:#000000\" focusable=\"false\" role=\"img\" aria-labelledby=\"cat_4\" class=\"category-icon\" xmlns=\"http:\/\/www.w3.org\/2000\/svg\" viewBox=\"0 0 640 512\"><!-- Font Awesome Free 5.15.3 by @fontawesome - https:\/\/fontawesome.com License - https:\/\/fontawesome.com\/license\/free (Icons: CC BY 4.0, Fonts: SIL OFL 1.1, Code: MIT License) --><title id='cat_4'>Periodo inscripci\u00f3n\/matriculaci\u00f3n<\/title><path d=\"M0 224v272c0 8.84 7.16 16 16 16h80V192H32c-17.67 0-32 14.33-32 32zm360-48h-24v-40c0-4.42-3.58-8-8-8h-16c-4.42 0-8 3.58-8 8v64c0 4.42 3.58 8 8 8h48c4.42 0 8-3.58 8-8v-16c0-4.42-3.58-8-8-8zm137.75-63.96l-160-106.67a32.02 32.02 0 0 0-35.5 0l-160 106.67A32.002 32.002 0 0 0 128 138.66V512h128V368c0-8.84 7.16-16 16-16h96c8.84 0 16 7.16 16 16v144h128V138.67c0-10.7-5.35-20.7-14.25-26.63zM320 256c-44.18 0-80-35.82-80-80s35.82-80 80-80 80 35.82 80 80-35.82 80-80 80zm288-64h-64v320h80c8.84 0 16-7.16 16-16V224c0-17.67-14.33-32-32-32z\"\/><\/svg><\/span>Periodo inscripci\u00f3n\/matriculaci\u00f3n<\/a><\/li><li class=\"cat_taller\"><a id=\"mc_cat_6-my-calendar\" href=\"https:\/\/blogsaverroes.juntadeandalucia.es\/cepermariadeluna\/my-calendar\/?mcat=6\"  rel=\"nofollow\"><span class=\"category-color-sample no-icon\" style=\"background:#8224e3;\"> &nbsp; <\/span><span class=\"mc-category-title\">Taller<\/span><\/a><\/li><li class='all-categories'><span class='mc-active' id='mc_cat_all-my-calendar' tabindex='-1'>Todas las categor\u00edas<\/span><\/li><\/ul><\/div><div class='mc-export mc-subscribe'>\r\n\t<ul><li class='ics google'><a href='https:\/\/www.google.com\/calendar\/render?cid=webcal:\/\/blogsaverroes.juntadeandalucia.es\/cepermariadeluna\/feed\/my-calendar-google\/' rel='nofollow'><span class='mc-icon' aria-hidden='true'><\/span><span class=\"maybe-hide\">Subscribe in <\/span>Google<\/a><\/li><li class='ics ical'><a href='webcal:\/\/blogsaverroes.juntadeandalucia.es\/cepermariadeluna\/feed\/my-calendar-ics\/' rel='nofollow'><span class='mc-icon' aria-hidden='true'><\/span><span class=\"maybe-hide\">Subscribe in <\/span>iCal<\/a><\/li><\/ul>\r\n<\/div><div class='mc-print'><a id='mc_print-my-calendar' href='https:\/\/blogsaverroes.juntadeandalucia.es\/cepermariadeluna?time=month&#038;yr=2026&#038;month=4&#038;dy=1&#038;href=https%3A%2F%2Fblogsaverroes.juntadeandalucia.es%2Fcepermariadeluna%2Fwp-json%2Fwp%2Fv2%2Fpages%2F2339%2F&#038;cid=mc-print-view' rel='nofollow'><span class='mc-icon' aria-hidden='true'><\/span>Imprimir<span class=\"maybe-hide\"> Vistas<\/span><\/a><\/div><div class='mc-export mc-download'>\r\n\t<ul><li class='ics google'><a href='https:\/\/www.google.com\/calendar\/render?cid=https:\/\/blogsaverroes.juntadeandalucia.es\/cepermariadeluna\/feed\/my-calendar-ics\/?time=month&#038;yr=2026&#038;month=4&#038;dy=1&#038;nyr&#038;nmonth' rel='nofollow'><span class='mc-icon' aria-hidden='true'><\/span><span class=\"maybe-hide\">Export to <\/span>Google<\/a><\/li><li class='ics ical'><a href='https:\/\/blogsaverroes.juntadeandalucia.es\/cepermariadeluna\/feed\/my-calendar-ics\/?time=month&#038;yr=2026&#038;month=4&#038;dy=1&#038;nyr&#038;nmonth' rel='nofollow'><span class='mc-icon' aria-hidden='true'><\/span><span class=\"maybe-hide\">Export to <\/span>iCal<\/a><\/li><\/ul>\r\n<\/div><\/div>\n<\/nav>\n\r\n<\/div>\n","protected":false},"excerpt":{"rendered":"","protected":false},"author":5774,"featured_media":0,"parent":0,"menu_order":0,"comment_status":"closed","ping_status":"closed","template":"","meta":{"ngg_post_thumbnail":0,"footnotes":"","_mc_calendar":[]},"aioseo_notices":[],"_links":{"self":[{"href":"https:\/\/blogsaverroes.juntadeandalucia.es\/cepermariadeluna\/wp-json\/wp\/v2\/pages\/2339"}],"collection":[{"href":"https:\/\/blogsaverroes.juntadeandalucia.es\/cepermariadeluna\/wp-json\/wp\/v2\/pages"}],"about":[{"href":"https:\/\/blogsaverroes.juntadeandalucia.es\/cepermariadeluna\/wp-json\/wp\/v2\/types\/page"}],"author":[{"embeddable":true,"href":"https:\/\/blogsaverroes.juntadeandalucia.es\/cepermariadeluna\/wp-json\/wp\/v2\/users\/5774"}],"replies":[{"embeddable":true,"href":"https:\/\/blogsaverroes.juntadeandalucia.es\/cepermariadeluna\/wp-json\/wp\/v2\/comments?post=2339"}],"version-history":[{"count":1,"href":"https:\/\/blogsaverroes.juntadeandalucia.es\/cepermariadeluna\/wp-json\/wp\/v2\/pages\/2339\/revisions"}],"predecessor-version":[{"id":2341,"href":"https:\/\/blogsaverroes.juntadeandalucia.es\/cepermariadeluna\/wp-json\/wp\/v2\/pages\/2339\/revisions\/2341"}],"wp:attachment":[{"href":"https:\/\/blogsaverroes.juntadeandalucia.es\/cepermariadeluna\/wp-json\/wp\/v2\/media?parent=2339"}],"curies":[{"name":"wp","href":"https:\/\/api.w.org\/{rel}","templated":true}]}}