{"id":31,"date":"2020-05-30T09:26:14","date_gmt":"2020-05-30T09:26:14","guid":{"rendered":"https:\/\/blogsaverroes.juntadeandalucia.es\/cepermariadeluna\/?page_id=31"},"modified":"2025-10-30T17:13:46","modified_gmt":"2025-10-30T16:13:46","slug":"planes","status":"publish","type":"page","link":"https:\/\/blogsaverroes.juntadeandalucia.es\/cepermariadeluna\/planes\/","title":{"rendered":"Matriculaci\u00f3n"},"content":{"rendered":"<h1 style=\"text-align: center\">Matriculaci\u00f3n<\/h1>\n<p>Para matricularnos en el pr\u00f3ximo curso 2024\/25 tenemos dos m\u00e9todos:<\/p>\n<ol>\n<li><strong>Del 1 al 15 de junio<\/strong> pulsando en el siguiente enlace para acceder a la <a href=\"https:\/\/www.juntadeandalucia.es\/educacion\/secretariavirtual\/accesoTramite\/266\/\">secretar\u00eda virtual de los centros educativos<\/a> de Andaluc\u00eda. Para poder matricularte de esta forma debes tener cl@ve (PIN o permanente) o tu n\u00famero de identificaci\u00f3n IANDE (que puedes encontrar en la aplicaci\u00f3n iPasen o solicitar en el centro).<\/li>\n<li>El segundo m\u00e9todo de matriculaci\u00f3n consiste en <strong>acudir<\/strong> al CEPER Mar\u00eda de Luna <strong>presencialmente<\/strong> (<strong>C\/ sor Florencia, 3, Baza<\/strong>); all\u00ed habr\u00e1 hojas de matr\u00edcula disponibles para todos los interesados\/as. el plazo de matr\u00edcula de este otro m\u00e9todo es del <strong>1 al 30 de junio y a partir del 1 de septiembre en los planes en los que queden plazas<\/strong>.<\/li>\n<\/ol>\n<hr>\n<h1 style=\"text-align: center\">Anulaci\u00f3n de matr\u00edcula<\/h1>\n<p>Para la anulaci\u00f3n de matr\u00edcula, ponemos a disposici\u00f3n de nuestro alumnado un formulario que recoge sus datos. Puede acudir al centro personalmente en horario de atenci\u00f3n al p\u00fablico y le daremos el formulario de anulaci\u00f3n y las instrucciones para rellenarlo.<\/p>\n","protected":false},"excerpt":{"rendered":"<p>Matriculaci\u00f3n Para matricularnos en el pr\u00f3ximo curso 2024\/25 tenemos dos m\u00e9todos: Del 1 al 15 de junio pulsando en el siguiente enlace para acceder a la secretar\u00eda virtual de los centros educativos de Andaluc\u00eda.&#46;&#46;&#46;<\/p>\n","protected":false},"author":4664,"featured_media":0,"parent":0,"menu_order":0,"comment_status":"closed","ping_status":"closed","template":"","meta":{"ngg_post_thumbnail":0,"footnotes":"","_mc_calendar":[]},"aioseo_notices":[],"_links":{"self":[{"href":"https:\/\/blogsaverroes.juntadeandalucia.es\/cepermariadeluna\/wp-json\/wp\/v2\/pages\/31"}],"collection":[{"href":"https:\/\/blogsaverroes.juntadeandalucia.es\/cepermariadeluna\/wp-json\/wp\/v2\/pages"}],"about":[{"href":"https:\/\/blogsaverroes.juntadeandalucia.es\/cepermariadeluna\/wp-json\/wp\/v2\/types\/page"}],"author":[{"embeddable":true,"href":"https:\/\/blogsaverroes.juntadeandalucia.es\/cepermariadeluna\/wp-json\/wp\/v2\/users\/4664"}],"replies":[{"embeddable":true,"href":"https:\/\/blogsaverroes.juntadeandalucia.es\/cepermariadeluna\/wp-json\/wp\/v2\/comments?post=31"}],"version-history":[{"count":25,"href":"https:\/\/blogsaverroes.juntadeandalucia.es\/cepermariadeluna\/wp-json\/wp\/v2\/pages\/31\/revisions"}],"predecessor-version":[{"id":4014,"href":"https:\/\/blogsaverroes.juntadeandalucia.es\/cepermariadeluna\/wp-json\/wp\/v2\/pages\/31\/revisions\/4014"}],"wp:attachment":[{"href":"https:\/\/blogsaverroes.juntadeandalucia.es\/cepermariadeluna\/wp-json\/wp\/v2\/media?parent=31"}],"curies":[{"name":"wp","href":"https:\/\/api.w.org\/{rel}","templated":true}]}}