{"id":51,"date":"2020-05-28T09:53:13","date_gmt":"2020-05-28T09:53:13","guid":{"rendered":"https:\/\/blogsaverroes.juntadeandalucia.es\/cepermariadeluna\/?page_id=51"},"modified":"2020-12-04T16:37:19","modified_gmt":"2020-12-04T15:37:19","slug":"secciones","status":"publish","type":"page","link":"https:\/\/blogsaverroes.juntadeandalucia.es\/cepermariadeluna\/secciones\/","title":{"rendered":"Secciones"},"content":{"rendered":"<p>El <strong>CEPER Mar\u00eda de Luna<\/strong> es un centro de educaci\u00f3n permanente que se compone de un centro base que atiende a la localidad de <strong>Baza<\/strong>; una secci\u00f3n de educaci\u00f3n permanente (<strong>SEP Casa del Agua<\/strong>) que atiende a la localidad de <strong>Caniles<\/strong>; una secci\u00f3n de educaci\u00f3n permanente (<strong>SEP Guardal<\/strong>) que atiende a los pueblos de <strong>Benamaurel<\/strong> y <strong>Cortes de Baza<\/strong>; una secci\u00f3n de educaci\u00f3n permanente (<strong>SEP La Torre<\/strong>) que atiende a la localidad de <strong>Cullar<\/strong>; y una secci\u00f3n de educaci\u00f3n permanente (<strong>SEP Negrat\u00edn<\/strong>) que atiende a las localidades de <strong>Zujar<\/strong>, <strong>Freila<\/strong> y <strong>Cuevas del Campo<\/strong>. El organigrama del centro y las secciones queda como sigue:<\/p>\n<p><img decoding=\"async\" class=\"aligncenter size-full wp-image-172\" src=\"https:\/\/blogsaverroes.juntadeandalucia.es\/cepermariadeluna\/files\/2020\/10\/centro-y-secciones.png\" width=\"50%\" height=\"50%\" srcset=\"https:\/\/blogsaverroes.juntadeandalucia.es\/cepermariadeluna\/files\/2020\/10\/centro-y-secciones.png 1600w, https:\/\/blogsaverroes.juntadeandalucia.es\/cepermariadeluna\/files\/2020\/10\/centro-y-secciones-300x217.png 300w, https:\/\/blogsaverroes.juntadeandalucia.es\/cepermariadeluna\/files\/2020\/10\/centro-y-secciones-1024x742.png 1024w, https:\/\/blogsaverroes.juntadeandalucia.es\/cepermariadeluna\/files\/2020\/10\/centro-y-secciones-768x556.png 768w, https:\/\/blogsaverroes.juntadeandalucia.es\/cepermariadeluna\/files\/2020\/10\/centro-y-secciones-1536x1113.png 1536w, https:\/\/blogsaverroes.juntadeandalucia.es\/cepermariadeluna\/files\/2020\/10\/centro-y-secciones-2048x1483.png 2048w, https:\/\/blogsaverroes.juntadeandalucia.es\/cepermariadeluna\/files\/2020\/10\/centro-y-secciones-24x17.png 24w, https:\/\/blogsaverroes.juntadeandalucia.es\/cepermariadeluna\/files\/2020\/10\/centro-y-secciones-36x26.png 36w, https:\/\/blogsaverroes.juntadeandalucia.es\/cepermariadeluna\/files\/2020\/10\/centro-y-secciones-48x35.png 48w\" sizes=\"(max-width: 1600px) 100vw, 1600px\" \/><\/p>\n","protected":false},"excerpt":{"rendered":"<p>El CEPER Mar\u00eda de Luna es un centro de educaci\u00f3n permanente que se compone de un centro base que atiende a la localidad de Baza; una secci\u00f3n de educaci\u00f3n permanente (SEP Casa del Agua)&#46;&#46;&#46;<\/p>\n","protected":false},"author":5774,"featured_media":0,"parent":0,"menu_order":0,"comment_status":"closed","ping_status":"closed","template":"","meta":{"ngg_post_thumbnail":0,"footnotes":"","_mc_calendar":[]},"aioseo_notices":[],"_links":{"self":[{"href":"https:\/\/blogsaverroes.juntadeandalucia.es\/cepermariadeluna\/wp-json\/wp\/v2\/pages\/51"}],"collection":[{"href":"https:\/\/blogsaverroes.juntadeandalucia.es\/cepermariadeluna\/wp-json\/wp\/v2\/pages"}],"about":[{"href":"https:\/\/blogsaverroes.juntadeandalucia.es\/cepermariadeluna\/wp-json\/wp\/v2\/types\/page"}],"author":[{"embeddable":true,"href":"https:\/\/blogsaverroes.juntadeandalucia.es\/cepermariadeluna\/wp-json\/wp\/v2\/users\/5774"}],"replies":[{"embeddable":true,"href":"https:\/\/blogsaverroes.juntadeandalucia.es\/cepermariadeluna\/wp-json\/wp\/v2\/comments?post=51"}],"version-history":[{"count":11,"href":"https:\/\/blogsaverroes.juntadeandalucia.es\/cepermariadeluna\/wp-json\/wp\/v2\/pages\/51\/revisions"}],"predecessor-version":[{"id":336,"href":"https:\/\/blogsaverroes.juntadeandalucia.es\/cepermariadeluna\/wp-json\/wp\/v2\/pages\/51\/revisions\/336"}],"wp:attachment":[{"href":"https:\/\/blogsaverroes.juntadeandalucia.es\/cepermariadeluna\/wp-json\/wp\/v2\/media?parent=51"}],"curies":[{"name":"wp","href":"https:\/\/api.w.org\/{rel}","templated":true}]}}