{"id":58,"date":"2020-05-28T09:55:07","date_gmt":"2020-05-28T09:55:07","guid":{"rendered":"https:\/\/blogsaverroes.juntadeandalucia.es\/cepermariadeluna\/?page_id=58"},"modified":"2025-10-30T17:16:19","modified_gmt":"2025-10-30T16:16:19","slug":"sep-la-torre","status":"publish","type":"page","link":"https:\/\/blogsaverroes.juntadeandalucia.es\/cepermariadeluna\/secciones\/sep-la-torre\/","title":{"rendered":"SEP Negrat\u00edn"},"content":{"rendered":"<p><iframe loading=\"lazy\" src=\"\/\/www.youtube.com\/embed\/pfDGtVVcvSE?si=W7r2uTMxeoZbAWwm\" width=\"560\" height=\"315\" frameborder=\"0\"><\/iframe><\/p>\n<p>El SEP Negrat\u00edn es la secci\u00f3n m\u00e1s extensa del CEPER Mar\u00eda de Luna, atiende a los pueblos de Z\u00fajar, Freila y Cuevas del Campo. Su jefatura de estudios delegada en el curso 2025\/26 recae en Manuela Fern\u00e1ndez G\u00f3mez; tambi\u00e9n est\u00e1 en esta secci\u00f3n Luc\u00eda P\u00e9rez Gonz\u00e1lez a la que sustituye Rosal\u00eda L\u00f3pez Pollo hasta su incorporaci\u00f3n.<\/p>\n<p>A esta secci\u00f3n se desplaza Luis Santos Lema desde Baza para atender las necesidades de ingl\u00e9s de la secundaria de Z\u00fajar.<\/p>\n<h1>Z\u00fajar<\/h1>\n<table style=\"border-collapse: collapse;width: 100%;height: 96px\">\n<tbody>\n<tr style=\"height: 24px\">\n<td style=\"width: 25%;height: 24px\" rowspan=\"4\"><img loading=\"lazy\" decoding=\"async\" class=\"alignleft size-thumbnail wp-image-3986\" src=\"https:\/\/blogsaverroes.juntadeandalucia.es\/cepermariadeluna\/files\/2025\/10\/manuela-recortada-150x150.png\" alt=\"\" width=\"150\" height=\"150\" srcset=\"https:\/\/blogsaverroes.juntadeandalucia.es\/cepermariadeluna\/files\/2025\/10\/manuela-recortada-150x150.png 150w, https:\/\/blogsaverroes.juntadeandalucia.es\/cepermariadeluna\/files\/2025\/10\/manuela-recortada-80x80.png 80w, https:\/\/blogsaverroes.juntadeandalucia.es\/cepermariadeluna\/files\/2025\/10\/manuela-recortada-320x320.png 320w\" sizes=\"(max-width: 150px) 100vw, 150px\" \/><\/td>\n<td style=\"width: 25%;height: 24px\"><strong>Plan educativo<\/strong><\/td>\n<td style=\"width: 25%;height: 24px\"><strong>D\u00edas de clase<\/strong><\/td>\n<td style=\"width: 25%;height: 24px\"><strong>Horas<\/strong><\/td>\n<\/tr>\n<tr style=\"height: 24px\">\n<td style=\"width: 25%;height: 24px\">&nbsp;<\/td>\n<td style=\"width: 25%;height: 24px\">&nbsp;<\/td>\n<td style=\"width: 25%;height: 24px\">&nbsp;<\/td>\n<\/tr>\n<tr>\n<td style=\"width: 25%\">&nbsp;<\/td>\n<td style=\"width: 25%\">&nbsp;<\/td>\n<td style=\"width: 25%\">&nbsp;<\/td>\n<\/tr>\n<tr style=\"height: 24px\">\n<td style=\"width: 25%;height: 24px\">&nbsp;<\/td>\n<td style=\"width: 25%;height: 24px\">&nbsp;<\/td>\n<td style=\"width: 25%;height: 24px\">&nbsp;<\/td>\n<\/tr>\n<tr style=\"height: 24px\">\n<td style=\"width: 25%;height: 24px\"><img loading=\"lazy\" decoding=\"async\" class=\"size-thumbnail wp-image-3933 alignleft\" src=\"https:\/\/blogsaverroes.juntadeandalucia.es\/cepermariadeluna\/files\/2025\/10\/luis-recortada-150x150.png\" alt=\"\" width=\"150\" height=\"150\" srcset=\"https:\/\/blogsaverroes.juntadeandalucia.es\/cepermariadeluna\/files\/2025\/10\/luis-recortada-150x150.png 150w, https:\/\/blogsaverroes.juntadeandalucia.es\/cepermariadeluna\/files\/2025\/10\/luis-recortada-80x80.png 80w, https:\/\/blogsaverroes.juntadeandalucia.es\/cepermariadeluna\/files\/2025\/10\/luis-recortada-320x320.png 320w\" sizes=\"(max-width: 150px) 100vw, 150px\" \/><\/td>\n<td style=\"width: 25%;height: 24px\">ESA \u00c1mbito comunicativo &#8211; ingl\u00e9s<\/td>\n<td style=\"width: 25%;height: 24px\">Viernes<\/td>\n<td style=\"width: 25%;height: 24px\">de 17:30 a 19:00<\/td>\n<\/tr>\n<\/tbody>\n<\/table>\nngg_shortcode_0_placeholder\n<h1>Freila<\/h1>\n<table style=\"border-collapse: collapse;width: 100%;height: 269px\">\n<tbody>\n<tr style=\"height: 53px\">\n<td style=\"width: 25%;height: 203px\" rowspan=\"4\"><img loading=\"lazy\" decoding=\"async\" class=\"alignleft size-thumbnail wp-image-3986\" src=\"https:\/\/blogsaverroes.juntadeandalucia.es\/cepermariadeluna\/files\/2025\/10\/manuela-recortada-150x150.png\" alt=\"\" width=\"150\" height=\"150\" srcset=\"https:\/\/blogsaverroes.juntadeandalucia.es\/cepermariadeluna\/files\/2025\/10\/manuela-recortada-150x150.png 150w, https:\/\/blogsaverroes.juntadeandalucia.es\/cepermariadeluna\/files\/2025\/10\/manuela-recortada-80x80.png 80w, https:\/\/blogsaverroes.juntadeandalucia.es\/cepermariadeluna\/files\/2025\/10\/manuela-recortada-320x320.png 320w\" sizes=\"(max-width: 150px) 100vw, 150px\" \/><\/td>\n<td style=\"width: 24.9538%;height: 53px\"><strong>Plan educativo<\/strong><\/td>\n<td style=\"width: 24.9538%;height: 53px\"><strong>D\u00edas de clase<\/strong><\/td>\n<td style=\"width: 24.9538%;height: 53px\"><strong>Horas<\/strong><\/td>\n<\/tr>\n<tr style=\"height: 53px\">\n<td style=\"width: 24.9538%;height: 44px\">&nbsp;<\/td>\n<td style=\"width: 24.9538%;height: 44px\">&nbsp;<\/td>\n<td style=\"width: 24.9538%;height: 44px\">&nbsp;<\/td>\n<\/tr>\n<tr style=\"height: 53px\">\n<td style=\"width: 24.9538%;height: 53px\">&nbsp;<\/td>\n<td style=\"width: 24.9538%;height: 53px\">&nbsp;<\/td>\n<td style=\"width: 24.9538%;height: 53px\">&nbsp;<\/td>\n<\/tr>\n<tr style=\"height: 53px\">\n<td style=\"width: 24.9538%;height: 53px\">&nbsp;<\/td>\n<td style=\"width: 24.9538%;height: 53px\">&nbsp;<\/td>\n<td style=\"width: 24.9538%;height: 53px\">&nbsp;<\/td>\n<\/tr>\n<tr style=\"height: 24px\">\n<td style=\"width: 25%;height: 66px\" rowspan=\"3\"><img loading=\"lazy\" decoding=\"async\" class=\"alignleft size-thumbnail wp-image-3985\" src=\"https:\/\/blogsaverroes.juntadeandalucia.es\/cepermariadeluna\/files\/2025\/10\/lucia-recortada-150x150.png\" alt=\"\" width=\"150\" height=\"150\" srcset=\"https:\/\/blogsaverroes.juntadeandalucia.es\/cepermariadeluna\/files\/2025\/10\/lucia-recortada-150x150.png 150w, https:\/\/blogsaverroes.juntadeandalucia.es\/cepermariadeluna\/files\/2025\/10\/lucia-recortada-80x80.png 80w, https:\/\/blogsaverroes.juntadeandalucia.es\/cepermariadeluna\/files\/2025\/10\/lucia-recortada-320x320.png 320w\" sizes=\"(max-width: 150px) 100vw, 150px\" \/><\/td>\n<td style=\"width: 24.9538%;height: 24px\">&nbsp;<\/td>\n<td style=\"width: 24.9538%;height: 24px\">&nbsp;<\/td>\n<td style=\"width: 24.9538%;height: 24px\">&nbsp;<\/td>\n<\/tr>\n<tr style=\"height: 18px\">\n<td style=\"width: 24.9538%;height: 18px\">&nbsp;<\/td>\n<td style=\"width: 24.9538%;height: 18px\">&nbsp;<\/td>\n<td style=\"width: 24.9538%;height: 18px\">&nbsp;<\/td>\n<\/tr>\n<tr style=\"height: 24px\">\n<td style=\"width: 24.9538%;height: 24px\">&nbsp;<\/td>\n<td style=\"width: 24.9538%;height: 24px\">&nbsp;<\/td>\n<td style=\"width: 24.9538%;height: 24px\">&nbsp;<\/td>\n<\/tr>\n<\/tbody>\n<\/table>\n<h1>Cuevas del Campo<\/h1>\n<table style=\"border-collapse: collapse;width: 100%;height: 150px\">\n<tbody>\n<tr style=\"height: 30px\">\n<td style=\"width: 25%;height: 150px\" rowspan=\"4\"><img loading=\"lazy\" decoding=\"async\" class=\"alignleft size-thumbnail wp-image-3985\" src=\"https:\/\/blogsaverroes.juntadeandalucia.es\/cepermariadeluna\/files\/2025\/10\/lucia-recortada-150x150.png\" alt=\"\" width=\"150\" height=\"150\" srcset=\"https:\/\/blogsaverroes.juntadeandalucia.es\/cepermariadeluna\/files\/2025\/10\/lucia-recortada-150x150.png 150w, https:\/\/blogsaverroes.juntadeandalucia.es\/cepermariadeluna\/files\/2025\/10\/lucia-recortada-80x80.png 80w, https:\/\/blogsaverroes.juntadeandalucia.es\/cepermariadeluna\/files\/2025\/10\/lucia-recortada-320x320.png 320w\" sizes=\"(max-width: 150px) 100vw, 150px\" \/><\/td>\n<td style=\"width: 24.9538%;height: 30px\"><strong>Plan educativo<\/strong><\/td>\n<td style=\"width: 24.9538%;height: 30px\"><strong>D\u00edas de clase<\/strong><\/td>\n<td style=\"width: 24.9538%;height: 30px\"><strong>Horas<\/strong><\/td>\n<\/tr>\n<tr style=\"height: 30px\">\n<td style=\"width: 24.9538%;height: 30px\">&nbsp;<\/td>\n<td style=\"width: 24.9538%;height: 30px\">&nbsp;<\/td>\n<td style=\"width: 24.9538%;height: 30px\">&nbsp;<\/td>\n<\/tr>\n<tr style=\"height: 30px\">\n<td style=\"width: 24.9538%;height: 30px\">&nbsp;<\/td>\n<td style=\"width: 24.9538%;height: 30px\">&nbsp;<\/td>\n<td style=\"width: 24.9538%;height: 30px\">&nbsp;<\/td>\n<\/tr>\n<tr style=\"height: 30px\">\n<td style=\"width: 24.9538%;height: 30px\">&nbsp;<\/td>\n<td style=\"width: 24.9538%;height: 30px\">&nbsp;<\/td>\n<td style=\"width: 24.9538%;height: 30px\">&nbsp;<\/td>\n<\/tr>\n<\/tbody>\n<\/table>\nngg_shortcode_1_placeholder\n","protected":false},"excerpt":{"rendered":"<p>El SEP Negrat\u00edn es la secci\u00f3n m\u00e1s extensa del CEPER Mar\u00eda de Luna, atiende a los pueblos de Z\u00fajar, Freila y Cuevas del Campo. Su jefatura de estudios delegada en el curso 2025\/26 recae&#46;&#46;&#46;<\/p>\n","protected":false},"author":5774,"featured_media":0,"parent":51,"menu_order":0,"comment_status":"closed","ping_status":"closed","template":"","meta":{"ngg_post_thumbnail":0,"footnotes":"","_mc_calendar":[]},"aioseo_notices":[],"_links":{"self":[{"href":"https:\/\/blogsaverroes.juntadeandalucia.es\/cepermariadeluna\/wp-json\/wp\/v2\/pages\/58"}],"collection":[{"href":"https:\/\/blogsaverroes.juntadeandalucia.es\/cepermariadeluna\/wp-json\/wp\/v2\/pages"}],"about":[{"href":"https:\/\/blogsaverroes.juntadeandalucia.es\/cepermariadeluna\/wp-json\/wp\/v2\/types\/page"}],"author":[{"embeddable":true,"href":"https:\/\/blogsaverroes.juntadeandalucia.es\/cepermariadeluna\/wp-json\/wp\/v2\/users\/5774"}],"replies":[{"embeddable":true,"href":"https:\/\/blogsaverroes.juntadeandalucia.es\/cepermariadeluna\/wp-json\/wp\/v2\/comments?post=58"}],"version-history":[{"count":28,"href":"https:\/\/blogsaverroes.juntadeandalucia.es\/cepermariadeluna\/wp-json\/wp\/v2\/pages\/58\/revisions"}],"predecessor-version":[{"id":4015,"href":"https:\/\/blogsaverroes.juntadeandalucia.es\/cepermariadeluna\/wp-json\/wp\/v2\/pages\/58\/revisions\/4015"}],"up":[{"embeddable":true,"href":"https:\/\/blogsaverroes.juntadeandalucia.es\/cepermariadeluna\/wp-json\/wp\/v2\/pages\/51"}],"wp:attachment":[{"href":"https:\/\/blogsaverroes.juntadeandalucia.es\/cepermariadeluna\/wp-json\/wp\/v2\/media?parent=58"}],"curies":[{"name":"wp","href":"https:\/\/api.w.org\/{rel}","templated":true}]}}