{"id":2697,"date":"2020-12-04T12:28:29","date_gmt":"2020-12-04T12:28:29","guid":{"rendered":"https:\/\/blogsaverroes.juntadeandalucia.es\/cepermediterraneoadra\/?page_id=2697"},"modified":"2020-12-04T12:28:29","modified_gmt":"2020-12-04T12:28:29","slug":"pl-ambito-cientifico-tecnologico","status":"publish","type":"page","link":"https:\/\/blogsaverroes.juntadeandalucia.es\/cepermediterraneoadra\/pl-ambito-cientifico-tecnologico\/","title":{"rendered":"PL.. \u00c1MBITO CIENT\u00cdFICO TECNOL\u00d3GICO"},"content":{"rendered":"","protected":false},"excerpt":{"rendered":"","protected":false},"author":11626,"featured_media":0,"parent":0,"menu_order":0,"comment_status":"closed","ping_status":"closed","template":"","meta":{"ngg_post_thumbnail":0,"footnotes":"","_mc_calendar":[]},"aioseo_notices":[],"_links":{"self":[{"href":"https:\/\/blogsaverroes.juntadeandalucia.es\/cepermediterraneoadra\/wp-json\/wp\/v2\/pages\/2697"}],"collection":[{"href":"https:\/\/blogsaverroes.juntadeandalucia.es\/cepermediterraneoadra\/wp-json\/wp\/v2\/pages"}],"about":[{"href":"https:\/\/blogsaverroes.juntadeandalucia.es\/cepermediterraneoadra\/wp-json\/wp\/v2\/types\/page"}],"author":[{"embeddable":true,"href":"https:\/\/blogsaverroes.juntadeandalucia.es\/cepermediterraneoadra\/wp-json\/wp\/v2\/users\/11626"}],"replies":[{"embeddable":true,"href":"https:\/\/blogsaverroes.juntadeandalucia.es\/cepermediterraneoadra\/wp-json\/wp\/v2\/comments?post=2697"}],"version-history":[{"count":1,"href":"https:\/\/blogsaverroes.juntadeandalucia.es\/cepermediterraneoadra\/wp-json\/wp\/v2\/pages\/2697\/revisions"}],"predecessor-version":[{"id":2701,"href":"https:\/\/blogsaverroes.juntadeandalucia.es\/cepermediterraneoadra\/wp-json\/wp\/v2\/pages\/2697\/revisions\/2701"}],"wp:attachment":[{"href":"https:\/\/blogsaverroes.juntadeandalucia.es\/cepermediterraneoadra\/wp-json\/wp\/v2\/media?parent=2697"}],"curies":[{"name":"wp","href":"https:\/\/api.w.org\/{rel}","templated":true}]}}