{"id":35,"date":"2015-03-13T08:21:43","date_gmt":"2015-03-13T08:21:43","guid":{"rendered":"http:\/\/blogsaverroes.juntadeandalucia.es\/pre\/ceip\/?page_id=35"},"modified":"2021-02-10T19:47:11","modified_gmt":"2021-02-10T19:47:11","slug":"datos-del-centro","status":"publish","type":"page","link":"https:\/\/blogsaverroes.juntadeandalucia.es\/cepermediterraneoadra\/datos-del-centro\/","title":{"rendered":"Datos del centro"},"content":{"rendered":"<p>&nbsp;<\/p>\n<p><a href=\"http:\/\/https:\/\/www.google.es\/maps\/place\/Calle+Tarrasa,+04770+Adra,+Almer%C3%ADa\/@36.7475491,-3.019513,17z\/data=!3m1!4b1!4m5!3m4!1s0xd704e009c3444a7:0xba9db4220f26bebf!8m2!3d36.7475491!4d-3.0173243\">[googlemaps https:\/\/maps.google.com\/maps?q=Calle%20Tarrasa%2004770%20Adra%20Almer%C3%ADa&amp;t=&amp;z=13&amp;ie=UTF8&amp;iwloc=&amp;output=embed&amp;w=600&amp;h=500]<\/a><\/p>\n<p>&nbsp;El CEPER MEDITERR\u00c1NEO cuenta con una dependencia administrativa y varias aulas repartidas en la localidades del municipio.<\/p>\n<p><strong>Dependencia administrativa:<\/strong><\/p>\n<p><strong>Direcci\u00f3n:<\/strong>&nbsp; Avenida de la Guardia Civil, 6<\/p>\n<p><strong>Tel\u00e9fono : <b>950579500<\/b><\/strong><\/p>\n<p><strong>Email: 04500234.edu<\/strong>@juntadeandalucia.es<\/p>\n<h4><strong>Horarios<\/strong><\/h4>\n<p>Atenci\u00f3n al publico: los martes de 10 a 13 horas&nbsp; en la sala 4 del pabell\u00f3n de Deportes de Adra, en Avenida de la Guardia Civil ( antigua calle Marismas)<\/p>\n<p>&nbsp;<\/p>\n<p><strong>Aulas:<\/strong><\/p>\n<p>En el CEIP San Fernando, en calle Tarrasa, de 16:30 a 21:30.<\/p>\n<p>En aula de Puente del R\u00edo, anexa al CEIP FuenteSantilla, calle Escuelas, de 16 a 21 horas<\/p>\n<p>En el aula de la Curva, edificio del centro de Salud, en calle Acuario, de 16 a 21 horas<\/p>\n<h4><strong>Oferta educativa<\/strong><\/h4>\n<ul>\n<li>A) Planes educativos de Formaci\u00f3n B\u00e1sica: Nivel I y II.<\/li>\n<li>B) Planes educativos de car\u00e1cter No Formal:\n<p lang=\"es-ES\" align=\"JUSTIFY\"><span style=\"color: #000000\"><span style=\"font-family: NewsGotT\"><span style=\"font-size: medium\"><span style=\"font-family: NewsGotT, Times New Roman\">B.1) <\/span><span style=\"font-family: NewsGotT, Times New Roman\"><b>Plan Educativo de preparaci\u00f3n para la obtenci\u00f3n de titulaci\u00f3n b\u00e1sica<\/b><\/span><span style=\"font-family: NewsGotT, Times New Roman\">: Preparaci\u00f3n de la Prueba de Graduado en Educaci\u00f3n Secundaria Obligatoria para mayores de 18 a\u00f1os.<\/span><\/span><\/span><\/span><\/p>\n<p align=\"JUSTIFY\"><span style=\"font-family: NewsGotT, Times New Roman\"><span style=\"font-size: medium\">B.2) <\/span><\/span><span style=\"font-family: NewsGotT, Times New Roman\"><span style=\"font-size: medium\"><b>Planes Educativos para el fomento de la ciudadan\u00eda activa:<\/b><\/span><\/span><\/p>\n<ul>\n<li>\n<p lang=\"es-ES\" align=\"JUSTIFY\"><span style=\"color: #000000\"><span style=\"font-family: NewsGotT, Times New Roman\"><span style=\"font-size: medium\">Interculturalidad, cultura y lengua espa\u00f1ola para personas procedentes de otros pa\u00edses.<\/span><\/span><\/span><\/p>\n<\/li>\n<\/ul>\n<ul>\n<li>\n<p lang=\"es-ES\" align=\"JUSTIFY\"><span style=\"color: #000000\"><span style=\"font-family: NewsGotT, Times New Roman\"><span style=\"font-size: medium\">Conocimiento y conservaci\u00f3n del patrimonio cultural andaluz y el medio ambiente.<\/span><\/span><\/span><\/p>\n<\/li>\n<\/ul>\n<ul>\n<li>\n<p lang=\"es-ES\" align=\"JUSTIFY\"><span style=\"color: #000000\"><span style=\"font-family: NewsGotT, Times New Roman\"><span style=\"font-size: medium\">Uso b\u00e1sico de nuevas tecnolog\u00edas.<\/span><\/span><\/span><\/p>\n<\/li>\n<\/ul>\n<ul>\n<li>\n<p lang=\"es-ES\" align=\"JUSTIFY\"><span style=\"color: #000000\"><span style=\"font-family: NewsGotT, Times New Roman\"><span style=\"font-size: medium\">H\u00e1bitos de vida saludable.<\/span><\/span><\/span><\/p>\n<\/li>\n<\/ul>\n<ul>\n<li>\n<p lang=\"es-ES\" align=\"JUSTIFY\"><span style=\"color: #000000\"><span style=\"font-family: NewsGotT, Times New Roman\"><span style=\"font-size: medium\">Uso b\u00e1sico de idiomas (ingl\u00e9s).<\/span><\/span><\/span><\/p>\n<\/li>\n<\/ul>\n<\/li>\n<\/ul>\n<p><b><u>SECCIONES<\/u><\/b><\/p>\n<blockquote><p><b>1.-&nbsp; SEP Engarpe, <\/b>Berja.<\/p><\/blockquote>\n<blockquote><p>2.- <strong>SEP Al-Hudry<\/strong>, Dal\u00edas<\/p><\/blockquote>\n<blockquote><p>3.- <b>SEP Alpujarra Alta, <\/b>Paterna del R\u00edo y Bay\u00e1rcal<\/p><\/blockquote>\n<blockquote>\n<div align=\"left\">4.- <strong>SEP San Vicente<\/strong>, Laujar de Andarax<\/div>\n<\/blockquote>\n<blockquote>\n<div align=\"left\">5.- <strong>SEP San Sebasti\u00e1n<\/strong>, Alcolea.<\/div>\n<\/blockquote>\n<blockquote>\n<div align=\"left\">6.- <strong>SEP Virgen de las Angustias<\/strong>, Fond\u00f3n.<\/div>\n<div align=\"left\">&nbsp;<\/div>\n<div align=\"left\">&nbsp;<\/div>\n<\/blockquote>\n<p>&nbsp;<\/p>\n<p><!-- index.php -->\n<div\n\tclass=\"ngg-galleryoverview\n\t ngg-ajax-pagination-none\t\"\n\tid=\"ngg-gallery-99684dc598f6c067b864159049bb677a-1\">\n\n\t\t<div class=\"slideshowlink\">\n\t\t<a href='https:\/\/blogsaverroes.juntadeandalucia.es\/cepermediterraneoadra\/datos-del-centro\/nggallery\/slideshow'>[Mostrar presentaci\u00f3n de diapositivas]<\/a>\n\n\t<\/div>\n\t\t\t<!-- Thumbnails -->\n\t\t\t\t<div id=\"ngg-image-0\" class=\"ngg-gallery-thumbnail-box\"\n\t\t\t\t\t\t\t\t\t\t\t>\n\t\t\t\t\t\t<div class=\"ngg-gallery-thumbnail\">\n\t\t\t<a href=\"https:\/\/blogsaverroes.juntadeandalucia.es\/cepermediterraneoadra\/wp-content\/uploads\/sites\/797\/nggallery\/instalaciones\/instalacion01-1.jpg\"\n\t\t\t\ttitle=\"\"\n\t\t\t\tdata-src=\"https:\/\/blogsaverroes.juntadeandalucia.es\/cepermediterraneoadra\/wp-content\/uploads\/sites\/797\/nggallery\/instalaciones\/instalacion01-1.jpg\"\n\t\t\t\tdata-thumbnail=\"https:\/\/blogsaverroes.juntadeandalucia.es\/cepermediterraneoadra\/wp-content\/uploads\/sites\/797\/nggallery\/instalaciones\/thumbs\/thumbs_instalacion01-1.jpg\"\n\t\t\t\tdata-image-id=\"17\"\n\t\t\t\tdata-title=\"instalacion01\"\n\t\t\t\tdata-description=\"\"\n\t\t\t\tdata-image-slug=\"instalacion01\"\n\t\t\t\tclass=\"ngg-fancybox\" rel=\"99684dc598f6c067b864159049bb677a\">\n\t\t\t\t<img\n\t\t\t\t\ttitle=\"instalacion01\"\n\t\t\t\t\talt=\"instalacion01\"\n\t\t\t\t\tsrc=\"https:\/\/blogsaverroes.juntadeandalucia.es\/cepermediterraneoadra\/wp-content\/uploads\/sites\/797\/nggallery\/instalaciones\/thumbs\/thumbs_instalacion01-1.jpg\"\n\t\t\t\t\twidth=\"120\"\n\t\t\t\t\theight=\"90\"\n\t\t\t\t\tstyle=\"max-width:100%;\"\n\t\t\t\t\/>\n\t\t\t<\/a>\n\t\t<\/div>\n\t\t\t\t\t\t\t<\/div>\n\t\t\t\n\t\t\n\t\t\t\t<div id=\"ngg-image-1\" class=\"ngg-gallery-thumbnail-box\"\n\t\t\t\t\t\t\t\t\t\t\t>\n\t\t\t\t\t\t<div class=\"ngg-gallery-thumbnail\">\n\t\t\t<a href=\"https:\/\/blogsaverroes.juntadeandalucia.es\/cepermediterraneoadra\/wp-content\/uploads\/sites\/797\/nggallery\/instalaciones\/instalacion02-1.jpg\"\n\t\t\t\ttitle=\"\"\n\t\t\t\tdata-src=\"https:\/\/blogsaverroes.juntadeandalucia.es\/cepermediterraneoadra\/wp-content\/uploads\/sites\/797\/nggallery\/instalaciones\/instalacion02-1.jpg\"\n\t\t\t\tdata-thumbnail=\"https:\/\/blogsaverroes.juntadeandalucia.es\/cepermediterraneoadra\/wp-content\/uploads\/sites\/797\/nggallery\/instalaciones\/thumbs\/thumbs_instalacion02-1.jpg\"\n\t\t\t\tdata-image-id=\"18\"\n\t\t\t\tdata-title=\"instalacion02\"\n\t\t\t\tdata-description=\"\"\n\t\t\t\tdata-image-slug=\"instalacion02\"\n\t\t\t\tclass=\"ngg-fancybox\" rel=\"99684dc598f6c067b864159049bb677a\">\n\t\t\t\t<img\n\t\t\t\t\ttitle=\"instalacion02\"\n\t\t\t\t\talt=\"instalacion02\"\n\t\t\t\t\tsrc=\"https:\/\/blogsaverroes.juntadeandalucia.es\/cepermediterraneoadra\/wp-content\/uploads\/sites\/797\/nggallery\/instalaciones\/thumbs\/thumbs_instalacion02-1.jpg\"\n\t\t\t\t\twidth=\"120\"\n\t\t\t\t\theight=\"90\"\n\t\t\t\t\tstyle=\"max-width:100%;\"\n\t\t\t\t\/>\n\t\t\t<\/a>\n\t\t<\/div>\n\t\t\t\t\t\t\t<\/div>\n\t\t\t\n\t\t\n\t\t\t\t<div id=\"ngg-image-2\" class=\"ngg-gallery-thumbnail-box\"\n\t\t\t\t\t\t\t\t\t\t\t>\n\t\t\t\t\t\t<div class=\"ngg-gallery-thumbnail\">\n\t\t\t<a href=\"https:\/\/blogsaverroes.juntadeandalucia.es\/cepermediterraneoadra\/wp-content\/uploads\/sites\/797\/nggallery\/instalaciones\/instalacion03-1.jpg\"\n\t\t\t\ttitle=\"\"\n\t\t\t\tdata-src=\"https:\/\/blogsaverroes.juntadeandalucia.es\/cepermediterraneoadra\/wp-content\/uploads\/sites\/797\/nggallery\/instalaciones\/instalacion03-1.jpg\"\n\t\t\t\tdata-thumbnail=\"https:\/\/blogsaverroes.juntadeandalucia.es\/cepermediterraneoadra\/wp-content\/uploads\/sites\/797\/nggallery\/instalaciones\/thumbs\/thumbs_instalacion03-1.jpg\"\n\t\t\t\tdata-image-id=\"19\"\n\t\t\t\tdata-title=\"instalacion03\"\n\t\t\t\tdata-description=\"\"\n\t\t\t\tdata-image-slug=\"instalacion03\"\n\t\t\t\tclass=\"ngg-fancybox\" rel=\"99684dc598f6c067b864159049bb677a\">\n\t\t\t\t<img\n\t\t\t\t\ttitle=\"instalacion03\"\n\t\t\t\t\talt=\"instalacion03\"\n\t\t\t\t\tsrc=\"https:\/\/blogsaverroes.juntadeandalucia.es\/cepermediterraneoadra\/wp-content\/uploads\/sites\/797\/nggallery\/instalaciones\/thumbs\/thumbs_instalacion03-1.jpg\"\n\t\t\t\t\twidth=\"120\"\n\t\t\t\t\theight=\"90\"\n\t\t\t\t\tstyle=\"max-width:100%;\"\n\t\t\t\t\/>\n\t\t\t<\/a>\n\t\t<\/div>\n\t\t\t\t\t\t\t<\/div>\n\t\t\t\n\t\t\n\t\t\t\t<div id=\"ngg-image-3\" class=\"ngg-gallery-thumbnail-box\"\n\t\t\t\t\t\t\t\t\t\t\t>\n\t\t\t\t\t\t<div class=\"ngg-gallery-thumbnail\">\n\t\t\t<a href=\"https:\/\/blogsaverroes.juntadeandalucia.es\/cepermediterraneoadra\/wp-content\/uploads\/sites\/797\/nggallery\/instalaciones\/instalacion04-1.jpg\"\n\t\t\t\ttitle=\"\"\n\t\t\t\tdata-src=\"https:\/\/blogsaverroes.juntadeandalucia.es\/cepermediterraneoadra\/wp-content\/uploads\/sites\/797\/nggallery\/instalaciones\/instalacion04-1.jpg\"\n\t\t\t\tdata-thumbnail=\"https:\/\/blogsaverroes.juntadeandalucia.es\/cepermediterraneoadra\/wp-content\/uploads\/sites\/797\/nggallery\/instalaciones\/thumbs\/thumbs_instalacion04-1.jpg\"\n\t\t\t\tdata-image-id=\"20\"\n\t\t\t\tdata-title=\"instalacion04\"\n\t\t\t\tdata-description=\"\"\n\t\t\t\tdata-image-slug=\"instalacion04\"\n\t\t\t\tclass=\"ngg-fancybox\" rel=\"99684dc598f6c067b864159049bb677a\">\n\t\t\t\t<img\n\t\t\t\t\ttitle=\"instalacion04\"\n\t\t\t\t\talt=\"instalacion04\"\n\t\t\t\t\tsrc=\"https:\/\/blogsaverroes.juntadeandalucia.es\/cepermediterraneoadra\/wp-content\/uploads\/sites\/797\/nggallery\/instalaciones\/thumbs\/thumbs_instalacion04-1.jpg\"\n\t\t\t\t\twidth=\"120\"\n\t\t\t\t\theight=\"90\"\n\t\t\t\t\tstyle=\"max-width:100%;\"\n\t\t\t\t\/>\n\t\t\t<\/a>\n\t\t<\/div>\n\t\t\t\t\t\t\t<\/div>\n\t\t\t\n\t\t\n\t\t\n\t\t<!-- Pagination -->\n\t\t<div class='ngg-clear'><\/div>\t<\/div>\n<\/p>\n<p>&nbsp;<\/p>\n","protected":false},"excerpt":{"rendered":"<p>&nbsp; [googlemaps https:\/\/maps.google.com\/maps?q=Calle%20Tarrasa%2004770%20Adra%20Almer%C3%ADa&amp;t=&amp;z=13&amp;ie=UTF8&amp;iwloc=&amp;output=embed&amp;w=600&amp;h=500] &nbsp;El CEPER MEDITERR\u00c1NEO cuenta con una dependencia administrativa y varias aulas repartidas en la localidades del municipio. Dependencia administrativa: Direcci\u00f3n:&nbsp; Avenida de la Guardia Civil, 6 Tel\u00e9fono : 950579500 Email: 04500234.edu@juntadeandalucia.es&#46;&#46;&#46;<\/p>\n","protected":false},"author":1,"featured_media":0,"parent":0,"menu_order":0,"comment_status":"closed","ping_status":"open","template":"page-cs.php","meta":{"ngg_post_thumbnail":0,"footnotes":"","_mc_calendar":[]},"aioseo_notices":[],"_links":{"self":[{"href":"https:\/\/blogsaverroes.juntadeandalucia.es\/cepermediterraneoadra\/wp-json\/wp\/v2\/pages\/35"}],"collection":[{"href":"https:\/\/blogsaverroes.juntadeandalucia.es\/cepermediterraneoadra\/wp-json\/wp\/v2\/pages"}],"about":[{"href":"https:\/\/blogsaverroes.juntadeandalucia.es\/cepermediterraneoadra\/wp-json\/wp\/v2\/types\/page"}],"author":[{"embeddable":true,"href":"https:\/\/blogsaverroes.juntadeandalucia.es\/cepermediterraneoadra\/wp-json\/wp\/v2\/users\/1"}],"replies":[{"embeddable":true,"href":"https:\/\/blogsaverroes.juntadeandalucia.es\/cepermediterraneoadra\/wp-json\/wp\/v2\/comments?post=35"}],"version-history":[{"count":36,"href":"https:\/\/blogsaverroes.juntadeandalucia.es\/cepermediterraneoadra\/wp-json\/wp\/v2\/pages\/35\/revisions"}],"predecessor-version":[{"id":2881,"href":"https:\/\/blogsaverroes.juntadeandalucia.es\/cepermediterraneoadra\/wp-json\/wp\/v2\/pages\/35\/revisions\/2881"}],"wp:attachment":[{"href":"https:\/\/blogsaverroes.juntadeandalucia.es\/cepermediterraneoadra\/wp-json\/wp\/v2\/media?parent=35"}],"curies":[{"name":"wp","href":"https:\/\/api.w.org\/{rel}","templated":true}]}}