{"id":42,"date":"2015-03-13T08:40:47","date_gmt":"2015-03-13T08:40:47","guid":{"rendered":"http:\/\/blogsaverroes.juntadeandalucia.es\/pre\/ceip\/?page_id=42"},"modified":"2021-02-10T19:02:00","modified_gmt":"2021-02-10T19:02:00","slug":"equipo-directivo","status":"publish","type":"page","link":"https:\/\/blogsaverroes.juntadeandalucia.es\/cepermediterraneoadra\/equipo-directivo\/","title":{"rendered":"Equipo directivo"},"content":{"rendered":"<p><a href=\"https:\/\/blogsaverroes.juntadeandalucia.es\/cepermediterraneoadra\/files\/2021\/02\/LOGO-CENTRO.jpg\"><img loading=\"lazy\" decoding=\"async\" class=\"alignnone size-medium wp-image-2860\" src=\"https:\/\/blogsaverroes.juntadeandalucia.es\/cepermediterraneoadra\/files\/2021\/02\/LOGO-CENTRO-300x300.jpg\" alt=\"\" width=\"300\" height=\"300\" srcset=\"https:\/\/blogsaverroes.juntadeandalucia.es\/cepermediterraneoadra\/files\/2021\/02\/LOGO-CENTRO-300x300.jpg 300w, https:\/\/blogsaverroes.juntadeandalucia.es\/cepermediterraneoadra\/files\/2021\/02\/LOGO-CENTRO-150x150.jpg 150w, https:\/\/blogsaverroes.juntadeandalucia.es\/cepermediterraneoadra\/files\/2021\/02\/LOGO-CENTRO-768x768.jpg 768w, https:\/\/blogsaverroes.juntadeandalucia.es\/cepermediterraneoadra\/files\/2021\/02\/LOGO-CENTRO-50x50.jpg 50w, https:\/\/blogsaverroes.juntadeandalucia.es\/cepermediterraneoadra\/files\/2021\/02\/LOGO-CENTRO.jpg 996w\" sizes=\"(max-width: 300px) 100vw, 300px\" \/><\/a><\/p>\n<p><strong>Direcci\u00f3n: ENCARNACI\u00d3N RODR\u00cdGUEZ QUINT\u00c1NS<\/strong><\/p>\n<p><strong>Jefatura de estudios: MAR\u00cdA DOLORES GONZ\u00c1LEZ G\u00d3MEZ<\/strong><\/p>\n<p>&nbsp;<\/p>\n","protected":false},"excerpt":{"rendered":"<p>Direcci\u00f3n: ENCARNACI\u00d3N RODR\u00cdGUEZ QUINT\u00c1NS Jefatura de estudios: MAR\u00cdA DOLORES GONZ\u00c1LEZ G\u00d3MEZ &nbsp;<\/p>\n","protected":false},"author":1,"featured_media":0,"parent":0,"menu_order":0,"comment_status":"closed","ping_status":"open","template":"page-cs.php","meta":{"ngg_post_thumbnail":0,"footnotes":"","_mc_calendar":[]},"aioseo_notices":[],"_links":{"self":[{"href":"https:\/\/blogsaverroes.juntadeandalucia.es\/cepermediterraneoadra\/wp-json\/wp\/v2\/pages\/42"}],"collection":[{"href":"https:\/\/blogsaverroes.juntadeandalucia.es\/cepermediterraneoadra\/wp-json\/wp\/v2\/pages"}],"about":[{"href":"https:\/\/blogsaverroes.juntadeandalucia.es\/cepermediterraneoadra\/wp-json\/wp\/v2\/types\/page"}],"author":[{"embeddable":true,"href":"https:\/\/blogsaverroes.juntadeandalucia.es\/cepermediterraneoadra\/wp-json\/wp\/v2\/users\/1"}],"replies":[{"embeddable":true,"href":"https:\/\/blogsaverroes.juntadeandalucia.es\/cepermediterraneoadra\/wp-json\/wp\/v2\/comments?post=42"}],"version-history":[{"count":8,"href":"https:\/\/blogsaverroes.juntadeandalucia.es\/cepermediterraneoadra\/wp-json\/wp\/v2\/pages\/42\/revisions"}],"predecessor-version":[{"id":2866,"href":"https:\/\/blogsaverroes.juntadeandalucia.es\/cepermediterraneoadra\/wp-json\/wp\/v2\/pages\/42\/revisions\/2866"}],"wp:attachment":[{"href":"https:\/\/blogsaverroes.juntadeandalucia.es\/cepermediterraneoadra\/wp-json\/wp\/v2\/media?parent=42"}],"curies":[{"name":"wp","href":"https:\/\/api.w.org\/{rel}","templated":true}]}}