{"id":80,"date":"2015-03-16T06:57:36","date_gmt":"2015-03-16T06:57:36","guid":{"rendered":"http:\/\/blogsaverroes.juntadeandalucia.es\/pre\/ceip\/?page_id=80"},"modified":"2021-02-10T20:10:43","modified_gmt":"2021-02-10T20:10:43","slug":"curso-escolar","status":"publish","type":"page","link":"https:\/\/blogsaverroes.juntadeandalucia.es\/cepermediterraneoadra\/curso-escolar\/","title":{"rendered":"Curso escolar"},"content":{"rendered":"<p><a href=\"https:\/\/blogsaverroes.juntadeandalucia.es\/cepermediterraneoadra\/files\/2021\/02\/LOGO-CENTRO.jpg\"><img loading=\"lazy\" decoding=\"async\" class=\"wp-image-2860 size-medium aligncenter\" src=\"https:\/\/blogsaverroes.juntadeandalucia.es\/cepermediterraneoadra\/files\/2021\/02\/LOGO-CENTRO-300x300.jpg\" alt=\"\" width=\"300\" height=\"300\" srcset=\"https:\/\/blogsaverroes.juntadeandalucia.es\/cepermediterraneoadra\/files\/2021\/02\/LOGO-CENTRO-300x300.jpg 300w, https:\/\/blogsaverroes.juntadeandalucia.es\/cepermediterraneoadra\/files\/2021\/02\/LOGO-CENTRO-150x150.jpg 150w, https:\/\/blogsaverroes.juntadeandalucia.es\/cepermediterraneoadra\/files\/2021\/02\/LOGO-CENTRO-768x768.jpg 768w, https:\/\/blogsaverroes.juntadeandalucia.es\/cepermediterraneoadra\/files\/2021\/02\/LOGO-CENTRO-50x50.jpg 50w, https:\/\/blogsaverroes.juntadeandalucia.es\/cepermediterraneoadra\/files\/2021\/02\/LOGO-CENTRO.jpg 996w\" sizes=\"(max-width: 300px) 100vw, 300px\" \/><\/a><\/p>\n<p>&nbsp;<\/p>\n<p style=\"text-align: center\"><strong>OFERTA EDUCATIVA DEL CENTRO CURSO 2020\/2021 EN LAS DIFERENTES LOCALIDADES<\/strong><\/p>\n<p><strong>&nbsp;ADRA<\/strong><\/p>\n<p><strong><u>Formaci\u00f3n B\u00e1sica<\/u><\/strong><strong>.<\/strong><\/p>\n<p><strong>&nbsp;<\/strong><strong><u>Planes para obtenci\u00f3n de titulaci\u00f3n<\/u><\/strong><strong>: <\/strong><\/p>\n<ul>\n<li>Preparaci\u00f3n de la Prueba&nbsp; de Obtenci\u00f3n del T\u00edtulo de la ESO para mayores de 18 a\u00f1os.&nbsp;<\/li>\n<\/ul>\n<p><strong><u>Planes Ciudadan\u00eda Activa: <\/u><\/strong><\/p>\n<ul>\n<li>Uso b\u00e1sico de idiomas: ingl\u00e9s&nbsp;<\/li>\n<li>Uso b\u00e1sico de Nuevas Tecnolog\u00edas de la informaci\u00f3n y Comunicaci\u00f3n<\/li>\n<li>Interculturalidad, lengua y cultura espa\u00f1ola para personas procedentes de otros pa\u00edses.<\/li>\n<li>Conocimiento y Conservaci\u00f3n del Patrimonio Cultural Andaluz y medioambiente.<\/li>\n<li>&nbsp;Adquisici\u00f3n de H\u00e1bitos de Vida Saludable y prevenci\u00f3n de enfermedades y riesgos profesionales<\/li>\n<\/ul>\n<p><strong>PUENTE DEL R\u00cdO<\/strong><\/p>\n<p><strong><u>Planes Ciudadan\u00eda Activa: <\/u><\/strong><\/p>\n<ul>\n<li>Uso b\u00e1sico de idiomas: ingl\u00e9s&nbsp;<\/li>\n<li>Interculturalidad, lengua y cultura espa\u00f1ola para personas procedentes de otros pa\u00edses.<\/li>\n<li>Conocimiento y Conservaci\u00f3n del Patrimonio Cultural Andaluz y medioambiente.<\/li>\n<\/ul>\n<p><strong>LA CURVA<\/strong><\/p>\n<p><strong><u>Planes Ciudadan\u00eda Activa: <\/u><\/strong><\/p>\n<ul>\n<li>Interculturalidad, lengua y cultura espa\u00f1ola para personas procedentes de otros pa\u00edses.<\/li>\n<li>Conocimiento y Conservaci\u00f3n del Patrimonio Cultural Andaluz y medioambiente.<\/li>\n<\/ul>\n","protected":false},"excerpt":{"rendered":"<p>&nbsp; OFERTA EDUCATIVA DEL CENTRO CURSO 2020\/2021 EN LAS DIFERENTES LOCALIDADES &nbsp;ADRA Formaci\u00f3n B\u00e1sica. &nbsp;Planes para obtenci\u00f3n de titulaci\u00f3n: Preparaci\u00f3n de la Prueba&nbsp; de Obtenci\u00f3n del T\u00edtulo de la ESO para mayores de 18&#46;&#46;&#46;<\/p>\n","protected":false},"author":1,"featured_media":0,"parent":0,"menu_order":0,"comment_status":"closed","ping_status":"open","template":"page-cs.php","meta":{"ngg_post_thumbnail":0,"footnotes":"","_mc_calendar":[]},"aioseo_notices":[],"_links":{"self":[{"href":"https:\/\/blogsaverroes.juntadeandalucia.es\/cepermediterraneoadra\/wp-json\/wp\/v2\/pages\/80"}],"collection":[{"href":"https:\/\/blogsaverroes.juntadeandalucia.es\/cepermediterraneoadra\/wp-json\/wp\/v2\/pages"}],"about":[{"href":"https:\/\/blogsaverroes.juntadeandalucia.es\/cepermediterraneoadra\/wp-json\/wp\/v2\/types\/page"}],"author":[{"embeddable":true,"href":"https:\/\/blogsaverroes.juntadeandalucia.es\/cepermediterraneoadra\/wp-json\/wp\/v2\/users\/1"}],"replies":[{"embeddable":true,"href":"https:\/\/blogsaverroes.juntadeandalucia.es\/cepermediterraneoadra\/wp-json\/wp\/v2\/comments?post=80"}],"version-history":[{"count":5,"href":"https:\/\/blogsaverroes.juntadeandalucia.es\/cepermediterraneoadra\/wp-json\/wp\/v2\/pages\/80\/revisions"}],"predecessor-version":[{"id":2884,"href":"https:\/\/blogsaverroes.juntadeandalucia.es\/cepermediterraneoadra\/wp-json\/wp\/v2\/pages\/80\/revisions\/2884"}],"wp:attachment":[{"href":"https:\/\/blogsaverroes.juntadeandalucia.es\/cepermediterraneoadra\/wp-json\/wp\/v2\/media?parent=80"}],"curies":[{"name":"wp","href":"https:\/\/api.w.org\/{rel}","templated":true}]}}