{"id":82,"date":"2015-03-16T06:59:55","date_gmt":"2015-03-16T06:59:55","guid":{"rendered":"http:\/\/blogsaverroes.juntadeandalucia.es\/pre\/ceip\/?page_id=82"},"modified":"2021-02-10T19:59:46","modified_gmt":"2021-02-10T19:59:46","slug":"horarios","status":"publish","type":"page","link":"https:\/\/blogsaverroes.juntadeandalucia.es\/cepermediterraneoadra\/horarios\/","title":{"rendered":"Horarios"},"content":{"rendered":"<p><img loading=\"lazy\" decoding=\"async\" class=\"alignnone size-medium wp-image-1675\" src=\"http:\/\/blogsaverroes.juntadeandalucia.es\/temafrontieries\/files\/2015\/03\/horario2-300x211.jpg\" alt=\"horario2\" width=\"300\" height=\"211\" srcset=\"https:\/\/blogsaverroes.juntadeandalucia.es\/cepermediterraneoadra\/files\/2015\/03\/horario2-300x211.jpg 300w, https:\/\/blogsaverroes.juntadeandalucia.es\/cepermediterraneoadra\/files\/2015\/03\/horario2.jpg 640w\" sizes=\"(max-width: 300px) 100vw, 300px\" \/><\/p>\n<p><strong>HORARIO DE ATENCI\u00d3N AL P\u00daBLICO<\/strong>:&nbsp;<\/p>\n<p>Martes de 10 a 13 horas, en la dependencia administrativa en Avenida de la Guardia Civil, 6 (Pabell\u00f3n de deportes).<\/p>\n<p>Tel\u00e9fonos: 950 5795 00 y 950 57 95 01<\/p>\n<p><strong>HORARIO DE ACTIVIDADES LECTIVAS<\/strong>:<\/p>\n<p>En <strong>Adra<\/strong>, en las aulas del CEIP&nbsp; San Fernando en C\/ Tarrasa, de lunes a viernes y de 16:30 a 21:30 horas.<\/p>\n<p>En <strong>Puente del R\u00edo<\/strong>, aula aneja al CEIP Fuentesantilla, en C \/ Escuelas, de lunes a viernes a partir de las 16:00 horas.<\/p>\n<p>En <strong>La Curva<\/strong>, aula en la primera planta del Centro de Salud, en C\/ Acuario, de lunes a viernes a partir de 16:00 horas.<\/p>\n","protected":false},"excerpt":{"rendered":"<p>HORARIO DE ATENCI\u00d3N AL P\u00daBLICO:&nbsp; Martes de 10 a 13 horas, en la dependencia administrativa en Avenida de la Guardia Civil, 6 (Pabell\u00f3n de deportes). Tel\u00e9fonos: 950 5795 00 y 950 57 95 01&#46;&#46;&#46;<\/p>\n","protected":false},"author":1,"featured_media":0,"parent":0,"menu_order":0,"comment_status":"closed","ping_status":"open","template":"page-cs.php","meta":{"ngg_post_thumbnail":0,"footnotes":"","_mc_calendar":[]},"aioseo_notices":[],"_links":{"self":[{"href":"https:\/\/blogsaverroes.juntadeandalucia.es\/cepermediterraneoadra\/wp-json\/wp\/v2\/pages\/82"}],"collection":[{"href":"https:\/\/blogsaverroes.juntadeandalucia.es\/cepermediterraneoadra\/wp-json\/wp\/v2\/pages"}],"about":[{"href":"https:\/\/blogsaverroes.juntadeandalucia.es\/cepermediterraneoadra\/wp-json\/wp\/v2\/types\/page"}],"author":[{"embeddable":true,"href":"https:\/\/blogsaverroes.juntadeandalucia.es\/cepermediterraneoadra\/wp-json\/wp\/v2\/users\/1"}],"replies":[{"embeddable":true,"href":"https:\/\/blogsaverroes.juntadeandalucia.es\/cepermediterraneoadra\/wp-json\/wp\/v2\/comments?post=82"}],"version-history":[{"count":5,"href":"https:\/\/blogsaverroes.juntadeandalucia.es\/cepermediterraneoadra\/wp-json\/wp\/v2\/pages\/82\/revisions"}],"predecessor-version":[{"id":2883,"href":"https:\/\/blogsaverroes.juntadeandalucia.es\/cepermediterraneoadra\/wp-json\/wp\/v2\/pages\/82\/revisions\/2883"}],"wp:attachment":[{"href":"https:\/\/blogsaverroes.juntadeandalucia.es\/cepermediterraneoadra\/wp-json\/wp\/v2\/media?parent=82"}],"curies":[{"name":"wp","href":"https:\/\/api.w.org\/{rel}","templated":true}]}}