{"id":1118,"date":"2021-11-04T16:47:55","date_gmt":"2021-11-04T15:47:55","guid":{"rendered":"https:\/\/blogsaverroes.juntadeandalucia.es\/cepermiguelhernandez\/?page_id=1118"},"modified":"2021-11-11T17:11:09","modified_gmt":"2021-11-11T16:11:09","slug":"uso-basico-de-idiomas-ingles","status":"publish","type":"page","link":"https:\/\/blogsaverroes.juntadeandalucia.es\/cepermiguelhernandez\/uso-basico-de-idiomas-ingles\/","title":{"rendered":"Uso B\u00e1sico de Idiomas (Ingl\u00e9s)"},"content":{"rendered":"<p><img loading=\"lazy\" decoding=\"async\" class=\"aligncenter size-medium wp-image-1173\" src=\"https:\/\/blogsaverroes.juntadeandalucia.es\/cepermiguelhernandez\/files\/2021\/11\/BD66F74A-0E76-422D-92CD-0F14EE259883-300x225.jpeg\" alt=\"\" width=\"300\" height=\"225\" srcset=\"https:\/\/blogsaverroes.juntadeandalucia.es\/cepermiguelhernandez\/files\/2021\/11\/BD66F74A-0E76-422D-92CD-0F14EE259883-300x225.jpeg 300w, https:\/\/blogsaverroes.juntadeandalucia.es\/cepermiguelhernandez\/files\/2021\/11\/BD66F74A-0E76-422D-92CD-0F14EE259883.jpeg 680w\" sizes=\"(max-width: 300px) 100vw, 300px\" \/><\/p>\n<p>Actualmente el CEPER Miguel Hern\u00e1ndez &nbsp;y algunas de sus secciones ofertan el plan educativo en el que imparten clases de ingl\u00e9s en varios niveles.<\/p>\n<h2><strong>PLAN DE USO B\u00c1SICO DE INGL\u00c9S<\/strong><\/h2>\n<p>Se oferta el <strong>plan de uso b\u00e1sico de ingl\u00e9s,<\/strong> perteneciente a los planes educativos no formales para el fomento de la ciudadan\u00eda activa, en el cual se proporciona al alumnado un conocimiento b\u00e1sico del idioma. Para un mejor funcionamiento y aprovechamiento de las clases, clasificamos al alumnado en distintos niveles seg\u00fan el Marco Europeo de Referencia de las lenguas. En la actualidad, impartimos el nivel de iniciaci\u00f3n y nivel avanzado En ocasiones y cuando los profesores lo consideren necesario, se har\u00e1n subdivisiones de grupos dentro de cada nivel.<\/p>\n<h3><strong>\u00bfCu\u00e1les son los horarios?<\/strong><\/h3>\n<p>Antes de matricularte debes asegurarte de que los horarios te vienen bien. <strong>Estos pueden variar de un curso a otro.<\/strong> Hay niveles que se imparten en horario de ma\u00f1ana, otros de tarde y en otros tienes la posibilidad de elegir ambas opciones. Para conocer los horarios acude al centro dentro del horario de informaci\u00f3n y matriculaciones.<\/p>\n<h3><strong>\u00bfCu\u00e1l es el plazo de matriculaci\u00f3n?<\/strong><\/h3>\n<p>El plazo de matriculaci\u00f3n es el mismo que para el resto de planes educativos que se imparten en educaci\u00f3n permanente:<\/p>\n<ul>\n<li>\n<ul>\n<li>Plazo ordinario del 1 al 15 de junio<\/li>\n<li>Plazo extraordinario (si quedaran plazas vacantes): del 1 al 15 de septiembre.<\/li>\n<li>Plazo adicional (si siguieran quedando vacantes): hasta el 22 de diciembre.<\/li>\n<\/ul>\n<\/li>\n<\/ul>\n<h3><strong>\u00bfObtendr\u00e9 un t\u00edtulo oficial al superar el curso?<\/strong><\/h3>\n<p><strong>No.<\/strong> Se trata de un plan educativo no formal, por tanto, no conduce a la obtenci\u00f3n de titulaci\u00f3n oficial, no obstante, al superar el curso con calificaci\u00f3n positiva podr\u00e1s solicitar en la direcci\u00f3n del centro un certificado de aprovechamiento o diploma, el cual carece de validez oficial o como m\u00e9rito a efectos de acceso o promoci\u00f3n a puestos de empleo p\u00fablico, pero puede servirte para incorporarlo a tu curriculum vitae. Adem\u00e1s, y si lo deseas, tendr\u00e1s la posibilidad de matricularte por tu cuenta como alumnado libre de la Escuela Oficial de Idiomas y presentarte a las pruebas libres de certificaci\u00f3n que se convocan en junio y septiembre. Para consultar cualquier cuesti\u00f3n relacionado con la Escuela Oficial de Idiomas, dir\u00edgete directamente a la EOI de Estepa.<\/p>\n<h3><strong>\u00bfD\u00f3nde se imparten las clases?<\/strong><\/h3>\n<p>En las instalaciones del CEPER Miguel Hernandez y las de sus secciones de \u2026<\/p>\n<h3><strong>\u00bfCu\u00e1nto dura el curso?<\/strong><\/h3>\n<p>Tiene la duraci\u00f3n de un curso escolar. Las clases se rigen por el calendario escolar oficial fijado por la Delegaci\u00f3n Territorial de Educaci\u00f3n de Sevilla al que se le a\u00f1aden los d\u00edas no lectivos designados por el Consejo Escolar Municipal y el pleno municipal de los respectivos municipios. El curso comienza a mediados de septiembre y termina en junio.<\/p>\n<h3><strong>\u00bfCu\u00e1ntas clases tendr\u00e9 a la semana?<\/strong><\/h3>\n<p>Dependiendo del nivel en el que te matricules tendr\u00e1s 1 \u00f3 2 clases semanales de entre 90 y 120 minutos.<\/p>\n<h3><strong>\u00bfEs obligatoria la asistencia a clase?<\/strong><\/h3>\n<p>El curso es totalmente presencial. No es obligatoria la asistencia, pero no tendr\u00eda sentido matricularte si no vas a asistir a clase o si vas a asistir parcialmente. En las ense\u00f1anzas de idiomas es especialmente importante la presencialidad y se pierde f\u00e1cilmente el hilo si faltas a varias clases consecutivas.<\/p>\n<p><strong>\u00bfQu\u00e9 precio tiene?<\/strong><\/p>\n<p>Todos los cursos son gratuitos. Se trata de un centro educativo p\u00fablico perteneciente a la Consejer\u00eda de Educaci\u00f3n. La matriculaci\u00f3n est\u00e1 exenta del pago de tasas acad\u00e9micas.<\/p>\n<h3><strong>\u00bfQu\u00e9 metodolog\u00eda se emplea en las clases?<\/strong><\/h3>\n<p>Se emplea una metodolog\u00eda actualizada basada en el enfoque comunicativo donde se trabajan las cuatro destrezas de la lengua: escuchar, hablar, leer y escribir. Las actividades orales son frecuentes tanto en grupo como en parejas. Se hace uso de materiales audiovisuales: libros de texto, hojas de trabajo, v\u00eddeos, pizarra, posters, flashcards, etc.<\/p>\n<h3><strong>\u00bfQu\u00e9 materiales necesito?<\/strong><\/h3>\n<p>Cada profesor har\u00e1 una sesi\u00f3n de presentaci\u00f3n al comienzo del curso donde explicar\u00e1 los materiales que se van a necesitar.<\/p>\n","protected":false},"excerpt":{"rendered":"<p>Actualmente el CEPER Miguel Hern\u00e1ndez &nbsp;y algunas de sus secciones ofertan el plan educativo en el que imparten clases de ingl\u00e9s en varios niveles. PLAN DE USO B\u00c1SICO DE INGL\u00c9S Se oferta el plan de uso b\u00e1sico de ingl\u00e9s, perteneciente a los planes educativos no formales para el fomento de la ciudadan\u00eda activa, en el &hellip; <\/p>\n<p><a class=\"more-link btn\" href=\"https:\/\/blogsaverroes.juntadeandalucia.es\/cepermiguelhernandez\/uso-basico-de-idiomas-ingles\/\">Seguir leyendo<\/a><\/p>\n","protected":false},"author":11082,"featured_media":0,"parent":0,"menu_order":0,"comment_status":"closed","ping_status":"closed","template":"","meta":{"ngg_post_thumbnail":0,"footnotes":""},"aioseo_notices":[],"_links":{"self":[{"href":"https:\/\/blogsaverroes.juntadeandalucia.es\/cepermiguelhernandez\/wp-json\/wp\/v2\/pages\/1118"}],"collection":[{"href":"https:\/\/blogsaverroes.juntadeandalucia.es\/cepermiguelhernandez\/wp-json\/wp\/v2\/pages"}],"about":[{"href":"https:\/\/blogsaverroes.juntadeandalucia.es\/cepermiguelhernandez\/wp-json\/wp\/v2\/types\/page"}],"author":[{"embeddable":true,"href":"https:\/\/blogsaverroes.juntadeandalucia.es\/cepermiguelhernandez\/wp-json\/wp\/v2\/users\/11082"}],"replies":[{"embeddable":true,"href":"https:\/\/blogsaverroes.juntadeandalucia.es\/cepermiguelhernandez\/wp-json\/wp\/v2\/comments?post=1118"}],"version-history":[{"count":4,"href":"https:\/\/blogsaverroes.juntadeandalucia.es\/cepermiguelhernandez\/wp-json\/wp\/v2\/pages\/1118\/revisions"}],"predecessor-version":[{"id":1174,"href":"https:\/\/blogsaverroes.juntadeandalucia.es\/cepermiguelhernandez\/wp-json\/wp\/v2\/pages\/1118\/revisions\/1174"}],"wp:attachment":[{"href":"https:\/\/blogsaverroes.juntadeandalucia.es\/cepermiguelhernandez\/wp-json\/wp\/v2\/media?parent=1118"}],"curies":[{"name":"wp","href":"https:\/\/api.w.org\/{rel}","templated":true}]}}