{"id":1705,"date":"2023-10-31T23:59:49","date_gmt":"2023-10-31T22:59:49","guid":{"rendered":"https:\/\/blogsaverroes.juntadeandalucia.es\/cepermiguelhernandez\/?page_id=1705"},"modified":"2026-03-12T00:38:54","modified_gmt":"2026-03-11T23:38:54","slug":"capacitacion-digital","status":"publish","type":"page","link":"https:\/\/blogsaverroes.juntadeandalucia.es\/cepermiguelhernandez\/capacitacion-digital\/","title":{"rendered":"ENCUESTAS"},"content":{"rendered":"<p><a href=\"https:\/\/docs.google.com\/forms\/d\/e\/1FAIpQLSctyf_3qJ1-zzovNzarM1Ot1BZCZS03IyULF6UMj1ERjfDGsA\/viewform?usp=sharing&amp;ouid=109009273331956188562\" target=\"_blank\" rel=\"noopener\">SEP AGUADULCE<\/a><\/p>\n<p><a href=\"https:\/\/docs.google.com\/forms\/d\/e\/1FAIpQLSe2ebNULwpe_e_b0MCHdHcXAj_uHjlTYqs6OwshyIRh6MYEWg\/viewform?usp=header\" target=\"_blank\" rel=\"noopener\">SEP BADOLATOSA<\/a><\/p>\n<p><a href=\"https:\/\/docs.google.com\/forms\/d\/e\/1FAIpQLSfb-0QoApoY4FJmZ2bDniF5XZOId4S-mxz7c5q6NfJGWVWHNw\/viewform?usp=publish-editor\" target=\"_blank\" rel=\"noopener\">SEP CONCEPCI\u00d3N ARENAL<\/a><\/p>\n<p><a href=\"https:\/\/docs.google.com\/forms\/d\/e\/1FAIpQLSf9_qhiKaENsCWipLZnZRNmjiawGtYygthlXkSyb_k63esUKQ\/viewform?usp=publish-editor\" target=\"_blank\" rel=\"noopener\">SEP EL RUBIO<\/a><\/p>\n<p><a href=\"https:\/\/docs.google.com\/forms\/d\/e\/1FAIpQLSdhyRuAvNkbo55wCMs6oxcaWskRx54CgIDIac40_ClJob_4kQ\/viewform?usp=publish-editor\" target=\"_blank\" rel=\"noopener\">CEPER MIGUEL HERN\u00c1NDEZ<\/a><\/p>\n<p><a href=\"https:\/\/docs.google.com\/forms\/d\/e\/1FAIpQLSfPkvUZLwlo1uZuqhPvW9qVCRf7JZGRBXGS5EHtqRE0k4x91g\/viewform?usp=publish-editor\" target=\"_blank\" rel=\"noopener\">SEP GILENA<\/a><\/p>\n<p><a href=\"https:\/\/docs.google.com\/forms\/d\/e\/1FAIpQLSe3VreGjMmi9zmQ57vJYePnNbeQsNHeBYf_gJhm-5a7H0nP_g\/viewform?usp=publish-editor\">SEP ANTONIO MACHADO<\/a><\/p>\n<p><a href=\"https:\/\/docs.google.com\/forms\/d\/e\/1FAIpQLSeOOJ0sudcnTDL2Fsmj3gEr1Fb9hHZLNnPlc_VI6OmLM1rMnw\/viewform?usp=publish-editor\" target=\"_blank\" rel=\"noopener\">SEP LA RODA DE ANDALUC\u00cdA<\/a><\/p>\n<p><a href=\"https:\/\/docs.google.com\/forms\/d\/e\/1FAIpQLSeeKoi2x7pZqzIUCd-OhSYj4_QsgnRW_eFgyFYoA1rsOGRjJw\/viewform?usp=publish-editor\">SEP MARINALEDA<\/a><\/p>\n<p><a href=\"https:\/\/docs.google.com\/forms\/d\/e\/1FAIpQLSd6lnZ5-Ns4ZqpdacCE3TO8Alfp1rh-UHb5xrAiELPomPnstA\/viewform?usp=publish-editor\" target=\"_blank\" rel=\"noopener\">SEP PEDRERA<\/a><\/p>\n","protected":false},"excerpt":{"rendered":"<p>SEP AGUADULCE SEP BADOLATOSA SEP CONCEPCI\u00d3N ARENAL SEP EL RUBIO CEPER MIGUEL HERN\u00c1NDEZ SEP GILENA SEP ANTONIO MACHADO SEP LA RODA DE ANDALUC\u00cdA SEP MARINALEDA SEP PEDRERA<\/p>\n","protected":false},"author":13490,"featured_media":0,"parent":0,"menu_order":0,"comment_status":"closed","ping_status":"closed","template":"","meta":{"ngg_post_thumbnail":0,"footnotes":""},"aioseo_notices":[],"_links":{"self":[{"href":"https:\/\/blogsaverroes.juntadeandalucia.es\/cepermiguelhernandez\/wp-json\/wp\/v2\/pages\/1705"}],"collection":[{"href":"https:\/\/blogsaverroes.juntadeandalucia.es\/cepermiguelhernandez\/wp-json\/wp\/v2\/pages"}],"about":[{"href":"https:\/\/blogsaverroes.juntadeandalucia.es\/cepermiguelhernandez\/wp-json\/wp\/v2\/types\/page"}],"author":[{"embeddable":true,"href":"https:\/\/blogsaverroes.juntadeandalucia.es\/cepermiguelhernandez\/wp-json\/wp\/v2\/users\/13490"}],"replies":[{"embeddable":true,"href":"https:\/\/blogsaverroes.juntadeandalucia.es\/cepermiguelhernandez\/wp-json\/wp\/v2\/comments?post=1705"}],"version-history":[{"count":14,"href":"https:\/\/blogsaverroes.juntadeandalucia.es\/cepermiguelhernandez\/wp-json\/wp\/v2\/pages\/1705\/revisions"}],"predecessor-version":[{"id":2032,"href":"https:\/\/blogsaverroes.juntadeandalucia.es\/cepermiguelhernandez\/wp-json\/wp\/v2\/pages\/1705\/revisions\/2032"}],"wp:attachment":[{"href":"https:\/\/blogsaverroes.juntadeandalucia.es\/cepermiguelhernandez\/wp-json\/wp\/v2\/media?parent=1705"}],"curies":[{"name":"wp","href":"https:\/\/api.w.org\/{rel}","templated":true}]}}