{"id":823,"date":"2020-12-16T09:58:58","date_gmt":"2020-12-16T08:58:58","guid":{"rendered":"https:\/\/blogsaverroes.juntadeandalucia.es\/pre\/plantilla-pencil\/?page_id=733"},"modified":"2021-10-30T09:53:17","modified_gmt":"2021-10-30T08:53:17","slug":"contactar-con-el-centro","status":"publish","type":"page","link":"https:\/\/blogsaverroes.juntadeandalucia.es\/cepermiguelhernandez\/contactar-con-el-centro\/","title":{"rendered":"Orientaci\u00f3n acad\u00e9mica"},"content":{"rendered":"<h1 class=\"entry-header\"><a style=\"font-size: 16px\" href=\"https:\/\/www.educaweb.com\/orientacion\/intereses-profesionales\/\">TEST DE ORIENTACI\u00d3N PROFESIONAL<\/a><\/h1>\n<div class=\"entry-content\">\n<p data-adtags-visited=\"true\">Si tienes dudas sobre tus preferencias laborales y no tienes claro a qu\u00e9 sector profesional te quieres dedicar, puedes realizar este test de orientaci\u00f3n que una vez completado te sugerir\u00e1 que empleos se ajustan mejor a tu personalidad y a tus preferencias personales.<\/p>\n<p data-adtags-visited=\"true\">&nbsp;<\/p>\n<p><a href=\"https:\/\/www.educaweb.com\/orientacion\/intereses-profesionales\/\"><img loading=\"lazy\" decoding=\"async\" class=\"size-medium wp-image-3962 aligncenter\" src=\"https:\/\/blogsaverroes.juntadeandalucia.es\/ceperclaracampoamor\/files\/2021\/04\/\u00bfDudas-sobre-qu\u00e9-carrera-elegir-7-test-de-orientaci\u00f3n-vocacional-gratuitos-300x175.jpg\" alt=\"\" width=\"300\" height=\"175\"><\/a><\/p>\n<p data-adtags-visited=\"true\"><a href=\"https:\/\/www.educaweb.com\/orientacion\/intereses-profesionales\/\">&nbsp;<\/a><\/p>\n<h2><strong>FORMACI\u00d3N PROFESIONAL<\/strong><\/h2>\n<p data-adtags-visited=\"true\"><img loading=\"lazy\" decoding=\"async\" class=\"aligncenter size-medium wp-image-3963\" src=\"https:\/\/blogsaverroes.juntadeandalucia.es\/ceperclaracampoamor\/files\/2021\/04\/images-300x141.jpg\" alt=\"\" width=\"300\" height=\"141\"><\/p>\n<p data-adtags-visited=\"true\">Si quieres mejorar tus posibilidades de inserci\u00f3n en el mercado laboral y acceder a un puesto de trabajo que requiera formaci\u00f3n espec\u00edfica, la mejor opci\u00f3n sin duda es estudiar un ciclo formativo. Si tienes el t\u00edtulo de Graduado en Secundaria la opci\u00f3n m\u00e1s recomendable, es empezar estudiando un ciclo formativo de Grado Medio. Si todav\u00eda no tienes el t\u00edtulo de Graduado en Secundaria y quieres estudiar un Ciclo Formativo de Grado Medio tienes dos opciones: obtener primero el t\u00edtulo de Graduado y posteriormente realizar el ciclo formativo o realizar la prueba de acceso a ciclos formativos de Grado Medio que una vez superada te permite acceder a estas ense\u00f1anzas.<\/p>\n<p data-adtags-visited=\"true\">Antes de elegir el Ciclo Formativo que quieres realizar conviene que te informes de qu\u00e9 sectores profesionales tienen m\u00e1s demanda de trabajadores en la actualidad.<\/p>\n<p data-adtags-visited=\"true\">Algunos ejemplos de sectores de alta demanda son la inform\u00e1tica, telecomunicaciones, electr\u00f3nica y energ\u00edas renovables. La personas con formaci\u00f3n en estos campos pueden tener m\u00e1s posibilidades de inserci\u00f3n en el mercado laboral.<\/p>\n<p data-adtags-visited=\"true\">Antes de decidirte echa un vistazo a las siguientes webs:<\/p>\n<h3><a href=\"http:\/\/www.juntadeandalucia.es\/educacion\/portals\/delegate\/content\/d67b4920-b657-490a-a878-1ad2a139ec3e\">Gu\u00eda informativa de la Formaci\u00f3n Profesional Andaluza<\/a><\/h3>\n<h3><a href=\"http:\/\/www.juntadeandalucia.es\/educacion\/portals\/web\/formacion-profesional-andaluza\/escolarizacion\/oferta-completa\/grado-medio-superior\/calendario\">Calendario de admisi\u00f3n y matriculaci\u00f3n en Ciclos Formativos<\/a><\/h3>\n<h3><a href=\"https:\/\/www.juntadeandalucia.es\/educacion\/portals\/web\/formacion-profesional-andaluza\/oferta-educativa\">Portal de Formaci\u00f3n Profesional. Oferta Educativa<\/a><\/h3>\n<h3><a href=\"http:\/\/portals.ced.junta-andalucia.es\/educacion\/portals\/web\/formacion-profesional-andaluza\/quiero-formarme\/ensenanzas\/fp-basica\/catalogo\">Cat\u00e1logo de t\u00edtulos de Formaci\u00f3n Profesional B\u00e1sica<\/a><\/h3>\n<h3><a href=\"http:\/\/www.juntadeandalucia.es\/educacion\/portals\/web\/formacion-profesional-andaluza\/quiero-formarme\/ensenanzas\/fp-grado-medio\/catalogo\">Cat\u00e1logo de Ciclos Formativos de Grado Medio<\/a><\/h3>\n<h3><a href=\"http:\/\/www.juntadeandalucia.es\/educacion\/portals\/web\/formacion-profesional-andaluza\/quiero-formarme\/ensenanzas\/fp-grado-superior\/catalogo\">Cat\u00e1logo de Ciclos Formativos de Grado Superior<\/a><\/h3>\n<h3><a href=\"http:\/\/www.us.es\/estudios\/grados\/alfabetico\">Cat\u00e1logo de Grados Universitarios en la Universidad de Sevilla<\/a><\/h3>\n<h1>\u00bfQu\u00e9 puedo hacer con el t\u00edtulo de Graduado en Secundaria?<\/h1>\n<p data-adtags-visited=\"true\">De todas estas opciones te recomendamos que optes por estudiar un Ciclo Formativo de Grado Medio si tu prioridad es la incorporaci\u00f3n al mercado laboral. Una vez superado seguir\u00e1s teniendo la opci\u00f3n de perfeccionar tu formaci\u00f3n accediendo directamente a un Ciclo Formativo de Grado Superior sin necesidad de realizar la prueba acceso.<\/p>\n<ul>\n<li><a class=\"linkNormal\" href=\"https:\/\/www.educaweb.com\/contenidos\/educativos\/bachillerato\/\">Estudiar Bachillerato<\/a><\/li>\n<\/ul>\n<ul>\n<li><a class=\"linkNormal\" href=\"https:\/\/www.educaweb.com\/contenidos\/educativos\/formacion-profesional\/ciclos-formativos-grado-medio\/\">Estudiar un Ciclo Formativo de Grado Medio<\/a><\/li>\n<\/ul>\n<ul>\n<li><a class=\"linkNormal\" href=\"https:\/\/www.educaweb.com\/contenidos\/educativos\/ensenanzas-artisticas\/artes-plasticas-diseno\/ciclos-formativos-artes-plasticas-diseno-grado-medio\/\">Estudiar un Ciclo Formativo de Grado Medio de la familia de Artes pl\u00e1sticas y dise\u00f1o <\/a>superando una prueba espec\u00edfica de conocimientos.<\/li>\n<\/ul>\n<ul>\n<li><a href=\"https:\/\/www.educaweb.com\/contenidos\/educativos\/ensenanzas-deportivas\/ensenanzas-deportivas-grado-medio\/\">Estudiar Ense\u00f1anzas Deportivas de Grado Medio: <\/a>Superando las pruebas espec\u00edficas de acceso.<\/li>\n<\/ul>\n<ul>\n<li><a href=\"https:\/\/www.educaweb.com\/contenidos\/educativos\/sistema-educativo\/ensenanzas-no-regladas-no-oficiales\/\">Estudios no reglados<\/a>: Formaci\u00f3n espec\u00edfica en academias privadas (carn\u00e9 de manipulador de alimentos, carn\u00e9 de operador de gr\u00faa, carretillero, carn\u00e9 de conducir tipos C y D, BTP, autorizaci\u00f3n para transporte de mercancias peligrosas, etc.).<\/li>\n<\/ul>\n<ul>\n<li><a href=\"https:\/\/www.educaweb.com\/contenidos\/educativos\/cursos-gratis\/formacion-profesional-empleo\/\">Estudiar Formaci\u00f3n Profesional para el Empleo<\/a><\/li>\n<\/ul>\n<ul>\n<li><a href=\"https:\/\/ceperalmazara.wordpress.com\/acceso-a-la-universidad-mayores-de-25-y-45\/\">Preparaci\u00f3n de la prueba de acceso a la universidad para mayores de 25 \u00f3 45 a\u00f1os<\/a><\/li>\n<\/ul>\n<h1>\u00bfQu\u00e9 puedo hacer sin el t\u00edtulo de Graduado en Secundaria?<\/h1>\n<p data-adtags-visited=\"true\">Si no tienes el t\u00edtulo de Graduado en Secundaria lo m\u00e1s recomendable ser\u00eda que en primer lugar trataras de obtenerlo, no obstante, si por el motivo que sea quieres acceder a otros niveles del sistema educativo sin obtener el t\u00edtulo antes, tienes las siguiente opciones:<\/p>\n<ul>\n<li><a href=\"https:\/\/www.educaweb.com\/contenidos\/educativos\/formacion-profesional-fp\/formacion-profesional-basica\/\">Formaci\u00f3n Profesional B\u00e1sica<\/a><\/li>\n<li><a href=\"https:\/\/www.educaweb.com\/\">Formaci\u00f3n espec\u00edfica no reglada en academias privadas<\/a><\/li>\n<li><a class=\"linkNormal\" href=\"https:\/\/www.educaweb.com\/contenidos\/educativos\/cursos-gratis\/formacion-profesional-empleo\/\">Formaci\u00f3n Profesional para el Empleo<\/a><\/li>\n<li><a class=\"linkNormal\" href=\"https:\/\/www.educaweb.com\/contenidos\/educativos\/formacion-profesional-fp\/ciclos-formativos-grado-medio-cfgm\/#prueba\">Preparaci\u00f3n para la prueba de acceso a Ciclos Formativos de Grado Medio<\/a><\/li>\n<li><a href=\"https:\/\/www.educaweb.com\/contenidos\/educativos\/formacion-profesional-fp\/ciclos-formativos-grado-medio-cfgm\/#curso\">Curso de formaci\u00f3n espec\u00edfico de acceso a Grado Medio<\/a><\/li>\n<\/ul>\n<ul>\n<li><a class=\"linkNormal\" href=\"https:\/\/www.educaweb.com\/contenidos\/educativos\/formacion-profesional-fp\/ciclos-formativos-grado-medio-cfgm\/#prueba\">Preparaci\u00f3n para la prueba de acceso a Ciclos Formativos de Grado Superior<\/a><\/li>\n<\/ul>\n<ul>\n<li><a href=\"https:\/\/ceperalmazara.wordpress.com\/acceso-a-la-universidad-mayores-de-25-y-45\/\">Preparaci\u00f3n de la prueba de acceso a la universidad para mayores de 25 \u00f3 45 a\u00f1os<\/a><\/li>\n<\/ul>\n<div id=\"atatags-370373-60709acf49b03\">&nbsp;<\/div>\n<\/div>\n","protected":false},"excerpt":{"rendered":"<p>TEST DE ORIENTACI\u00d3N PROFESIONAL Si tienes dudas sobre tus preferencias laborales y no tienes claro a qu\u00e9 sector profesional te quieres dedicar, puedes realizar este test de orientaci\u00f3n que una vez completado te sugerir\u00e1 que empleos se ajustan mejor a tu personalidad y a tus preferencias personales. &nbsp; &nbsp; FORMACI\u00d3N PROFESIONAL Si quieres mejorar tus &hellip; <\/p>\n<p><a class=\"more-link btn\" href=\"https:\/\/blogsaverroes.juntadeandalucia.es\/cepermiguelhernandez\/contactar-con-el-centro\/\">Seguir leyendo<\/a><\/p>\n","protected":false},"author":5794,"featured_media":0,"parent":0,"menu_order":0,"comment_status":"closed","ping_status":"closed","template":"","meta":{"ngg_post_thumbnail":0,"footnotes":""},"aioseo_notices":[],"_links":{"self":[{"href":"https:\/\/blogsaverroes.juntadeandalucia.es\/cepermiguelhernandez\/wp-json\/wp\/v2\/pages\/823"}],"collection":[{"href":"https:\/\/blogsaverroes.juntadeandalucia.es\/cepermiguelhernandez\/wp-json\/wp\/v2\/pages"}],"about":[{"href":"https:\/\/blogsaverroes.juntadeandalucia.es\/cepermiguelhernandez\/wp-json\/wp\/v2\/types\/page"}],"author":[{"embeddable":true,"href":"https:\/\/blogsaverroes.juntadeandalucia.es\/cepermiguelhernandez\/wp-json\/wp\/v2\/users\/5794"}],"replies":[{"embeddable":true,"href":"https:\/\/blogsaverroes.juntadeandalucia.es\/cepermiguelhernandez\/wp-json\/wp\/v2\/comments?post=823"}],"version-history":[{"count":3,"href":"https:\/\/blogsaverroes.juntadeandalucia.es\/cepermiguelhernandez\/wp-json\/wp\/v2\/pages\/823\/revisions"}],"predecessor-version":[{"id":1087,"href":"https:\/\/blogsaverroes.juntadeandalucia.es\/cepermiguelhernandez\/wp-json\/wp\/v2\/pages\/823\/revisions\/1087"}],"wp:attachment":[{"href":"https:\/\/blogsaverroes.juntadeandalucia.es\/cepermiguelhernandez\/wp-json\/wp\/v2\/media?parent=823"}],"curies":[{"name":"wp","href":"https:\/\/api.w.org\/{rel}","templated":true}]}}