{"id":3182,"date":"2021-01-16T00:11:50","date_gmt":"2021-01-16T00:11:50","guid":{"rendered":"https:\/\/blogsaverroes.juntadeandalucia.es\/cepermiguelhernandezgilabert\/?page_id=3182"},"modified":"2021-04-03T22:25:53","modified_gmt":"2021-04-03T22:25:53","slug":"contactar-3","status":"publish","type":"page","link":"https:\/\/blogsaverroes.juntadeandalucia.es\/cepermiguelhernandezgilabert\/contactar-3\/","title":{"rendered":"CONTACTAR."},"content":{"rendered":"<div id=\"carrusel-ajax\" data-external=\"9304\">\n<div class=\"bloque-slider col s12\">\n<div class=\"slider right col s12 m8\">\n<div class=\"bx-wrapper\">\n<h4><form method=\"post\" id=\"cntctfrm_contact_form\" class=\"cntctfrm_contact_form cntctfrm_one_column cntctfrm_ltr cntctfrm_width_default\" action=\"\/cepermiguelhernandezgilabert\/wp-json\/wp\/v2\/pages\/3182#cntctfrm_contact_form\" enctype=\"multipart\/form-data\"><div id=\"cntctfrm_first_column\" class=\"cntctfrm_column\"><div class=\"cntctfrm_field_wrap cntctfrm_field_name_wrap\"namecontact><div class=\"cntctfrm_label cntctfrm_label_name\">\n\t\t\t\t\t\t\t\t\t<label for=\"cntctfrm_contact_name\">Nombre: <span class=\"required\">*<\/span><\/label><\/div><div class=\"cntctfrm_input cntctfrm_input_name\">\n\t\t\t\t\t\t\t\t\t<input namecontact class=\"text\" type=\"text\" size=\"40\" pattern=\"^[\\p{L}\\p{M}]{3,}(\\s\\p{M}*\\p{L}+)*\" title=\"Please enter only letters at least 3 characters, words seperated by spaces\" value=\"\" name=\"cntctfrm_contact_name\" id=\"cntctfrm_contact_name\" \/><\/div><\/div><div class=\"cntctfrm_field_wrap cntctfrm_field_email_wrap\"email><div class=\"cntctfrm_label cntctfrm_label_email\">\n\t\t\t\t\t\t\t\t\t<label for=\"cntctfrm_contact_email\">Direcci\u00f3n de correo electr\u00f3nico: <span class=\"required\">*<\/span><\/label>\n\t\t\t\t\t\t\t\t<\/div><div class=\"cntctfrm_input cntctfrm_input_email\">\n\t\t\t\t\t\t\t\t\t<input email class=\"text\" type=\"email\" size=\"40\" value=\"\" name=\"cntctfrm_contact_email\" id=\"cntctfrm_contact_email\" \/><\/div><\/div><div class=\"cntctfrm_field_wrap cntctfrm_field_subject_wrap\"subject><div class=\"cntctfrm_label cntctfrm_label_subject\">\n\t\t\t\t\t\t\t\t\t<label for=\"cntctfrm_contact_subject\">Asunto: <span class=\"required\">*<\/span><\/label>\n\t\t\t\t\t\t\t\t<\/div><div class=\"cntctfrm_input cntctfrm_input_subject\">\n\t\t\t\t\t\t\t\t<input subject pattern=\"^[\\p{M}\\p{L}]{3,}(\\s\\p{M}*\\p{L}+)*\" title=\"Please enter only letters at least 3 characters, words seperated by spaces\" class=\"text\" type=\"text\" size=\"40\" value=\"\" name=\"cntctfrm_contact_subject\" id=\"cntctfrm_contact_subject\" \/><\/div><\/div><div class=\"cntctfrm_field_wrap cntctfrm_field_message_wrap\"message><div class=\"cntctfrm_label cntctfrm_label_message\">\n\t\t\t\t\t\t\t\t<label for=\"cntctfrm_contact_message\">Mensaje: <span class=\"required\">*<\/span><\/label>\n\t\t\t\t\t\t\t<\/div><div class=\"cntctfrm_input cntctfrm_input_message\">\n\t\t\t\t\t\t\t\t<textarea message rows=\"5\" cols=\"30\"name=\"cntctfrm_contact_message\" id=\"cntctfrm_contact_message\"><\/textarea><\/div><\/div><\/div><div class=\"clear\"><\/div><div class=\"cntctfrm_submit_wrap\"><div id=\"cntctfrm_submit_first_column\" class=\"cntctfrm_column\"><div class=\"cntctfrm_input cntctfrm_input_submit\"><input type=\"hidden\" value=\"send\" name=\"cntctfrm_contact_action\">\n\t\t\t\t\t\t\t<input type=\"hidden\" value=\"default\" name=\"cntctfrm_language\">\n\t\t\t\t\t\t\t<input type=\"hidden\" value=\"1\" name=\"cntctfrm_form_submited\">\n\t\t\t\t\t\t\t<input type=\"hidden\" value=\"cntctfrm_options\" name=\"cntctfrm_options_name\">\n\t\t\t\t\t\t\t<input type=\"submit\" value=\"Enviar\" class=\"cntctfrm_contact_submit\" \/>\n\t\t\t\t\t\t<\/div><\/div><div id=\"cntctfrm_submit_second_column\" class=\"cntctfrm_column\"><\/div><div class=\"clear\"><\/div>\n\t\t\t<\/div>\n\t\t\t<\/form><\/h4>\n<h4>&nbsp;<\/h4>\n<\/div>\n<div class=\"bx-controls bx-has-controls-direction bx-has-pager\">\n<div class=\"bx-pager bx-default-pager\">\n<h1 class=\"bx-pager-item\">&nbsp;<\/h1>\n<\/div>\n<\/div>\n<\/div>\n<\/div>\n<\/div>\n<div class=\"col s12 m4\">\n<h5 style=\"text-align: left\"><span style=\"color: #800080\"><strong>&nbsp;CEPER &#8220;Miguel Hern\u00e1ndez Gilabert&#8221; Junta De Andaluc\u00eda<\/strong><\/span><\/h5>\n<h5 style=\"text-align: left\"><span style=\"color: #800080\"><strong>Tel\u00e9fono 959211652<\/strong><\/span><\/h5>\n<h5 style=\"text-align: left\"><span style=\"color: #800080\"><strong><i class=\"material-icons\">fax&nbsp; &nbsp;&nbsp; : &nbsp;&nbsp; <\/i>959211652<\/strong><\/span><\/h5>\n<h5 style=\"text-align: left\"><span style=\"color: #800080\"><strong><i class=\"material-icons\">email<\/i>&nbsp; :&nbsp; 21500641.edu@juntadeandalucia.es&nbsp; <i class=\"material-icons\">http<\/i><\/strong><\/span><\/h5>\n<\/div>\n<h4 style=\"text-align: left\">&nbsp;<\/h4>\n<h4><a href=\"https:\/\/blogsaverroes.juntadeandalucia.es\/cepermiguelhernandezgilabert\/files\/2020\/12\/prision-huelva-efe-kONH-U702193735013rH-624x385@RC.jpg\"><img fetchpriority=\"high\" decoding=\"async\" class=\"alignnone size-medium wp-image-2858 alignleft\" src=\"https:\/\/blogsaverroes.juntadeandalucia.es\/cepermiguelhernandezgilabert\/files\/2020\/12\/prision-huelva-efe-kONH-U702193735013rH-624x385@RC-300x185.jpg\" alt=\"\" width=\"300\" height=\"185\" srcset=\"https:\/\/blogsaverroes.juntadeandalucia.es\/cepermiguelhernandezgilabert\/files\/2020\/12\/prision-huelva-efe-kONH-U702193735013rH-624x385@RC-300x185.jpg 300w, https:\/\/blogsaverroes.juntadeandalucia.es\/cepermiguelhernandezgilabert\/files\/2020\/12\/prision-huelva-efe-kONH-U702193735013rH-624x385@RC-24x15.jpg 24w, https:\/\/blogsaverroes.juntadeandalucia.es\/cepermiguelhernandezgilabert\/files\/2020\/12\/prision-huelva-efe-kONH-U702193735013rH-624x385@RC-36x22.jpg 36w, https:\/\/blogsaverroes.juntadeandalucia.es\/cepermiguelhernandezgilabert\/files\/2020\/12\/prision-huelva-efe-kONH-U702193735013rH-624x385@RC-48x30.jpg 48w, https:\/\/blogsaverroes.juntadeandalucia.es\/cepermiguelhernandezgilabert\/files\/2020\/12\/prision-huelva-efe-kONH-U702193735013rH-624x385@RC.jpg 624w\" sizes=\"(max-width: 300px) 100vw, 300px\" \/><\/a><\/h4>\n<h4><span style=\"color: #0000ff\"><a style=\"color: #0000ff\" href=\"http:\/\/www.educateca.com\/centros\/cepermiguelhernandez.asp\"><span style=\"color: #0000ff\"><strong>LOCALIZADOR<\/strong><\/span><\/a><\/span><\/h4>\n<p>[googlemaps https:\/\/www.google.com\/maps\/embed?pb=!1m18!1m12!1m3!1d12692.538463901043!2d-6.892217935924673!3d37.31563886001468!2m3!1f0!2f0!3f0!3m2!1i1024!2i768!4f13.1!3m3!1m2!1s0xd11c4fbf8454b73%3A0x8e54cd83c5f79691!2sCentro%20Penitenciario%20Huelva!5e0!3m2!1ses!2ses!4v1617488208548!5m2!1ses!2ses&amp;w=400&amp;h=300]<\/p>\n","protected":false},"excerpt":{"rendered":"<p>&nbsp; &nbsp; &nbsp;CEPER &#8220;Miguel Hern\u00e1ndez Gilabert&#8221; Junta De Andaluc\u00eda Tel\u00e9fono 959211652 fax&nbsp; &nbsp;&nbsp; : &nbsp;&nbsp; 959211652 email&nbsp; :&nbsp; 21500641.edu@juntadeandalucia.es&nbsp; http &nbsp; LOCALIZADOR [googlemaps https:\/\/www.google.com\/maps\/embed?pb=!1m18!1m12!1m3!1d12692.538463901043!2d-6.892217935924673!3d37.31563886001468!2m3!1f0!2f0!3f0!3m2!1i1024!2i768!4f13.1!3m3!1m2!1s0xd11c4fbf8454b73%3A0x8e54cd83c5f79691!2sCentro%20Penitenciario%20Huelva!5e0!3m2!1ses!2ses!4v1617488208548!5m2!1ses!2ses&amp;w=400&amp;h=300]<\/p>\n","protected":false},"author":4732,"featured_media":0,"parent":0,"menu_order":0,"comment_status":"closed","ping_status":"closed","template":"","meta":{"ngg_post_thumbnail":0,"footnotes":"","_mc_calendar":[]},"aioseo_notices":[],"post_mailing_queue_ids":[],"_links":{"self":[{"href":"https:\/\/blogsaverroes.juntadeandalucia.es\/cepermiguelhernandezgilabert\/wp-json\/wp\/v2\/pages\/3182"}],"collection":[{"href":"https:\/\/blogsaverroes.juntadeandalucia.es\/cepermiguelhernandezgilabert\/wp-json\/wp\/v2\/pages"}],"about":[{"href":"https:\/\/blogsaverroes.juntadeandalucia.es\/cepermiguelhernandezgilabert\/wp-json\/wp\/v2\/types\/page"}],"author":[{"embeddable":true,"href":"https:\/\/blogsaverroes.juntadeandalucia.es\/cepermiguelhernandezgilabert\/wp-json\/wp\/v2\/users\/4732"}],"replies":[{"embeddable":true,"href":"https:\/\/blogsaverroes.juntadeandalucia.es\/cepermiguelhernandezgilabert\/wp-json\/wp\/v2\/comments?post=3182"}],"version-history":[{"count":15,"href":"https:\/\/blogsaverroes.juntadeandalucia.es\/cepermiguelhernandezgilabert\/wp-json\/wp\/v2\/pages\/3182\/revisions"}],"predecessor-version":[{"id":4111,"href":"https:\/\/blogsaverroes.juntadeandalucia.es\/cepermiguelhernandezgilabert\/wp-json\/wp\/v2\/pages\/3182\/revisions\/4111"}],"wp:attachment":[{"href":"https:\/\/blogsaverroes.juntadeandalucia.es\/cepermiguelhernandezgilabert\/wp-json\/wp\/v2\/media?parent=3182"}],"curies":[{"name":"wp","href":"https:\/\/api.w.org\/{rel}","templated":true}]}}