{"id":3278,"date":"2021-01-16T19:37:31","date_gmt":"2021-01-16T19:37:31","guid":{"rendered":"https:\/\/blogsaverroes.juntadeandalucia.es\/cepermiguelhernandezgilabert\/?page_id=3278"},"modified":"2021-03-23T08:41:31","modified_gmt":"2021-03-23T08:41:31","slug":"aulas","status":"publish","type":"page","link":"https:\/\/blogsaverroes.juntadeandalucia.es\/cepermiguelhernandezgilabert\/aulas\/","title":{"rendered":"AULAS"},"content":{"rendered":"<p><a href=\"https:\/\/blogsaverroes.juntadeandalucia.es\/cepermiguelhernandezgilabert\/files\/2021\/03\/20210115_122609-scaled.jpg\"><img fetchpriority=\"high\" decoding=\"async\" class=\"alignnone size-medium wp-image-4080\" src=\"https:\/\/blogsaverroes.juntadeandalucia.es\/cepermiguelhernandezgilabert\/files\/2021\/03\/20210115_122609-225x300.jpg\" alt=\"\" width=\"225\" height=\"300\" srcset=\"https:\/\/blogsaverroes.juntadeandalucia.es\/cepermiguelhernandezgilabert\/files\/2021\/03\/20210115_122609-225x300.jpg 225w, https:\/\/blogsaverroes.juntadeandalucia.es\/cepermiguelhernandezgilabert\/files\/2021\/03\/20210115_122609-768x1024.jpg 768w, https:\/\/blogsaverroes.juntadeandalucia.es\/cepermiguelhernandezgilabert\/files\/2021\/03\/20210115_122609-300x400.jpg 300w, https:\/\/blogsaverroes.juntadeandalucia.es\/cepermiguelhernandezgilabert\/files\/2021\/03\/20210115_122609-1152x1536.jpg 1152w, https:\/\/blogsaverroes.juntadeandalucia.es\/cepermiguelhernandezgilabert\/files\/2021\/03\/20210115_122609-1536x2048.jpg 1536w, https:\/\/blogsaverroes.juntadeandalucia.es\/cepermiguelhernandezgilabert\/files\/2021\/03\/20210115_122609-scaled.jpg 1200w\" sizes=\"(max-width: 225px) 100vw, 225px\" \/><\/a><a href=\"https:\/\/blogsaverroes.juntadeandalucia.es\/cepermiguelhernandezgilabert\/files\/2021\/03\/20210115_122617-scaled.jpg\"><img decoding=\"async\" class=\"alignnone size-medium wp-image-4081\" src=\"https:\/\/blogsaverroes.juntadeandalucia.es\/cepermiguelhernandezgilabert\/files\/2021\/03\/20210115_122617-225x300.jpg\" alt=\"\" width=\"225\" height=\"300\" srcset=\"https:\/\/blogsaverroes.juntadeandalucia.es\/cepermiguelhernandezgilabert\/files\/2021\/03\/20210115_122617-225x300.jpg 225w, https:\/\/blogsaverroes.juntadeandalucia.es\/cepermiguelhernandezgilabert\/files\/2021\/03\/20210115_122617-768x1024.jpg 768w, https:\/\/blogsaverroes.juntadeandalucia.es\/cepermiguelhernandezgilabert\/files\/2021\/03\/20210115_122617-300x400.jpg 300w, https:\/\/blogsaverroes.juntadeandalucia.es\/cepermiguelhernandezgilabert\/files\/2021\/03\/20210115_122617-1152x1536.jpg 1152w, https:\/\/blogsaverroes.juntadeandalucia.es\/cepermiguelhernandezgilabert\/files\/2021\/03\/20210115_122617-1536x2048.jpg 1536w, https:\/\/blogsaverroes.juntadeandalucia.es\/cepermiguelhernandezgilabert\/files\/2021\/03\/20210115_122617-scaled.jpg 1200w\" sizes=\"(max-width: 225px) 100vw, 225px\" \/><\/a><a href=\"https:\/\/blogsaverroes.juntadeandalucia.es\/cepermiguelhernandezgilabert\/files\/2020\/12\/0000982773-e1610796543437.jpg\"><img decoding=\"async\" class=\"alignnone wp-image-2860\" src=\"https:\/\/blogsaverroes.juntadeandalucia.es\/cepermiguelhernandezgilabert\/files\/2020\/12\/0000982773-300x230.jpg\" alt=\"\" width=\"884\" height=\"678\"\/><\/a><\/p>\n<p>&nbsp; Las fotos son de las aulas del sociocultural y la biblioteca.<\/p>\n<p>&nbsp; &nbsp; Las aulas de los m\u00f3dulos no se pueden mostrar porque no nos est\u00e1 permitido meter c\u00e1maras de fotos ni m\u00f3viles.<\/p>\n","protected":false},"excerpt":{"rendered":"<p>&nbsp; Las fotos son de las aulas del sociocultural y la biblioteca. &nbsp; &nbsp; Las aulas de los m\u00f3dulos no se pueden mostrar porque no nos est\u00e1 permitido meter c\u00e1maras de fotos ni m\u00f3viles.<\/p>\n","protected":false},"author":4732,"featured_media":0,"parent":0,"menu_order":0,"comment_status":"closed","ping_status":"closed","template":"","meta":{"ngg_post_thumbnail":0,"footnotes":"","_mc_calendar":[]},"aioseo_notices":[],"post_mailing_queue_ids":[],"_links":{"self":[{"href":"https:\/\/blogsaverroes.juntadeandalucia.es\/cepermiguelhernandezgilabert\/wp-json\/wp\/v2\/pages\/3278"}],"collection":[{"href":"https:\/\/blogsaverroes.juntadeandalucia.es\/cepermiguelhernandezgilabert\/wp-json\/wp\/v2\/pages"}],"about":[{"href":"https:\/\/blogsaverroes.juntadeandalucia.es\/cepermiguelhernandezgilabert\/wp-json\/wp\/v2\/types\/page"}],"author":[{"embeddable":true,"href":"https:\/\/blogsaverroes.juntadeandalucia.es\/cepermiguelhernandezgilabert\/wp-json\/wp\/v2\/users\/4732"}],"replies":[{"embeddable":true,"href":"https:\/\/blogsaverroes.juntadeandalucia.es\/cepermiguelhernandezgilabert\/wp-json\/wp\/v2\/comments?post=3278"}],"version-history":[{"count":7,"href":"https:\/\/blogsaverroes.juntadeandalucia.es\/cepermiguelhernandezgilabert\/wp-json\/wp\/v2\/pages\/3278\/revisions"}],"predecessor-version":[{"id":4096,"href":"https:\/\/blogsaverroes.juntadeandalucia.es\/cepermiguelhernandezgilabert\/wp-json\/wp\/v2\/pages\/3278\/revisions\/4096"}],"wp:attachment":[{"href":"https:\/\/blogsaverroes.juntadeandalucia.es\/cepermiguelhernandezgilabert\/wp-json\/wp\/v2\/media?parent=3278"}],"curies":[{"name":"wp","href":"https:\/\/api.w.org\/{rel}","templated":true}]}}